{"id":10634,"date":"2024-05-02T21:24:20","date_gmt":"2024-05-02T20:24:20","guid":{"rendered":"https:\/\/ingelbeen.kneet.be\/?page_id=10634"},"modified":"2024-06-10T15:53:50","modified_gmt":"2024-06-10T14:53:50","slug":"disclaimer","status":"publish","type":"page","link":"https:\/\/webshop.ingelbeen.be\/fr\/disclaimer\/","title":{"rendered":"Disclaimer"},"content":{"rendered":"<div class=\"wpb-content-wrapper\"><p>[vc_row][vc_column][vc_empty_space][vc_column_text css=\u00a0\u00bb\u00a0\u00bb]<\/p>\n<h1>D\u00e9n\u00e9gation<\/h1>\n<p>Ce\u00a0webshop\u00a0contient des informations sur les produits propos\u00e9s par Ingelbeen-Soete et les services fournis par Ingelbeen-Soete.<\/p>\n<p>Ingelbeen-Soete se r\u00e9serve le droit, sans pr\u00e9avis, d&rsquo;apporter des modifications \u00e0 ce\u00a0webshop.<\/p>\n<h2>Limitation de responsabilit\u00e9<\/h2>\n<p>Ingelbeen-Soete accorde la plus grande attention \u00e0 la fiabilit\u00e9 et \u00e0 l&rsquo;actualit\u00e9 des informations affich\u00e9es. N\u00e9anmoins, malgr\u00e9 le plus grand soin apport\u00e9 a ce site, des inexactitudes ou des lacunes peuvent se glisser. Ingelbeen-Soete n&rsquo;est pas responsable des erreurs ou inexactitudes \u00e9videntes.<\/p>\n<p>Vous ne pouvez vous octroyer\u00a0aucun droit du contenu de cette boutique en ligne. Bien entendu, Ingelbeen-Soete s&rsquo;engage \u00e0 corriger toute erreur ou inexactitude dans cette boutique en ligne dans les plus brefs d\u00e9lais.<\/p>\n<p>Nous d\u00e9clinons toute responsabilit\u00e9 concernant le contenu de ce document.[\/vc_column_text][vc_empty_space][\/vc_column][\/vc_row]<\/p>\n<\/div>","protected":false},"excerpt":{"rendered":"<p>[vc_row][vc_column][vc_empty_space][vc_column_text css=\u00a0\u00bb\u00a0\u00bb] D\u00e9n\u00e9gation Ce\u00a0webshop\u00a0contient des informations sur les produits propos\u00e9s par Ingelbeen-Soete et les services&#8230;<\/p>\n","protected":false},"author":1,"featured_media":0,"parent":0,"menu_order":0,"comment_status":"closed","ping_status":"closed","template":"","meta":{"_acf_changed":false,"inline_featured_image":false,"footnotes":""},"class_list":["post-10634","page","type-page","status-publish","hentry"],"acf":[],"_links":{"self":[{"href":"https:\/\/webshop.ingelbeen.be\/fr\/wp-json\/wp\/v2\/pages\/10634","targetHints":{"allow":["GET"]}}],"collection":[{"href":"https:\/\/webshop.ingelbeen.be\/fr\/wp-json\/wp\/v2\/pages"}],"about":[{"href":"https:\/\/webshop.ingelbeen.be\/fr\/wp-json\/wp\/v2\/types\/page"}],"author":[{"embeddable":true,"href":"https:\/\/webshop.ingelbeen.be\/fr\/wp-json\/wp\/v2\/users\/1"}],"replies":[{"embeddable":true,"href":"https:\/\/webshop.ingelbeen.be\/fr\/wp-json\/wp\/v2\/comments?post=10634"}],"version-history":[{"count":1,"href":"https:\/\/webshop.ingelbeen.be\/fr\/wp-json\/wp\/v2\/pages\/10634\/revisions"}],"predecessor-version":[{"id":10635,"href":"https:\/\/webshop.ingelbeen.be\/fr\/wp-json\/wp\/v2\/pages\/10634\/revisions\/10635"}],"wp:attachment":[{"href":"https:\/\/webshop.ingelbeen.be\/fr\/wp-json\/wp\/v2\/media?parent=10634"}],"curies":[{"name":"wp","href":"https:\/\/api.w.org\/{rel}","templated":true}]}}