{"id":10636,"date":"2024-01-09T19:41:07","date_gmt":"2024-01-09T18:41:07","guid":{"rendered":"https:\/\/ingelbeen.kneet.be\/?page_id=10636"},"modified":"2024-06-10T15:55:33","modified_gmt":"2024-06-10T14:55:33","slug":"politique-de-confidentialite","status":"publish","type":"page","link":"https:\/\/webshop.ingelbeen.be\/fr\/politique-de-confidentialite\/","title":{"rendered":"Politique de confidentialit\u00e9"},"content":{"rendered":"<div class=\"wpb-content-wrapper\">[vc_row][vc_column][vc_empty_space][vc_column_text css=\u00a0\u00bb\u00a0\u00bb]\r\n<div class=\"page-title-wrapper\">\r\n<div class=\"page-title-wrapper\">\r\n<div class=\"page-title-wrapper\">\r\n<h1 class=\"page-title wp-block-heading\">Politique de confidentialit\u00e9<\/h1>\r\n<\/div>\r\nDerni\u00e8re mise \u00e0 jour : 18 mai 2021.\r\n\r\nIngelbeen-Soete vous remercie de l&rsquo;int\u00e9r\u00eat que vous portez \u00e0 ce site web. Votre vie priv\u00e9e est importante pour nous et nous voulons que vous compreniez nos pratiques en mati\u00e8re de collecte et de traitement de vos donn\u00e9es personnelles. La pr\u00e9sente politique de confidentialit\u00e9 d\u00e9crit ces pratiques.\r\n<h2>Personnes auxquelles s&rsquo;adresse cette politique de confidentialit\u00e9<\/h2>\r\nLa pr\u00e9sente politique de confidentialit\u00e9 s&rsquo;adresse\r\n<ul>\r\n \t<li>aux visiteurs du site web<\/li>\r\n \t<li>aux destinataires de communications \u00e9lectroniques ou autres qui contiennent ou font r\u00e9f\u00e9rence \u00e0 la pr\u00e9sente politique de confidentialit\u00e9<\/li>\r\n<\/ul>\r\n<h2>Respect des lois sur la protection des donn\u00e9es<\/h2>\r\nIngelbeen-Soete s&rsquo;engage \u00e0 collecter et \u00e0 utiliser les donn\u00e9es personnelles de mani\u00e8re l\u00e9gale. Ingelbeen-Soete s&rsquo;assurera que, lorsqu&rsquo;elle collecte ou utilise des donn\u00e9es personnelles, cette collecte ou cette utilisation est autoris\u00e9e par la l\u00e9gislation applicable en mati\u00e8re de protection des donn\u00e9es, y compris le R\u00e8glement g\u00e9n\u00e9ral sur la protection des donn\u00e9es de l&rsquo;UE (RGPD).\r\n<h2>Collection des donn\u00e9es<\/h2>\r\n<em>Donn\u00e9es collect\u00e9es directement aupr\u00e8s des visiteurs<\/em>\r\n\r\nDans la plupart des cas, vous pouvez visiter notre site web sans fournir de donn\u00e9es personnelles. Toutefois, sur certaines pages, nous pouvons vous demander des donn\u00e9es personnelles pour fournir un service ou effectuer une transaction que vous demandez. Les donn\u00e9es personnelles que nous collectons peuvent inclure\r\n<ul>\r\n \t<li>des coordonn\u00e9es, telles que votre nom, votre titre, le nom de votre entreprise\/organisation, votre adresse \u00e9lectronique, vos num\u00e9ros de t\u00e9l\u00e9phone et de t\u00e9l\u00e9copie, et votre adresse physique<\/li>\r\n \t<li>des informations sur votre entreprise et votre poste<\/li>\r\n \t<li>vos pr\u00e9f\u00e9rences en mati\u00e8re de marketing par courrier \u00e9lectronique<\/li>\r\n \t<li>des informations financi\u00e8res, notamment les num\u00e9ros de carte de cr\u00e9dit, les informations relatives aux comptes bancaires ou aux comptes clients et, dans le cadre de demandes de cr\u00e9dit, le num\u00e9ro de s\u00e9curit\u00e9 sociale ou tout autre num\u00e9ro d&rsquo;identification national\/fiscal<\/li>\r\n \t<li>des informations telles que votre nationalit\u00e9 et votre pays de r\u00e9sidence, qui nous permettent de d\u00e9terminer votre admissibilit\u00e9 \u00e0 recevoir des informations sur certaines technologies, conform\u00e9ment aux r\u00e9glementations sur le contr\u00f4le des exportations<\/li>\r\n \t<li>vos demandes de renseignements et vos commandes de produits et services, ainsi que les informations qui nous aident \u00e0 identifier les meilleurs produits et services pour vous<\/li>\r\n \t<li>des informations relatives \u00e0 la participation \u00e0 des concours et \u00e0 l&rsquo;inscription \u00e0 des \u00e9v\u00e9nements<\/li>\r\n \t<li>vos commentaires sur nos produits et services, y compris nos sites web.<\/li>\r\n<\/ul>\r\n<em>Donn\u00e9es collect\u00e9es par des moyens automatis\u00e9s<\/em>\r\n\r\nNous recueillons certaines donn\u00e9es sur tous les visiteurs de nos sites web, notamment les pages qu&rsquo;ils consultent, le nombre d&rsquo;octets transf\u00e9r\u00e9s, les liens sur lesquels ils cliquent et d&rsquo;autres actions effectu\u00e9es sur nos sites web. Sur les sites web auxquels vous vous connectez, nous pouvons relier ces informations \u00e0 votre identit\u00e9 afin de d\u00e9terminer vos int\u00e9r\u00eats potentiels pour nos produits et services. Nous pouvons \u00e9galement utiliser ces informations pour am\u00e9liorer nos mesures de s\u00e9curit\u00e9. Nous recueillons \u00e9galement certaines informations standard que votre navigateur envoie \u00e0 chaque site web que vous visitez, telles que votre adresse IP (Internet Protocol), le type et les capacit\u00e9s de votre navigateur et sa langue, votre syst\u00e8me d&rsquo;exploitation, la date et l&rsquo;heure d&rsquo;acc\u00e8s au site et le site web \u00e0 partir duquel vous avez acc\u00e9d\u00e9 \u00e0 notre site.\r\n<h2>Notre utilisation des donn\u00e9es<\/h2>\r\nNous n&rsquo;utiliserons les donn\u00e9es personnelles qu&rsquo;aux fins \u00e9nonc\u00e9es ci-dessous.\r\n\r\n<em>Services et transactions:<\/em>\u00a0Nous utilisons les donn\u00e9es personnelles pour fournir les services ou ex\u00e9cuter les transactions que vous demandez, comme fournir des informations sur les produits et services Mobil, traiter les commandes, r\u00e9pondre aux demandes du service client\u00e8le, faciliter l&rsquo;utilisation de nos sites Web, etc. Afin de vous offrir une exp\u00e9rience plus coh\u00e9rente dans votre interaction avec Ingelbeen-Soete, les informations recueillies par nos sites Web peuvent \u00eatre combin\u00e9es avec des informations que nous recueillons par d&rsquo;autres moyens.\r\n\r\n<em>Am\u00e9lioration du site web:<\/em>\u00a0Nous pouvons utiliser les donn\u00e9es vous concernant pour am\u00e9liorer nos sites Web (y compris nos mesures de s\u00e9curit\u00e9) et les produits ou services connexes, ou pour rendre nos sites Web plus faciles \u00e0 utiliser en vous \u00e9vitant d&rsquo;avoir \u00e0 saisir les m\u00eames informations \u00e0 plusieurs reprises, ou en personnalisant nos sites Web en fonction de vos pr\u00e9f\u00e9rences ou int\u00e9r\u00eats particuliers.\r\n\r\n<em>Communications marketing:<\/em>\u00a0Avec votre autorisation, nous pouvons utiliser vos donn\u00e9es personnelles pour vous informer des produits ou services disponibles chez Ingelbeen-Soete. Lorsque nous recueillons des informations susceptibles d&rsquo;\u00eatre utilis\u00e9es pour vous contacter au sujet de nos produits et services, nous vous donnons la possibilit\u00e9 de refuser de recevoir ces communications. En outre, chaque communication par courrier \u00e9lectronique que nous envoyons comporte un lien de d\u00e9sinscription vous permettant d&rsquo;arr\u00eater la livraison de ce type de communication. Si vous choisissez de vous d\u00e9sabonner, nous vous retirerons de la liste concern\u00e9e dans un d\u00e9lai de 10 jours ouvrables.\r\n<h2>Divulgation des donn\u00e9es personnelles<\/h2>\r\nSauf dans les cas d\u00e9crits ci-dessous, les donn\u00e9es personnelles que vous fournissez \u00e0 Ingelbeen-Soete par le biais de notre site web ne seront pas partag\u00e9es en dehors d&rsquo;Ingelbeen-Soete, de ses filiales et soci\u00e9t\u00e9s affili\u00e9es et de ses coentreprises sans votre consentement.\r\n\r\n<em>Divulgation aux prestataires de services:<\/em>\u00a0Ingelbeen-Soete passe des contrats avec d&rsquo;autres soci\u00e9t\u00e9s pour qu&rsquo;elles fournissent des services en notre nom, comme l&rsquo;h\u00e9bergement de sites Web, l&rsquo;envoi d&rsquo;informations, le traitement de transactions et l&rsquo;analyse de nos sites Web. Nous ne fournissons \u00e0 ces soci\u00e9t\u00e9s que les \u00e9l\u00e9ments de donn\u00e9es personnelles dont elles ont besoin pour fournir ces services. Il est interdit \u00e0 ces soci\u00e9t\u00e9s et \u00e0 leurs employ\u00e9s d&rsquo;utiliser ces donn\u00e9es personnelles \u00e0 toute autre fin.\r\n\r\n<em>Divulgation dans le cadre de transactions:<\/em>\u00a0Dans le cadre de certaines transactions, nous pouvons divulguer tout ou partie des donn\u00e9es personnelles que vous fournissez \u00e0 des institutions financi\u00e8res, des entit\u00e9s gouvernementales et des soci\u00e9t\u00e9s de transport ou des services postaux impliqu\u00e9s dans l&rsquo;ex\u00e9cution de la transaction.\r\n\r\n<em>Divulgation pour d&rsquo;autres raisons:<\/em>\u00a0Nous pouvons divulguer des donn\u00e9es personnelles si la loi l&rsquo;exige ou si nous pensons de bonne foi qu&rsquo;une telle action est n\u00e9cessaire pour se conformer aux exigences l\u00e9gales ou \u00e0 une proc\u00e9dure judiciaire qui nous est signifi\u00e9e, pour prot\u00e9ger et d\u00e9fendre nos droits ou nos biens, ou dans des circonstances urgentes pour prot\u00e9ger la s\u00e9curit\u00e9 personnelle de toute personne.\r\n<h2>Conservation des donn\u00e9es<\/h2>\r\nIngelbeen-Soete conserve les donn\u00e9es personnelles aussi longtemps que n\u00e9cessaire pour atteindre les objectifs pour lesquels les donn\u00e9es ont \u00e9t\u00e9 collect\u00e9es, pour exercer ses droits l\u00e9gaux et pour assurer le respect de la loi applicable.\r\n<h2>Vos droits<\/h2>\r\nDans la mesure pr\u00e9vue par la loi de votre juridiction, vous pouvez avoir le droit (1) d&rsquo;acc\u00e9der \u00e0 certaines informations personnelles que nous conservons \u00e0 votre sujet , (2) de demander que nous mettions \u00e0 jour, corrigions, modifiions, effacions ou limitions vos informations personnelles , ou (3) d&rsquo;exercer votre droit \u00e0 la portabilit\u00e9 des donn\u00e9es. Lorsque la loi le pr\u00e9voit, vous pouvez retirer le consentement que vous nous avez pr\u00e9c\u00e9demment fourni ou vous opposer \u00e0 tout moment au traitement de vos informations personnelles pour des motifs l\u00e9gitimes li\u00e9s \u00e0 votre situation particuli\u00e8re, et nous appliquerons vos pr\u00e9f\u00e9rences \u00e0 l&rsquo;avenir, le cas \u00e9ch\u00e9ant.\r\n\r\n&nbsp;\r\n<h2>Comment nous contacter<\/h2>\r\nIngelbeen-Soete s&rsquo;engage \u00e0 prot\u00e9ger vos donn\u00e9es personnelles comme d\u00e9crit dans la pr\u00e9sente politique de confidentialit\u00e9 et comme l&rsquo;exigent les lois applicables. Si vous avez des questions sur cet avis ou sur notre traitement de vos donn\u00e9es personnelles, ou si vous souhaitez obtenir des informations suppl\u00e9mentaires, veuillez nous contacter par e-mail, ou par courrier \u00e0 l&rsquo;adresse suivante :\r\n\r\nNoordkaai 8\r\n8870 Izegem\r\nBELGIQUE\r\n<h2>Modifications de la pr\u00e9sente politique de confidentialit\u00e9<\/h2>\r\nNous nous r\u00e9servons le droit de modifier cette politique de confidentialit\u00e9 \u00e0 tout moment et sans pr\u00e9avis. Lorsque nous apporterons des modifications importantes \u00e0 cette politique de confidentialit\u00e9, nous publierons les modifications sur cette page et mettrons \u00e0 jour la date de r\u00e9vision en haut de la politique de confidentialit\u00e9. Nous vous encourageons \u00e0 consulter r\u00e9guli\u00e8rement notre politique de confidentialit\u00e9 pour prendre connaissance des mises \u00e0 jour.\r\n\r\n<\/div>\r\n<\/div>\r\n[\/vc_column_text][vc_empty_space][\/vc_column][\/vc_row]<\/div>","protected":false},"excerpt":{"rendered":"<p>[vc_row][vc_column][vc_empty_space][vc_column_text css=\u00a0\u00bb\u00a0\u00bb] Politique de confidentialit\u00e9 Derni\u00e8re mise \u00e0 jour : 18 mai 2021. Ingelbeen-Soete vous&#8230;<\/p>\n","protected":false},"author":1,"featured_media":0,"parent":0,"menu_order":0,"comment_status":"closed","ping_status":"open","template":"","meta":{"_acf_changed":false,"inline_featured_image":false,"footnotes":""},"class_list":["post-10636","page","type-page","status-publish","hentry"],"acf":[],"_links":{"self":[{"href":"https:\/\/webshop.ingelbeen.be\/fr\/wp-json\/wp\/v2\/pages\/10636","targetHints":{"allow":["GET"]}}],"collection":[{"href":"https:\/\/webshop.ingelbeen.be\/fr\/wp-json\/wp\/v2\/pages"}],"about":[{"href":"https:\/\/webshop.ingelbeen.be\/fr\/wp-json\/wp\/v2\/types\/page"}],"author":[{"embeddable":true,"href":"https:\/\/webshop.ingelbeen.be\/fr\/wp-json\/wp\/v2\/users\/1"}],"replies":[{"embeddable":true,"href":"https:\/\/webshop.ingelbeen.be\/fr\/wp-json\/wp\/v2\/comments?post=10636"}],"version-history":[{"count":2,"href":"https:\/\/webshop.ingelbeen.be\/fr\/wp-json\/wp\/v2\/pages\/10636\/revisions"}],"predecessor-version":[{"id":10638,"href":"https:\/\/webshop.ingelbeen.be\/fr\/wp-json\/wp\/v2\/pages\/10636\/revisions\/10638"}],"wp:attachment":[{"href":"https:\/\/webshop.ingelbeen.be\/fr\/wp-json\/wp\/v2\/media?parent=10636"}],"curies":[{"name":"wp","href":"https:\/\/api.w.org\/{rel}","templated":true}]}}