{"id":10642,"date":"2024-05-02T21:47:46","date_gmt":"2024-05-02T20:47:46","guid":{"rendered":"https:\/\/ingelbeen.kneet.be\/?page_id=10642"},"modified":"2024-06-10T15:58:26","modified_gmt":"2024-06-10T14:58:26","slug":"valorlub","status":"publish","type":"page","link":"https:\/\/webshop.ingelbeen.be\/fr\/valorlub\/","title":{"rendered":"Valorlub"},"content":{"rendered":"<div class=\"wpb-content-wrapper\"><p>[vc_row][vc_column][vc_empty_space][vc_column_text css=\u00a0\u00bb\u00a0\u00bb]<\/p>\n<h1>Valorlub<\/h1>\n<p>Valorlub est une organisation environnementale reconnue en Belgique, responsable de la collecte et du recyclage des huiles usag\u00e9es. En tant qu&rsquo;initiative visant \u00e0 promouvoir la durabilit\u00e9, Valorlub veille \u00e0 ce que les huiles usag\u00e9es soient collect\u00e9es et trait\u00e9es correctement afin de pr\u00e9venir les dommages environnementaux.<\/p>\n<h2>Pourquoi une indemnisation Valorlub est-elle n\u00e9cessaire?<\/h2>\n<p>Cette redevance, comparable \u00e0 la TVA, est l\u00e9galement exig\u00e9e pour la vente de certains produits p\u00e9troliers. Cette redevance permet de financer la collecte, le recyclage et l&rsquo;\u00e9limination appropri\u00e9e des huiles usag\u00e9es, conform\u00e9ment \u00e0 la r\u00e9glementation en mati\u00e8re de protection de l&rsquo;environnement.<\/p>\n<h2>Comment cela affecte-t-il nos prix?<\/h2>\n<p>Chez Ingelbeen-Soete, nous nous engageons \u00e0 respecter les r\u00e9glementations environnementales. Par cons\u00e9quent, les frais Valorlub seront ajout\u00e9s aux prix des produits applicables, comme l&rsquo;exige la loi. Cela garantit que tous les processus environnementaux associ\u00e9s sont financ\u00e9s et g\u00e9r\u00e9s efficacement.<\/p>\n<p>Pour plus d&rsquo;informations sur la mani\u00e8re dont Valorlub contribue \u00e0 la durabilit\u00e9 et \u00e0 la protection de l&rsquo;environnement, visitez leur site officiel <a href=\"https:\/\/valorlub.be\/fr\" target=\"_blank\" rel=\"noopener\">https:\/\/valorlub.be\/<\/a>.[\/vc_column_text][vc_empty_space][\/vc_column][\/vc_row]<\/p>\n<\/div>","protected":false},"excerpt":{"rendered":"<p>[vc_row][vc_column][vc_empty_space][vc_column_text css=\u00a0\u00bb\u00a0\u00bb] Valorlub Valorlub est une organisation environnementale reconnue en Belgique, responsable de la collecte&#8230;<\/p>\n","protected":false},"author":1,"featured_media":0,"parent":0,"menu_order":0,"comment_status":"closed","ping_status":"closed","template":"","meta":{"_acf_changed":false,"inline_featured_image":false,"footnotes":""},"class_list":["post-10642","page","type-page","status-publish","hentry"],"acf":[],"_links":{"self":[{"href":"https:\/\/webshop.ingelbeen.be\/fr\/wp-json\/wp\/v2\/pages\/10642","targetHints":{"allow":["GET"]}}],"collection":[{"href":"https:\/\/webshop.ingelbeen.be\/fr\/wp-json\/wp\/v2\/pages"}],"about":[{"href":"https:\/\/webshop.ingelbeen.be\/fr\/wp-json\/wp\/v2\/types\/page"}],"author":[{"embeddable":true,"href":"https:\/\/webshop.ingelbeen.be\/fr\/wp-json\/wp\/v2\/users\/1"}],"replies":[{"embeddable":true,"href":"https:\/\/webshop.ingelbeen.be\/fr\/wp-json\/wp\/v2\/comments?post=10642"}],"version-history":[{"count":2,"href":"https:\/\/webshop.ingelbeen.be\/fr\/wp-json\/wp\/v2\/pages\/10642\/revisions"}],"predecessor-version":[{"id":10644,"href":"https:\/\/webshop.ingelbeen.be\/fr\/wp-json\/wp\/v2\/pages\/10642\/revisions\/10644"}],"wp:attachment":[{"href":"https:\/\/webshop.ingelbeen.be\/fr\/wp-json\/wp\/v2\/media?parent=10642"}],"curies":[{"name":"wp","href":"https:\/\/api.w.org\/{rel}","templated":true}]}}