{"id":10645,"date":"2024-05-04T10:24:10","date_gmt":"2024-05-04T09:24:10","guid":{"rendered":"https:\/\/ingelbeen.kneet.be\/?page_id=10645"},"modified":"2024-06-10T16:01:01","modified_gmt":"2024-06-10T15:01:01","slug":"adblue","status":"publish","type":"page","link":"https:\/\/webshop.ingelbeen.be\/fr\/adblue\/","title":{"rendered":"AdBlue"},"content":{"rendered":"<div class=\"wpb-content-wrapper\"><p>[vc_row css=\u00a0\u00bb.vc_custom_1714814606012{background-image: url(https:\/\/webshop.ingelbeen.be\/wp-content\/uploads\/2024\/05\/foto-oplegger-aug2018-scaled.jpg?id=10165) !important;background-position: center !important;background-repeat: no-repeat !important;background-size: cover !important;}\u00a0\u00bb][vc_column][vc_empty_space height=\u00a0\u00bb320px\u00a0\u00bb][vc_empty_space height=\u00a0\u00bb320px\u00a0\u00bb][\/vc_column][\/vc_row][vc_row][vc_column][vc_empty_space][vc_column_text css=\u00a0\u00bb\u00a0\u00bb]<\/p>\n<h1><span style=\"color: #000000;\">AdBlue<\/span><\/h1>\n<p>[\/vc_column_text][vc_empty_space][vc_column_text css=\u00a0\u00bb\u00a0\u00bb]AdBlue est le nom d\u00e9pos\u00e9 d&rsquo;une solution \u00e0 32,5% d&rsquo;ur\u00e9e synth\u00e9tique dans de l&rsquo;eau d\u00e9min\u00e9ralis\u00e9e. Cette solution aqueuse inoffensive est inject\u00e9e dans les gaz d&rsquo;\u00e9chappement chauds. Les oxydes d&rsquo;azote form\u00e9s lors de la combustion sont convertis en azote et en eau inoffensifs, ce qui les rend <strong>\u00e9cologiques<\/strong>. La consommation d&rsquo;AdBlue est d&rsquo;environ 5% de la consommation de diesel. AdBlue permet de r\u00e9duire les oxydes d&rsquo;azote afin de respecter les <strong>derni\u00e8res normes d&rsquo;\u00e9missions des gaz d&rsquo;\u00e9chappement<\/strong>.<\/p>\n<p>En tant que <strong>distributeur officiel d&rsquo;Air1 AdBlue de Yara<\/strong>, Ingelbeen-Soete peut vous offrir la solution la plus fiable dans ce segment. \u00c9tant donn\u00e9 que Yara est le plus grand producteur d&rsquo;AdBlue au monde, choisir Air1 AdBlue vous garantit une livraison conforme aux normes les plus \u00e9lev\u00e9es. Un choix s\u00fbr et fiable pour vous et votre \u00e9quipement.<\/p>\n<h2>OptiSpray<\/h2>\n<p>OptiSpray est un nouveau type d&rsquo;AdBlue et est bien s\u00fbr disponible chez Ingelbeen-Soete. OptiSpray est compos\u00e9 d&rsquo;AdBlue normal conforme \u00e0 la norme ISO 22241 et enrichi d&rsquo;un additif de nettoyage sp\u00e9cial. Cet additif emp\u00eache la cristallisation de l&rsquo;AdBlue dans le catalyseur SCR, m\u00eame lorsqu&rsquo;il n&rsquo;atteint pas compl\u00e8tement la temp\u00e9rature de fonctionnement.<\/p>\n<p>En tant que <strong>distributeur officiel d&rsquo;Air1 AdBlue<\/strong>, n&rsquo;h\u00e9sitez pas \u00e0 nous contacter pour un devis sans engagement pour AdBlue. Gr\u00e2ce \u00e0 notre large stock, nous pouvons vous garantir une <strong>livraison \u00e0 court terme<\/strong>.[\/vc_column_text][vc_empty_space][\/vc_column][\/vc_row]<\/p>\n<\/div>","protected":false},"excerpt":{"rendered":"<p>[vc_row css=\u00a0\u00bb.vc_custom_1714814606012{background-image: url(https:\/\/webshop.ingelbeen.be\/wp-content\/uploads\/2024\/05\/foto-oplegger-aug2018-scaled.jpg?id=10165) !important;background-position: center !important;background-repeat: no-repeat !important;background-size: cover !important;}\u00a0\u00bb][vc_column][vc_empty_space height=\u00a0\u00bb320px\u00a0\u00bb][vc_empty_space height=\u00a0\u00bb320px\u00a0\u00bb][\/vc_column][\/vc_row][vc_row][vc_column][vc_empty_space][vc_column_text css=\u00a0\u00bb\u00a0\u00bb] AdBlue [\/vc_column_text][vc_empty_space][vc_column_text&#8230;<\/p>\n","protected":false},"author":1,"featured_media":0,"parent":0,"menu_order":0,"comment_status":"closed","ping_status":"closed","template":"","meta":{"_acf_changed":false,"inline_featured_image":false,"footnotes":""},"class_list":["post-10645","page","type-page","status-publish","hentry"],"acf":[],"_links":{"self":[{"href":"https:\/\/webshop.ingelbeen.be\/fr\/wp-json\/wp\/v2\/pages\/10645","targetHints":{"allow":["GET"]}}],"collection":[{"href":"https:\/\/webshop.ingelbeen.be\/fr\/wp-json\/wp\/v2\/pages"}],"about":[{"href":"https:\/\/webshop.ingelbeen.be\/fr\/wp-json\/wp\/v2\/types\/page"}],"author":[{"embeddable":true,"href":"https:\/\/webshop.ingelbeen.be\/fr\/wp-json\/wp\/v2\/users\/1"}],"replies":[{"embeddable":true,"href":"https:\/\/webshop.ingelbeen.be\/fr\/wp-json\/wp\/v2\/comments?post=10645"}],"version-history":[{"count":2,"href":"https:\/\/webshop.ingelbeen.be\/fr\/wp-json\/wp\/v2\/pages\/10645\/revisions"}],"predecessor-version":[{"id":10647,"href":"https:\/\/webshop.ingelbeen.be\/fr\/wp-json\/wp\/v2\/pages\/10645\/revisions\/10647"}],"wp:attachment":[{"href":"https:\/\/webshop.ingelbeen.be\/fr\/wp-json\/wp\/v2\/media?parent=10645"}],"curies":[{"name":"wp","href":"https:\/\/api.w.org\/{rel}","templated":true}]}}