{"id":10808,"date":"2024-05-10T12:40:05","date_gmt":"2024-05-10T11:40:05","guid":{"rendered":"https:\/\/ingelbeen.kneet.be\/?page_id=10808"},"modified":"2024-06-23T16:20:13","modified_gmt":"2024-06-23T15:20:13","slug":"daf","status":"publish","type":"page","link":"https:\/\/webshop.ingelbeen.be\/fr\/daf\/","title":{"rendered":"DAF"},"content":{"rendered":"<div class=\"wpb-content-wrapper\"><p>[vc_row css=\u00a0\u00bb.vc_custom_1715341338098{background-image: url(https:\/\/webshop.ingelbeen.be\/wp-content\/uploads\/2024\/05\/New-Generation-DAF-XF-450-awarded-Green-Truck-2023-HH.jpeg?id=10457) !important;background-position: center !important;background-repeat: no-repeat !important;background-size: cover !important;}\u00a0\u00bb][vc_column][vc_empty_space height=\u00a0\u00bb420px\u00a0\u00bb][\/vc_column][\/vc_row][vc_row][vc_column][vc_empty_space][vc_column_text css=\u00a0\u00bb\u00a0\u00bb]<\/p>\n<h1>Huile pour camions DAF et huile pour bus DAF<\/h1>\n<p>Les camions, bus et autres v\u00e9hicules commerciaux DAF peuvent b\u00e9n\u00e9ficier des puissantes huiles synth\u00e9tiques Mobil Delvac\u2122 sp\u00e9cialement formul\u00e9es pour r\u00e9pondre aux sp\u00e9cifications DAF Extended Drain. Il existe une large gamme d&rsquo;huiles Mobil Delvac sur lesquelles vous pouvez compter.<\/p>\n<h2>Huiles DAF Extended Drain<\/h2>\n<p>Mobil Delvac 1 LE 5W-30 est une huile moteur diesel enti\u00e8rement synth\u00e9tique low SAPS approuv\u00e9e par DAF et r\u00e9pondant \u00e0 la sp\u00e9cification d&rsquo;huile DAF Extended Drain. Elle offre \u00e0 la fois le potentiel d&rsquo;\u00e9conomiser du carburant et des intervalles de vidange plus longs.<br \/>\nMobil Delvac XHP Ultra LE 5W-30 est une huile moteur diesel synth\u00e9tique, extra puissante, approuv\u00e9e pour DAF Extended Drain. Elle offre une excellente protection et \u00e9conomie de carburant pour les moteurs diesel modernes et performants utilis\u00e9s dans les applications de transport de fret lourd.<\/p>\n<p>Mobil Delvac XHP ESP M 10W-40 est une huile moteur diesel synth\u00e9tique, extra puissante, low SAPS approuv\u00e9e par DAF et r\u00e9pondant \u00e0 la sp\u00e9cification d&rsquo;huile DAF Extended Drain. Elle offre une protection avanc\u00e9e pour le moteur et le syst\u00e8me d&rsquo;\u00e9mission lorsqu&rsquo;elle est utilis\u00e9e dans des applications de transport de fret lourd.<\/p>\n<h2>Comment \u00e9conomiser de l&rsquo;argent avec Mobil Delvac 1\u2122 ?<\/h2>\n<p>Les huiles enti\u00e8rement synth\u00e9tiques telles que Mobil Delvac 1 circulent plus facilement dans un moteur DAF que les huiles min\u00e9rales traditionnelles, rendant le moteur plus efficace. Mobil Delvac 1 fonctionne \u00e9galement plus rapidement, de sorte que votre moteur atteint une efficacit\u00e9 maximale plus rapidement. Ces deux avantages signifient une meilleure consommation de carburant pour votre flotte de v\u00e9hicules commerciaux l\u00e9gers ou lourds, vous permettant ainsi d&rsquo;\u00e9conomiser sur vos co\u00fbts de carburant.<\/p>\n<h2>Comment Mobil Delvac soutient-elle mes moteurs DAF compatibles Euro IV, Euro V ou Euro VI ?<\/h2>\n<p>Mobil Delvac 1 LE 5W-30, Mobil Delvac XHP ESP M 10W-40 et Mobil Delvac XHP Ultra LE 5W-30 avec Emission System Protection contiennent des additifs avanc\u00e9s con\u00e7us pour prolonger la dur\u00e9e de vie et maximiser l&rsquo;efficacit\u00e9 des syst\u00e8mes de r\u00e9duction des \u00e9missions tels que le filtre \u00e0 particules diesel (DPF) DAF. Le filtre \u00e0 particules diesel (DPF) est utilis\u00e9 pour r\u00e9pondre aux exigences des normes d&rsquo;\u00e9mission Euro IV, Euro V et Euro VI.<\/p>\n<h2>Comment puis-je trouver la bonne huile moteur pour mon v\u00e9hicule commercial DAF ?<\/h2>\n<p>L&rsquo;utilisation de la bonne huile dans votre camion ou v\u00e9hicule commercial l\u00e9ger est importante pour r\u00e9pondre aux sp\u00e9cifications DAF. L&rsquo;utilisation du bon produit Mobil Delvac lors de l&rsquo;entretien de routine et conform\u00e9ment au manuel de votre v\u00e9hicule n&rsquo;affecte pas la garantie du fabricant DAF. Vous pouvez obtenir une recommandation pour le bon produit en utilisant notre outil de s\u00e9lection de produits et en recherchant par marque et mod\u00e8le.[\/vc_column_text][\/vc_column][\/vc_row]<\/p>\n<\/div>","protected":false},"excerpt":{"rendered":"<p>[vc_row css=\u00a0\u00bb.vc_custom_1715341338098{background-image: url(https:\/\/webshop.ingelbeen.be\/wp-content\/uploads\/2024\/05\/New-Generation-DAF-XF-450-awarded-Green-Truck-2023-HH.jpeg?id=10457) !important;background-position: center !important;background-repeat: no-repeat !important;background-size: cover !important;}\u00a0\u00bb][vc_column][vc_empty_space height=\u00a0\u00bb420px\u00a0\u00bb][\/vc_column][\/vc_row][vc_row][vc_column][vc_empty_space][vc_column_text css=\u00a0\u00bb\u00a0\u00bb] Huile pour camions&#8230;<\/p>\n","protected":false},"author":1,"featured_media":0,"parent":0,"menu_order":0,"comment_status":"closed","ping_status":"closed","template":"","meta":{"_acf_changed":false,"inline_featured_image":false,"footnotes":""},"class_list":["post-10808","page","type-page","status-publish","hentry"],"acf":[],"_links":{"self":[{"href":"https:\/\/webshop.ingelbeen.be\/fr\/wp-json\/wp\/v2\/pages\/10808","targetHints":{"allow":["GET"]}}],"collection":[{"href":"https:\/\/webshop.ingelbeen.be\/fr\/wp-json\/wp\/v2\/pages"}],"about":[{"href":"https:\/\/webshop.ingelbeen.be\/fr\/wp-json\/wp\/v2\/types\/page"}],"author":[{"embeddable":true,"href":"https:\/\/webshop.ingelbeen.be\/fr\/wp-json\/wp\/v2\/users\/1"}],"replies":[{"embeddable":true,"href":"https:\/\/webshop.ingelbeen.be\/fr\/wp-json\/wp\/v2\/comments?post=10808"}],"version-history":[{"count":1,"href":"https:\/\/webshop.ingelbeen.be\/fr\/wp-json\/wp\/v2\/pages\/10808\/revisions"}],"predecessor-version":[{"id":10809,"href":"https:\/\/webshop.ingelbeen.be\/fr\/wp-json\/wp\/v2\/pages\/10808\/revisions\/10809"}],"wp:attachment":[{"href":"https:\/\/webshop.ingelbeen.be\/fr\/wp-json\/wp\/v2\/media?parent=10808"}],"curies":[{"name":"wp","href":"https:\/\/api.w.org\/{rel}","templated":true}]}}