{"id":10820,"date":"2024-05-10T13:21:26","date_gmt":"2024-05-10T12:21:26","guid":{"rendered":"https:\/\/ingelbeen.kneet.be\/?page_id=10820"},"modified":"2024-06-23T16:28:20","modified_gmt":"2024-06-23T15:28:20","slug":"scania","status":"publish","type":"page","link":"https:\/\/webshop.ingelbeen.be\/fr\/scania\/","title":{"rendered":"Scania"},"content":{"rendered":"<div class=\"wpb-content-wrapper\"><p>[vc_row css=\u00a0\u00bb.vc_custom_1715343567981{background-image: url(https:\/\/webshop.ingelbeen.be\/wp-content\/uploads\/2024\/05\/scania_green-truck-award_2024.jpeg?id=10487) !important;background-position: center !important;background-repeat: no-repeat !important;background-size: cover !important;}\u00a0\u00bb][vc_column][vc_empty_space height=\u00a0\u00bb420px\u00a0\u00bb][\/vc_column][\/vc_row][vc_row][vc_column][vc_empty_space][vc_column_text css=\u00a0\u00bb\u00a0\u00bb]<\/p>\n<h2>Huile pour camions Scania et huile pour bus Scania<\/h2>\n<p>Les camions Scania et autres v\u00e9hicules commerciaux peuvent b\u00e9n\u00e9ficier des puissantes huiles synth\u00e9tiques Mobil Delvac\u2122 sp\u00e9cialement formul\u00e9es pour r\u00e9pondre aux sp\u00e9cifications Scania LDF et aux sp\u00e9cifications Scania pour faible teneur en cendres. Que ce soit pour l&rsquo;huile de camion Scania s\u00e9rie R, l&rsquo;huile de camion Scania s\u00e9rie P ou l&rsquo;huile de bus Scania Irizar i4, il existe une large gamme d&rsquo;huiles Mobil Delvac sur lesquelles vous pouvez compter.<\/p>\n<h2>Huiles Scania LDF4 et Scania Low Ash<\/h2>\n<p>Mobil Delvac 1 LE 5W-30 est une huile moteur diesel enti\u00e8rement synth\u00e9tique low SAPS approuv\u00e9e par Scania et r\u00e9pondant aux sp\u00e9cifications des huiles Scania LDF4 et Scania Low Ash. Cette huile offre \u00e0 la fois le potentiel d&rsquo;\u00e9conomiser du carburant et des intervalles de vidange plus longs.<\/p>\n<h2>Huile Scania LDF<\/h2>\n<p>Mobil Delvac 1 5W-40 est une huile moteur diesel enti\u00e8rement synth\u00e9tique approuv\u00e9e pour les huiles Scania LDF.<br \/>\nMobil Delvac 1 5W-40 convient aux moteurs Scania Euro II ou Scania Euro III n\u00e9cessitant des intervalles de vidange plus longs et offre \u00e0 la fois des performances exceptionnelles et une excellente protection contre les temp\u00e9ratures \u00e9lev\u00e9es et basses.<\/p>\n<h2>Huiles Scania LDF2 et Scania LDF3<\/h2>\n<p>Mobil Delvac XHP Extra 10W-40 est une huile moteur diesel synth\u00e9tique extra puissante approuv\u00e9e pour les huiles Scania LDF2 et Scania LDF3.<br \/>\nMobil Delvac XHP Extra 10W-40 convient aux moteurs Scania Euro IV ou Scania Euro V n\u00e9cessitant des intervalles de vidange plus longs. Cette huile moteur offre des intervalles de vidange plus longs dans les moteurs diesel modernes pour les applications industrielles et de transport de fret lourd.<br \/>\nMobil Delvac XHP Extra 10W-40 surpasse \u00e9galement la norme pr\u00e9c\u00e9dente de l&rsquo;huile Scania LDF, ce qui la rend adapt\u00e9e aux moteurs Scania Euro IV ou Scania Euro V n\u00e9cessitant des intervalles de vidange prolong\u00e9s.<\/p>\n<h2>Huile approuv\u00e9e par Scania pour faible teneur en cendres<\/h2>\n<p>Mobil Delvac XHP ESP M 10W-40 est une huile moteur diesel synth\u00e9tique extra puissante avec low SAPS et approbation Scania pour huile faible en cendres. Elle offre une protection avanc\u00e9e pour le moteur et le syst\u00e8me d&rsquo;\u00e9mission lorsqu&rsquo;elle est utilis\u00e9e dans des applications de transport de fret lourd. Pour l&rsquo;utilisation d&rsquo;une huile Scania LDF et d&rsquo;une huile Scania low ash, vous pouvez utiliser notre outil de s\u00e9lection de produits pour d\u00e9terminer quelle huile est la plus adapt\u00e9e \u00e0 votre v\u00e9hicule commercial Scania.<\/p>\n<h2>Comment \u00e9conomiser de l&rsquo;argent avec Mobil Delvac 1\u2122 ?<\/h2>\n<p>Les huiles enti\u00e8rement synth\u00e9tiques comme Mobil Delvac 1 circulent plus facilement dans un moteur Scania que les huiles min\u00e9rales traditionnelles, rendant le moteur plus efficace. Mobil Delvac 1 fonctionne \u00e9galement plus rapidement, de sorte que votre moteur atteint une efficacit\u00e9 maximale plus rapidement. Ces deux avantages signifient une meilleure consommation de carburant pour votre flotte de v\u00e9hicules commerciaux l\u00e9gers ou lourds, vous permettant ainsi d&rsquo;\u00e9conomiser sur vos co\u00fbts de carburant.<\/p>\n<h2>Comment Mobil Delvac soutient-elle mes moteurs Scania compatibles Euro IV, Euro V ou Euro VI ?<\/h2>\n<p>Mobil Delvac 1 LE 5W-30 avec protection du syst\u00e8me d&rsquo;\u00e9mission contient des additifs avanc\u00e9s con\u00e7us pour prolonger la dur\u00e9e de vie et maximiser l&rsquo;efficacit\u00e9 des syst\u00e8mes de r\u00e9duction des \u00e9missions tels que le filtre \u00e0 particules diesel (DPF) Scania. Le filtre \u00e0 particules diesel (DPF) est utilis\u00e9 pour r\u00e9pondre aux exigences des normes d&rsquo;\u00e9mission Euro IV, Euro V et Euro VI.<\/p>\n<h2>Comment puis-je trouver la bonne huile moteur pour mon v\u00e9hicule commercial Scania ?<\/h2>\n<p>L&rsquo;utilisation de la bonne huile dans votre camion ou v\u00e9hicule commercial l\u00e9ger est importante pour r\u00e9pondre aux sp\u00e9cifications Scania. L&rsquo;utilisation du bon produit Mobil Delvac lors de l&rsquo;entretien de routine et conform\u00e9ment au manuel de votre v\u00e9hicule n&rsquo;affecte pas la garantie du fabricant Scania. Vous pouvez obtenir une recommandation pour le bon produit en utilisant notre outil de s\u00e9lection de produits et en recherchant par marque et mod\u00e8le.[\/vc_column_text][\/vc_column][\/vc_row]<\/p>\n<\/div>","protected":false},"excerpt":{"rendered":"<p>[vc_row css=\u00a0\u00bb.vc_custom_1715343567981{background-image: url(https:\/\/webshop.ingelbeen.be\/wp-content\/uploads\/2024\/05\/scania_green-truck-award_2024.jpeg?id=10487) !important;background-position: center !important;background-repeat: no-repeat !important;background-size: cover !important;}\u00a0\u00bb][vc_column][vc_empty_space height=\u00a0\u00bb420px\u00a0\u00bb][\/vc_column][\/vc_row][vc_row][vc_column][vc_empty_space][vc_column_text css=\u00a0\u00bb\u00a0\u00bb] Huile pour camions&#8230;<\/p>\n","protected":false},"author":1,"featured_media":0,"parent":0,"menu_order":0,"comment_status":"closed","ping_status":"closed","template":"","meta":{"_acf_changed":false,"inline_featured_image":false,"footnotes":""},"class_list":["post-10820","page","type-page","status-publish","hentry"],"acf":[],"_links":{"self":[{"href":"https:\/\/webshop.ingelbeen.be\/fr\/wp-json\/wp\/v2\/pages\/10820","targetHints":{"allow":["GET"]}}],"collection":[{"href":"https:\/\/webshop.ingelbeen.be\/fr\/wp-json\/wp\/v2\/pages"}],"about":[{"href":"https:\/\/webshop.ingelbeen.be\/fr\/wp-json\/wp\/v2\/types\/page"}],"author":[{"embeddable":true,"href":"https:\/\/webshop.ingelbeen.be\/fr\/wp-json\/wp\/v2\/users\/1"}],"replies":[{"embeddable":true,"href":"https:\/\/webshop.ingelbeen.be\/fr\/wp-json\/wp\/v2\/comments?post=10820"}],"version-history":[{"count":1,"href":"https:\/\/webshop.ingelbeen.be\/fr\/wp-json\/wp\/v2\/pages\/10820\/revisions"}],"predecessor-version":[{"id":10821,"href":"https:\/\/webshop.ingelbeen.be\/fr\/wp-json\/wp\/v2\/pages\/10820\/revisions\/10821"}],"wp:attachment":[{"href":"https:\/\/webshop.ingelbeen.be\/fr\/wp-json\/wp\/v2\/media?parent=10820"}],"curies":[{"name":"wp","href":"https:\/\/api.w.org\/{rel}","templated":true}]}}