{"id":10822,"date":"2024-05-10T13:24:06","date_gmt":"2024-05-10T12:24:06","guid":{"rendered":"https:\/\/ingelbeen.kneet.be\/?page_id=10822"},"modified":"2024-06-23T16:30:07","modified_gmt":"2024-06-23T15:30:07","slug":"volvo","status":"publish","type":"page","link":"https:\/\/webshop.ingelbeen.be\/fr\/volvo\/","title":{"rendered":"Volvo"},"content":{"rendered":"<div class=\"wpb-content-wrapper\"><p>[vc_row css=\u00a0\u00bb.vc_custom_1715343758763{background-image: url(https:\/\/webshop.ingelbeen.be\/wp-content\/uploads\/2024\/05\/high-res-08A3977-FH-4&#215;2-semi-trailer-long-haul-on-road.jpeg?id=10493) !important;background-position: center !important;background-repeat: no-repeat !important;background-size: cover !important;}\u00a0\u00bb][vc_column][vc_empty_space height=\u00a0\u00bb420px\u00a0\u00bb][\/vc_column][\/vc_row][vc_row][vc_column][vc_empty_space][vc_column_text css=\u00a0\u00bb\u00a0\u00bb]<\/p>\n<h1>Huile pour camions Volvo et huile pour bus Volvo<\/h1>\n<p>Les camions Volvo, les bus et autres v\u00e9hicules commerciaux peuvent b\u00e9n\u00e9ficier des puissantes huiles synth\u00e9tiques Mobil Delvac\u2122 sp\u00e9cialement formul\u00e9es pour r\u00e9pondre aux sp\u00e9cifications Volvo VDS-3. De l&rsquo;huile pour un Volvo FH 12 ou un bus B7R \u00e0 une huile pour excavatrice Volvo EW180C, il existe une large gamme d&rsquo;huiles Mobil Delvac sur lesquelles vous pouvez compter.<\/p>\n<h2>Huiles Volvo VDS 4.5, Volvo VDS 4 &amp; Volvo VDS 3<\/h2>\n<p>Mobil Delvac MX ESP 15W-40 est une huile moteur diesel extra puissante approuv\u00e9e pour les huiles Volvo VDS 4.5, Volvo VDS 4 et Volvo VDS 3, offrant une protection excellente dans les moteurs diesel les plus exigeants.<br \/>\nMobil Delvac MX ESP 10W-30 est une huile moteur diesel extra puissante approuv\u00e9e pour les huiles Volvo VDS 4.5, Volvo VDS 4 et Volvo VDS 3, offrant une protection excellente dans les moteurs diesel les plus exigeants.<\/p>\n<h2>Huiles Volvo VDS-4 &amp; Volvo VDS-3<\/h2>\n<p>Mobil Delvac 1 LE 5W-30 est une huile moteur diesel low SAPS enti\u00e8rement synth\u00e9tique approuv\u00e9e par Volvo et r\u00e9pondant aux sp\u00e9cifications des huiles Volvo VDS-4 et Volvo VDS-3. Elle offre \u00e0 la fois le potentiel d&rsquo;\u00e9conomie de carburant et des intervalles de vidange plus longs.<br \/>\nMobil Delvac XHP ESP M 10W-40 est une huile moteur diesel synth\u00e9tique extra puissante low SAPS approuv\u00e9e par Volvo et r\u00e9pondant aux sp\u00e9cifications des huiles Volvo VDS-4 et Volvo VDS-3. Elle offre une protection avanc\u00e9e pour le moteur et le syst\u00e8me d&rsquo;\u00e9mission lorsqu&rsquo;elle est utilis\u00e9e dans des applications de transport de fret lourd.<\/p>\n<h2>Huiles Volvo VDS-3 et Volvo VDS-2<\/h2>\n<p>Mobil Delvac 1 5W-40 est une huile moteur diesel enti\u00e8rement synth\u00e9tique approuv\u00e9e pour les huiles Volvo VDS-3 et Volvo VDS-2, offrant des performances exceptionnelles avec une excellente protection contre les temp\u00e9ratures \u00e9lev\u00e9es et basses.<br \/>\nMobil Delvac XHP Extra 10W-40 est une huile moteur diesel synth\u00e9tique extra puissante approuv\u00e9e par Volvo qui r\u00e9pond aux sp\u00e9cifications des huiles Volvo VDS-3 et Volvo VDS-2. Elle offre des intervalles de vidange plus longs dans les moteurs diesel lourds et industriels modernes.<\/p>\n<p>Mobil Delvac MX 15W-40 est une huile moteur diesel haute performance approuv\u00e9e par Volvo qui r\u00e9pond aux sp\u00e9cifications des huiles Volvo VDS-3 et Volvo VDS-2. Elle offre une excellente lubrification pour les moteurs diesel modernes et favorise une longue dur\u00e9e de vie du moteur.<\/p>\n<h2>Huiles Volvo VDS-2<\/h2>\n<p>Mobil Delvac Super 1400E 15W-40 est une huile moteur diesel haute performance approuv\u00e9e par Volvo qui r\u00e9pond \u00e0 la sp\u00e9cification d&rsquo;huile Volvo VDS-2. Elle offre une protection pour les moteurs diesel fonctionnant dans des conditions difficiles, tant sur route que hors route.<\/p>\n<h2>Comment \u00e9conomiser de l&rsquo;argent avec Mobil Delvac 1\u2122 ?<\/h2>\n<p>Les huiles enti\u00e8rement synth\u00e9tiques comme Mobil Delvac 1 circulent plus facilement dans un moteur Volvo que les huiles min\u00e9rales traditionnelles, rendant le moteur plus efficace. Mobil Delvac 1 fonctionne \u00e9galement plus rapidement, de sorte que votre moteur atteint une efficacit\u00e9 maximale plus rapidement. Ces deux avantages signifient une meilleure consommation de carburant pour votre flotte de v\u00e9hicules commerciaux l\u00e9gers ou lourds, vous permettant ainsi d&rsquo;\u00e9conomiser sur vos co\u00fbts de carburant.<\/p>\n<h2>Comment Mobil Delvac soutient-elle mes moteurs Volvo compatibles Euro IV, Euro V ou Euro VI ?<\/h2>\n<p>Mobil Delvac 1 LE 5W-30 et Mobil Delvac XHP ESP M 10W-40 avec protection du syst\u00e8me d&rsquo;\u00e9mission contiennent des additifs avanc\u00e9s qui ont \u00e9t\u00e9 sp\u00e9cialement con\u00e7us pour prolonger la dur\u00e9e de vie et maximiser l&rsquo;efficacit\u00e9 des syst\u00e8mes de r\u00e9duction des \u00e9missions tels que le filtre \u00e0 particules diesel (DPF) Volvo. Le filtre \u00e0 particules diesel (DPF) est utilis\u00e9 pour r\u00e9pondre aux exigences des normes d&rsquo;\u00e9mission Euro IV, Euro V et Euro VI.<\/p>\n<h2>Comment puis-je trouver la bonne huile moteur pour mon v\u00e9hicule commercial Volvo ?<\/h2>\n<p>L&rsquo;utilisation de la bonne huile dans votre camion ou v\u00e9hicule commercial l\u00e9ger est importante pour r\u00e9pondre aux sp\u00e9cifications Volvo. L&rsquo;utilisation du bon produit Mobil Delvac lors de l&rsquo;entretien de routine et conform\u00e9ment au manuel de votre v\u00e9hicule n&rsquo;affecte pas la garantie du fabricant Volvo. Vous pouvez obtenir une recommandation pour le bon produit en utilisant notre outil de s\u00e9lection de produits et en recherchant par marque et mod\u00e8le.[\/vc_column_text][\/vc_column][\/vc_row]<\/p>\n<\/div>","protected":false},"excerpt":{"rendered":"<p>[vc_row css=\u00a0\u00bb.vc_custom_1715343758763{background-image: url(https:\/\/webshop.ingelbeen.be\/wp-content\/uploads\/2024\/05\/high-res-08A3977-FH-4&#215;2-semi-trailer-long-haul-on-road.jpeg?id=10493) !important;background-position: center !important;background-repeat: no-repeat !important;background-size: cover !important;}\u00a0\u00bb][vc_column][vc_empty_space height=\u00a0\u00bb420px\u00a0\u00bb][\/vc_column][\/vc_row][vc_row][vc_column][vc_empty_space][vc_column_text css=\u00a0\u00bb\u00a0\u00bb] Huile pour camions&#8230;<\/p>\n","protected":false},"author":1,"featured_media":0,"parent":0,"menu_order":0,"comment_status":"closed","ping_status":"closed","template":"","meta":{"_acf_changed":false,"inline_featured_image":false,"footnotes":""},"class_list":["post-10822","page","type-page","status-publish","hentry"],"acf":[],"_links":{"self":[{"href":"https:\/\/webshop.ingelbeen.be\/fr\/wp-json\/wp\/v2\/pages\/10822","targetHints":{"allow":["GET"]}}],"collection":[{"href":"https:\/\/webshop.ingelbeen.be\/fr\/wp-json\/wp\/v2\/pages"}],"about":[{"href":"https:\/\/webshop.ingelbeen.be\/fr\/wp-json\/wp\/v2\/types\/page"}],"author":[{"embeddable":true,"href":"https:\/\/webshop.ingelbeen.be\/fr\/wp-json\/wp\/v2\/users\/1"}],"replies":[{"embeddable":true,"href":"https:\/\/webshop.ingelbeen.be\/fr\/wp-json\/wp\/v2\/comments?post=10822"}],"version-history":[{"count":2,"href":"https:\/\/webshop.ingelbeen.be\/fr\/wp-json\/wp\/v2\/pages\/10822\/revisions"}],"predecessor-version":[{"id":10824,"href":"https:\/\/webshop.ingelbeen.be\/fr\/wp-json\/wp\/v2\/pages\/10822\/revisions\/10824"}],"wp:attachment":[{"href":"https:\/\/webshop.ingelbeen.be\/fr\/wp-json\/wp\/v2\/media?parent=10822"}],"curies":[{"name":"wp","href":"https:\/\/api.w.org\/{rel}","templated":true}]}}