{"id":10000,"date":"2024-04-30T13:10:19","date_gmt":"2024-04-30T12:10:19","guid":{"rendered":"https:\/\/ingelbeen.kneet.be\/product\/mobil-1-10w-60-2\/"},"modified":"2024-06-26T16:13:39","modified_gmt":"2024-06-26T15:13:39","slug":"mobil-1-10w-60-2","status":"publish","type":"product","link":"https:\/\/webshop.ingelbeen.be\/fr\/produit\/mobil-1-10w-60-2\/","title":{"rendered":"Mobil 1 10W-60"},"content":{"rendered":"<div class=\"compensation des d\u00e9tails du produit\">\n<div class=\"description de l'attribut du produit\">\n<div class=\"description de la valeur\">\n<p> Mobil 1 est la premi\u00e8re marque d&rsquo;huile moteur synth\u00e9tique au monde, offrant nos performances et notre protection ultimes.<\/p>\n<p> L&rsquo;huile moteur Mobil 1 10W-60 Advanced enti\u00e8rement synth\u00e9tique est formul\u00e9e pour les exigences sp\u00e9cifiques des v\u00e9hicules plus anciens, m\u00eame au-dessus de 150 000 km. Mobil 1 10W-60 convient \u00e9galement aux applications de haute performance et de sport automobile n\u00e9cessitant des huiles moteur \u00e0 haute viscosit\u00e9.<\/p><\/div><\/div><\/div>\n<h2>Fonctionnalit\u00e9 et avantages potentiels<\/h2>\n<p> L&rsquo;huile moteur enti\u00e8rement synth\u00e9tique avanc\u00e9e Mobil 1 10W-60 est fabriqu\u00e9e \u00e0 partir d&rsquo;un m\u00e9lange exclusif d&rsquo;huiles de base synth\u00e9tiques ultra hautes performances enrichies d&rsquo;un syst\u00e8me de composants pr\u00e9cis\u00e9ment \u00e9quilibr\u00e9. Mobil 1 10W-60 est con\u00e7u pour aider \u00e0 fournir une protection durable aux moteurs \u00e0 kilom\u00e9trage \u00e9lev\u00e9 pour une longue dur\u00e9e de vie de votre v\u00e9hicule.<\/p>\n<ul>\n<li>Conditionneurs de joints suppl\u00e9mentaires pour aider \u00e0 pr\u00e9venir les fuites d&rsquo;huile<\/li>\n<li>Offre une propret\u00e9 exceptionnelle et \u00e9limine les boues existantes<\/li>\n<li>\u00c9paisseur de film d&rsquo;huile exceptionnelle\/excellente pour une protection suppl\u00e9mentaire dans les moteurs plus anciens<\/li>\n<li>Haute viscosit\u00e9 pour aider \u00e0 r\u00e9duire la combustion de l&rsquo;huile dans les moteurs plus anciens<\/li>\n<li>Plus d&rsquo;additifs anti-usure pour aider \u00e0 prot\u00e9ger les moteurs us\u00e9s<\/li>\n<li>Mat\u00e9riaux de base hautes performances pour une excellente protection compl\u00e8te contre l&rsquo;usure<\/li>\n<\/ul>\n<h2>Applications<\/h2>\n<p> Mobil 1 10W-60 a \u00e9t\u00e9 con\u00e7ue pour fournir la protection suppl\u00e9mentaire que les moteurs plus anciens peuvent exiger. Il convient \u00e0 la plupart des v\u00e9hicules anciens, notamment aux moteurs essence et diesel (sans filtre \u00e0 particules diesel).<\/p>\n<ul>\n<li>V\u00e9hicules plus anciens<\/li>\n<li>Presque toutes les conditions de fonctionnement, de l\u00e9g\u00e8res \u00e0 extr\u00eames<\/li>\n<li>Un produit id\u00e9al pour les applications de course<\/li>\n<\/ul>\n<p> Consultez toujours votre manuel du propri\u00e9taire pour v\u00e9rifier le degr\u00e9 de viscosit\u00e9 recommand\u00e9 et les sp\u00e9cifications de votre v\u00e9hicule particulier.<\/p>\n<h2>Sp\u00e9cifications et homologations<\/h2>\n<h3>Satisfait ou d\u00e9passe les exigences de<\/h3>\n<ul>\n<li>API SN\/SM\/SL<\/li>\n<li>ACEA\u00a0A3\/B3, A3\/B4<\/li>\n<\/ul>\n<h3>Ce produit r\u00e9pond aux exigences selon Exxonmobil<\/h3>\n<ul>\n<li>API\u00a0CF<\/li>\n<\/ul>\n<h3>Ce produit poss\u00e8de les approbations de constructeur suivantes<\/h3>\n<ul>\n<li>Approbation MB 229.1<\/li>\n<\/ul>\n","protected":false},"excerpt":{"rendered":"<p>Mobil 1 est la marque leader mondiale des huiles moteur synth\u00e9tiques offrant des performances et une protection ultimes. Mobil 1 10W-60 huile moteur enti\u00e8rement synth\u00e9tique avanc\u00e9e est con\u00e7ue pour r\u00e9pondre aux exigences sp\u00e9cifiques des v\u00e9hicules anciens, m\u00eame au-del\u00e0 de 150 000 km. Mobil 1 10W-60 convient \u00e9galement aux applications haute performance et aux applications sportives n\u00e9cessitant une huile moteur \u00e0 haute viscosit\u00e9.<\/p>\n","protected":false},"featured_media":10132,"template":"","meta":{"_acf_changed":false,"inline_featured_image":false},"product_brand":[],"product_cat":[214],"product_tag":[],"class_list":{"0":"post-10000","1":"product","2":"type-product","3":"status-publish","4":"has-post-thumbnail","6":"product_cat-huiles-moteurs","8":"first","9":"instock","10":"taxable","11":"shipping-taxable","12":"purchasable","13":"product-type-simple"},"acf":[],"_links":{"self":[{"href":"https:\/\/webshop.ingelbeen.be\/fr\/wp-json\/wp\/v2\/product\/10000","targetHints":{"allow":["GET"]}}],"collection":[{"href":"https:\/\/webshop.ingelbeen.be\/fr\/wp-json\/wp\/v2\/product"}],"about":[{"href":"https:\/\/webshop.ingelbeen.be\/fr\/wp-json\/wp\/v2\/types\/product"}],"wp:featuredmedia":[{"embeddable":true,"href":"https:\/\/webshop.ingelbeen.be\/fr\/wp-json\/wp\/v2\/media\/10132"}],"wp:attachment":[{"href":"https:\/\/webshop.ingelbeen.be\/fr\/wp-json\/wp\/v2\/media?parent=10000"}],"wp:term":[{"taxonomy":"product_brand","embeddable":true,"href":"https:\/\/webshop.ingelbeen.be\/fr\/wp-json\/wp\/v2\/product_brand?post=10000"},{"taxonomy":"product_cat","embeddable":true,"href":"https:\/\/webshop.ingelbeen.be\/fr\/wp-json\/wp\/v2\/product_cat?post=10000"},{"taxonomy":"product_tag","embeddable":true,"href":"https:\/\/webshop.ingelbeen.be\/fr\/wp-json\/wp\/v2\/product_tag?post=10000"}],"curies":[{"name":"wp","href":"https:\/\/api.w.org\/{rel}","templated":true}]}}