{"id":10004,"date":"2024-04-30T13:10:19","date_gmt":"2024-04-30T12:10:19","guid":{"rendered":"https:\/\/ingelbeen.kneet.be\/product\/mobil-1-esp-0w-30-2\/"},"modified":"2024-06-26T16:13:39","modified_gmt":"2024-06-26T15:13:39","slug":"mobil-1-esp-0w-30-2","status":"publish","type":"product","link":"https:\/\/webshop.ingelbeen.be\/fr\/produit\/mobil-1-esp-0w-30-2\/","title":{"rendered":"Mobil 1 ESP 0W-30"},"content":{"rendered":"<div class=\"compensation des d\u00e9tails du produit\">\n<div class=\"description de l'attribut du produit\">\n<div class=\"description de la valeur\">\n<p> Mobil 1\u2122 ESP 0W-30 est une huile moteur enti\u00e8rement synth\u00e9tique avanc\u00e9e con\u00e7ue pour fournir un pouvoir de nettoyage, une protection contre l&rsquo;usure et des performances globales exceptionnels. Mobil 1 ESP 0W-30 a \u00e9t\u00e9 savamment con\u00e7u pour aider \u00e0 prolonger la dur\u00e9e de vie et \u00e0 maintenir l&rsquo;efficacit\u00e9 des syst\u00e8mes d&rsquo;\u00e9mission dans les automobiles \u00e0 moteur diesel et \u00e0 essence. Mobil 1 ESP 0W-30 satisfait ou d\u00e9passe les exigences de nombreuses normes de premier plan de l&rsquo;industrie et des constructeurs automobiles requises pour les nouveaux moteurs de voitures particuli\u00e8res modernes \u00e0 moteur diesel et \u00e0 essence.<\/p><\/div><\/div><\/div>\n<h2>Fonctionnalit\u00e9 et avantages potentiels<\/h2>\n<p> Mobil 1 ESP 0W-30 est fabriqu\u00e9 avec un m\u00e9lange exclusif de composants de pointe formul\u00e9s pour \u00eatre enti\u00e8rement compatibles avec les derniers filtres \u00e0 particules diesel (DPF) et convertisseurs catalytiques d&rsquo;essence (CAT). Mobil 1 ESP 0W-30 a \u00e9t\u00e9 con\u00e7u pour offrir des performances et une protection exceptionnelles, ainsi que des avantages potentiels en mati\u00e8re d&rsquo;\u00e9conomie de carburant. Les principales caract\u00e9ristiques et avantages potentiels comprennent\u00a0:<\/p>\n<table class=\"table table-striped\">\n <t\u00eate><\/p>\n<tr>\n<th>Fonctionnalit\u00e9s<\/th>\n<th>Avantages et b\u00e9n\u00e9fices potentiels<\/th>\n<\/tr>\n<p> <\/t\u00eate><br \/>\n <corps><\/p>\n<tr>\n<td>Faible teneur en cendres<\/td>\n<td>Aide \u00e0 r\u00e9duire l&rsquo;accumulation de particules dans les filtres \u00e0 particules diesel<\/td>\n<\/tr>\n<tr>\n<td>Faible teneur en soufre et en phosphore<\/td>\n<td>Aide \u00e0 r\u00e9duire l&#8217;empoisonnement des pots catalytiques \u00e0 essence<\/td>\n<\/tr>\n<tr>\n<td>Agents de nettoyage actifs<\/td>\n<td>Aide \u00e0 r\u00e9duire les d\u00e9p\u00f4ts et l&rsquo;accumulation de boues pour permettre une dur\u00e9e de vie longue et propre du moteur<\/td>\n<\/tr>\n<tr>\n<td>Thermique exceptionnelle<\/td>\n<td>et stabilit\u00e9 \u00e0 l&rsquo;oxydation Aide \u00e0 r\u00e9duire le vieillissement de l&rsquo;huile, permettant ainsi une protection \u00e0 intervalles de vidange prolong\u00e9s<\/td>\n<\/tr>\n<tr>\n<td>Faible consommation d&rsquo;huile<\/td>\n<td>Moins de pollution par les hydrocarbures<\/td>\n<\/tr>\n<tr>\n<td>Propri\u00e9t\u00e9s de friction am\u00e9lior\u00e9es<\/td>\n<td>Am\u00e9liore potentiellement l&rsquo;\u00e9conomie de carburant<\/td>\n<\/tr>\n<tr>\n<td>Excellentes capacit\u00e9s \u00e0 basse temp\u00e9rature<\/td>\n<td>D\u00e9marrage rapide par temps froid et protection ultra-rapide Aide \u00e0 prolonger la dur\u00e9e de vie du moteur<\/td>\n<\/tr>\n<\/tbody>\n<\/table>\n<h2>Applications<\/h2>\n<p> Mobil 1 ESP 0W-30 est recommand\u00e9 pour de nombreux types de moteurs automobiles modernes, en particulier les moteurs essence et diesel hautes performances que l&rsquo;on trouve dans les derni\u00e8res voitures particuli\u00e8res, SUV et fourgonnettes l\u00e9g\u00e8res.<\/p>\n<p> Mobil 1 ESP 0W-30 est particuli\u00e8rement adapt\u00e9 aux conditions extr\u00eames, dans lesquelles l&rsquo;huile conventionnelle peut souvent ne pas fonctionner. Il n&rsquo;est pas recommand\u00e9 pour les moteurs 2 temps ou d&rsquo;aviation, sauf autorisation expresse du constructeur.<\/p>\n<h2>Sp\u00e9cifications et homologations<\/h2>\n<h3>Satisfait ou d\u00e9passe les exigences de<\/h3>\n<ul>\n<li>ACEA\u00a0C2, C3<\/li>\n<\/ul>\n<h3>Ce produit r\u00e9pond aux exigences selon Exxonmobil<\/h3>\n<ul>\n<li>VW504 00\/507 00<\/li>\n<li>MB-blad 229.31<\/li>\n<li>MB-blad 229,51<\/li>\n<li>MB-blad 229,52<\/li>\n<li>Porsche C30<\/li>\n<\/ul>\n<h3>Ce produit poss\u00e8de les approbations de constructeur suivantes<\/h3>\n<ul>\n<li>VW504 00\/507 00<\/li>\n<li>Approbation MB 229.31<\/li>\n<li>Approbation MB 229.51<\/li>\n<li>Approbation MB 229.52<\/li>\n<li>Porsche C30<\/li>\n<\/ul>\n","protected":false},"excerpt":{"rendered":"<p>Mobil 1\u2122 ESP 0W-30 est une huile moteur enti\u00e8rement synth\u00e9tique avanc\u00e9e con\u00e7ue pour offrir un pouvoir nettoyant exceptionnel, une protection contre l&rsquo;usure de haut niveau et des performances globales excellentes. Mobil 1 ESP 0W-30 est sp\u00e9cialement formul\u00e9e pour maintenir l&rsquo;efficacit\u00e9 des syst\u00e8mes de r\u00e9duction des \u00e9missions et aider \u00e0 prolonger leur dur\u00e9e de vie dans les v\u00e9hicules \u00e0 moteur diesel et essence.<\/p>\n","protected":false},"featured_media":10108,"template":"","meta":{"_acf_changed":false,"inline_featured_image":false},"product_brand":[],"product_cat":[214],"product_tag":[],"class_list":{"0":"post-10004","1":"product","2":"type-product","3":"status-publish","4":"has-post-thumbnail","6":"product_cat-huiles-moteurs","8":"first","9":"instock","10":"taxable","11":"shipping-taxable","12":"purchasable","13":"product-type-simple"},"acf":[],"_links":{"self":[{"href":"https:\/\/webshop.ingelbeen.be\/fr\/wp-json\/wp\/v2\/product\/10004","targetHints":{"allow":["GET"]}}],"collection":[{"href":"https:\/\/webshop.ingelbeen.be\/fr\/wp-json\/wp\/v2\/product"}],"about":[{"href":"https:\/\/webshop.ingelbeen.be\/fr\/wp-json\/wp\/v2\/types\/product"}],"wp:featuredmedia":[{"embeddable":true,"href":"https:\/\/webshop.ingelbeen.be\/fr\/wp-json\/wp\/v2\/media\/10108"}],"wp:attachment":[{"href":"https:\/\/webshop.ingelbeen.be\/fr\/wp-json\/wp\/v2\/media?parent=10004"}],"wp:term":[{"taxonomy":"product_brand","embeddable":true,"href":"https:\/\/webshop.ingelbeen.be\/fr\/wp-json\/wp\/v2\/product_brand?post=10004"},{"taxonomy":"product_cat","embeddable":true,"href":"https:\/\/webshop.ingelbeen.be\/fr\/wp-json\/wp\/v2\/product_cat?post=10004"},{"taxonomy":"product_tag","embeddable":true,"href":"https:\/\/webshop.ingelbeen.be\/fr\/wp-json\/wp\/v2\/product_tag?post=10004"}],"curies":[{"name":"wp","href":"https:\/\/api.w.org\/{rel}","templated":true}]}}