{"id":10012,"date":"2024-04-30T13:10:19","date_gmt":"2024-04-30T12:10:19","guid":{"rendered":"https:\/\/ingelbeen.kneet.be\/product\/mobil-1-esp-5w-30-4\/"},"modified":"2024-06-26T16:13:40","modified_gmt":"2024-06-26T15:13:40","slug":"mobil-1-esp-5w-30-4","status":"publish","type":"product","link":"https:\/\/webshop.ingelbeen.be\/fr\/produit\/mobil-1-esp-5w-30-4\/","title":{"rendered":"Mobil 1 ESP 5W-30"},"content":{"rendered":"<div class=\"compensation des d\u00e9tails du produit\">\n<div class=\"description de l'attribut du produit\">\n<div class=\"description de la valeur\">\n<p> Mobil 1\u2122 ESP 5W-30 est une huile moteur synth\u00e9tique aux performances avanc\u00e9es con\u00e7ue pour fournir un pouvoir de nettoyage, une protection contre l&rsquo;usure et des performances globales exceptionnels. Mobil 1 ESP 5W-30 a \u00e9t\u00e9 savamment con\u00e7ue pour aider \u00e0 prolonger la dur\u00e9e de vie et \u00e0 maintenir l&rsquo;efficacit\u00e9 des syst\u00e8mes d&rsquo;\u00e9mission des automobiles \u00e0 moteur diesel et \u00e0 essence. Mobil 1 ESP 5W-30 r\u00e9pond ou d\u00e9passe les exigences de nombreuses normes de premier plan de l&rsquo;industrie et des constructeurs automobiles requises pour les nouveaux moteurs de voitures particuli\u00e8res modernes \u00e0 moteur diesel et \u00e0 essence.<\/p><\/div><\/div><\/div>\n<h2>Fonctionnalit\u00e9 et avantages potentiels<\/h2>\n<p> Mobil 1 ESP 5W-30 est fabriqu\u00e9 avec un m\u00e9lange exclusif de composants de pointe formul\u00e9s pour \u00eatre enti\u00e8rement compatibles avec les derniers filtres \u00e0 particules diesel (DPF) et convertisseurs catalytiques d&rsquo;essence (CAT). Mobil 1 ESP 5W-30 a \u00e9t\u00e9 con\u00e7ue pour offrir des performances et une protection exceptionnelles, ainsi que des avantages en mati\u00e8re d&rsquo;\u00e9conomie de carburant. Les principales caract\u00e9ristiques et avantages potentiels comprennent\u00a0:<\/p>\n<table class=\"table table-striped\">\n <t\u00eate><\/p>\n<tr>\n<th>Fonctionnalit\u00e9s<\/th>\n<th>Avantages et b\u00e9n\u00e9fices potentiels<\/th>\n<\/tr>\n<p> <\/t\u00eate><br \/>\n <corps><\/p>\n<tr>\n<td>Faible teneur en cendres<\/td>\n<td>Aide \u00e0 r\u00e9duire l&rsquo;accumulation de particules dans les filtres \u00e0 particules diesel<\/td>\n<\/tr>\n<tr>\n<td>Faible teneur en soufre et en phosphore<\/td>\n<td>Aide \u00e0 r\u00e9duire l&#8217;empoisonnement des pots catalytiques \u00e0 essence<\/td>\n<\/tr>\n<tr>\n<td>Agents de nettoyage actifs<\/td>\n<td>Aide \u00e0 r\u00e9duire les d\u00e9p\u00f4ts et l&rsquo;accumulation de boues pour permettre une dur\u00e9e de vie longue et propre du moteur<\/td>\n<\/tr>\n<tr>\n<td>Stabilit\u00e9 thermique et oxydative exceptionnelle<\/td>\n<td>Aide \u00e0 r\u00e9duire le vieillissement de l&rsquo;huile en permettant une protection prolong\u00e9e des intervalles de vidange<\/td>\n<\/tr>\n<tr>\n<td>Formulation \u00e0 faible consommation d&rsquo;huile<\/td>\n<td>Moins de pollution par les hydrocarbures<\/td>\n<\/tr>\n<tr>\n<td>Propri\u00e9t\u00e9s de friction am\u00e9lior\u00e9es<\/td>\n<td>Facilite l&rsquo;\u00e9conomie de carburant<\/td>\n<\/tr>\n<tr>\n<td>Excellentes capacit\u00e9s \u00e0 basse temp\u00e9rature<\/td>\n<td>D\u00e9marrage rapide par temps froid et protection rapide pour prolonger la dur\u00e9e de vie du moteur<\/td>\n<\/tr>\n<\/tbody>\n<\/table>\n<h2>Applications<\/h2>\n<p> Mobil 1 ESP 5W-30 est recommand\u00e9 pour tous les types de moteurs automobiles modernes, en particulier les moteurs essence et diesel hautes performances que l&rsquo;on trouve dans les derni\u00e8res voitures particuli\u00e8res, SUV et fourgonnettes l\u00e9g\u00e8res.<\/p>\n<ul>\n<li>Mobil 1 ESP 5W-30 est particuli\u00e8rement adapt\u00e9 aux conditions extr\u00eames, dans lesquelles l&rsquo;huile conventionnelle peut souvent ne pas fonctionner<\/li>\n<li>Il n&rsquo;est pas recommand\u00e9 pour les moteurs \u00e0 2\u00a0temps ou d&rsquo;aviation, sauf autorisation expresse du fabricant.<\/li>\n<\/ul>\n<h2>Sp\u00e9cifications et homologations<\/h2>\n<h3>Satisfait ou d\u00e9passe les exigences de<\/h3>\n<ul>\n<li>EXIGENCES DES TESTS DU MOTEUR ILSAC GF-5<\/li>\n<\/ul>\n<h3>Ce produit r\u00e9pond aux exigences selon Exxonmobil<\/h3>\n<ul>\n<li>API\u00a0CF<\/li>\n<li>VW 502 00<\/li>\n<li>VW 503 00<\/li>\n<li>VW 503 01<\/li>\n<li>VW 505 00<\/li>\n<li>VW 506 00<\/li>\n<\/ul>\n<h3>Ce produit poss\u00e8de les approbations de constructeur suivantes<\/h3>\n<ul>\n<li>VW 504 00<\/li>\n<li>VW 507 00<\/li>\n<li>PORSCHE C30<\/li>\n<li>PSA\u00a0B712290<\/li>\n<li>GM dexos2<\/li>\n<li>Approbation MB 229.31<\/li>\n<li>Approbation MB 229.51<\/li>\n<li>Approbation MB 229.52<\/li>\n<\/ul>\n","protected":false},"excerpt":{"rendered":"<p>Mobil 1\u2122 ESP 5W-30 est une huile moteur enti\u00e8rement synth\u00e9tique avanc\u00e9e con\u00e7ue pour offrir un pouvoir nettoyant exceptionnel, une protection contre l&rsquo;usure de haut niveau et des performances globales excellentes.<\/p>\n","protected":false},"featured_media":10108,"template":"","meta":{"_acf_changed":false,"inline_featured_image":false},"product_brand":[],"product_cat":[214],"product_tag":[],"class_list":{"0":"post-10012","1":"product","2":"type-product","3":"status-publish","4":"has-post-thumbnail","6":"product_cat-huiles-moteurs","8":"first","9":"instock","10":"taxable","11":"shipping-taxable","12":"purchasable","13":"product-type-simple"},"acf":[],"_links":{"self":[{"href":"https:\/\/webshop.ingelbeen.be\/fr\/wp-json\/wp\/v2\/product\/10012","targetHints":{"allow":["GET"]}}],"collection":[{"href":"https:\/\/webshop.ingelbeen.be\/fr\/wp-json\/wp\/v2\/product"}],"about":[{"href":"https:\/\/webshop.ingelbeen.be\/fr\/wp-json\/wp\/v2\/types\/product"}],"wp:featuredmedia":[{"embeddable":true,"href":"https:\/\/webshop.ingelbeen.be\/fr\/wp-json\/wp\/v2\/media\/10108"}],"wp:attachment":[{"href":"https:\/\/webshop.ingelbeen.be\/fr\/wp-json\/wp\/v2\/media?parent=10012"}],"wp:term":[{"taxonomy":"product_brand","embeddable":true,"href":"https:\/\/webshop.ingelbeen.be\/fr\/wp-json\/wp\/v2\/product_brand?post=10012"},{"taxonomy":"product_cat","embeddable":true,"href":"https:\/\/webshop.ingelbeen.be\/fr\/wp-json\/wp\/v2\/product_cat?post=10012"},{"taxonomy":"product_tag","embeddable":true,"href":"https:\/\/webshop.ingelbeen.be\/fr\/wp-json\/wp\/v2\/product_tag?post=10012"}],"curies":[{"name":"wp","href":"https:\/\/api.w.org\/{rel}","templated":true}]}}