{"id":10022,"date":"2024-04-30T13:10:19","date_gmt":"2024-04-30T12:10:19","guid":{"rendered":"https:\/\/ingelbeen.kneet.be\/product\/mobil-1-esp-lv-0w-30-3\/"},"modified":"2024-06-26T16:13:41","modified_gmt":"2024-06-26T15:13:41","slug":"mobil-1-esp-lv-0w-30-3","status":"publish","type":"product","link":"https:\/\/webshop.ingelbeen.be\/fr\/produit\/mobil-1-esp-lv-0w-30-3\/","title":{"rendered":"Mobil 1 ESP LV 0W-30"},"content":{"rendered":"<div class=\"compensation des d\u00e9tails du produit\">\n<div class=\"description de l'attribut du produit\">\n<div class=\"description de la valeur\">\n<p> Mobil 1\u2122 ESP LV 0W-30 est une huile moteur enti\u00e8rement synth\u00e9tique avanc\u00e9e sp\u00e9cialement con\u00e7ue pour offrir des performances exceptionnelles.<\/p><\/div><\/div><\/div>\n<h2>Fonctionnalit\u00e9 et avantages potentiels<\/h2>\n<table class=\"table table-striped\">\n <t\u00eate><\/p>\n<tr>\n<th>Fonctionnalit\u00e9s<\/th>\n<th>Avantages et b\u00e9n\u00e9fices potentiels<\/th>\n<\/tr>\n<p> <\/t\u00eate><br \/>\n <corps><\/p>\n<tr>\n<td>Formulation enti\u00e8rement synth\u00e9tique avanc\u00e9e \u00e0 faible viscosit\u00e9<\/td>\n<td>Favorise l&rsquo;efficacit\u00e9 du moteur et l&rsquo;\u00e9conomie de carburant<\/td>\n<\/tr>\n<tr>\n<td>Agents de nettoyage actifs<\/td>\n<td>Aide \u00e0 pr\u00e9venir les boues et les d\u00e9p\u00f4ts pour garder les moteurs propres<\/td>\n<\/tr>\n<tr>\n<td>Stabilit\u00e9 thermique et oxydative exceptionnelle \u00e0 haute temp\u00e9rature<\/td>\n<td>R\u00e9siste \u00e0 la d\u00e9gradation de l&rsquo;huile pour aider \u00e0 fournir une protection durable<\/td>\n<\/tr>\n<tr>\n<td>Excellentes capacit\u00e9s \u00e0 basse temp\u00e9rature<\/td>\n<td>D\u00e9marrage \u00e0 froid exceptionnel et lubrification rapide pour prot\u00e9ger contre l&rsquo;usure<\/td>\n<\/tr>\n<tr>\n<td>\u00c9quilibre pr\u00e9cis des additifs de performance<\/td>\n<td>Excellente lubrification globale et protection contre l&rsquo;usure<\/td>\n<\/tr>\n<\/tbody>\n<\/table>\n<h2>Applications<\/h2>\n<p> Mobil 1 ESP LV 0W-30 est une technologie d\u00e9velopp\u00e9e pour r\u00e9pondre \u00e0 la derni\u00e8re sp\u00e9cification JLR STJLR.03.5007 pour les moteurs diesel JLR 2,0 L Ingenium 4 cylindres.<\/p>\n<h2>Sp\u00e9cifications et homologations<\/h2>\n<h3>Satisfait ou d\u00e9passe les exigences de<\/h3>\n<ul>\n<li>Exigences de test du moteur API SN<\/li>\n<li>API SL<\/li>\n<li>ACEA\u00a0A5\/B5<\/li>\n<li>ACEA\u00a0C2<\/li>\n<\/ul>\n<h3>Ce produit r\u00e9pond aux exigences selon Exxonmobil<\/h3>\n<ul>\n<li>FORD WSS-M2C920A<\/li>\n<\/ul>\n<h3>Ce produit poss\u00e8de les approbations de constructeur suivantes<\/h3>\n<ul>\n<li>BMW Longlife 12 FE<\/li>\n<li>Jaguar Land Rover STJLR.03.5007<\/li>\n<li>Approbation MB 229.61<\/li>\n<\/ul>\n","protected":false},"excerpt":{"rendered":"<p>Mobil 1\u2122 est une huile moteur enti\u00e8rement synth\u00e9tique avanc\u00e9e con\u00e7ue pour offrir un pouvoir nettoyant exceptionnel, une protection contre l&rsquo;usure de haut niveau et des performances globales excellentes.<\/p>\n","protected":false},"featured_media":10096,"template":"","meta":{"_acf_changed":false,"inline_featured_image":false},"product_brand":[],"product_cat":[214],"product_tag":[],"class_list":{"0":"post-10022","1":"product","2":"type-product","3":"status-publish","4":"has-post-thumbnail","6":"product_cat-huiles-moteurs","8":"first","9":"instock","10":"taxable","11":"shipping-taxable","12":"purchasable","13":"product-type-simple"},"acf":[],"_links":{"self":[{"href":"https:\/\/webshop.ingelbeen.be\/fr\/wp-json\/wp\/v2\/product\/10022","targetHints":{"allow":["GET"]}}],"collection":[{"href":"https:\/\/webshop.ingelbeen.be\/fr\/wp-json\/wp\/v2\/product"}],"about":[{"href":"https:\/\/webshop.ingelbeen.be\/fr\/wp-json\/wp\/v2\/types\/product"}],"wp:featuredmedia":[{"embeddable":true,"href":"https:\/\/webshop.ingelbeen.be\/fr\/wp-json\/wp\/v2\/media\/10096"}],"wp:attachment":[{"href":"https:\/\/webshop.ingelbeen.be\/fr\/wp-json\/wp\/v2\/media?parent=10022"}],"wp:term":[{"taxonomy":"product_brand","embeddable":true,"href":"https:\/\/webshop.ingelbeen.be\/fr\/wp-json\/wp\/v2\/product_brand?post=10022"},{"taxonomy":"product_cat","embeddable":true,"href":"https:\/\/webshop.ingelbeen.be\/fr\/wp-json\/wp\/v2\/product_cat?post=10022"},{"taxonomy":"product_tag","embeddable":true,"href":"https:\/\/webshop.ingelbeen.be\/fr\/wp-json\/wp\/v2\/product_tag?post=10022"}],"curies":[{"name":"wp","href":"https:\/\/api.w.org\/{rel}","templated":true}]}}