{"id":10028,"date":"2024-04-30T13:10:19","date_gmt":"2024-04-30T12:10:19","guid":{"rendered":"https:\/\/ingelbeen.kneet.be\/product\/mobil-1-esp-x2-0w-20-2\/"},"modified":"2024-06-26T16:13:41","modified_gmt":"2024-06-26T15:13:41","slug":"mobil-1-esp-x2-0w-20-2","status":"publish","type":"product","link":"https:\/\/webshop.ingelbeen.be\/fr\/produit\/mobil-1-esp-x2-0w-20-2\/","title":{"rendered":"Mobil 1 ESP X2 0W-20"},"content":{"rendered":"<div class=\"compensation des d\u00e9tails du produit\">\n<div class=\"description de l'attribut du produit\">\n<div class=\"description de la valeur\">\n<div class=\"description de la valeur\">\n<p> Mobil 1\u2122 ESP x2 0W-20 est une huile moteur enti\u00e8rement synth\u00e9tique avanc\u00e9e sp\u00e9cialement con\u00e7ue pour offrir une propret\u00e9 exceptionnelle du moteur, une protection contre l&rsquo;usure, une forte durabilit\u00e9 et une \u00e9conomie de carburant avanc\u00e9e* pour que votre moteur continue de fonctionner comme neuf.\u00a0 Mobil 1 ESP x2 0W-20 est notre derni\u00e8re technologie alliant durabilit\u00e9 et protection avec une huile moteur \u00e0 faible viscosit\u00e9 et \u00e0 faible friction qui a \u00e9t\u00e9 con\u00e7ue en coop\u00e9ration avec les principaux fabricants europ\u00e9ens d&rsquo;\u00e9quipement d&rsquo;origine (OEM). Mobil 1 ESP x2 0W-20 a \u00e9t\u00e9 con\u00e7u par des experts pour aider \u00e0 prolonger la dur\u00e9e de vie et \u00e0 maintenir l&rsquo;efficacit\u00e9 des syst\u00e8mes d&rsquo;\u00e9mission dans les nouveaux v\u00e9hicules europ\u00e9ens \u00e9mergents \u00e0 moteur diesel et \u00e0 essence qui n\u00e9cessitent des grades de viscosit\u00e9 SAE 0W-20.<\/p>\n<p> * par rapport \u00e0 Mobil 1 ESP Formula 5W-30.<\/p><\/div><\/div><\/div><\/div>\n<h2>Applications<\/h2>\n<p> Mobil 1 ESP x2 0W-20 est recommand\u00e9 pour les nouveaux moteurs essence et diesel hautes performances pr\u00e9sents dans les v\u00e9hicules europ\u00e9ens \u00e9mergents qui n\u00e9cessitent des grades de viscosit\u00e9 SAE 0W-20.<\/p>\n<p> Mobil 1 ESP x2 0W-20 ne peut \u00eatre utilis\u00e9 que dans les v\u00e9hicules pour lesquels il est homologu\u00e9. Il n\u2019est pas r\u00e9trocompatible avec les moteurs de v\u00e9hicules plus anciens.<\/p>\n<p> Mobil 1 ESP x2 0W-20 n&rsquo;est pas recommand\u00e9 pour les moteurs 2 temps ou d&rsquo;aviation, sauf autorisation expresse du constructeur.<\/p>\n<p> Consultez toujours le manuel du propri\u00e9taire du v\u00e9hicule pour conna\u00eetre le niveau de viscosit\u00e9 et les sp\u00e9cifications recommand\u00e9s par le fabricant.<\/p>\n<h2>Sp\u00e9cifications et homologations<\/h2>\n<h3>Satisfait ou d\u00e9passe les exigences de<\/h3>\n<ul>\n<li>Exigences de test du moteur API SN<\/li>\n<li>API SL<\/li>\n<li>ACEA\u00a0C5<\/li>\n<\/ul>\n<h3>Ce produit poss\u00e8de les approbations de constructeur suivantes<\/h3>\n<ul>\n<li>Jaguar Land Rover 51.5122<\/li>\n<li>Approbation MB 229.71<\/li>\n<li>Porsche C20<\/li>\n<li>VW 508 00<\/li>\n<li>VW 509 00<\/li>\n<li>Licence GM dexosD<\/li>\n<\/ul>\n<div class=\"bloc li\u00e9\"><\/div>\n","protected":false},"excerpt":{"rendered":"<p>Mobil 1\u2122 ESP x2 0W-20 est une huile moteur enti\u00e8rement synth\u00e9tique avanc\u00e9e sp\u00e9cifiquement d\u00e9velopp\u00e9e pour offrir un moteur tr\u00e8s propre, une protection contre l&rsquo;usure, une grande durabilit\u00e9 et une \u00e9conomie de carburant avanc\u00e9e* pour que le moteur fonctionne comme neuf.<\/p>\n","protected":false},"featured_media":10108,"template":"","meta":{"_acf_changed":false,"inline_featured_image":false},"product_brand":[],"product_cat":[214],"product_tag":[],"class_list":{"0":"post-10028","1":"product","2":"type-product","3":"status-publish","4":"has-post-thumbnail","6":"product_cat-huiles-moteurs","8":"first","9":"instock","10":"taxable","11":"shipping-taxable","12":"purchasable","13":"product-type-simple"},"acf":[],"_links":{"self":[{"href":"https:\/\/webshop.ingelbeen.be\/fr\/wp-json\/wp\/v2\/product\/10028","targetHints":{"allow":["GET"]}}],"collection":[{"href":"https:\/\/webshop.ingelbeen.be\/fr\/wp-json\/wp\/v2\/product"}],"about":[{"href":"https:\/\/webshop.ingelbeen.be\/fr\/wp-json\/wp\/v2\/types\/product"}],"wp:featuredmedia":[{"embeddable":true,"href":"https:\/\/webshop.ingelbeen.be\/fr\/wp-json\/wp\/v2\/media\/10108"}],"wp:attachment":[{"href":"https:\/\/webshop.ingelbeen.be\/fr\/wp-json\/wp\/v2\/media?parent=10028"}],"wp:term":[{"taxonomy":"product_brand","embeddable":true,"href":"https:\/\/webshop.ingelbeen.be\/fr\/wp-json\/wp\/v2\/product_brand?post=10028"},{"taxonomy":"product_cat","embeddable":true,"href":"https:\/\/webshop.ingelbeen.be\/fr\/wp-json\/wp\/v2\/product_cat?post=10028"},{"taxonomy":"product_tag","embeddable":true,"href":"https:\/\/webshop.ingelbeen.be\/fr\/wp-json\/wp\/v2\/product_tag?post=10028"}],"curies":[{"name":"wp","href":"https:\/\/api.w.org\/{rel}","templated":true}]}}