{"id":10035,"date":"2024-04-30T13:10:18","date_gmt":"2024-04-30T12:10:18","guid":{"rendered":"https:\/\/ingelbeen.kneet.be\/product\/m-s-3000-fv-0w20\/"},"modified":"2024-06-26T16:13:38","modified_gmt":"2024-06-26T15:13:38","slug":"m-s-3000-fv-0w20","status":"publish","type":"product","link":"https:\/\/webshop.ingelbeen.be\/fr\/produit\/m-s-3000-fv-0w20\/","title":{"rendered":"M S 3000 FV 0W20"},"content":{"rendered":"","protected":false},"excerpt":{"rendered":"<p>La formule synth\u00e9tique avanc\u00e9e de M S 3000 FV 0W20 assure une efficacit\u00e9 \u00e9nerg\u00e9tique maximale et une protection rapide du moteur au d\u00e9marrage, id\u00e9ale pour les moteurs \u00e9conomes.<\/p>\n","protected":false},"featured_media":0,"template":"","meta":{"_acf_changed":false,"inline_featured_image":false},"product_brand":[],"product_cat":[183],"product_tag":[],"class_list":{"0":"post-10035","1":"product","2":"type-product","3":"status-publish","5":"product_cat-divers","7":"first","8":"instock","9":"taxable","10":"shipping-taxable","11":"purchasable","12":"product-type-simple"},"acf":[],"_links":{"self":[{"href":"https:\/\/webshop.ingelbeen.be\/fr\/wp-json\/wp\/v2\/product\/10035","targetHints":{"allow":["GET"]}}],"collection":[{"href":"https:\/\/webshop.ingelbeen.be\/fr\/wp-json\/wp\/v2\/product"}],"about":[{"href":"https:\/\/webshop.ingelbeen.be\/fr\/wp-json\/wp\/v2\/types\/product"}],"wp:attachment":[{"href":"https:\/\/webshop.ingelbeen.be\/fr\/wp-json\/wp\/v2\/media?parent=10035"}],"wp:term":[{"taxonomy":"product_brand","embeddable":true,"href":"https:\/\/webshop.ingelbeen.be\/fr\/wp-json\/wp\/v2\/product_brand?post=10035"},{"taxonomy":"product_cat","embeddable":true,"href":"https:\/\/webshop.ingelbeen.be\/fr\/wp-json\/wp\/v2\/product_cat?post=10035"},{"taxonomy":"product_tag","embeddable":true,"href":"https:\/\/webshop.ingelbeen.be\/fr\/wp-json\/wp\/v2\/product_tag?post=10035"}],"curies":[{"name":"wp","href":"https:\/\/api.w.org\/{rel}","templated":true}]}}