{"id":11029,"date":"2026-02-13T11:55:15","date_gmt":"2026-02-13T10:55:15","guid":{"rendered":"https:\/\/webshop.ingelbeen.be\/?post_type=product&#038;p=11029"},"modified":"2026-02-17T14:10:08","modified_gmt":"2026-02-17T13:10:08","slug":"yara-adblue-bulk","status":"publish","type":"product","link":"https:\/\/webshop.ingelbeen.be\/fr\/produit\/yara-adblue-bulk\/","title":{"rendered":"Yara Adblue bulk"},"content":{"rendered":"<div class=\"wpb-content-wrapper\"><p>[vc_row][vc_column][vc_column_text css=\u00a0\u00bb\u00a0\u00bb]<\/p>\n<h3>\ud83d\udca7 Qu\u2019est-ce que l\u2019AdBlue ?<\/h3>\n<p>L\u2019AdBlue est la d\u00e9nomination enregistr\u00e9e d\u2019une solution compos\u00e9e de<br \/>\n<strong>32,5 % d\u2019ur\u00e9e synth\u00e9tique dans de l\u2019eau d\u00e9min\u00e9ralis\u00e9e<\/strong>.<br \/>\nCe liquide aqueux non dangereux est inject\u00e9 dans les gaz d\u2019\u00e9chappement chauds<br \/>\ndes moteurs diesel afin de transformer les oxydes d\u2019azote nocifs en<br \/>\n<strong>azote et eau inoffensifs<\/strong>, permettant ainsi de respecter les normes d\u2019\u00e9mission les plus r\u00e9centes.<\/p>\n<ul>\n<li>\u2705 Technologie SCR<\/li>\n<li>\ud83c\udf3f R\u00e9duction des \u00e9missions<\/li>\n<li>\ud83d\ude9a Pour v\u00e9hicules &amp; machines<\/li>\n<\/ul>\n<h3>\ud83c\udfaf Pourquoi utiliser l\u2019AdBlue ?<\/h3>\n<ul>\n<li>\u2714 R\u00e9duit les \u00e9missions d\u2019oxydes d\u2019azote (NOx)<\/li>\n<li>\u2714 Aide les moteurs \u00e0 respecter des <strong>normes environnementales strictes<\/strong><\/li>\n<li>\u2714 Indispensable pour les moteurs diesel modernes \u00e9quip\u00e9s de la <strong>technologie SCR<\/strong><\/li>\n<li>\u2714 Consommation moyenne d\u2019environ <strong>5 %<\/strong> de la consommation de diesel (v\u00e9hicules et machines)<\/li>\n<\/ul>\n<h3>\ud83c\udfed Air1 AdBlue \u2013 le choix fiable<\/h3>\n<p>En tant que distributeur officiel de <strong>l\u2019Air1 AdBlue de Yara<\/strong>, nous proposons une solution fiable<br \/>\ndans cette cat\u00e9gorie. Yara est l\u2019un des plus grands producteurs d\u2019AdBlue au monde,<br \/>\ngarantissant une qualit\u00e9 constante et un approvisionnement conforme aux exigences les plus strictes.<\/p>\n<h3>\ud83e\uddea OptiSpray \u2013 fiabilit\u00e9 renforc\u00e9e (le cas \u00e9ch\u00e9ant)<\/h3>\n<p><strong>OptiSpray<\/strong> est une variante sp\u00e9ciale de l\u2019AdBlue avec un additif nettoyant<br \/>\nqui aide \u00e0 pr\u00e9venir la cristallisation dans les syst\u00e8mes SCR \u2014 m\u00eame lorsque le moteur<br \/>\nn\u2019a pas encore atteint sa temp\u00e9rature de fonctionnement optimale. Cela peut am\u00e9liorer la<br \/>\n<strong>fiabilit\u00e9 et la dur\u00e9e de vie<\/strong> du syst\u00e8me de d\u00e9pollution.<\/p>\n<p><strong>Conseil :<\/strong> Id\u00e9al en cas de d\u00e9marrages fr\u00e9quents \u00e0 froid, de trajets courts ou pour des machines qui ne fonctionnent pas toujours \u00e0 temp\u00e9rature optimale.<\/p>\n<h3>\ud83e\udd1d Avantages pour les professionnels<\/h3>\n<ul>\n<li>\u2714 Stock important pour des <strong>livraisons rapides<\/strong><\/li>\n<li>\u2714 Possibilit\u00e9 de <strong>tarifs professionnels<\/strong> et de <strong>remises sur volume<\/strong><\/li>\n<li>\u2714 Support technique et conseils disponibles<\/li>\n<\/ul>\n<p>[\/vc_column_text][\/vc_column][\/vc_row]<\/p>\n<\/div>","protected":false},"excerpt":{"rendered":"<hr \/>\n<p><strong>AdBlue\u00ae (Air1)<\/strong> est une solution d\u2019ur\u00e9e de haute qualit\u00e9 (32,5 %) destin\u00e9e aux moteurs diesel \u00e9quip\u00e9s de la technologie SCR. Elle r\u00e9duit les \u00e9missions nocives de NOx et aide les v\u00e9hicules et machines \u00e0 respecter les normes d\u2019\u00e9mission les plus strictes. Qualit\u00e9 fiable, adapt\u00e9e \u00e0 un usage professionnel et industriel.<\/p>\n","protected":false},"featured_media":11033,"template":"","meta":{"_acf_changed":false,"inline_featured_image":false},"product_brand":[],"product_cat":[183],"product_tag":[242,243,244],"class_list":{"0":"post-11029","1":"product","2":"type-product","3":"status-publish","4":"has-post-thumbnail","6":"product_cat-divers","7":"product_tag-adblue","8":"product_tag-optispray","9":"product_tag-yara","11":"first","12":"instock","13":"taxable","14":"shipping-taxable","15":"product-type-simple"},"acf":[],"_links":{"self":[{"href":"https:\/\/webshop.ingelbeen.be\/fr\/wp-json\/wp\/v2\/product\/11029","targetHints":{"allow":["GET"]}}],"collection":[{"href":"https:\/\/webshop.ingelbeen.be\/fr\/wp-json\/wp\/v2\/product"}],"about":[{"href":"https:\/\/webshop.ingelbeen.be\/fr\/wp-json\/wp\/v2\/types\/product"}],"wp:featuredmedia":[{"embeddable":true,"href":"https:\/\/webshop.ingelbeen.be\/fr\/wp-json\/wp\/v2\/media\/11033"}],"wp:attachment":[{"href":"https:\/\/webshop.ingelbeen.be\/fr\/wp-json\/wp\/v2\/media?parent=11029"}],"wp:term":[{"taxonomy":"product_brand","embeddable":true,"href":"https:\/\/webshop.ingelbeen.be\/fr\/wp-json\/wp\/v2\/product_brand?post=11029"},{"taxonomy":"product_cat","embeddable":true,"href":"https:\/\/webshop.ingelbeen.be\/fr\/wp-json\/wp\/v2\/product_cat?post=11029"},{"taxonomy":"product_tag","embeddable":true,"href":"https:\/\/webshop.ingelbeen.be\/fr\/wp-json\/wp\/v2\/product_tag?post=11029"}],"curies":[{"name":"wp","href":"https:\/\/api.w.org\/{rel}","templated":true}]}}