{"id":8654,"date":"2024-04-30T13:10:55","date_gmt":"2024-04-30T12:10:55","guid":{"rendered":"https:\/\/ingelbeen.kneet.be\/product\/mobilux-ep-1\/"},"modified":"2024-06-26T16:14:51","modified_gmt":"2024-06-26T15:14:51","slug":"mobilux-ep-1","status":"publish","type":"product","link":"https:\/\/webshop.ingelbeen.be\/fr\/produit\/mobilux-ep-1\/","title":{"rendered":"Mobilux EP 1"},"content":{"rendered":"<div class=\"compensation des d\u00e9tails du produit\">\n<div class=\"description de l'attribut du produit\">\n<div class=\"description de la valeur\">\n<p> Les produits Mobilux\u2122 EP 0, 1, 2, 3,\u00a0004 et 023 sont une famille haute performance de quatre graisses industrielles \u00e0 usage g\u00e9n\u00e9ral et de deux graisses semi-fluides \u00e0 usage sp\u00e9cial. Ces graisses \u00e0 l&rsquo;hydroxyst\u00e9arate de lithium sont formul\u00e9es pour offrir une protection suppl\u00e9mentaire contre l&rsquo;usure, la rouille et le lessivage par l&rsquo;eau. Ils sont disponibles dans les grades NLGI allant de 00 \u00e0 3, avec des viscosit\u00e9s d&rsquo;huile de base ISO VG 150 et\u00a0320.<\/p>\n<p> Les graisses Mobilux EP 0, 1, 2 et\u00a03 sont recommand\u00e9es pour la plupart des types d&rsquo;applications industrielles, y compris les applications lourdes o\u00f9 des pressions unitaires \u00e9lev\u00e9es ou des charges de choc sont pr\u00e9sentes. Ces graisses offrent une excellente protection contre la rouille et la corrosion et r\u00e9sistent au lessivage par l&rsquo;eau, ce qui les rend particuli\u00e8rement adapt\u00e9es aux \u00e9quipements o\u00f9 les conditions humides ou mouill\u00e9es sont courantes. Mobilux EP 0 et 1 conviennent aux syst\u00e8mes centralis\u00e9s. Mobilux EP 2 et 3 sont des graisses \u00e0 usage g\u00e9n\u00e9ral. La plage de temp\u00e9ratures de fonctionnement recommand\u00e9e est de -20 \u00baC \u00e0 130 \u00baC, mais ils peuvent \u00eatre utilis\u00e9s \u00e0 des temp\u00e9ratures plus \u00e9lev\u00e9es si la fr\u00e9quence de lubrification est augment\u00e9e en cons\u00e9quence.<\/p>\n<p> Mobilux EP 004 et Mobilux EP 023 sont particuli\u00e8rement adapt\u00e9s \u00e0 la lubrification des engrenages et roulements ferm\u00e9s dans des carters d&rsquo;engrenages mal \u00e9tanches. Ils peuvent \u00e9galement \u00eatre utilis\u00e9s dans de nombreuses autres applications industrielles o\u00f9 les huiles pour engrenages conventionnelles ne peuvent pas \u00eatre retenues dans les carters d&rsquo;engrenages, les carters de cha\u00eene, etc., car de fuite due \u00e0 des joints us\u00e9s ou manquants. La plage de temp\u00e9rature de fonctionnement recommand\u00e9e est de -20 \u00e0 120 \u00baC pour Mobilux EP 004 et de -20 \u00e0 120 \u00baC pour Mobilux EP 023.<\/p><\/div><\/div><\/div>\n<h2>Fonctionnalit\u00e9 et avantages potentiels<\/h2>\n<p> Les graisses Mobilux EP ont une longue histoire de performances \u00e9prouv\u00e9es et ont d\u00e9montr\u00e9 de bonnes performances dans les domaines de la protection contre la corrosion, de la pompabilit\u00e9 \u00e0 basse temp\u00e9rature et de la dur\u00e9e de vie \u00e0 haute temp\u00e9rature. Une charge Timken OK de 40 lb illustre leur capacit\u00e9 de charge et de pression extr\u00eame.<\/p>\n<ul>\n<li>Usure r\u00e9duite en cas de charges lourdes ou de chocs et de vibrations pour une bonne fiabilit\u00e9 et disponibilit\u00e9 des \u00e9quipements<\/li>\n<li>Protection contre la rouille et la corrosion et r\u00e9sistance au lessivage par l&rsquo;eau pour une protection des \u00e9quipements et une bonne lubrification m\u00eame en pr\u00e9sence d&rsquo;eau<\/li>\n<li>Potentiel de dur\u00e9e de vie prolong\u00e9e des roulements dans les environnements humides pour r\u00e9duire les co\u00fbts des roulements et les temps d&rsquo;arr\u00eat impr\u00e9vus<\/li>\n<li>Bonne pompabilit\u00e9 dans les syst\u00e8mes centralis\u00e9s (Mobilux EP 0 et 1)<\/li>\n<li>Contr\u00f4le efficace des fuites (Mobilux EP 004 et Mobilux EP 023)<\/li>\n<\/ul>\n<h2>Applications<\/h2>\n<ul>\n<li>Mobilux EP 0 et EP 1 offrent une bonne pompabilit\u00e9 \u00e0 basse temp\u00e9rature et conviennent aux syst\u00e8mes de lubrification centralis\u00e9e et \u00e0 d&rsquo;autres applications o\u00f9 des performances \u00e0 basse temp\u00e9rature sont requises.<\/li>\n<li>Mobilux EP 2 est recommand\u00e9 pour les applications polyvalentes dans les domaines des roulements antifriction et lisses, des bagues et des axes dans des conditions de fonctionnement normales.<\/li>\n<li>Mobilux EP 3 est une graisse NLGI de grade 3 plus rigide, recommand\u00e9e pour les applications o\u00f9 une protection maximale contre la p\u00e9n\u00e9tration de l&rsquo;eau ou des contaminants solides est requise.<\/li>\n<li>Mobilux EP 004 et Mobilux EP 023 sont particuli\u00e8rement adapt\u00e9s \u00e0 la lubrification des engrenages et roulements ferm\u00e9s dans des carters d&rsquo;engrenages mal \u00e9tanches sur la plupart des machines mini\u00e8res souterraines, \u00e0 l&rsquo;exception des engrenages de moteurs \u00e9lectriques. Mobilux EP 004 et Mobilux EP 023 peuvent \u00e9galement \u00eatre utilis\u00e9s dans de nombreuses autres applications industrielles o\u00f9 les huiles pour engrenages conventionnelles ne peuvent pas \u00eatre retenues dans des \u00e9quipements tels que les carters d&rsquo;engrenages, les carters de cha\u00eene, en raison de fuites dues \u00e0 des joints us\u00e9s ou manquants. Mobilux EP 004 r\u00e9ussit l&rsquo;exigence de test d&rsquo;engrenage SEW de 1008 heures DR.EM.203 mod.<\/li>\n<\/ul>\n<h2>Sp\u00e9cifications et homologations<\/h2>\n<h3>Satisfait ou d\u00e9passe les exigences de<\/h3>\n<ul>\n<li>DIN 51825<\/li>\n<\/ul>\n","protected":false},"excerpt":{"rendered":"<p>Mobilux\u2122 EP 0, 1, 2, 3, 004 et 023 sont des graisses industrielles universelles de haute qualit\u00e9. Ces graisses au lithium hydrost\u00e9arate sont formul\u00e9es pour offrir une haute protection contre l&rsquo;usure, la rouille, la corrosion et le lavage \u00e0 l&rsquo;eau.<\/p>\n","protected":false},"featured_media":0,"template":"","meta":{"_acf_changed":false,"inline_featured_image":false},"product_brand":[],"product_cat":[217],"product_tag":[],"class_list":{"0":"post-8654","1":"product","2":"type-product","3":"status-publish","5":"product_cat-graisses","7":"first","8":"instock","9":"taxable","10":"shipping-taxable","11":"purchasable","12":"product-type-simple"},"acf":[],"_links":{"self":[{"href":"https:\/\/webshop.ingelbeen.be\/fr\/wp-json\/wp\/v2\/product\/8654","targetHints":{"allow":["GET"]}}],"collection":[{"href":"https:\/\/webshop.ingelbeen.be\/fr\/wp-json\/wp\/v2\/product"}],"about":[{"href":"https:\/\/webshop.ingelbeen.be\/fr\/wp-json\/wp\/v2\/types\/product"}],"wp:attachment":[{"href":"https:\/\/webshop.ingelbeen.be\/fr\/wp-json\/wp\/v2\/media?parent=8654"}],"wp:term":[{"taxonomy":"product_brand","embeddable":true,"href":"https:\/\/webshop.ingelbeen.be\/fr\/wp-json\/wp\/v2\/product_brand?post=8654"},{"taxonomy":"product_cat","embeddable":true,"href":"https:\/\/webshop.ingelbeen.be\/fr\/wp-json\/wp\/v2\/product_cat?post=8654"},{"taxonomy":"product_tag","embeddable":true,"href":"https:\/\/webshop.ingelbeen.be\/fr\/wp-json\/wp\/v2\/product_tag?post=8654"}],"curies":[{"name":"wp","href":"https:\/\/api.w.org\/{rel}","templated":true}]}}