{"id":8678,"date":"2024-04-30T13:10:54","date_gmt":"2024-04-30T12:10:54","guid":{"rendered":"https:\/\/ingelbeen.kneet.be\/product\/mobilube-gx-a-80w\/"},"modified":"2024-06-26T16:14:48","modified_gmt":"2024-06-26T15:14:48","slug":"mobilube-gx-a-80w","status":"publish","type":"product","link":"https:\/\/webshop.ingelbeen.be\/fr\/produit\/mobilube-gx-a-80w\/","title":{"rendered":"Mobilube GX-A 80W"},"content":{"rendered":"<div class=\"compensation des d\u00e9tails du produit\">\n<div class=\"description de l'attribut du produit\">\n<div class=\"description de la valeur\">\n<p> Mobilube GX-A 80W est un lubrifiant pour engrenages automobiles formul\u00e9 \u00e0 partir d&rsquo;huiles de base haute performance et d&rsquo;un syst\u00e8me d&rsquo;additifs avanc\u00e9. \u00a0Ce lubrifiant est con\u00e7u pour les transmissions commerciales, les essieux et les transmissions finales o\u00f9 une protection contre l&rsquo;usure et les rayures est requise.\u00a0\u00a0Il est recommand\u00e9 par ExxonMobil pour une utilisation dans les applications Mercedes Benz o\u00f9 l&rsquo;approbation MB 235.1 est requise et dans les applications o\u00f9 le service API GL-4 est requis.<\/p><\/div><\/div><\/div>\n<h2>Fonctionnalit\u00e9 et avantages potentiels<\/h2>\n<p> Les applications de transmission actuelles imposent des exigences de performance plus \u00e9lev\u00e9es aux lubrifiants. Des vitesses plus \u00e9lev\u00e9es, un couple plus \u00e9lev\u00e9 et des charges plus lourdes n\u00e9cessitent des formulations am\u00e9lior\u00e9es pour maximiser la dur\u00e9e de vie de l&rsquo;\u00e9quipement et optimiser les co\u00fbts d&rsquo;exploitation. Des intervalles d&rsquo;entretien plus longs imposent des exigences suppl\u00e9mentaires en mati\u00e8re de lubrifiant pour engrenages, n\u00e9cessitant des syst\u00e8mes de base et d&rsquo;additifs efficaces. Mobilube GX-A 80W est con\u00e7u pour relever ces d\u00e9fis. Les principaux avantages comprennent\u00a0:<\/p>\n<table class=\"table table-ray\u00e9e\">\n <t\u00eate><\/p>\n<tr>\n<th>Fonctionnalit\u00e9s<\/th>\n<th>Avantages et b\u00e9n\u00e9fices potentiels<\/th>\n<\/tr>\n<p> <\/t\u00eate><br \/>\n <corps><\/p>\n<tr>\n<td>Bonne stabilit\u00e9 thermique et r\u00e9sistance \u00e0 l&rsquo;oxydation \u00e0 haute temp\u00e9rature<\/td>\n<td>Longue dur\u00e9e de vie des engrenages et des roulements gr\u00e2ce \u00e0 un minimum de d\u00e9p\u00f4ts, longue dur\u00e9e de vie des joints<\/td>\n<\/tr>\n<tr>\n<td>Excellente protection contre la rouille et la corrosion<\/td>\n<td>Longue dur\u00e9e de vie des composants<\/td>\n<\/tr>\n<tr>\n<td>Bonne lubrification \u00e0 basse temp\u00e9rature<\/td>\n<td>Usure r\u00e9duite au d\u00e9marrage et facilit\u00e9 de d\u00e9marrage<\/td>\n<\/tr>\n<tr>\n<td>Compatible avec les joints et joints automobiles typiques<\/td>\n<td>Fuite minimale et contamination r\u00e9duite<\/td>\n<\/tr>\n<\/tbody>\n<\/table>\n<h2>Applications<\/h2>\n<p> <strong>Recommand\u00e9 par ExxonMobil pour une utilisation dans\u00a0:<\/strong><\/p>\n<ul>\n<li>Transmissions manuelles et essieux moteurs n\u00e9cessitant des performances de niveau API GL-4<\/li>\n<li>Voitures particuli\u00e8res, camions l\u00e9gers et lourds et v\u00e9hicules utilitaires sur route<\/li>\n<li>Industries hors route, notamment\u00a0: construction, carri\u00e8res et agriculture<\/li>\n<li>Autres applications industrielles, commerciales et automobiles, notamment les engrenages hypo\u00efdes fonctionnant dans des conditions de fonctionnement mod\u00e9r\u00e9es \u00e0 s\u00e9v\u00e8res<\/li>\n<\/ul>\n<h2>Sp\u00e9cifications et homologations<\/h2>\n<h3>Satisfait ou d\u00e9passe les exigences de<\/h3>\n<ul>\n<li>RBAS TE-ML\u00a008<\/li>\n<\/ul>\n<h3>Ce produit r\u00e9pond aux exigences selon Exxonmobil<\/h3>\n<ul>\n<li>API GL-4<\/li>\n<li>MAN 341 type Z1<\/li>\n<\/ul>\n<h3>Ce produit a les approbations de constructeur suivantes<\/h3>\n<ul>\n<li>Approbation MB 235.1<\/li>\n<li>ZF TE-ML 17A<\/li>\n<\/ul>\n","protected":false},"excerpt":{"rendered":"<p>Mobilube GX-A 80W est une huile pour engrenages formul\u00e9e \u00e0 partir d&rsquo;huiles de base de haute qualit\u00e9 et d&rsquo;un syst\u00e8me d&rsquo;additifs avanc\u00e9.<\/p>\n","protected":false},"featured_media":10105,"template":"","meta":{"_acf_changed":false,"inline_featured_image":false},"product_brand":[],"product_cat":[220],"product_tag":[],"class_list":{"0":"post-8678","1":"product","2":"type-product","3":"status-publish","4":"has-post-thumbnail","6":"product_cat-huiles-pour-transmissions-et-atf","8":"first","9":"instock","10":"taxable","11":"shipping-taxable","12":"purchasable","13":"product-type-simple"},"acf":[],"_links":{"self":[{"href":"https:\/\/webshop.ingelbeen.be\/fr\/wp-json\/wp\/v2\/product\/8678","targetHints":{"allow":["GET"]}}],"collection":[{"href":"https:\/\/webshop.ingelbeen.be\/fr\/wp-json\/wp\/v2\/product"}],"about":[{"href":"https:\/\/webshop.ingelbeen.be\/fr\/wp-json\/wp\/v2\/types\/product"}],"wp:featuredmedia":[{"embeddable":true,"href":"https:\/\/webshop.ingelbeen.be\/fr\/wp-json\/wp\/v2\/media\/10105"}],"wp:attachment":[{"href":"https:\/\/webshop.ingelbeen.be\/fr\/wp-json\/wp\/v2\/media?parent=8678"}],"wp:term":[{"taxonomy":"product_brand","embeddable":true,"href":"https:\/\/webshop.ingelbeen.be\/fr\/wp-json\/wp\/v2\/product_brand?post=8678"},{"taxonomy":"product_cat","embeddable":true,"href":"https:\/\/webshop.ingelbeen.be\/fr\/wp-json\/wp\/v2\/product_cat?post=8678"},{"taxonomy":"product_tag","embeddable":true,"href":"https:\/\/webshop.ingelbeen.be\/fr\/wp-json\/wp\/v2\/product_tag?post=8678"}],"curies":[{"name":"wp","href":"https:\/\/api.w.org\/{rel}","templated":true}]}}