{"id":8682,"date":"2024-04-30T13:10:54","date_gmt":"2024-04-30T12:10:54","guid":{"rendered":"https:\/\/ingelbeen.kneet.be\/product\/mobilube-hd-80w-90\/"},"modified":"2024-06-26T16:14:48","modified_gmt":"2024-06-26T15:14:48","slug":"mobilube-hd-80w-90","status":"publish","type":"product","link":"https:\/\/webshop.ingelbeen.be\/fr\/produit\/mobilube-hd-80w-90\/","title":{"rendered":"Mobilube HD 80W-90"},"content":{"rendered":"<div class=\"compensation des d\u00e9tails du produit\">\n<div class=\"description de l'attribut du produit\">\n<div class=\"description de la valeur\">\n<p> Mobilube HD 80W-90 et 85W-140 sont des lubrifiants pour engrenages haute performance et robustes formul\u00e9s \u00e0 partir d&rsquo;huiles de base haute performance et d&rsquo;un syst\u00e8me d&rsquo;additifs avanc\u00e9. Ces lubrifiants sont con\u00e7us pour les applications automobiles, notamment les essieux et les transmissions finales pour usage intensif, o\u00f9 des pressions extr\u00eames et des charges de choc sont attendues. Ils sont recommand\u00e9s par ExxonMobil pour les applications o\u00f9 le service API GL-5 est requis.<\/p><\/div><\/div><\/div>\n<h2>Fonctionnalit\u00e9 et avantages potentiels<\/h2>\n<p> Les applications d\u2019\u00e9quipement lourd d\u2019aujourd\u2019hui imposent des exigences de performance plus \u00e9lev\u00e9es aux lubrifiants pour transmissions. \u00a0Des vitesses plus \u00e9lev\u00e9es, un couple plus \u00e9lev\u00e9 et des charges plus lourdes n\u00e9cessitent des formulations am\u00e9lior\u00e9es pour maximiser la dur\u00e9e de vie de l&rsquo;\u00e9quipement et optimiser les co\u00fbts d&rsquo;exploitation. \u00a0Des intervalles d&rsquo;entretien plus longs imposent des exigences suppl\u00e9mentaires en mati\u00e8re de lubrifiant pour engrenages, n\u00e9cessitant des syst\u00e8mes de base et d&rsquo;additifs efficaces. \u00a0La s\u00e9rie Mobilube HD de lubrifiants pour engrenages est con\u00e7ue pour relever ces d\u00e9fis. \u00a0Les principaux avantages comprennent\u00a0:<\/p>\n<table class=\"table table-ray\u00e9e\">\n <t\u00eate><\/p>\n<tr>\n<th>Fonctionnalit\u00e9s<\/th>\n<th>Avantages et b\u00e9n\u00e9fices potentiels<\/th>\n<\/tr>\n<p> <\/t\u00eate><br \/>\n <corps><\/p>\n<tr>\n<td>Stabilit\u00e9 thermique exceptionnelle et r\u00e9sistance \u00e0 l&rsquo;oxydation \u00e0 haute temp\u00e9rature<\/td>\n<td>Dur\u00e9e de vie prolong\u00e9e des engrenages et des roulements gr\u00e2ce \u00e0 des d\u00e9p\u00f4ts minimes, dur\u00e9e de vie des joints plus longue<\/td>\n<\/tr>\n<tr>\n<td>Protection exceptionnelle contre l&rsquo;usure \u00e0 basse vitesse\/couple \u00e9lev\u00e9 et contre les rayures \u00e0 haute vitesse<\/td>\n<td>Capacit\u00e9 de charge accrue, co\u00fbts de maintenance r\u00e9duits et dur\u00e9e de vie de l&rsquo;\u00e9quipement plus longue<\/td>\n<\/tr>\n<tr>\n<td>Excellente protection contre la rouille et la corrosion<\/td>\n<td>Usure r\u00e9duite et dur\u00e9e de vie des composants plus longue<\/td>\n<\/tr>\n<tr>\n<td>Lubrification efficace \u00e0 basse temp\u00e9rature<\/td>\n<td>D\u00e9marrage am\u00e9lior\u00e9<\/td>\n<\/tr>\n<tr>\n<td>Compatible avec les joints et joints automobiles typiques<\/td>\n<td>Fuite minimale et contamination r\u00e9duite<\/td>\n<\/tr>\n<\/tbody>\n<\/table>\n<h2>Applications<\/h2>\n<p> <strong>Recommand\u00e9 par ExxonMobil pour une utilisation dans\u00a0:<\/strong><\/p>\n<ul>\n<li>Essieux et transmissions finales robustes n\u00e9cessitant des performances de niveau API GL-5<\/li>\n<li>Voitures particuli\u00e8res, camions l\u00e9gers et lourds et v\u00e9hicules utilitaires sur autoroute<\/li>\n<li>Industries hors autoroute, notamment\u00a0: construction, mines, carri\u00e8res et agriculture<\/li>\n<li>Autres applications industrielles et automobiles lourdes impliquant des engrenages hypo\u00efdes fonctionnant dans des conditions o\u00f9 pr\u00e9valent une vitesse \u00e9lev\u00e9e\/une charge de choc, une vitesse \u00e9lev\u00e9e\/un couple faible et\/ou une vitesse faible\/un couple \u00e9lev\u00e9<\/li>\n<\/ul>\n<h2>Sp\u00e9cifications et homologations<\/h2>\n<h3>Satisfait ou d\u00e9passe les exigences de<\/h3>\n<ul>\n<li>API GL-5<\/li>\n<\/ul>\n","protected":false},"excerpt":{"rendered":"<p>Mobilube HD 80W-90 et 85W-140 sont des huiles pour engrenages de haute qualit\u00e9 et lourdes, formul\u00e9es \u00e0 partir d&rsquo;huiles de base de haute qualit\u00e9 et d&rsquo;un syst\u00e8me d&rsquo;additifs avanc\u00e9.<\/p>\n","protected":false},"featured_media":10102,"template":"","meta":{"_acf_changed":false,"inline_featured_image":false},"product_brand":[],"product_cat":[220],"product_tag":[],"class_list":{"0":"post-8682","1":"product","2":"type-product","3":"status-publish","4":"has-post-thumbnail","6":"product_cat-huiles-pour-transmissions-et-atf","8":"first","9":"instock","10":"taxable","11":"shipping-taxable","12":"purchasable","13":"product-type-simple"},"acf":[],"_links":{"self":[{"href":"https:\/\/webshop.ingelbeen.be\/fr\/wp-json\/wp\/v2\/product\/8682","targetHints":{"allow":["GET"]}}],"collection":[{"href":"https:\/\/webshop.ingelbeen.be\/fr\/wp-json\/wp\/v2\/product"}],"about":[{"href":"https:\/\/webshop.ingelbeen.be\/fr\/wp-json\/wp\/v2\/types\/product"}],"wp:featuredmedia":[{"embeddable":true,"href":"https:\/\/webshop.ingelbeen.be\/fr\/wp-json\/wp\/v2\/media\/10102"}],"wp:attachment":[{"href":"https:\/\/webshop.ingelbeen.be\/fr\/wp-json\/wp\/v2\/media?parent=8682"}],"wp:term":[{"taxonomy":"product_brand","embeddable":true,"href":"https:\/\/webshop.ingelbeen.be\/fr\/wp-json\/wp\/v2\/product_brand?post=8682"},{"taxonomy":"product_cat","embeddable":true,"href":"https:\/\/webshop.ingelbeen.be\/fr\/wp-json\/wp\/v2\/product_cat?post=8682"},{"taxonomy":"product_tag","embeddable":true,"href":"https:\/\/webshop.ingelbeen.be\/fr\/wp-json\/wp\/v2\/product_tag?post=8682"}],"curies":[{"name":"wp","href":"https:\/\/api.w.org\/{rel}","templated":true}]}}