{"id":8696,"date":"2024-04-30T13:10:54","date_gmt":"2024-04-30T12:10:54","guid":{"rendered":"https:\/\/ingelbeen.kneet.be\/product\/mobilube-hd-a-plus-80w-90\/"},"modified":"2024-06-26T16:14:49","modified_gmt":"2024-06-26T15:14:49","slug":"mobilube-hd-a-plus-80w-90","status":"publish","type":"product","link":"https:\/\/webshop.ingelbeen.be\/fr\/produit\/mobilube-hd-a-plus-80w-90\/","title":{"rendered":"Mobilube HD-A Plus 80W-90"},"content":{"rendered":"<div class=\"compensation des d\u00e9tails du produit\">\n<div class=\"description de l'attribut du produit\">\n<div class=\"description de la valeur\">\n<p> Mobilube HD-A Plus 80W-90 est con\u00e7u pour les transmissions, essieux et transmissions finales commerciales o\u00f9 des pressions extr\u00eames et des charges de choc sont attendues et est recommand\u00e9 par ExxonMobil pour les applications o\u00f9 le service API GL-5 est requis.\u00a0Il est formul\u00e9 \u00e0 partir d\u2019huiles de base hautes performances et d\u2019un syst\u00e8me d\u2019additifs avanc\u00e9. Ce lubrifiant est un lubrifiant pour engrenages tr\u00e8s r\u00e9sistant permettant des intervalles de vidange d&rsquo;huile prolong\u00e9s, principalement sur les essieux Mercedes Benz.<\/p><\/div><\/div><\/div>\n<h2>Fonctionnalit\u00e9 et avantages potentiels<\/h2>\n<p> Les applications d&rsquo;\u00e9quipement lourd d&rsquo;aujourd&rsquo;hui imposent des exigences de performance plus \u00e9lev\u00e9es aux lubrifiants de transmission. Des vitesses plus \u00e9lev\u00e9es, un couple plus \u00e9lev\u00e9 et des charges plus lourdes n\u00e9cessitent des formulations am\u00e9lior\u00e9es pour maximiser la dur\u00e9e de vie de l&rsquo;\u00e9quipement et minimiser les co\u00fbts d&rsquo;exploitation. Des intervalles d&rsquo;entretien plus longs imposent des exigences suppl\u00e9mentaires en mati\u00e8re de lubrifiant pour engrenages, n\u00e9cessitant des syst\u00e8mes de base et d&rsquo;additifs efficaces. Le lubrifiant pour engrenages Mobilube HD-A Plus 80W-90 est con\u00e7u pour relever ces d\u00e9fis. Les principaux avantages comprennent\u00a0:<\/p>\n<table class=\"table table-ray\u00e9e\">\n <t\u00eate><\/p>\n<tr>\n<th>Fonctionnalit\u00e9s<\/th>\n<th>Avantages et b\u00e9n\u00e9fices potentiels<\/th>\n<\/tr>\n<p> <\/t\u00eate><br \/>\n <corps><\/p>\n<tr>\n<td>Excellente stabilit\u00e9 thermique et r\u00e9sistance \u00e0 l&rsquo;oxydation \u00e0 haute temp\u00e9rature<\/td>\n<td>Longue dur\u00e9e de vie des engrenages et des roulements gr\u00e2ce \u00e0 un minimum de d\u00e9p\u00f4ts. Longue dur\u00e9e de vie du joint.<\/td>\n<\/tr>\n<tr>\n<td>Protection am\u00e9lior\u00e9e contre l&rsquo;usure \u00e0 basse vitesse\/couple \u00e9lev\u00e9 et contre les rayures \u00e0 haute vitesse, en particulier sur les essieux arri\u00e8re fortement charg\u00e9s<\/td>\n<td>Capacit\u00e9 de charge accrue. Co\u00fbts de maintenance r\u00e9duits et dur\u00e9e de vie de l&rsquo;\u00e9quipement plus longue.<\/td>\n<\/tr>\n<tr>\n<td>Protection efficace contre la rouille et la corrosion<\/td>\n<td>Usure r\u00e9duite et dur\u00e9e de vie des composants plus longue<\/td>\n<\/tr>\n<tr>\n<td>Capacit\u00e9 polyvalente<\/td>\n<td>Nombre r\u00e9duit de lubrifiants pour engrenages requis<\/td>\n<\/tr>\n<tr>\n<td>Compatible avec les joints et joints automobiles typiques<\/td>\n<td>Fuite minimale et contamination r\u00e9duite<\/td>\n<\/tr>\n<tr>\n<td>Capacit\u00e9 de vidange \u00e9tendue<\/td>\n<td>Augmentation de la productivit\u00e9 et r\u00e9duction des co\u00fbts d&rsquo;exploitation<\/td>\n<\/tr>\n<\/tbody>\n<\/table>\n<h2>Applications<\/h2>\n<p> <strong>Recommand\u00e9 par ExxonMobil pour une utilisation dans\u00a0:<\/strong><\/p>\n<ul>\n<li>Transmissions manuelles, essieux et r\u00e9ducteurs automobiles robustes n\u00e9cessitant des performances de niveau API GL-5<\/li>\n<li>Sur les autoroutes et les camions l\u00e9gers\u00a0; v\u00e9hicules utilitaires lourds<\/li>\n<li>Industries hors autoroute, notamment\u00a0: construction, mines, carri\u00e8res et agriculture<\/li>\n<li>Autres bo\u00eetes de vitesses, bo\u00eetiers de direction et bo\u00eetes de vitesses variables<\/li>\n<li>Autres applications industrielles et automobiles lourdes impliquant des engrenages hypo\u00efdes fonctionnant dans des conditions o\u00f9 pr\u00e9valent une vitesse \u00e9lev\u00e9e\/une charge de choc, une vitesse \u00e9lev\u00e9e\/un couple faible et\/ou une vitesse faible\/un couple \u00e9lev\u00e9<\/li>\n<\/ul>\n<h2>Sp\u00e9cifications et homologations<\/h2>\n<h3>Satisfait ou d\u00e9passe les exigences de<\/h3>\n<ul>\n<li>API GL-5\u00a0X<\/li>\n<li>Scania STO 1:0<\/li>\n<li>ZF TE-ML 07A<\/li>\n<\/ul>\n<h3>Ce produit a les approbations de constructeur suivantes<\/h3>\n<ul>\n<li>Approbation MB 235.20<\/li>\n<li>MAN 342 type M3<\/li>\n<li>MAN 341 type GA1<\/li>\n<li>ZF TE-ML 05A, 12L, 12M, 16B, 17B, 19B, 21A<\/li>\n<\/ul>\n<div class=\"li\u00e9 au bloc\" data-limit=\"0\" data-shuffle=\"0\"><\/div>\n","protected":false},"excerpt":{"rendered":"<p>Mobilube HD-A Plus 80W-90 est d\u00e9velopp\u00e9 pour les transmissions commerciales, essieux et transmissions finales o\u00f9 des pressions extr\u00eames et des charges de choc sont attendues et est recommand\u00e9 par ExxonMobil pour les applications n\u00e9cessitant un service API GL-5.<\/p>\n","protected":false},"featured_media":10102,"template":"","meta":{"_acf_changed":false,"inline_featured_image":false},"product_brand":[],"product_cat":[220],"product_tag":[],"class_list":{"0":"post-8696","1":"product","2":"type-product","3":"status-publish","4":"has-post-thumbnail","6":"product_cat-huiles-pour-transmissions-et-atf","8":"first","9":"instock","10":"taxable","11":"shipping-taxable","12":"purchasable","13":"product-type-simple"},"acf":[],"_links":{"self":[{"href":"https:\/\/webshop.ingelbeen.be\/fr\/wp-json\/wp\/v2\/product\/8696","targetHints":{"allow":["GET"]}}],"collection":[{"href":"https:\/\/webshop.ingelbeen.be\/fr\/wp-json\/wp\/v2\/product"}],"about":[{"href":"https:\/\/webshop.ingelbeen.be\/fr\/wp-json\/wp\/v2\/types\/product"}],"wp:featuredmedia":[{"embeddable":true,"href":"https:\/\/webshop.ingelbeen.be\/fr\/wp-json\/wp\/v2\/media\/10102"}],"wp:attachment":[{"href":"https:\/\/webshop.ingelbeen.be\/fr\/wp-json\/wp\/v2\/media?parent=8696"}],"wp:term":[{"taxonomy":"product_brand","embeddable":true,"href":"https:\/\/webshop.ingelbeen.be\/fr\/wp-json\/wp\/v2\/product_brand?post=8696"},{"taxonomy":"product_cat","embeddable":true,"href":"https:\/\/webshop.ingelbeen.be\/fr\/wp-json\/wp\/v2\/product_cat?post=8696"},{"taxonomy":"product_tag","embeddable":true,"href":"https:\/\/webshop.ingelbeen.be\/fr\/wp-json\/wp\/v2\/product_tag?post=8696"}],"curies":[{"name":"wp","href":"https:\/\/api.w.org\/{rel}","templated":true}]}}