{"id":8700,"date":"2024-04-30T13:10:54","date_gmt":"2024-04-30T12:10:54","guid":{"rendered":"https:\/\/ingelbeen.kneet.be\/product\/mobilube-hd-n-80w-140-2\/"},"modified":"2024-06-26T16:14:49","modified_gmt":"2024-06-26T15:14:49","slug":"mobilube-hd-n-80w-140-2","status":"publish","type":"product","link":"https:\/\/webshop.ingelbeen.be\/fr\/produit\/mobilube-hd-n-80w-140-2\/","title":{"rendered":"Mobilube HD-N 80W-140"},"content":{"rendered":"<div class=\"compensation des d\u00e9tails du produit\">\n<div class=\"description de l'attribut du produit\">\n<div class=\"description de la valeur\">\n<p> Mobilube HD-N 80W-140 est un lubrifiant commercial pour engrenages tr\u00e8s haute performance con\u00e7u \u00e0 partir d&rsquo;huiles de base s\u00e9lectionn\u00e9es et d&rsquo;un syst\u00e8me d&rsquo;additifs avanc\u00e9. Ce lubrifiant est formul\u00e9 pour les performances des transmissions, essieux et transmissions finales robustes o\u00f9 des pressions extr\u00eames et des charges de choc sont attendues. Il offre une excellente stabilit\u00e9 chimique et thermique \u00e0 des temp\u00e9ratures d&rsquo;huile \u00e9lev\u00e9es, de bonnes performances \u00e0 basses temp\u00e9ratures et a d\u00e9montr\u00e9 une bonne protection contre la rouille r\u00e9sultant d&rsquo;une contamination par l&rsquo;eau et\/ou d&rsquo;un stockage dans des conditions humides.<\/p><\/div><\/div><\/div>\n<h2>Fonctionnalit\u00e9 et avantages potentiels<\/h2>\n<p> Les applications d&rsquo;\u00e9quipement lourd d&rsquo;aujourd&rsquo;hui imposent des exigences de performance plus \u00e9lev\u00e9es aux lubrifiants de transmission. Des vitesses plus \u00e9lev\u00e9es, un couple plus \u00e9lev\u00e9 et des charges plus lourdes n\u00e9cessitent des formulations am\u00e9lior\u00e9es pour maximiser la dur\u00e9e de vie de l&rsquo;\u00e9quipement et minimiser les co\u00fbts d&rsquo;exploitation. Des intervalles d&rsquo;entretien plus longs imposent des exigences suppl\u00e9mentaires en mati\u00e8re de lubrifiant pour engrenages. Le lubrifiant pour engrenages Mobilube HD-N 80W-140 est con\u00e7u pour relever ces d\u00e9fis. Les principaux avantages comprennent\u00a0:<\/p>\n<table class=\"table table-ray\u00e9e\">\n <t\u00eate><\/p>\n<tr>\n<th>Fonctionnalit\u00e9s<\/th>\n<th>Avantages et b\u00e9n\u00e9fices potentiels<\/th>\n<\/tr>\n<p> <\/t\u00eate><br \/>\n <corps><\/p>\n<tr>\n<td>Excellente stabilit\u00e9 thermique et r\u00e9sistance \u00e0 l&rsquo;oxydation \u00e0 haute temp\u00e9rature<\/td>\n<td>Dur\u00e9e de vie prolong\u00e9e des engrenages et des roulements gr\u00e2ce \u00e0 des d\u00e9p\u00f4ts minimes, dur\u00e9e de vie des joints plus longue<\/td>\n<\/tr>\n<tr>\n<td>Protection contre l&rsquo;usure \u00e0 basse vitesse\/couple \u00e9lev\u00e9 et contre les rayures \u00e0 haute vitesse<\/td>\n<td>La capacit\u00e9 de charge accrue r\u00e9duit l&rsquo;usure et prolonge la dur\u00e9e de vie de l&rsquo;\u00e9quipement<\/td>\n<\/tr>\n<tr>\n<td>Excellente protection contre la rouille, les taches et la corrosion<\/td>\n<td>Co\u00fbts de maintenance r\u00e9duits et dur\u00e9e de vie des composants plus longue<\/td>\n<\/tr>\n<tr>\n<td>Lubrification efficace \u00e0 basse temp\u00e9rature<\/td>\n<td>Facilit\u00e9 de d\u00e9marrage et usure r\u00e9duite<\/td>\n<\/tr>\n<tr>\n<td>Large capacit\u00e9 polyvalente<\/td>\n<td>Nombre r\u00e9duit de lubrifiants pour engrenages afin de simplifier l&rsquo;inventaire et de minimiser les mauvaises applications<\/td>\n<\/tr>\n<tr>\n<td>Bonne r\u00e9sistance au moussage<\/td>\n<td>Maintient la r\u00e9sistance du film pour une lubrification efficace<\/td>\n<\/tr>\n<tr>\n<td>Compatible avec les joints et joints automobiles typiques<\/td>\n<td>Fuite minimale et contamination r\u00e9duite<\/td>\n<\/tr>\n<\/tbody>\n<\/table>\n<h2>Applications<\/h2>\n<p> <strong>Recommand\u00e9 par ExxonMobil pour une utilisation dans\u00a0:<\/strong><\/p>\n<ul>\n<li>Transmissions manuelles, essieux et transmissions robustes n\u00e9cessitant des performances de niveau API GL-5, y compris Scania<\/li>\n<li>Camions, bus, fourgonnettes et voitures l\u00e9gers et lourds sur route<\/li>\n<li>Industries hors route, notamment\u00a0: construction, carri\u00e8res et agriculture<\/li>\n<li>Autres applications industrielles et automobiles lourdes impliquant des engrenages hypo\u00efdes et autres fonctionnant dans des conditions o\u00f9 pr\u00e9dominent des conditions de vitesse \u00e9lev\u00e9e\/charge de choc, de vitesse \u00e9lev\u00e9e\/couple faible et\/ou de vitesse faible\/couple \u00e9lev\u00e9<\/li>\n<li>Remplissage initial, appoint et recharge des engrenages de type commercial ferm\u00e9s dans les transmissions manuelles ou semi-automatiques pour lesquelles des lubrifiants pour engrenages sont recommand\u00e9s, notamment les essieux moteurs et les transmissions finales des camions, des \u00e9quipements tout-terrain et des voitures<\/li>\n<li>Non recommand\u00e9 pour les applications n\u00e9cessitant des performances de niveau API GL-4<\/li>\n<li>Non destin\u00e9 aux transmissions pour lesquelles de l&rsquo;huile moteur ou des liquides de transmission automatique sont recommand\u00e9s<\/li>\n<li>Pour les applications de diff\u00e9rentiel \u00e0 glissement limit\u00e9, il peut \u00eatre n\u00e9cessaire d&rsquo;utiliser un lubrifiant sp\u00e9cial pour engrenages fourni par l&rsquo;usine pour celles qui n\u00e9cessitent un contr\u00f4le ultime du broutage.<\/li>\n<\/ul>\n<h2>Sp\u00e9cifications et homologations<\/h2>\n<h3>Satisfait ou d\u00e9passe les exigences de<\/h3>\n<ul>\n<li>API GL-5<\/li>\n<li>Scania STO 1:0<\/li>\n<\/ul>\n","protected":false},"excerpt":{"rendered":"<p>Mobilube HD-N 80W-140 est une huile pour engrenages de haute qualit\u00e9 formul\u00e9e \u00e0 partir d&rsquo;huiles de base s\u00e9lectionn\u00e9es et d&rsquo;un syst\u00e8me d&rsquo;additifs avanc\u00e9.<\/p>\n","protected":false},"featured_media":10105,"template":"","meta":{"_acf_changed":false,"inline_featured_image":false},"product_brand":[],"product_cat":[220],"product_tag":[],"class_list":{"0":"post-8700","1":"product","2":"type-product","3":"status-publish","4":"has-post-thumbnail","6":"product_cat-huiles-pour-transmissions-et-atf","8":"first","9":"instock","10":"taxable","11":"shipping-taxable","12":"purchasable","13":"product-type-simple"},"acf":[],"_links":{"self":[{"href":"https:\/\/webshop.ingelbeen.be\/fr\/wp-json\/wp\/v2\/product\/8700","targetHints":{"allow":["GET"]}}],"collection":[{"href":"https:\/\/webshop.ingelbeen.be\/fr\/wp-json\/wp\/v2\/product"}],"about":[{"href":"https:\/\/webshop.ingelbeen.be\/fr\/wp-json\/wp\/v2\/types\/product"}],"wp:featuredmedia":[{"embeddable":true,"href":"https:\/\/webshop.ingelbeen.be\/fr\/wp-json\/wp\/v2\/media\/10105"}],"wp:attachment":[{"href":"https:\/\/webshop.ingelbeen.be\/fr\/wp-json\/wp\/v2\/media?parent=8700"}],"wp:term":[{"taxonomy":"product_brand","embeddable":true,"href":"https:\/\/webshop.ingelbeen.be\/fr\/wp-json\/wp\/v2\/product_brand?post=8700"},{"taxonomy":"product_cat","embeddable":true,"href":"https:\/\/webshop.ingelbeen.be\/fr\/wp-json\/wp\/v2\/product_cat?post=8700"},{"taxonomy":"product_tag","embeddable":true,"href":"https:\/\/webshop.ingelbeen.be\/fr\/wp-json\/wp\/v2\/product_tag?post=8700"}],"curies":[{"name":"wp","href":"https:\/\/api.w.org\/{rel}","templated":true}]}}