{"id":8704,"date":"2024-04-30T13:10:54","date_gmt":"2024-04-30T12:10:54","guid":{"rendered":"https:\/\/ingelbeen.kneet.be\/product\/mobilube-ls-85w-90-2\/"},"modified":"2024-06-26T16:14:49","modified_gmt":"2024-06-26T15:14:49","slug":"mobilube-ls-85w-90-2","status":"publish","type":"product","link":"https:\/\/webshop.ingelbeen.be\/fr\/produit\/mobilube-ls-85w-90-2\/","title":{"rendered":"Mobilube LS 85W-90"},"content":{"rendered":"<div class=\"compensation des d\u00e9tails du produit\">\n<div class=\"description de l'attribut du produit\">\n<div class=\"description de la valeur\">\n<p> Mobilube LS 85W-90 est un lubrifiant pour engrenages automobiles tr\u00e8s hautes performances formul\u00e9 \u00e0 partir d&rsquo;huiles de base s\u00e9lectionn\u00e9es et d&rsquo;un syst\u00e8me d&rsquo;additifs avanc\u00e9 sp\u00e9cifiquement pour les diff\u00e9rentiels \u00e0 glissement limit\u00e9.\u00a0 Ce lubrifiant est recommand\u00e9 par ExxonMobil pour une utilisation dans les applications n\u00e9cessitant des performances API GL-5 telles que les diff\u00e9rentiels, les essieux et les transmissions finales robustes o\u00f9 des pressions extr\u00eames et des charges de choc sont attendues.<\/p><\/div><\/div><\/div>\n<h2>Fonctionnalit\u00e9 et avantages potentiels<\/h2>\n<p> Les applications actuelles des \u00e9quipements de camions et d&rsquo;automobiles imposent des exigences de performance plus \u00e9lev\u00e9es aux lubrifiants pour transmissions.\u00a0 Des vitesses plus \u00e9lev\u00e9es, un couple plus \u00e9lev\u00e9, des charges plus lourdes et une capacit\u00e9 de glissement limit\u00e9 n\u00e9cessitent des formulations am\u00e9lior\u00e9es pour maximiser la dur\u00e9e de vie du diff\u00e9rentiel et optimiser les performances.\u00a0 Des intervalles d&rsquo;entretien plus longs imposent des exigences suppl\u00e9mentaires en mati\u00e8re de lubrifiant pour engrenages.\u00a0 Le lubrifiant pour engrenages Mobilube LS 85W-90 est con\u00e7u pour relever ces d\u00e9fis.<\/p>\n<p> Les principaux avantages comprennent\u00a0:<\/p>\n<table class=\"table table-ray\u00e9e\">\n <t\u00eate><\/p>\n<tr>\n<th>Fonctionnalit\u00e9s<\/th>\n<th>Avantages et b\u00e9n\u00e9fices potentiels<\/th>\n<\/tr>\n<p> <\/t\u00eate><br \/>\n <corps><\/p>\n<tr>\n<td>Excellentes propri\u00e9t\u00e9s de friction<\/td>\n<td>Performances efficaces de glissement limit\u00e9<\/td>\n<\/tr>\n<tr>\n<td>Bonne stabilit\u00e9 thermique et r\u00e9sistance \u00e0 l&rsquo;oxydation \u00e0 haute temp\u00e9rature<\/td>\n<td>Dur\u00e9e de vie prolong\u00e9e des engrenages et des roulements gr\u00e2ce \u00e0 un minimum de d\u00e9p\u00f4ts et une dur\u00e9e de vie plus longue des joints<\/td>\n<\/tr>\n<tr>\n<td>Prot\u00e8ge contre l&rsquo;usure \u00e0 basse vitesse\/couple \u00e9lev\u00e9 et contre les rayures \u00e0 haute vitesse<\/td>\n<td>Capacit\u00e9 de charge accrue r\u00e9duisant les co\u00fbts d&rsquo;exploitation<\/td>\n<\/tr>\n<tr>\n<td>Excellente protection contre la rouille, les taches et la corrosion<\/td>\n<td>Co\u00fbts d&rsquo;usure et de maintenance r\u00e9duits<\/td>\n<\/tr>\n<tr>\n<td>Lubrification efficace \u00e0 basse temp\u00e9rature<\/td>\n<td>Usure r\u00e9duite et facilit\u00e9 de d\u00e9marrage<\/td>\n<\/tr>\n<tr>\n<td>Bonne r\u00e9sistance au moussage<\/td>\n<td>Maintient la r\u00e9sistance du film pour r\u00e9duire l&rsquo;usure<\/td>\n<\/tr>\n<tr>\n<td>Compatible avec les joints et joints automobiles typiques<\/td>\n<td>Fuite minimale et contamination r\u00e9duite<\/td>\n<\/tr>\n<\/tbody>\n<\/table>\n<h2>Applications<\/h2>\n<p> <strong>Recommand\u00e9 par ExxonMobil pour une utilisation dans\u00a0:<\/strong><\/p>\n<ul>\n<li>Diff\u00e9rentiels \u00e0 glissement limit\u00e9, essieux et transmissions finales n\u00e9cessitant des performances de niveau API GL-5<\/li>\n<li>Voitures particuli\u00e8res, camions l\u00e9gers et lourds, bus et fourgonnettes sur autoroute<\/li>\n<li>Industries hors autoroute, notamment\u00a0: construction, carri\u00e8res et agriculture<\/li>\n<li>Autres applications industrielles et automobiles impliquant des engrenages hypo\u00efdes et autres fonctionnant dans des conditions de vitesse \u00e9lev\u00e9e\/charge de choc, de vitesse \u00e9lev\u00e9e\/couple faible et\/ou de vitesse faible\/couple \u00e9lev\u00e9<\/li>\n<li>Remplissage initial, appoint et recharge d&rsquo;engrenages de type automobile ferm\u00e9s pour lesquels des lubrifiants pour engrenages \u00e0 glissement limit\u00e9 SAE 85W-90 sont recommand\u00e9s<\/li>\n<li>Non destin\u00e9 aux transmissions ou aux bo\u00eetes-ponts pour lesquelles de l&rsquo;huile moteur ou des liquides de transmission automatique sont recommand\u00e9s<\/li>\n<\/ul>\n<h2>Sp\u00e9cifications et homologations<\/h2>\n<h3>Satisfait ou d\u00e9passe les exigences de<\/h3>\n<ul>\n<li>API GL-5<\/li>\n<\/ul>\n<h3>Ce produit a les approbations de constructeur suivantes<\/h3>\n<ul>\n<li>ZF TE-ML 05C<\/li>\n<li>ZF TE-ML 12C<\/li>\n<li>ZF TE-ML 16E<\/li>\n<li>ZF TE-ML 21C<\/li>\n<\/ul>\n","protected":false},"excerpt":{"rendered":"<p>Mobilube LS 85W-90 est une huile pour engrenages automobile \u00e0 haute performance formul\u00e9e avec des huiles de base s\u00e9lectionn\u00e9es et un syst\u00e8me d&rsquo;additifs avanc\u00e9, sp\u00e9cialement pour les diff\u00e9rentiels \u00e0 glissement limit\u00e9.<\/p>\n","protected":false},"featured_media":10102,"template":"","meta":{"_acf_changed":false,"inline_featured_image":false},"product_brand":[],"product_cat":[220],"product_tag":[],"class_list":{"0":"post-8704","1":"product","2":"type-product","3":"status-publish","4":"has-post-thumbnail","6":"product_cat-huiles-pour-transmissions-et-atf","8":"first","9":"instock","10":"taxable","11":"shipping-taxable","12":"purchasable","13":"product-type-simple"},"acf":[],"_links":{"self":[{"href":"https:\/\/webshop.ingelbeen.be\/fr\/wp-json\/wp\/v2\/product\/8704","targetHints":{"allow":["GET"]}}],"collection":[{"href":"https:\/\/webshop.ingelbeen.be\/fr\/wp-json\/wp\/v2\/product"}],"about":[{"href":"https:\/\/webshop.ingelbeen.be\/fr\/wp-json\/wp\/v2\/types\/product"}],"wp:featuredmedia":[{"embeddable":true,"href":"https:\/\/webshop.ingelbeen.be\/fr\/wp-json\/wp\/v2\/media\/10102"}],"wp:attachment":[{"href":"https:\/\/webshop.ingelbeen.be\/fr\/wp-json\/wp\/v2\/media?parent=8704"}],"wp:term":[{"taxonomy":"product_brand","embeddable":true,"href":"https:\/\/webshop.ingelbeen.be\/fr\/wp-json\/wp\/v2\/product_brand?post=8704"},{"taxonomy":"product_cat","embeddable":true,"href":"https:\/\/webshop.ingelbeen.be\/fr\/wp-json\/wp\/v2\/product_cat?post=8704"},{"taxonomy":"product_tag","embeddable":true,"href":"https:\/\/webshop.ingelbeen.be\/fr\/wp-json\/wp\/v2\/product_tag?post=8704"}],"curies":[{"name":"wp","href":"https:\/\/api.w.org\/{rel}","templated":true}]}}