{"id":8706,"date":"2024-04-30T13:10:54","date_gmt":"2024-04-30T12:10:54","guid":{"rendered":"https:\/\/ingelbeen.kneet.be\/product\/mobilube-ptx-75w-90\/"},"modified":"2024-06-26T16:14:49","modified_gmt":"2024-06-26T15:14:49","slug":"mobilube-ptx-75w-90","status":"publish","type":"product","link":"https:\/\/webshop.ingelbeen.be\/fr\/produit\/mobilube-ptx-75w-90\/","title":{"rendered":"Mobilube PTX 75W-90"},"content":{"rendered":"<div class=\"compensation des d\u00e9tails du produit\">\n<div class=\"description de l'attribut du produit\">\n<div class=\"description de la valeur\">\n<p> Mobilube PTX est un lubrifiant pour engrenages polyvalent SAE 75W-90. Il a \u00e9t\u00e9 d\u00e9velopp\u00e9 pour offrir des performances exceptionnelles sp\u00e9cifiquement dans les bo\u00eetes-ponts Porsche 911. Il offre une fluidit\u00e9 \u00e0 basse temp\u00e9rature avec une stabilit\u00e9 \u00e0 haute temp\u00e9rature assurant une excellente protection contre l&rsquo;usure dans ces bo\u00eetes-ponts dans une large gamme de conditions de fonctionnement.<\/p><\/div><\/div><\/div>\n<h2>Fonctionnalit\u00e9 et avantages potentiels<\/h2>\n<p> La combinaison d&rsquo;une technologie de fluide de base synth\u00e9tique et d&rsquo;additifs sp\u00e9ciaux hautes performances a \u00e9t\u00e9 soigneusement formul\u00e9e pour r\u00e9pondre aux exigences de fluidit\u00e9 \u00e0 basse temp\u00e9rature de Porsche. Il offre \u00e9galement une excellente compatibilit\u00e9 de synchronisation et une \u00ab\u00a0changeabilit\u00e9\u00a0\u00bb, tout en conservant une excellente protection contre l&rsquo;usure.<\/p>\n<p> Mobil PTX offre les avantages suivants\u00a0:<\/p>\n<ul>\n<li>Excellente fluidit\u00e9 \u00e0 basse temp\u00e9rature, facilitant le changement de vitesse \u00e0 froid par rapport aux qualit\u00e9s SAE 80W-90 et 75W-90 classiques.<\/li>\n<li>Excellente compatibilit\u00e9\/durabilit\u00e9 des synchronisations.<\/li>\n<li>Bonne stabilit\u00e9 thermique\/oxydative.<\/li>\n<li>Niveau \u00e9lev\u00e9 de protection contre l&rsquo;usure dans certaines des conditions les plus s\u00e9v\u00e8res.<\/li>\n<\/ul>\n<h2>Sp\u00e9cifications et homologations<\/h2>\n<h3>Satisfait ou d\u00e9passe les exigences de<\/h3>\n<ul>\n<li>API GL-4<\/li>\n<li>API GL-5<\/li>\n<\/ul>\n<h3>Ce produit a les approbations de constructeur suivantes<\/h3>\n<ul>\n<li>TE-ML\u00a011 approuv\u00e9<\/li>\n<\/ul>\n","protected":false},"excerpt":{"rendered":"<p>Mobilube PTX est un lubrifiant pour engrenages multifonctionnel SAE 75W-90. Il a \u00e9t\u00e9 d\u00e9velopp\u00e9 pour fournir des performances exceptionnelles sp\u00e9cifiquement dans les transmissions Porsche 911. Il offre une fluidit\u00e9 \u00e0 basse temp\u00e9rature avec une stabilit\u00e9 \u00e0 haute temp\u00e9rature, garantissant une protection contre l&rsquo;usure exceptionnelle dans ces transmissions sur une large gamme de conditions de fonctionnement.<\/p>\n","protected":false},"featured_media":10105,"template":"","meta":{"_acf_changed":false,"inline_featured_image":false},"product_brand":[],"product_cat":[220],"product_tag":[],"class_list":{"0":"post-8706","1":"product","2":"type-product","3":"status-publish","4":"has-post-thumbnail","6":"product_cat-huiles-pour-transmissions-et-atf","8":"first","9":"instock","10":"taxable","11":"shipping-taxable","12":"purchasable","13":"product-type-simple"},"acf":[],"_links":{"self":[{"href":"https:\/\/webshop.ingelbeen.be\/fr\/wp-json\/wp\/v2\/product\/8706","targetHints":{"allow":["GET"]}}],"collection":[{"href":"https:\/\/webshop.ingelbeen.be\/fr\/wp-json\/wp\/v2\/product"}],"about":[{"href":"https:\/\/webshop.ingelbeen.be\/fr\/wp-json\/wp\/v2\/types\/product"}],"wp:featuredmedia":[{"embeddable":true,"href":"https:\/\/webshop.ingelbeen.be\/fr\/wp-json\/wp\/v2\/media\/10105"}],"wp:attachment":[{"href":"https:\/\/webshop.ingelbeen.be\/fr\/wp-json\/wp\/v2\/media?parent=8706"}],"wp:term":[{"taxonomy":"product_brand","embeddable":true,"href":"https:\/\/webshop.ingelbeen.be\/fr\/wp-json\/wp\/v2\/product_brand?post=8706"},{"taxonomy":"product_cat","embeddable":true,"href":"https:\/\/webshop.ingelbeen.be\/fr\/wp-json\/wp\/v2\/product_cat?post=8706"},{"taxonomy":"product_tag","embeddable":true,"href":"https:\/\/webshop.ingelbeen.be\/fr\/wp-json\/wp\/v2\/product_tag?post=8706"}],"curies":[{"name":"wp","href":"https:\/\/api.w.org\/{rel}","templated":true}]}}