{"id":8708,"date":"2024-04-30T13:10:54","date_gmt":"2024-04-30T12:10:54","guid":{"rendered":"https:\/\/ingelbeen.kneet.be\/product\/mobilube-s-80w-90\/"},"modified":"2024-06-26T16:14:49","modified_gmt":"2024-06-26T15:14:49","slug":"mobilube-s-80w-90","status":"publish","type":"product","link":"https:\/\/webshop.ingelbeen.be\/fr\/produit\/mobilube-s-80w-90\/","title":{"rendered":"Mobilube S 80W-90"},"content":{"rendered":"<div class=\"compensation des d\u00e9tails du produit\">\n<div class=\"description de l'attribut du produit\">\n<div class=\"description de la valeur\">\n<p> Mobilube\u2122 S 80W-90 est un lubrifiant pour transmission tr\u00e8s haute performance con\u00e7u pour fournir une excellente lubrification pour les composants de transmission manuelle de pointe et robustes utilis\u00e9s dans les v\u00e9hicules utilitaires et les voitures sur route. Les avantages potentiels incluent d&rsquo;excellentes performances de changement de vitesse, une bonne fluidit\u00e9 \u00e0 basse temp\u00e9rature et une r\u00e9tention de viscosit\u00e9 \u00e0 haute temp\u00e9rature. \u00a0Mobilube S 80W-90 offre des performances de niveau API GL-4\/5.<\/p><\/div><\/div><\/div>\n<h2>Fonctionnalit\u00e9 et avantages potentiels<\/h2>\n<p> La technologie actuelle a consid\u00e9rablement am\u00e9lior\u00e9 les capacit\u00e9s de performance des v\u00e9hicules routiers en termes de charge, de vitesse et de contr\u00f4le gr\u00e2ce \u00e0 des conceptions de transmission innovantes. Ces conceptions ont augment\u00e9 les exigences en mati\u00e8re de composants et de lubrifiants pour offrir un niveau de performance plus \u00e9lev\u00e9. Pour les applications intensives, le contr\u00f4le de la friction, la r\u00e9duction de l&rsquo;usure, la stabilit\u00e9 thermique, la stabilit\u00e9 au cisaillement, l&rsquo;inhibition de la rouille et de la corrosion et la protection des joints sont des caract\u00e9ristiques qui doivent \u00eatre \u00e9quilibr\u00e9es de mani\u00e8re optimale pour contribuer \u00e0 une longue dur\u00e9e de vie des engrenages et des synchroniseurs, un contr\u00f4le des changements de vitesse en douceur, une \u00e9conomie de carburant et capacit\u00e9 de charge \u00e9lev\u00e9e sur une large gamme d\u2019applications. Mobilube S 80W-90 offre des performances exceptionnelles dans les unit\u00e9s actuelles et plus anciennes. Les principaux avantages comprennent\u00a0:<\/p>\n<table class=\"table table-ray\u00e9e\">\n <t\u00eate><\/p>\n<tr>\n<th>Fonctionnalit\u00e9s<\/th>\n<th>Avantages et b\u00e9n\u00e9fices potentiels<\/th>\n<\/tr>\n<p> <\/t\u00eate><br \/>\n <corps><\/p>\n<tr>\n<td>Performances exceptionnelles en mati\u00e8re de capacit\u00e9 de charge, anti-usure et extr\u00eame pression<\/td>\n<td>Contribue \u00e0 favoriser une longue dur\u00e9e de vie de la transmission.<\/td>\n<\/tr>\n<tr>\n<td>Excellente pr\u00e9vention des d\u00e9p\u00f4ts et de la formation de laque<\/td>\n<td>Contribue \u00e0 prolonger la dur\u00e9e de vie des joints, \u00e0 prolonger les intervalles de vidange et d&rsquo;entretien<\/td>\n<\/tr>\n<tr>\n<td>Excellente protection contre la corrosion du cuivre et de ses alliages<\/td>\n<td>Contribue \u00e0 favoriser une longue dur\u00e9e de vie des synchroniseurs et des performances de changement de vitesse plus fluides<\/td>\n<\/tr>\n<tr>\n<td>R\u00e9sistance thermique et \u00e0 l&rsquo;oxydation efficace \u00e0 des temp\u00e9ratures de fonctionnement \u00e9lev\u00e9es<\/td>\n<td>Contribue \u00e0 r\u00e9duire l&rsquo;usure et \u00e0 prolonger la dur\u00e9e de vie des composants<\/td>\n<\/tr>\n<tr>\n<td>Excellente stabilit\u00e9 au cisaillement<\/td>\n<td>Maintient une viscosit\u00e9 et une r\u00e9sistance de film efficaces lors d&rsquo;un fonctionnement intensif<\/td>\n<\/tr>\n<tr>\n<td>Bonne fluidit\u00e9 \u00e0 basse temp\u00e9rature<\/td>\n<td>Changements de vitesse plus faciles et plus fluides et d\u00e9marrages plus rapides<\/td>\n<\/tr>\n<\/tbody>\n<\/table>\n<h2>Applications<\/h2>\n<p> <strong>\u00a0Recommand\u00e9 par ExxonMobil pour une utilisation dans\u00a0:<\/strong><\/p>\n<ul>\n<li>\n<div>Voitures, camions l\u00e9gers et lourds, bus et fourgonnettes sur autoroute<\/div>\n<\/li>\n<li>\n<div>Transmissions de type automobile robustes o\u00f9 des performances de niveau API GL-4\/GL-5 sont requises<\/div>\n<\/li>\n<\/ul>\n<h2>Sp\u00e9cifications et homologations<\/h2>\n<h3>Satisfait ou d\u00e9passe les exigences de<\/h3>\n<ul>\n<li>API GL-5\/MT-1<\/li>\n<li>Scania STO 1:0<\/li>\n<li>Isuzu asolie<\/li>\n<li>Huile Isuzu pour grandes transmissions manuelles<\/li>\n<li>BOSCH TE-ML 08<\/li>\n<\/ul>\n<h3>Ce produit r\u00e9pond aux exigences selon Exxonmobil<\/h3>\n<ul>\n<li>ZF-TE-ML 07A\/08<\/li>\n<\/ul>\n<h3>Ce produit a les approbations de constructeur suivantes<\/h3>\n<ul>\n<li>MAN 341 type Z2<\/li>\n<li>MAN 342 type M2<\/li>\n<li>ZF-TE-ML 02B\/05A\/12L\/12M\/16B\/17H\/19B\/21A<\/li>\n<li>Approbation MB 235.0<\/li>\n<li>MACK GO-J<\/li>\n<\/ul>\n","protected":false},"excerpt":{"rendered":"<p>Mobilube\u2122 S 80W-90 est un lubrifiant de tr\u00e8s haute performance, d\u00e9velopp\u00e9 pour une lubrification excellente des transmissions des mod\u00e8les haut de gamme des composants de transmission fortement charg\u00e9s dans le transport routier, les v\u00e9hicules commerciaux et les voitures particuli\u00e8res.<\/p>\n","protected":false},"featured_media":10105,"template":"","meta":{"_acf_changed":false,"inline_featured_image":false},"product_brand":[],"product_cat":[220],"product_tag":[],"class_list":{"0":"post-8708","1":"product","2":"type-product","3":"status-publish","4":"has-post-thumbnail","6":"product_cat-huiles-pour-transmissions-et-atf","8":"first","9":"instock","10":"taxable","11":"shipping-taxable","12":"purchasable","13":"product-type-simple"},"acf":[],"_links":{"self":[{"href":"https:\/\/webshop.ingelbeen.be\/fr\/wp-json\/wp\/v2\/product\/8708","targetHints":{"allow":["GET"]}}],"collection":[{"href":"https:\/\/webshop.ingelbeen.be\/fr\/wp-json\/wp\/v2\/product"}],"about":[{"href":"https:\/\/webshop.ingelbeen.be\/fr\/wp-json\/wp\/v2\/types\/product"}],"wp:featuredmedia":[{"embeddable":true,"href":"https:\/\/webshop.ingelbeen.be\/fr\/wp-json\/wp\/v2\/media\/10105"}],"wp:attachment":[{"href":"https:\/\/webshop.ingelbeen.be\/fr\/wp-json\/wp\/v2\/media?parent=8708"}],"wp:term":[{"taxonomy":"product_brand","embeddable":true,"href":"https:\/\/webshop.ingelbeen.be\/fr\/wp-json\/wp\/v2\/product_brand?post=8708"},{"taxonomy":"product_cat","embeddable":true,"href":"https:\/\/webshop.ingelbeen.be\/fr\/wp-json\/wp\/v2\/product_cat?post=8708"},{"taxonomy":"product_tag","embeddable":true,"href":"https:\/\/webshop.ingelbeen.be\/fr\/wp-json\/wp\/v2\/product_tag?post=8708"}],"curies":[{"name":"wp","href":"https:\/\/api.w.org\/{rel}","templated":true}]}}