{"id":8722,"date":"2024-04-30T13:10:53","date_gmt":"2024-04-30T12:10:53","guid":{"rendered":"https:\/\/ingelbeen.kneet.be\/product\/mobiltherm-603\/"},"modified":"2024-06-26T16:14:45","modified_gmt":"2024-06-26T15:14:45","slug":"mobiltherm-603","status":"publish","type":"product","link":"https:\/\/webshop.ingelbeen.be\/fr\/produit\/mobiltherm-603\/","title":{"rendered":"Mobiltherm 603"},"content":{"rendered":"<div class=\"compensation des d\u00e9tails du produit\">\n<div class=\"description de l'attribut du produit\">\n<div class=\"description de la valeur\">\n<p> Les huiles caloporteuses Mobiltherm sont des produits hautes performances destin\u00e9s \u00e0 \u00eatre utilis\u00e9s dans des installations ferm\u00e9es de chauffage indirect. Ils sont recommand\u00e9s pour une utilisation dans les syst\u00e8mes de chauffage et de refroidissement indirects scell\u00e9s \u00e0 l\u2019huile froide dans tous types de processus industriels.<\/p>\n<p> Les huiles de transfert thermique Mobiltherm sont formul\u00e9es \u00e0 partir d\u2019huiles de base hautement raffin\u00e9es qui r\u00e9sistent \u00e0 la fissuration thermique et \u00e0 l\u2019oxydation chimique. Ils sont tr\u00e8s stables thermiquement et peuvent avoir une dur\u00e9e de vie extr\u00eamement longue sans formation de d\u00e9p\u00f4ts ni augmentation de la viscosit\u00e9.<\/p>\n<p> Les huiles caloporteuses Mobiltherm ont une bonne efficacit\u00e9 de transfert de chaleur et leurs viscosit\u00e9s sont telles qu&rsquo;elles peuvent \u00eatre facilement pomp\u00e9es aux temp\u00e9ratures de d\u00e9marrage et de fonctionnement. Ils d\u00e9montrent une chaleur sp\u00e9cifique et une conductivit\u00e9 thermique qui permettent une dissipation thermique plus rapide. Les points d\u2019\u00e9clair de ces huiles ne diminueront pas de mani\u00e8re significative en service en raison de leur r\u00e9sistance \u00e0 la fissuration thermique aux temp\u00e9ratures de fonctionnement pour lesquelles elles sont recommand\u00e9es.<\/p><\/div><\/div><\/div>\n<h2>Fonctionnalit\u00e9 et avantages potentiels<\/h2>\n<p> Les huiles Mobiltherm sont des membres importants de la marque Mobil de fluides sp\u00e9ciaux qui ont acquis une r\u00e9putation de performance et de fiabilit\u00e9, m\u00eame dans les applications s\u00e9v\u00e8res. Les techniques de raffinage modernes sont un facteur cl\u00e9 pour fournir les excellentes caract\u00e9ristiques du produit.<\/p>\n<p> La s\u00e9rie Mobiltherm 600 offre les avantages suivants\u00a0:<\/p>\n<table class=\"table table-ray\u00e9e\">\n <t\u00eate><\/p>\n<tr>\n<th>Fonctionnalit\u00e9s<\/th>\n<th>Avantages et b\u00e9n\u00e9fices potentiels<\/th>\n<\/tr>\n<p> <\/t\u00eate><br \/>\n <corps><\/p>\n<tr>\n<td>Haute r\u00e9sistance \u00e0 la fissuration thermique et \u00e0 la d\u00e9composition<\/td>\n<td>Exempt de d\u00e9p\u00f4ts de boues et de coke, interf\u00e9rence minimale avec la capacit\u00e9 de transfert de chaleur et besoins de maintenance minimis\u00e9s<\/td>\n<\/tr>\n<tr>\n<td>Excellentes propri\u00e9t\u00e9s thermiques<\/td>\n<td>Taux de transfert de chaleur \u00e9lev\u00e9s, efficacit\u00e9 op\u00e9rationnelle am\u00e9lior\u00e9e et co\u00fbts d&rsquo;exploitation r\u00e9duits<\/td>\n<\/tr>\n<tr>\n<td>Bonne stabilit\u00e9 thermique et oxydative<\/td>\n<td>Longue dur\u00e9e de vie sans probl\u00e8me et temps d&rsquo;arr\u00eat r\u00e9duits<\/td>\n<\/tr>\n<tr>\n<td>Bonne fluidit\u00e9 \u00e0 basse temp\u00e9rature<\/td>\n<td>D\u00e9marrage facile des syst\u00e8mes froids<\/td>\n<\/tr>\n<\/tbody>\n<\/table>\n<h2>Applications<\/h2>\n<p> Consid\u00e9rations d&rsquo;application\u00a0: Les huiles de transfert de chaleur Mobiltherm ne doivent pas \u00eatre m\u00e9lang\u00e9es avec d&rsquo;autres huiles, car cela pourrait alt\u00e9rer l&rsquo;excellente stabilit\u00e9 thermique et \u00e0 l&rsquo;oxydation, entra\u00eenant une modification d&rsquo;autres propri\u00e9t\u00e9s et compliquer les analyses visant \u00e0 d\u00e9terminer la dur\u00e9e de vie utile de l&rsquo;huile. Si les huiles sont utilis\u00e9es au-dessus de leurs temp\u00e9ratures maximales recommand\u00e9es, un bouchon de vapeur peut se produire \u00e0 moins que le syst\u00e8me ne soit con\u00e7u pour fonctionner \u00e0 une temp\u00e9rature plus \u00e9lev\u00e9e en \u00e9tant pressuris\u00e9 avec un gaz inerte tel que l&rsquo;azote. \u00c0 des temp\u00e9ratures plus \u00e9lev\u00e9es, la dur\u00e9e de vie du fluide sera raccourcie en raison du taux de d\u00e9gradation thermique qui augmente consid\u00e9rablement \u00e0 mesure que les temp\u00e9ratures d\u00e9passent la limite recommand\u00e9e. Dans les syst\u00e8mes bien con\u00e7us, la temp\u00e9rature du film d&rsquo;huile entourant l&rsquo;\u00e9l\u00e9ment chauffant doit \u00eatre d&rsquo;environ 15 \u00baC \u00e0 30 \u00baC au-dessus de la temp\u00e9rature globale de l&rsquo;huile. Si cette valeur est sup\u00e9rieure, la dur\u00e9e de vie de l&rsquo;huile peut \u00eatre raccourcie et des boues et du coke peuvent se d\u00e9poser, ce qui interf\u00e9rerait avec les taux de transfert de chaleur.<\/p>\n<p> Comme pour les autres huiles min\u00e9rales, les huiles caloporteuses Mobiltherm ne doivent \u00eatre utilis\u00e9es que dans des syst\u00e8mes \u00e0 circulation forc\u00e9e. Les syst\u00e8mes qui d\u00e9pendent de la convection pour la circulation du fluide caloporteur ne fournissent pas un d\u00e9bit suffisamment rapide pour \u00e9viter une surchauffe locale et une d\u00e9t\u00e9rioration rapide de l&rsquo;huile. De plus, ces huiles ne sont pas recommand\u00e9es pour une utilisation dans des syst\u00e8mes ouverts o\u00f9 l\u2019huile chaude est expos\u00e9e directement \u00e0 l\u2019air. Si elles jaillissent ou s&rsquo;\u00e9chappent des points de fuite, les huiles Mobiltherm chaudes peuvent s&rsquo;enflammer spontan\u00e9ment.<\/p>\n<p> La s\u00e9rie Mobiltherm 600 peut \u00eatre utilis\u00e9e dans des installations ouvertes et ferm\u00e9es o\u00f9 les plages de temp\u00e9rature de l&rsquo;huile en vrac sont telles que d\u00e9crites dans le tableau ci-dessous.<\/p>\n<ul>\n<li>Mobiltherm 603\u00a0: syst\u00e8mes ferm\u00e9s (-15\u00a0\u00b0C \u00e0 285\u00a0\u00b0C), syst\u00e8mes ouverts (-15\u00a0\u00b0C7\u00a0C \u00e0 150\u00a0\u00b0C)<\/li>\n<li>Mobiltherm 605\u00a0: syst\u00e8mes ferm\u00e9s (-12\u00a0\u00baC \u00e0 315\u00a0\u00baC), syst\u00e8mes ouverts (-12\u00a0\u00baC \u00e0 180\u00a0\u00baC)<\/li>\n<\/ul>\n<div class=\"product-list-wrapper\"><\/div>\n","protected":false},"excerpt":{"rendered":"<p>Les huiles de transfert de chaleur Mobiltherm sont des produits de haute performance con\u00e7us pour \u00eatre utilis\u00e9s dans des syst\u00e8mes ferm\u00e9s pour le chauffage indirect.<\/p>\n","protected":false},"featured_media":10102,"template":"","meta":{"_acf_changed":false,"inline_featured_image":false},"product_brand":[],"product_cat":[218],"product_tag":[],"class_list":{"0":"post-8722","1":"product","2":"type-product","3":"status-publish","4":"has-post-thumbnail","6":"product_cat-huiles-caloporteuses","8":"first","9":"instock","10":"taxable","11":"shipping-taxable","12":"purchasable","13":"product-type-simple"},"acf":[],"_links":{"self":[{"href":"https:\/\/webshop.ingelbeen.be\/fr\/wp-json\/wp\/v2\/product\/8722","targetHints":{"allow":["GET"]}}],"collection":[{"href":"https:\/\/webshop.ingelbeen.be\/fr\/wp-json\/wp\/v2\/product"}],"about":[{"href":"https:\/\/webshop.ingelbeen.be\/fr\/wp-json\/wp\/v2\/types\/product"}],"wp:featuredmedia":[{"embeddable":true,"href":"https:\/\/webshop.ingelbeen.be\/fr\/wp-json\/wp\/v2\/media\/10102"}],"wp:attachment":[{"href":"https:\/\/webshop.ingelbeen.be\/fr\/wp-json\/wp\/v2\/media?parent=8722"}],"wp:term":[{"taxonomy":"product_brand","embeddable":true,"href":"https:\/\/webshop.ingelbeen.be\/fr\/wp-json\/wp\/v2\/product_brand?post=8722"},{"taxonomy":"product_cat","embeddable":true,"href":"https:\/\/webshop.ingelbeen.be\/fr\/wp-json\/wp\/v2\/product_cat?post=8722"},{"taxonomy":"product_tag","embeddable":true,"href":"https:\/\/webshop.ingelbeen.be\/fr\/wp-json\/wp\/v2\/product_tag?post=8722"}],"curies":[{"name":"wp","href":"https:\/\/api.w.org\/{rel}","templated":true}]}}