{"id":8734,"date":"2024-04-30T13:10:53","date_gmt":"2024-04-30T12:10:53","guid":{"rendered":"https:\/\/ingelbeen.kneet.be\/product\/mobiltrans-ast\/"},"modified":"2024-06-26T16:14:46","modified_gmt":"2024-06-26T15:14:46","slug":"mobiltrans-ast","status":"publish","type":"product","link":"https:\/\/webshop.ingelbeen.be\/fr\/produit\/mobiltrans-ast\/","title":{"rendered":"Mobiltrans AST"},"content":{"rendered":"<div class=\"compensation des d\u00e9tails du produit\">\n<div class=\"description de l'attribut du produit\">\n<div class=\"description de la valeur\">\n<p> Mobiltrans AST (All Season Transmission) est un lubrifiant pour transmission tr\u00e8s hautes performances con\u00e7u pour satisfaire ou d\u00e9passer les exigences des nouvelles sp\u00e9cifications de performances TO-4M de Caterpillar pour les transmissions hors route, les transmissions et les syst\u00e8mes hydrauliques. Ce lubrifiant de technologie avanc\u00e9e offre une compatibilit\u00e9 avec les embrayages et les freins et une dur\u00e9e de vie prolong\u00e9e qui n&rsquo;\u00e9tait pas possible avec les formulations pr\u00e9c\u00e9dentes. Mobiltrans AST int\u00e8gre un m\u00e9lange d&rsquo;huiles de base semi-synth\u00e9tiques avec un syst\u00e8me d&rsquo;additifs avanc\u00e9. Le produit est recommand\u00e9 pour la lubrification toutes saisons de tous les composants de transmission des \u00e9quipements hors route \u00e0 usage l\u00e9ger \u00e0 intensif fonctionnant dans une large gamme d&rsquo;environnements.<\/p><\/div><\/div><\/div>\n<h2>Fonctionnalit\u00e9 et avantages potentiels<\/h2>\n<p> La technologie actuelle a consid\u00e9rablement am\u00e9lior\u00e9 les capacit\u00e9s de performance des \u00e9quipements hors route lourds en termes de charge, de vitesse, de contr\u00f4le et de performances gr\u00e2ce \u00e0 des conceptions de transmission innovantes. Ces conceptions ont augment\u00e9 les exigences en mati\u00e8re de fluides de transmission pour offrir des performances sup\u00e9rieures, une productivit\u00e9 accrue et des co\u00fbts d&rsquo;exploitation r\u00e9duits. Pour les transmissions lourdes, le contr\u00f4le de friction, la protection contre l&rsquo;usure, la stabilit\u00e9 thermique, la stabilit\u00e9 au cisaillement, la protection contre la rouille et la corrosion et la compatibilit\u00e9 des joints sont des caract\u00e9ristiques qui doivent \u00eatre \u00e9quilibr\u00e9es de mani\u00e8re optimale pour prolonger la dur\u00e9e de vie des engrenages et des synchroniseurs, un contr\u00f4le des vitesses en douceur, une \u00e9conomie de carburant et un niveau \u00e9lev\u00e9. capacit\u00e9 de charge sur une large gamme d\u2019applications. Mobiltrans AST offre des performances exceptionnelles dans les composants du groupe motopropulseur d&rsquo;aujourd&rsquo;hui, y compris les transmissions finales des camions de transport, avec une application toute l&rsquo;ann\u00e9e. Les principaux avantages comprennent\u00a0:<\/p>\n<table class=\"table table-ray\u00e9e\">\n <t\u00eate><\/p>\n<tr>\n<th>Fonctionnalit\u00e9s<\/th>\n<th>Avantages et b\u00e9n\u00e9fices potentiels<\/th>\n<\/tr>\n<p> <\/t\u00eate><br \/>\n <corps><\/p>\n<tr>\n<td>Excellentes propri\u00e9t\u00e9s de friction<\/td>\n<td>R\u00e9tention optimale de la friction et contr\u00f4le du patinage de l&#8217;embrayage, excellentes performances de freinage anti-bruit et dur\u00e9e de vie prolong\u00e9e de l&#8217;embrayage et des freins<\/td>\n<\/tr>\n<tr>\n<td>Excellentes performances de charge, anti-usure et EP<\/td>\n<td>Meilleure protection contre l&rsquo;usure, dur\u00e9e de vie prolong\u00e9e des composants et co\u00fbt d&rsquo;exploitation r\u00e9duit<\/td>\n<\/tr>\n<tr>\n<td>Protection exceptionnelle contre la formation de d\u00e9p\u00f4ts<\/td>\n<td>Dur\u00e9e de vie des joints plus longue, intervalles de vidange et d&rsquo;entretien prolong\u00e9s<\/td>\n<\/tr>\n<tr>\n<td>Protection maximale contre la corrosion du cuivre et de ses alliages<\/td>\n<td>Prot\u00e8ge et prolonge la dur\u00e9e de vie des synchroniseurs<\/td>\n<\/tr>\n<tr>\n<td>Protection thermique et anti-oxydation optimis\u00e9e<\/td>\n<td>Prolongation de la dur\u00e9e de vie des transmissions et de la transmission<\/td>\n<\/tr>\n<tr>\n<td>Stabilit\u00e9 exceptionnelle au cisaillement<\/td>\n<td><\/td>\n<\/tr>\n<tr>\n<td>Maintient une viscosit\u00e9 et une r\u00e9sistance de film efficaces lors d&rsquo;un fonctionnement intensif<\/td>\n<\/tr>\n<tr>\n<td>Fluidit\u00e9 et pompabilit\u00e9 exceptionnelles \u00e0 basse temp\u00e9rature<\/td>\n<td><\/td>\n<\/tr>\n<tr>\n<td>Changements de vitesse plus fluides, d\u00e9marrages plus rapides et usure r\u00e9duite<\/td>\n<\/tr>\n<tr>\n<td>Capacit\u00e9 toutes saisons<\/td>\n<td>Intervalles de vidange et d&rsquo;entretien prolong\u00e9s avec des co\u00fbts d&rsquo;exploitation r\u00e9duits et une productivit\u00e9 plus \u00e9lev\u00e9e<\/td>\n<\/tr>\n<\/tbody>\n<\/table>\n<h2>Applications<\/h2>\n<ul>\n<li>Transmissions, transmissions, r\u00e9ducteurs et carters d&rsquo;engrenages robustes utilis\u00e9s dans les \u00e9quipements tout-terrain<\/li>\n<\/ul>\n<h2>Sp\u00e9cifications et homologations<\/h2>\n<h3>Satisfait ou d\u00e9passe les exigences de<\/h3>\n<ul>\n<li>Caterpillar TO-4M<\/li>\n<\/ul>\n<h3>Ce produit r\u00e9pond aux exigences selon Exxonmobil<\/h3>\n<ul>\n<li>Allison C-4<\/li>\n<\/ul>\n<div class=\"li\u00e9 au bloc\" data-limit=\"0\" data-shuffle=\"0\"><\/div>\n","protected":false},"excerpt":{"rendered":"<p>Mobiltrans AST (transmission toutes saisons) est une huile de tr\u00e8s haute performance pour les syst\u00e8mes d&rsquo;entra\u00eenement qui r\u00e9pond ou d\u00e9passe les exigences des nouvelles sp\u00e9cifications de performance TO-4M de Caterpillar pour les transmissions, syst\u00e8mes d&rsquo;entra\u00eenement et syst\u00e8mes hydrauliques dans les applications hors route.<\/p>\n","protected":false},"featured_media":10102,"template":"","meta":{"_acf_changed":false,"inline_featured_image":false},"product_brand":[],"product_cat":[220],"product_tag":[],"class_list":{"0":"post-8734","1":"product","2":"type-product","3":"status-publish","4":"has-post-thumbnail","6":"product_cat-huiles-pour-transmissions-et-atf","8":"first","9":"instock","10":"taxable","11":"shipping-taxable","12":"purchasable","13":"product-type-simple"},"acf":[],"_links":{"self":[{"href":"https:\/\/webshop.ingelbeen.be\/fr\/wp-json\/wp\/v2\/product\/8734","targetHints":{"allow":["GET"]}}],"collection":[{"href":"https:\/\/webshop.ingelbeen.be\/fr\/wp-json\/wp\/v2\/product"}],"about":[{"href":"https:\/\/webshop.ingelbeen.be\/fr\/wp-json\/wp\/v2\/types\/product"}],"wp:featuredmedia":[{"embeddable":true,"href":"https:\/\/webshop.ingelbeen.be\/fr\/wp-json\/wp\/v2\/media\/10102"}],"wp:attachment":[{"href":"https:\/\/webshop.ingelbeen.be\/fr\/wp-json\/wp\/v2\/media?parent=8734"}],"wp:term":[{"taxonomy":"product_brand","embeddable":true,"href":"https:\/\/webshop.ingelbeen.be\/fr\/wp-json\/wp\/v2\/product_brand?post=8734"},{"taxonomy":"product_cat","embeddable":true,"href":"https:\/\/webshop.ingelbeen.be\/fr\/wp-json\/wp\/v2\/product_cat?post=8734"},{"taxonomy":"product_tag","embeddable":true,"href":"https:\/\/webshop.ingelbeen.be\/fr\/wp-json\/wp\/v2\/product_tag?post=8734"}],"curies":[{"name":"wp","href":"https:\/\/api.w.org\/{rel}","templated":true}]}}