{"id":8744,"date":"2024-04-30T13:10:53","date_gmt":"2024-04-30T12:10:53","guid":{"rendered":"https:\/\/ingelbeen.kneet.be\/product\/mobiltrans-hd-50\/"},"modified":"2024-06-26T16:14:47","modified_gmt":"2024-06-26T15:14:47","slug":"mobiltrans-hd-50","status":"publish","type":"product","link":"https:\/\/webshop.ingelbeen.be\/fr\/produit\/mobiltrans-hd-50\/","title":{"rendered":"Mobiltrans HD 50"},"content":{"rendered":"<div class=\"compensation des d\u00e9tails du produit\">\n<div class=\"description de l'attribut du produit\">\n<div class=\"description de la valeur\">\n<p> Mobiltrans HD 10W, 30, 50 et 60 sont des lubrifiants pour transmission et transmission tr\u00e8s hautes performances, tr\u00e8s r\u00e9sistants, con\u00e7us pour satisfaire ou d\u00e9passer les exigences de la sp\u00e9cification rigoureuse Caterpillar TO-4. \u00a0Cette gamme de produits est sp\u00e9cialement con\u00e7ue pour optimiser les performances des transmissions Powershift, des bo\u00eetes de vitesses et des transmissions finales. \u00a0Dans les applications hydrauliques, ils offrent une protection maximale m\u00eame dans les syst\u00e8mes \u00e0 haute pression<\/p>\n<p> Cette technologie combine des huiles de base s\u00e9lectionn\u00e9es et un syst\u00e8me d&rsquo;additifs avanc\u00e9 pour fournir les param\u00e8tres de performance pr\u00e9cis n\u00e9cessaires pour maximiser la productivit\u00e9 des \u00e9quipements de construction, d&rsquo;exploitation en carri\u00e8re et miniers fonctionnant dans des conditions difficiles. Ces produits offrent un net avantage en termes de performances par rapport \u00e0 l&rsquo;utilisation d&rsquo;huiles moteur mixtes pour flottes et de lubrifiants pr\u00e9c\u00e9demment utilis\u00e9s r\u00e9pondant aux normes Caterpillar TO-2.<\/p><\/div><\/div><\/div>\n<h2>Fonctionnalit\u00e9 et avantages potentiels<\/h2>\n<p> La technologie actuelle a consid\u00e9rablement am\u00e9lior\u00e9 les capacit\u00e9s de performance des \u00e9quipements de terrassement lourds en termes de charge, de vitesse, de contr\u00f4le, de pr\u00e9cision et de fiabilit\u00e9 gr\u00e2ce \u00e0 des conceptions innovantes de groupes motopropulseurs. \u00a0Ces conceptions ont augment\u00e9 les exigences en mati\u00e8re de fluides du groupe motopropulseur pour offrir un niveau plus \u00e9lev\u00e9 de performances, de productivit\u00e9 et d\u2019efficacit\u00e9. \u00a0Le contr\u00f4le de friction, la protection contre l&rsquo;usure, la stabilit\u00e9 thermique, la stabilit\u00e9 au cisaillement, la protection contre la rouille et la corrosion et la pompabilit\u00e9 sont des caract\u00e9ristiques qui doivent \u00eatre \u00e9quilibr\u00e9es de mani\u00e8re optimale pour offrir une dur\u00e9e de vie prolong\u00e9e de l&#8217;embrayage, un contr\u00f4le du patinage, une charge maximale sur la barre d&rsquo;attelage et un fonctionnement \u00e0 charge \u00e9lev\u00e9e, m\u00eame sur une pente inclin\u00e9e \u00e0 des temp\u00e9ratures extr\u00eames. temp\u00e9ratures. \u00a0Mobiltrans HD 10W, 30, 50, 60 offre des performances exceptionnelles dans les transmissions, les groupes motopropulseurs et les syst\u00e8mes hydrauliques d&rsquo;aujourd&rsquo;hui. \u00a0Les principaux avantages comprennent\u00a0:<\/p>\n<table class=\"table table-ray\u00e9e\">\n <t\u00eate><\/p>\n<tr>\n<th>Fonctionnalit\u00e9s<\/th>\n<th>Avantages et b\u00e9n\u00e9fices potentiels<\/th>\n<\/tr>\n<p> <\/t\u00eate><br \/>\n <corps><\/p>\n<tr>\n<td>Coefficients de frottement statiques et dynamiques \u00e9quilibr\u00e9s<\/td>\n<td>R\u00e9tention de friction et contr\u00f4le du patinage optimis\u00e9s, dur\u00e9e de vie de l&#8217;embrayage consid\u00e9rablement am\u00e9lior\u00e9e par rapport aux meilleures huiles moteur API CD\/TO-2<\/td>\n<\/tr>\n<tr>\n<td>Compatible avec les mat\u00e9riaux d&#8217;embrayage et les \u00e9lastom\u00e8res modernes<\/td>\n<td>Dur\u00e9e de vie de l&#8217;embrayage plus longue et performances sup\u00e9rieures<\/td>\n<\/tr>\n<tr>\n<td>Niveaux accrus de capacit\u00e9 anti-usure et de capacit\u00e9 de charge<\/td>\n<td>Usure r\u00e9duite des engrenages et dur\u00e9e de vie prolong\u00e9e des transmissions, des bo\u00eetes de vitesses et des transmissions finales, productivit\u00e9 accrue gr\u00e2ce \u00e0 la r\u00e9duction des temps d&rsquo;arr\u00eat<\/td>\n<\/tr>\n<tr>\n<td>Excellente protection contre le contr\u00f4le de la mousse<\/td>\n<td>Performances optimales sur freins mouill\u00e9s\u00a0; excellent contr\u00f4le du broutage des freins<\/td>\n<\/tr>\n<tr>\n<td>Excellente stabilit\u00e9 thermique et \u00e0 l&rsquo;oxydation<\/td>\n<td>Stabilit\u00e9 exceptionnelle de l&rsquo;huile hydraulique et protection contre l&rsquo;usure de la pompe haute pression<\/td>\n<\/tr>\n<tr>\n<td>Les viscosit\u00e9s plus faibles offrent une tr\u00e8s bonne pompabilit\u00e9 \u00e0 basse temp\u00e9rature<\/td>\n<td>D\u00e9lai r\u00e9duit entre le d\u00e9marrage et la production<\/td>\n<\/tr>\n<\/tbody>\n<\/table>\n<h2>Applications<\/h2>\n<ul>\n<li>Transmissions, bo\u00eetes de vitesses, transmissions finales et syst\u00e8mes hydrauliques robustes utilis\u00e9s dans les applications hors route<\/li>\n<li>Industries hors route, notamment\u00a0: exploitation mini\u00e8re, construction, carri\u00e8res et agriculture<\/li>\n<li>Bo\u00eetes de vitesses manuelles, Powershift et automatiques pour lesquelles les fluides Allison C-4 (qualit\u00e9s SAE 10W et 30) sont n\u00e9cessaires, y compris Twin Disc et les transmissions n\u00e9cessitant des fluides de type F<\/li>\n<li>La plupart des applications hydrauliques des \u00e9quipements mobiles<\/li>\n<\/ul>\n<h2>Sp\u00e9cifications et homologations<\/h2>\n<h3>Satisfait ou d\u00e9passe les exigences de<\/h3>\n<ul>\n<li>Caterpillar TO-4<\/li>\n<\/ul>\n<h3>Ce produit r\u00e9pond aux exigences selon Exxonmobil<\/h3>\n<ul>\n<li>Allison C-4<\/li>\n<\/ul>\n<h3>Ce produit a les approbations de constructeur suivantes<\/h3>\n<ul>\n<li>ZF TE-ML-03C<\/li>\n<\/ul>\n","protected":false},"excerpt":{"rendered":"<p>Mobiltrans HD 10W, 30, 50 et 60 sont des lubrifiants de tr\u00e8s haute performance pour transmissions et cha\u00eenes cin\u00e9matiques lourdes formul\u00e9s pour r\u00e9pondre ou d\u00e9passer les exigences strictes de la sp\u00e9cification Caterpillar TO-4.<\/p>\n","protected":false},"featured_media":10105,"template":"","meta":{"_acf_changed":false,"inline_featured_image":false},"product_brand":[],"product_cat":[220],"product_tag":[],"class_list":{"0":"post-8744","1":"product","2":"type-product","3":"status-publish","4":"has-post-thumbnail","6":"product_cat-huiles-pour-transmissions-et-atf","8":"first","9":"instock","10":"taxable","11":"shipping-taxable","12":"purchasable","13":"product-type-simple"},"acf":[],"_links":{"self":[{"href":"https:\/\/webshop.ingelbeen.be\/fr\/wp-json\/wp\/v2\/product\/8744","targetHints":{"allow":["GET"]}}],"collection":[{"href":"https:\/\/webshop.ingelbeen.be\/fr\/wp-json\/wp\/v2\/product"}],"about":[{"href":"https:\/\/webshop.ingelbeen.be\/fr\/wp-json\/wp\/v2\/types\/product"}],"wp:featuredmedia":[{"embeddable":true,"href":"https:\/\/webshop.ingelbeen.be\/fr\/wp-json\/wp\/v2\/media\/10105"}],"wp:attachment":[{"href":"https:\/\/webshop.ingelbeen.be\/fr\/wp-json\/wp\/v2\/media?parent=8744"}],"wp:term":[{"taxonomy":"product_brand","embeddable":true,"href":"https:\/\/webshop.ingelbeen.be\/fr\/wp-json\/wp\/v2\/product_brand?post=8744"},{"taxonomy":"product_cat","embeddable":true,"href":"https:\/\/webshop.ingelbeen.be\/fr\/wp-json\/wp\/v2\/product_cat?post=8744"},{"taxonomy":"product_tag","embeddable":true,"href":"https:\/\/webshop.ingelbeen.be\/fr\/wp-json\/wp\/v2\/product_tag?post=8744"}],"curies":[{"name":"wp","href":"https:\/\/api.w.org\/{rel}","templated":true}]}}