{"id":8756,"date":"2024-04-30T13:10:53","date_gmt":"2024-04-30T12:10:53","guid":{"rendered":"https:\/\/ingelbeen.kneet.be\/product\/mobilube-fe-plus-ng-75w-85\/"},"modified":"2024-06-26T16:14:47","modified_gmt":"2024-06-26T15:14:47","slug":"mobilube-fe-plus-ng-75w-85","status":"publish","type":"product","link":"https:\/\/webshop.ingelbeen.be\/fr\/produit\/mobilube-fe-plus-ng-75w-85\/","title":{"rendered":"Mobilube FE Plus NG 75W-85"},"content":{"rendered":"<div class=\"compensation des d\u00e9tails du produit\">\n<div class=\"description de l'attribut du produit\">\n<div class=\"description de la valeur\">\n<p> Mobilube FE 75W-85 est une huile pour essieux. Ce produit est une huile pour engrenages hypo\u00efdes adapt\u00e9e \u00e0 une utilisation dans les essieux des voitures particuli\u00e8res Mercedes Benz et dans d&rsquo;autres applications sp\u00e9cifi\u00e9es par 235.7.<\/p><\/div><\/div><\/div>\n<h2>Fonctionnalit\u00e9 et avantages potentiels<\/h2>\n<p> Mobilube FE 75W-85 contribue \u00e0 optimiser l&rsquo;efficacit\u00e9 des essieux.<\/p>\n<h2>Sp\u00e9cifications et homologations<\/h2>\n<h3>Ce produit a les approbations de constructeur suivantes<\/h3>\n<ul>\n<li>Approbation MB 235.7<\/li>\n<\/ul>\n","protected":false},"excerpt":{"rendered":"<p>Mobilube FE 75W-85 est une huile d&rsquo;essieu. Ce produit est une huile pour engrenages hypo\u00efde, adapt\u00e9e aux essieux des voitures particuli\u00e8res Mercedes-Benz et \u00e0 d&rsquo;autres applications sp\u00e9cifi\u00e9es par 235.7.<\/p>\n","protected":false},"featured_media":10102,"template":"","meta":{"_acf_changed":false,"inline_featured_image":false},"product_brand":[],"product_cat":[220],"product_tag":[],"class_list":{"0":"post-8756","1":"product","2":"type-product","3":"status-publish","4":"has-post-thumbnail","6":"product_cat-huiles-pour-transmissions-et-atf","8":"first","9":"instock","10":"taxable","11":"shipping-taxable","12":"purchasable","13":"product-type-simple"},"acf":[],"_links":{"self":[{"href":"https:\/\/webshop.ingelbeen.be\/fr\/wp-json\/wp\/v2\/product\/8756","targetHints":{"allow":["GET"]}}],"collection":[{"href":"https:\/\/webshop.ingelbeen.be\/fr\/wp-json\/wp\/v2\/product"}],"about":[{"href":"https:\/\/webshop.ingelbeen.be\/fr\/wp-json\/wp\/v2\/types\/product"}],"wp:featuredmedia":[{"embeddable":true,"href":"https:\/\/webshop.ingelbeen.be\/fr\/wp-json\/wp\/v2\/media\/10102"}],"wp:attachment":[{"href":"https:\/\/webshop.ingelbeen.be\/fr\/wp-json\/wp\/v2\/media?parent=8756"}],"wp:term":[{"taxonomy":"product_brand","embeddable":true,"href":"https:\/\/webshop.ingelbeen.be\/fr\/wp-json\/wp\/v2\/product_brand?post=8756"},{"taxonomy":"product_cat","embeddable":true,"href":"https:\/\/webshop.ingelbeen.be\/fr\/wp-json\/wp\/v2\/product_cat?post=8756"},{"taxonomy":"product_tag","embeddable":true,"href":"https:\/\/webshop.ingelbeen.be\/fr\/wp-json\/wp\/v2\/product_tag?post=8756"}],"curies":[{"name":"wp","href":"https:\/\/api.w.org\/{rel}","templated":true}]}}