{"id":8762,"date":"2024-04-30T13:10:52","date_gmt":"2024-04-30T12:10:52","guid":{"rendered":"https:\/\/ingelbeen.kneet.be\/product\/mobilmet-446\/"},"modified":"2024-06-26T16:14:44","modified_gmt":"2024-06-26T15:14:44","slug":"mobilmet-446","status":"publish","type":"product","link":"https:\/\/webshop.ingelbeen.be\/fr\/produit\/mobilmet-446\/","title":{"rendered":"Mobilmet 446"},"content":{"rendered":"<div class=\"compensation des d\u00e9tails du produit\">\n<div class=\"description de l'attribut du produit\">\n<div class=\"description de la valeur\">\n<p> Les fluides Mobilmet de la s\u00e9rie 440 sont des fluides de coupe droite hautes performances, multiservices et non corrosifs. Ils sont con\u00e7us pour les op\u00e9rations de coupe mod\u00e9r\u00e9es \u00e0 intensives. Ils conviennent \u00e9galement \u00e0 la lubrification des machines-outils et sont utilis\u00e9s comme fluides hydrauliques dans des applications sp\u00e9cifiques. Ils sont formul\u00e9s \u00e0 partir d\u2019huiles de base de haute qualit\u00e9 et d\u2019additifs sans chlore pour assurer des performances efficaces de la machine dans une grande vari\u00e9t\u00e9 d\u2019op\u00e9rations mod\u00e9r\u00e9es \u00e0 s\u00e9v\u00e8res. Ils ne tachent pas les m\u00e9taux ferreux et non ferreux lors de l&rsquo;usinage.\u00a0Les fluides Mobilet s\u00e9rie 440 sont formul\u00e9s pour emp\u00eacher la formation de brouillard d&rsquo;huile \u00e0 proximit\u00e9 de la machine-outil, contribuant ainsi \u00e0 un environnement de travail plus s\u00fbr et plus agr\u00e9able.<\/p><\/div><\/div><\/div>\n<h2>Fonctionnalit\u00e9 et avantages potentiels<\/h2>\n<p> Les fluides Mobilmet de la s\u00e9rie 440 sont con\u00e7us pour une tr\u00e8s grande vari\u00e9t\u00e9 d&rsquo;op\u00e9rations de coupe et d&rsquo;usinage non corrosives allant de mod\u00e9r\u00e9es \u00e0 s\u00e9v\u00e8res. Ils offrent une longue dur\u00e9e de vie, une dur\u00e9e de vie am\u00e9lior\u00e9e des outils et des taux de rebut inf\u00e9rieurs. Ce sont des huiles de coupe polyvalentes qui conviennent \u00e9galement \u00e0 la lubrification des machines-outils et \u00e0 l\u2019utilisation comme fluides hydrauliques. Ces fonctionnalit\u00e9s contribuent \u00e0 minimiser les effets de la contamination crois\u00e9e et \u00e0 r\u00e9duire les co\u00fbts associ\u00e9s aux remplacements de fluides impr\u00e9vus ou \u00e0 la r\u00e9duction des performances des machines et des outils.<\/p>\n<table class=\"table table-ray\u00e9e\">\n <t\u00eate><\/p>\n<tr>\n<th>Fonctionnalit\u00e9s<\/th>\n<th>Avantages et b\u00e9n\u00e9fices potentiels<\/th>\n<\/tr>\n<p> <\/t\u00eate><br \/>\n <corps><\/p>\n<tr>\n<td>Caract\u00e9ristiques multiservices<\/td>\n<td>Probl\u00e8mes de contamination crois\u00e9e r\u00e9duits<\/td>\n<\/tr>\n<tr>\n<td><\/td>\n<td>R\u00e9duction des d\u00e9chets et maintenance r\u00e9duite<\/td>\n<\/tr>\n<tr>\n<td>Non corrosif\/ne tache pas<\/td>\n<td>Qualit\u00e9 am\u00e9lior\u00e9e des mat\u00e9riaux finis<\/td>\n<\/tr>\n<tr>\n<td>Performances d&rsquo;usinage tr\u00e8s efficaces<\/td>\n<td>Dur\u00e9e de vie des outils plus longue et temps d&rsquo;arr\u00eat r\u00e9duits<\/td>\n<\/tr>\n<tr>\n<td><\/td>\n<td>Fin de surface am\u00e9lior\u00e9 et r\u00e9duction des rebuts<\/td>\n<\/tr>\n<tr>\n<td><\/td>\n<td>Augmentation des avances et des vitesses de la machine<\/td>\n<\/tr>\n<tr>\n<td>Caract\u00e9ristiques anti-bu\u00e9e efficaces<\/td>\n<td>Environnement de travail plus propre et plus s\u00fbr<\/td>\n<\/tr>\n<\/tbody>\n<\/table>\n<h2>Applications<\/h2>\n<p> Les fluides Mobilmet s\u00e9rie 440 sont recommand\u00e9s pour une large gamme d&rsquo;op\u00e9rations d&rsquo;usinage mod\u00e9r\u00e9es \u00e0 s\u00e9v\u00e8res sur tous les types de m\u00e9taux. Mobilmet 443 est recommand\u00e9 pour l&rsquo;usinage des m\u00e9taux non ferreux et de leurs alliages, des aciers normaux \u00e0 difficiles \u00e0 usiner, notamment des aciers de c\u00e9mentation, des aciers au carbone et des aciers fortement alli\u00e9s. Mobilmet 446 et Mobilmet 447 sont recommand\u00e9s pour les op\u00e9rations s\u00e9v\u00e8res de taillage d&rsquo;engrenages, de taille et de rasage d&rsquo;engrenages, de meulage d&rsquo;engrenages et de filetages, de fraisage et de brochage.<\/p>\n","protected":false},"excerpt":{"rendered":"<p>Les huiles de la s\u00e9rie Mobilmet 440 sont des huiles de coupe multifonctionnelles, non corrosives et de tr\u00e8s haute performance.<\/p>\n","protected":false},"featured_media":10105,"template":"","meta":{"_acf_changed":false,"inline_featured_image":false},"product_brand":[],"product_cat":[225],"product_tag":[],"class_list":{"0":"post-8762","1":"product","2":"type-product","3":"status-publish","4":"has-post-thumbnail","6":"product_cat-huiles-de-coupe","8":"first","9":"instock","10":"taxable","11":"shipping-taxable","12":"purchasable","13":"product-type-simple"},"acf":[],"_links":{"self":[{"href":"https:\/\/webshop.ingelbeen.be\/fr\/wp-json\/wp\/v2\/product\/8762","targetHints":{"allow":["GET"]}}],"collection":[{"href":"https:\/\/webshop.ingelbeen.be\/fr\/wp-json\/wp\/v2\/product"}],"about":[{"href":"https:\/\/webshop.ingelbeen.be\/fr\/wp-json\/wp\/v2\/types\/product"}],"wp:featuredmedia":[{"embeddable":true,"href":"https:\/\/webshop.ingelbeen.be\/fr\/wp-json\/wp\/v2\/media\/10105"}],"wp:attachment":[{"href":"https:\/\/webshop.ingelbeen.be\/fr\/wp-json\/wp\/v2\/media?parent=8762"}],"wp:term":[{"taxonomy":"product_brand","embeddable":true,"href":"https:\/\/webshop.ingelbeen.be\/fr\/wp-json\/wp\/v2\/product_brand?post=8762"},{"taxonomy":"product_cat","embeddable":true,"href":"https:\/\/webshop.ingelbeen.be\/fr\/wp-json\/wp\/v2\/product_cat?post=8762"},{"taxonomy":"product_tag","embeddable":true,"href":"https:\/\/webshop.ingelbeen.be\/fr\/wp-json\/wp\/v2\/product_tag?post=8762"}],"curies":[{"name":"wp","href":"https:\/\/api.w.org\/{rel}","templated":true}]}}