{"id":8770,"date":"2024-04-30T13:10:52","date_gmt":"2024-04-30T12:10:52","guid":{"rendered":"https:\/\/ingelbeen.kneet.be\/product\/mobilmet-766\/"},"modified":"2024-06-26T16:14:44","modified_gmt":"2024-06-26T15:14:44","slug":"mobilmet-766","status":"publish","type":"product","link":"https:\/\/webshop.ingelbeen.be\/fr\/produit\/mobilmet-766\/","title":{"rendered":"Mobilmet 766"},"content":{"rendered":"<div class=\"compensation des d\u00e9tails du produit\">\n<div class=\"description de l'attribut du produit\">\n<div class=\"description de la valeur\">\n<p> Mobilmet\u2122 s\u00e9rie 760 sont des huiles de coupe pures \u00e0 tr\u00e8s hautes performances. Ils sont sans chlore et sont destin\u00e9s aux op\u00e9rations de coupe s\u00e9v\u00e8res notamment sur les aciers difficiles \u00e0 usiner. Les huiles Mobilmet s\u00e9rie 760 ne sont pas recommand\u00e9es pour une utilisation avec le cuivre et ses alliages en raison de son agressivit\u00e9 envers ces m\u00e9taux jaunes plus mous. En comparaison avec d&rsquo;autres huiles de coupe haut de gamme, les huiles Mobilmet s\u00e9rie 760 ont d\u00e9montr\u00e9 une finition de surface sup\u00e9rieure, une dur\u00e9e de vie prolong\u00e9e de l&rsquo;outil et un contr\u00f4le des ar\u00eates rapport\u00e9es. Leur couleur claire permet de visualiser la zone de travail lors des op\u00e9rations d&rsquo;usinage. Des tol\u00e9rances plus \u00e9troites sont syst\u00e9matiquement atteintes. Les huiles sont formul\u00e9es pour emp\u00eacher la formation de brouillard d&rsquo;huile \u00e0 proximit\u00e9 de la machine-outil, contribuant ainsi \u00e0 un environnement de travail plus s\u00fbr et plus agr\u00e9able.<\/p>\n<p> Gr\u00e2ce \u00e0 des tests de d\u00e9veloppement complets utilisant des \u00e9quipements d&rsquo;usinage modernes et \u00e0 des \u00e9valuations approfondies des clients, les produits Mobilmet de la s\u00e9rie 760 sont devenus les produits de choix pour de nombreux ateliers d&rsquo;usinage.<\/p><\/div><\/div><\/div>\n<h2>Fonctionnalit\u00e9 et avantages potentiels<\/h2>\n<p> La marque de liquides de coupe Mobilmet a acquis au fil des ann\u00e9es une r\u00e9putation bien m\u00e9rit\u00e9e d&rsquo;innovation et de performances exceptionnelles. La s\u00e9rie Mobilmet 760 est un membre important de cette famille avec sa technologie d&rsquo;additifs sans chlore et \u00e0 faible n\u00e9bulisation. Cette approche de formulation donne d&rsquo;excellentes performances dans une large gamme d&rsquo;applications, tout en offrant l&rsquo;avantage environnemental et d&rsquo;\u00e9limination d&rsquo;\u00eatre sans chlore.<\/p>\n<p> Les fonctionnalit\u00e9s suppl\u00e9mentaires et les avantages potentiels des produits Mobilmet 760 incluent\u00a0:<\/p>\n<table class=\"table table-ray\u00e9e\">\n <t\u00eate><\/p>\n<tr>\n<th>Fonctionnalit\u00e9s<\/th>\n<th>Avantages et b\u00e9n\u00e9fices potentiels<\/th>\n<\/tr>\n<p> <\/t\u00eate><br \/>\n <corps><\/p>\n<tr>\n<td>Superbes performances d&rsquo;usinage<\/td>\n<td>Augmentation de la production r\u00e9sultant d&rsquo;une dur\u00e9e de vie plus longue de l&rsquo;outil et d&rsquo;une r\u00e9duction des temps d&rsquo;arr\u00eat pour les changements d&rsquo;outils, d&rsquo;une finition de surface am\u00e9lior\u00e9e, de tol\u00e9rances plus \u00e9troites et d&rsquo;une formation r\u00e9duite d&rsquo;ar\u00eates rapport\u00e9es, ce qui entra\u00eene moins de rebuts<\/td>\n<\/tr>\n<tr>\n<td>Excellent pouvoir lubrifiant<\/td>\n<td>Des pi\u00e8ces plus froides et des vitesses d&rsquo;avance plus \u00e9lev\u00e9es sont possibles pour r\u00e9duire les co\u00fbts d&rsquo;exploitation<\/td>\n<\/tr>\n<tr>\n<td>Large capacit\u00e9 polyvalente<\/td>\n<td>Adaptation \u00e0 une large gamme d&rsquo;op\u00e9rations d&rsquo;usinage s\u00e9v\u00e8res sur aciers difficiles<\/td>\n<\/tr>\n<tr>\n<td>Couleur claire et transparente<\/td>\n<td>Fournit une vue claire de l&rsquo;outil et de la pi\u00e8ce \u00e0 usiner<\/td>\n<\/tr>\n<tr>\n<td>Formulation anti-bu\u00e9e<\/td>\n<td>S\u00e9curit\u00e9 am\u00e9lior\u00e9e sur le lieu de travail<\/td>\n<\/tr>\n<\/tbody>\n<\/table>\n<h2>Applications<\/h2>\n<p> Les Mobilmet s\u00e9rie 760 sont recommand\u00e9es pour les op\u00e9rations de coupe s\u00e9v\u00e8res sur les aciers normaux et difficiles \u00e0 usiner. Les applications sp\u00e9cifiques, par grade, comprennent\u00a0:<\/p>\n<ul>\n<li>Mobilmet 762 est particuli\u00e8rement adapt\u00e9 aux op\u00e9rations de per\u00e7age, de per\u00e7age profond (diam\u00e8tre inf\u00e9rieur \u00e0 20\u00a0mm), de filetage, de taraudage, de tron\u00e7onnage et de tournage automatique de petites pi\u00e8ces<\/li>\n<li>Mobilmet 763 est recommand\u00e9 pour le per\u00e7age de trous profonds (diam\u00e8tre sup\u00e9rieur \u00e0 20\u00a0mm), le per\u00e7age, le taraudage, le filetage, le fraisage, le fa\u00e7onnage d&rsquo;engrenages, le brochage, le tron\u00e7onnage et les op\u00e9rations de tournage automatique<\/li>\n<li>Mobilmet 766 est utilis\u00e9 pour les op\u00e9rations de taraudage, de filetage, de fraisage, de rasage et de fa\u00e7onnage d&rsquo;engrenages, de brochage, de rabotage, de tron\u00e7onnage et de tournage automatique<\/li>\n<\/ul>\n","protected":false},"excerpt":{"rendered":"<p>Les huiles de la s\u00e9rie Mobilmet\u2122 760 sont des huiles de coupe de tr\u00e8s haute performance. Elles sont sans chlore et destin\u00e9es aux op\u00e9rations de coupe s\u00e9v\u00e8res, notamment sur les aciers difficiles \u00e0 usiner.<\/p>\n","protected":false},"featured_media":10105,"template":"","meta":{"_acf_changed":false,"inline_featured_image":false},"product_brand":[],"product_cat":[225],"product_tag":[],"class_list":{"0":"post-8770","1":"product","2":"type-product","3":"status-publish","4":"has-post-thumbnail","6":"product_cat-huiles-de-coupe","8":"first","9":"instock","10":"taxable","11":"shipping-taxable","12":"purchasable","13":"product-type-simple"},"acf":[],"_links":{"self":[{"href":"https:\/\/webshop.ingelbeen.be\/fr\/wp-json\/wp\/v2\/product\/8770","targetHints":{"allow":["GET"]}}],"collection":[{"href":"https:\/\/webshop.ingelbeen.be\/fr\/wp-json\/wp\/v2\/product"}],"about":[{"href":"https:\/\/webshop.ingelbeen.be\/fr\/wp-json\/wp\/v2\/types\/product"}],"wp:featuredmedia":[{"embeddable":true,"href":"https:\/\/webshop.ingelbeen.be\/fr\/wp-json\/wp\/v2\/media\/10105"}],"wp:attachment":[{"href":"https:\/\/webshop.ingelbeen.be\/fr\/wp-json\/wp\/v2\/media?parent=8770"}],"wp:term":[{"taxonomy":"product_brand","embeddable":true,"href":"https:\/\/webshop.ingelbeen.be\/fr\/wp-json\/wp\/v2\/product_brand?post=8770"},{"taxonomy":"product_cat","embeddable":true,"href":"https:\/\/webshop.ingelbeen.be\/fr\/wp-json\/wp\/v2\/product_cat?post=8770"},{"taxonomy":"product_tag","embeddable":true,"href":"https:\/\/webshop.ingelbeen.be\/fr\/wp-json\/wp\/v2\/product_tag?post=8770"}],"curies":[{"name":"wp","href":"https:\/\/api.w.org\/{rel}","templated":true}]}}