{"id":8774,"date":"2024-04-30T13:10:52","date_gmt":"2024-04-30T12:10:52","guid":{"rendered":"https:\/\/ingelbeen.kneet.be\/product\/mobilsol-pm\/"},"modified":"2024-06-26T16:14:45","modified_gmt":"2024-06-26T15:14:45","slug":"mobilsol-pm","status":"publish","type":"product","link":"https:\/\/webshop.ingelbeen.be\/fr\/produit\/mobilsol-pm\/","title":{"rendered":"Mobilsol PM"},"content":{"rendered":"<div class=\"compensation des d\u00e9tails du produit\">\n<div class=\"description de l'attribut du produit\">\n<div class=\"description de la valeur\">\n<p> Mobilsol PM est un fluide synth\u00e9tique hautement d\u00e9tergent et dispersant qui, lorsqu&rsquo;il est ajout\u00e9 \u00e0 l&rsquo;huile dans les syst\u00e8mes hydrauliques, les machines \u00e0 papier ou les syst\u00e8mes de circulation g\u00e9n\u00e9rale, aidera \u00e0 lib\u00e9rer et \u00e0 maintenir en suspension les produits d&rsquo;oxydation de l&rsquo;huile gommeuse et les mati\u00e8res insolubles. Un nettoyage efficace du syst\u00e8me des d\u00e9p\u00f4ts accumul\u00e9s au fil du temps dans les r\u00e9servoirs et les canalisations peut donc \u00eatre obtenu, conduisant \u00e0 la r\u00e9cup\u00e9ration de l&rsquo;efficacit\u00e9 de fonctionnement d&rsquo;origine du syst\u00e8me et \u00e0 une meilleure protection des \u00e9quipements.<\/p><\/div><\/div><\/div>\n<h2>Fonctionnalit\u00e9 et avantages potentiels<\/h2>\n<p> Mobilsol PM offre les avantages suivants :<\/p>\n<table class=\"table table-ray\u00e9e\">\n <t\u00eate><\/p>\n<tr>\n<th>Fonctionnalit\u00e9s<\/th>\n<th>Avantages et b\u00e9n\u00e9fices potentiels<\/th>\n<\/tr>\n<p> <\/t\u00eate><br \/>\n <corps><\/p>\n<tr>\n<td>Point d&rsquo;\u00e9clair plus \u00e9lev\u00e9 que celui des solvants \u00e0 base de p\u00e9trole \u00e0 viscosit\u00e9 l\u00e9g\u00e8re<\/td>\n<td>Peut \u00eatre ajout\u00e9 aux syst\u00e8mes sans arr\u00eat. Le temps d&rsquo;arr\u00eat est limit\u00e9 aux op\u00e9rations de drainage et de remplissage<\/td>\n<\/tr>\n<tr>\n<td>Exempt de mat\u00e9riaux corrosifs Effet limit\u00e9 sur les joints m\u00eame \u00e0 des temp\u00e9ratures de fonctionnement \u00e9lev\u00e9es<\/td>\n<td>Ne n\u00e9cessite aucune pr\u00e9caution particuli\u00e8re pour le stockage ou l&rsquo;utilisation<\/td>\n<\/tr>\n<tr>\n<td>Haut niveau de d\u00e9tergent<\/td>\n<td>Nettoie les syst\u00e8mes encrass\u00e9s en favorisant l&rsquo;\u00e9limination des d\u00e9p\u00f4ts \u00e9trangers, des mati\u00e8res carbon\u00e9es et des boues<\/td>\n<\/tr>\n<tr>\n<td>Niveau \u00e9lev\u00e9 de dispersance<\/td>\n<td>Retient la contamination en suspension pour faciliter son \u00e9limination dans les filtres. Le nettoyage des syst\u00e8mes de circulation contribue \u00e0 am\u00e9liorer l&rsquo;efficacit\u00e9 op\u00e9rationnelle et \u00e0 prolonger la dur\u00e9e de vie de l&rsquo;\u00e9quipement<\/td>\n<\/tr>\n<\/tbody>\n<\/table>\n<h2>Applications<\/h2>\n<p> Mobilsol PM doit \u00eatre utilis\u00e9 conform\u00e9ment aux instructions suivantes ou une recommandation doit \u00eatre demand\u00e9e au service technique Mobil\u00a0:<\/p>\n<p> Introduire Mobilsol PM dans un syst\u00e8me contamin\u00e9 progressivement par incr\u00e9ments de 1\u00a0% en fonction du volume total du syst\u00e8me (maximum \u00e0 utiliser 4\u00a0%).<br \/>\n Faire circuler le m\u00e9lange lubrifiant sale \/ Mobilsol PM pendant 3 \u00e0 10 jours ouvrables en v\u00e9rifiant r\u00e9guli\u00e8rement l&rsquo;\u00e9tat de tous les filtres. Un \u00e9quipement de filtration suppl\u00e9mentaire peut \u00eatre n\u00e9cessaire lorsque le bon fonctionnement du syst\u00e8me pourrait \u00eatre affect\u00e9 par la lib\u00e9ration de quantit\u00e9s \u00e9lev\u00e9es de d\u00e9p\u00f4ts. La surveillance de l\u2019\u00e9tat du p\u00e9trole peut \u00eatre utile pour surveiller le niveau des d\u00e9p\u00f4ts ramass\u00e9s dans le p\u00e9trole.<br \/>\n Vidangez le syst\u00e8me lorsqu&rsquo;il est chaud et rincez avec un petit volume (10\u00a0% du volume du syst\u00e8me ou moins) du nouveau produit introduit.<br \/>\n Remplacez tous les filtres, cartouches, etc. et remplissez avec de l&rsquo;huile de circulation neuve.<\/p>\n<p> Lorsque les fabricants de pompes ou de roulements sp\u00e9cifient une viscosit\u00e9 maximale pour une op\u00e9ration particuli\u00e8re, le changement de viscosit\u00e9 provoqu\u00e9 par l&rsquo;ajout de Mobilsol PM doit \u00eatre calcul\u00e9 \u00e0 partir des tableaux de m\u00e9lange. Dans certains cas, il peut \u00eatre n\u00e9cessaire de m\u00e9langer Mobilsol PM avec une huile de plus faible viscosit\u00e9 avant de l&rsquo;ajouter au fluide utilis\u00e9.<\/p>\n<p> Note:<br \/>\n Ne pas utiliser Mobilsol PM dans des machines-outils \u00e0 commande num\u00e9rique ou des syst\u00e8mes de servovalves sans consid\u00e9ration technique particuli\u00e8re. Dans tous les syst\u00e8mes int\u00e9grant des servovalves sensibles, m\u00eame de tr\u00e8s petites particules de salet\u00e9 introduites avec le m\u00e9lange solvant\/fluide ou d\u00e9log\u00e9es par celui-ci peuvent interf\u00e9rer avec le fonctionnement de la vanne. Le nettoyage des syst\u00e8mes hydrauliques int\u00e9grant des servovalves doit \u00eatre effectu\u00e9 dans le strict respect des instructions des constructeurs.<\/p>\n<p> Mobilsol PM est recommand\u00e9 pour les applications suivantes\u00a0:<\/p>\n<ul>\n<li>Nettoyage des syst\u00e8mes de circulation d&rsquo;huile en service\u00a0: syst\u00e8mes de lubrification des machines \u00e0 papier, syst\u00e8mes hydrauliques, syst\u00e8mes de chauffage ouverts fonctionnant en dessous de 140\u00a0\u00b0C, syst\u00e8mes de circulation g\u00e9n\u00e9rale lubrifiant les engrenages et les roulements.<\/li>\n<li>Dans les syst\u00e8mes de chauffage ferm\u00e9s, les temp\u00e9ratures de fonctionnement maximales du fluide d\u00e9pendent de la dur\u00e9e d&rsquo;exposition \u00e0 des temp\u00e9ratures plus \u00e9lev\u00e9es (qui peuvent varier en raison de la conception du syst\u00e8me, des d\u00e9bits, etc.). Veuillez consulter le fabricant de votre \u00e9quipement d&rsquo;origine pour garantir un bon fonctionnement. De plus, les conditions suivantes sont recommand\u00e9es\u00a0: 1) Maintenir un flux turbulent \u00e0 travers le r\u00e9chauffeur avec un nombre de Reynolds sup\u00e9rieur \u00e0 10 000\u00a0; 2) prendre des mesures (selon les directives du fabricant du r\u00e9chauffeur) pour \u00e9viter les zones localis\u00e9es de flux thermique \u00e9lev\u00e9, ce qui peut conduire \u00e0 des temp\u00e9ratures cutan\u00e9es localement \u00e9lev\u00e9es dans le r\u00e9chauffeur provoquant une d\u00e9gradation thermique du fluide\u00a0; 3) couverture d&rsquo;azote pour minimiser l&rsquo;exposition du fluide \u00e0 l&rsquo;oxyg\u00e8ne et la formation de composants oxyd\u00e9s.<\/li>\n<li>Nettoyage au pinceau ou par trempage des pi\u00e8ces de machine, des engrenages et des roulements<\/li>\n<\/ul>\n","protected":false},"excerpt":{"rendered":"<p>Mobilsol PM est un agent de nettoyage et de dispersion synth\u00e9tique puissant qui est ajout\u00e9 \u00e0 l&rsquo;huile dans les syst\u00e8mes hydrauliques, les machines \u00e0 papier ou les syst\u00e8mes de circulation g\u00e9n\u00e9rale. Le produit aide \u00e0 d\u00e9tacher les mat\u00e9riaux insolubles et les produits gommeux form\u00e9s par l&rsquo;oxydation de l&rsquo;huile et les maintient en suspension dans le fluide.<\/p>\n","protected":false},"featured_media":0,"template":"","meta":{"_acf_changed":false,"inline_featured_image":false},"product_brand":[],"product_cat":[183],"product_tag":[],"class_list":{"0":"post-8774","1":"product","2":"type-product","3":"status-publish","5":"product_cat-divers","7":"first","8":"instock","9":"taxable","10":"shipping-taxable","11":"purchasable","12":"product-type-simple"},"acf":[],"_links":{"self":[{"href":"https:\/\/webshop.ingelbeen.be\/fr\/wp-json\/wp\/v2\/product\/8774","targetHints":{"allow":["GET"]}}],"collection":[{"href":"https:\/\/webshop.ingelbeen.be\/fr\/wp-json\/wp\/v2\/product"}],"about":[{"href":"https:\/\/webshop.ingelbeen.be\/fr\/wp-json\/wp\/v2\/types\/product"}],"wp:attachment":[{"href":"https:\/\/webshop.ingelbeen.be\/fr\/wp-json\/wp\/v2\/media?parent=8774"}],"wp:term":[{"taxonomy":"product_brand","embeddable":true,"href":"https:\/\/webshop.ingelbeen.be\/fr\/wp-json\/wp\/v2\/product_brand?post=8774"},{"taxonomy":"product_cat","embeddable":true,"href":"https:\/\/webshop.ingelbeen.be\/fr\/wp-json\/wp\/v2\/product_cat?post=8774"},{"taxonomy":"product_tag","embeddable":true,"href":"https:\/\/webshop.ingelbeen.be\/fr\/wp-json\/wp\/v2\/product_tag?post=8774"}],"curies":[{"name":"wp","href":"https:\/\/api.w.org\/{rel}","templated":true}]}}