{"id":8776,"date":"2024-04-30T13:10:52","date_gmt":"2024-04-30T12:10:52","guid":{"rendered":"https:\/\/ingelbeen.kneet.be\/product\/mobiltac-375-nc\/"},"modified":"2024-06-26T16:14:45","modified_gmt":"2024-06-26T15:14:45","slug":"mobiltac-375-nc","status":"publish","type":"product","link":"https:\/\/webshop.ingelbeen.be\/fr\/produit\/mobiltac-375-nc\/","title":{"rendered":"Mobiltac 375 NC"},"content":{"rendered":"<div class=\"compensation des d\u00e9tails du produit\">\n<div class=\"description de l'attribut du produit\">\n<div class=\"description de la valeur\">\n<p> Lubrifiants \u00e0 corps lourd pour engrenages ouverts Mobiltac 375 NC, 325 NC et 275 NC, sans plomb, de type diluant, tr\u00e8s hautes performances, con\u00e7us pour une grande vari\u00e9t\u00e9 d&rsquo;applications d&rsquo;engrenages ouverts et d&rsquo;exploitation mini\u00e8re. Ils contiennent un solvant volatil non chlor\u00e9 qui assure une fluidit\u00e9 lors de l&rsquo;application, m\u00eame \u00e0 basse temp\u00e9rature. Une fois appliqu\u00e9, le diluant s&rsquo;\u00e9vapore et les lubrifiants acqui\u00e8rent une consistance souple, adh\u00e9sive et tr\u00e8s r\u00e9sistante qui se maintient tout au long de leur dur\u00e9e de vie. Mobiltac 375 NC, 325 NC et 275NC adh\u00e8rent fortement aux dents des engrenages et autres \u00e9l\u00e9ments de la machine pour r\u00e9sister aux projections excessives, fournissant ainsi un film continu, visqueux et r\u00e9sistant \u00e0 l&rsquo;usure qui lubrifie bien dans des conditions limites. Mobiltac 275 NC contient \u00e9galement un additif EP\/anti-usure en phase solide pour une protection suppl\u00e9mentaire de l&rsquo;\u00e9quipement.<\/p>\n<p> Mobiltac 375 NC, 325 NC et Mobiltac 275NC ne durciront pas, ne s&rsquo;\u00e9cailleront pas et ne s&rsquo;\u00e9cailleront pas par temps froid, sont auto-cicatrisants et ne forment pas d&rsquo;accumulation dure dans les racines des dents d&rsquo;engrenage. Les gouttes et les rejets sont minimes et les lubrifiants se nettoient facilement avec un chiffon imbib\u00e9 de solvant. Les lubrifiants offrent une r\u00e9sistance \u00e0 la pluie, \u00e0 la neige et au lavage \u00e0 l\u2019eau de proc\u00e9d\u00e9. Leurs points d\u2019\u00e9clair minimisent les risques d\u2019incendie. Ces lubrifiants pour engrenages et mines de nouvelle g\u00e9n\u00e9ration s\u2019appliquent facilement \u00e0 la main ou par des distributeurs automatiques. La technologie Mobiltac NC est rapidement devenue l&rsquo;une des pr\u00e9f\u00e9r\u00e9es de nombreux utilisateurs d&rsquo;engins ouverts et exploitants miniers du monde entier.<\/p><\/div><\/div><\/div>\n<h2>Fonctionnalit\u00e9 et avantages potentiels<\/h2>\n<p> La s\u00e9rie de produits Mobiltac NC constitue l&rsquo;avanc\u00e9e technologique la plus r\u00e9cente de la marque Mobiltac, utilis\u00e9e avec beaucoup de succ\u00e8s dans les applications mini\u00e8res \u00e0 ciel ouvert et autres applications mini\u00e8res depuis plusieurs d\u00e9cennies. Ces nouveaux produits technologiques offrent des avantages environnementaux et de performance consid\u00e9rablement am\u00e9lior\u00e9s par rapport aux anciennes technologies de type diluant. Ils offrent les fonctionnalit\u00e9s et avantages potentiels suivants\u00a0:<\/p>\n<table class=\"table table-ray\u00e9e\">\n <t\u00eate><\/p>\n<tr>\n<th>Fonctionnalit\u00e9s<\/th>\n<th>Avantages et b\u00e9n\u00e9fices potentiels<\/th>\n<\/tr>\n<p> <\/t\u00eate><br \/>\n <corps><\/p>\n<tr>\n<td>Excellente protection des dents d&rsquo;engrenage et d&rsquo;autres \u00e9l\u00e9ments de machine dans des conditions limites de lubrification<\/td>\n<td>Moins d&rsquo;usure et de pannes d&rsquo;\u00e9quipement\u00a0; co\u00fbts de remplacement, d&rsquo;arr\u00eat et de maintenance r\u00e9duits<\/td>\n<\/tr>\n<tr>\n<td>Excellente pompabilit\u00e9 \u00e0 basse temp\u00e9rature<\/td>\n<td>D\u00e9marrage facile \u00e0 basse temp\u00e9rature ambiante et \u00e9vite les co\u00fbts de pr\u00e9chauffage<\/td>\n<\/tr>\n<tr>\n<td>Excellente r\u00e9sistance au lavage \u00e0 l&rsquo;eau<\/td>\n<td>Maintient une superbe protection dans les environnements humides\u00a0; moins de temps d&rsquo;arr\u00eat impr\u00e9vus<\/td>\n<\/tr>\n<tr>\n<td>Rejets et gouttes minimes<\/td>\n<td>Moins de gaspillage de produits et de co\u00fbts pour les nouveaux produits<\/td>\n<\/tr>\n<tr>\n<td>Pas d&rsquo;\u00e9caillage ou d&rsquo;\u00e9caillage \u00e0 basse temp\u00e9rature<\/td>\n<td>Maintient le film lubrifiant protecteur \u00e0 basse temp\u00e9rature<\/td>\n<\/tr>\n<tr>\n<td>Facile \u00e0 nettoyer avec des chiffons et des solvants ou liquides de nettoyage classiques<\/td>\n<td>S\u00e9curit\u00e9 am\u00e9lior\u00e9e et co\u00fbts de maintenance r\u00e9duits<\/td>\n<\/tr>\n<\/tbody>\n<\/table>\n<h2>Applications<\/h2>\n<p> Mobiltac 375 NC, 325 NC et Mobiltac 275NC sont con\u00e7us pour \u00eatre utilis\u00e9s dans une grande vari\u00e9t\u00e9 d&rsquo;applications d&rsquo;engrenages ouverts et d&rsquo;exploitation mini\u00e8re\u00a0:<\/p>\n<ul>\n<li>Mobiltac 375 NC, contenant une huile de base \u00e0 haute viscosit\u00e9, est recommand\u00e9 pour la lubrification des engrenages ouverts tr\u00e8s charg\u00e9s, y compris ceux qui fonctionnent \u00e0 haute temp\u00e9rature, par exemple les couronnes dent\u00e9es des fours \u00e0 ciment et les grands engrenages des broyeurs de minerai. <\/li>\n<li>Mobiltac 325 NC est recommand\u00e9 pour les m\u00eames applications que Mobiltac 375 NC. Il contient plus de diluant et a une viscosit\u00e9 plus faible pour faciliter son application \u00e0 des temp\u00e9ratures plus fra\u00eeches<\/li>\n<li>Mobiltac 275 NC est con\u00e7u pour \u00eatre utilis\u00e9 comme lubrifiant pour les pelles de mines et de carri\u00e8res, les draglines et les \u00e9quipements associ\u00e9s\u00a0; \u00e9galement des engrenages ouverts, des cr\u00e9maill\u00e8res et des pignons, des engrenages pivotants, des fl\u00e8ches et des b\u00e2tons<\/li>\n<li>La temp\u00e9rature de fonctionnement minimale pour Mobiltac 325\u00a0NC est de -18\u00a0\u00b0C, 375\u00a0NC est de -1\u00a0\u00b0C et 275\u00a0NC est de -9\u00a0\u00b0C<\/li>\n<\/ul>\n","protected":false},"excerpt":{"rendered":"<p>Mobiltac 375 NC, 325 NC et 275 NC sont des lubrifiants pour engrenages ouverts de tr\u00e8s haute qualit\u00e9, sans plomb, contenant des solvants pour une large gamme d&rsquo;applications industrielles et mini\u00e8res.<\/p>\n","protected":false},"featured_media":0,"template":"","meta":{"_acf_changed":false,"inline_featured_image":false},"product_brand":[],"product_cat":[216],"product_tag":[],"class_list":{"0":"post-8776","1":"product","2":"type-product","3":"status-publish","5":"product_cat-huiles-pour-engrenages","7":"first","8":"instock","9":"taxable","10":"shipping-taxable","11":"purchasable","12":"product-type-simple"},"acf":[],"_links":{"self":[{"href":"https:\/\/webshop.ingelbeen.be\/fr\/wp-json\/wp\/v2\/product\/8776","targetHints":{"allow":["GET"]}}],"collection":[{"href":"https:\/\/webshop.ingelbeen.be\/fr\/wp-json\/wp\/v2\/product"}],"about":[{"href":"https:\/\/webshop.ingelbeen.be\/fr\/wp-json\/wp\/v2\/types\/product"}],"wp:attachment":[{"href":"https:\/\/webshop.ingelbeen.be\/fr\/wp-json\/wp\/v2\/media?parent=8776"}],"wp:term":[{"taxonomy":"product_brand","embeddable":true,"href":"https:\/\/webshop.ingelbeen.be\/fr\/wp-json\/wp\/v2\/product_brand?post=8776"},{"taxonomy":"product_cat","embeddable":true,"href":"https:\/\/webshop.ingelbeen.be\/fr\/wp-json\/wp\/v2\/product_cat?post=8776"},{"taxonomy":"product_tag","embeddable":true,"href":"https:\/\/webshop.ingelbeen.be\/fr\/wp-json\/wp\/v2\/product_tag?post=8776"}],"curies":[{"name":"wp","href":"https:\/\/api.w.org\/{rel}","templated":true}]}}