{"id":8786,"date":"2024-04-30T13:10:52","date_gmt":"2024-04-30T12:10:52","guid":{"rendered":"https:\/\/ingelbeen.kneet.be\/product\/mobiltemp-shc-100-4\/"},"modified":"2024-06-26T16:14:45","modified_gmt":"2024-06-26T15:14:45","slug":"mobiltemp-shc-100-4","status":"publish","type":"product","link":"https:\/\/webshop.ingelbeen.be\/fr\/produit\/mobiltemp-shc-100-4\/","title":{"rendered":"Mobiltemp SHC 100"},"content":{"rendered":"<div class=\"compensation des d\u00e9tails du produit\">\n<div class=\"description de l'attribut du produit\">\n<div class=\"description de la valeur\">\n<p> Les produits de la s\u00e9rie Mobiltemp SHC\u2122 sont des graisses anti-usure aux performances supr\u00eames principalement destin\u00e9es aux applications \u00e0 haute temp\u00e9rature. Ils combinent les caract\u00e9ristiques uniques des fluides de base synth\u00e9tiques polyalphaol\u00e9fines (PAO) avec celles d\u2019un \u00e9paississant organo-argileux sans savon. L&rsquo;excellente r\u00e9sistance \u00e0 la d\u00e9gradation thermique\/oxydative fournie par la base PAO, associ\u00e9e \u00e0 l&rsquo;excellente stabilit\u00e9 structurelle \u00e0 haute temp\u00e9rature et au point de goutte \u00e9lev\u00e9 de l&rsquo;\u00e9paississant \u00e0 base d&rsquo;argile, donne des graisses \u00e0 haute temp\u00e9rature exceptionnelles. La nature sans cire du fluide de base synth\u00e9tique et son indice de viscosit\u00e9 \u00e9lev\u00e9 offrent \u00e9galement une lubrification sup\u00e9rieure \u00e0 basse temp\u00e9rature ainsi qu&rsquo;une excellente protection du film \u00e0 haute temp\u00e9rature.<\/p>\n<p> \u00c9tant donn\u00e9 que l&rsquo;huile de base PAO a de faibles propri\u00e9t\u00e9s de traction (par rapport \u00e0 l&rsquo;huile min\u00e9rale), la s\u00e9rie Mobiltemp SHC offre \u00e9galement un potentiel d&rsquo;\u00e9conomies d&rsquo;\u00e9nergie gr\u00e2ce \u00e0 une friction et un couple r\u00e9duits, ainsi qu&rsquo;\u00e0 des temp\u00e9ratures r\u00e9duites dans la zone de charge des roulements. La s\u00e9rie Mobiltemp SHC est disponible en trois produits\u00a0: Mobiltemp SHC 32 est un grade NLGI 1 1\/2 avec une huile de base ISO VG 32\u00a0; Mobiltemp SHC 100 est un grade NLGI 2 avec une huile de base ISO VG 100\u00a0; Mobiltemp SHC 460 Special est un grade NLGI 1 avec une huile de base ISO VG 460, plus du bisulfure de molybd\u00e8ne pour une protection suppl\u00e9mentaire contre l&rsquo;usure.<\/p>\n<p> La s\u00e9rie de graisses Mobiltemp SHC est utilis\u00e9e dans de nombreuses applications \u00e0 haute temp\u00e9rature, ainsi que dans les applications o\u00f9 le couple de d\u00e9marrage ou de fonctionnement \u00e0 basse temp\u00e9rature est important. Ils offrent une excellente dur\u00e9e de vie de la graisse \u00e0 haute temp\u00e9rature et offrent des p\u00e9riodes de relubrification prolong\u00e9es et un potentiel d&rsquo;\u00e9conomie d&rsquo;\u00e9nergie.<\/p>\n<p> Les graisses Mobiltemp s\u00e9rie SHC sont devenues les produits de choix pour de nombreux utilisateurs, dans de nombreuses industries \u00e0 travers le monde. Leur r\u00e9putation repose sur une tr\u00e8s large plage de temp\u00e9ratures d\u2019application et sur leurs excellentes performances globales.<\/p><\/div><\/div><\/div>\n<h2>Fonctionnalit\u00e9 et avantages potentiels<\/h2>\n<p> La marque d&rsquo;huiles et de graisses Mobil SHC est reconnue et appr\u00e9ci\u00e9e dans le monde entier pour son innovation et ses performances exceptionnelles. Ces produits synth\u00e9tiques PAO de conception mol\u00e9culaire, mis au point par les chercheurs scientifiques d&rsquo;ExxonMobil, symbolisent l&rsquo;engagement continu \u00e0 utiliser une technologie de pointe pour fournir des produits exceptionnels. Un facteur cl\u00e9 dans le d\u00e9veloppement de la s\u00e9rie Mobiltemp SHC a \u00e9t\u00e9 le contact \u00e9troit entre nos scientifiques et sp\u00e9cialistes des applications avec les principaux fabricants d&rsquo;\u00e9quipement d&rsquo;origine (OEM) pour garantir que nos offres de produits fourniraient des performances exceptionnelles dans les conceptions d&rsquo;\u00e9quipements industriels en constante \u00e9volution.<\/p>\n<p> Notre travail avec les constructeurs d&rsquo;\u00e9quipements a permis de confirmer les r\u00e9sultats de nos propres tests en laboratoire d\u00e9montrant les performances exceptionnelles des lubrifiants Mobiltemp s\u00e9rie SHC. Ces avantages incluent d&rsquo;excellentes performances \u00e0 haute temp\u00e9rature, notamment l&rsquo;int\u00e9grit\u00e9 de l&rsquo;\u00e9paississant et la dur\u00e9e de vie de l&rsquo;oxydation, ainsi qu&rsquo;une protection et une dur\u00e9e de vie am\u00e9lior\u00e9es des roulements.<\/p>\n<p> Pour lutter contre l&rsquo;exposition thermique \u00e9lev\u00e9e de l&rsquo;huile, nos scientifiques en formulation de produits ont choisi les huiles de base synth\u00e9tiques PAO pour les huiles de la s\u00e9rie Mobiltemp SHC en raison de leur potentiel exceptionnel de r\u00e9sistance thermique\/oxydative. Nos formulateurs ont utilis\u00e9 un \u00e9paississant argileux sp\u00e9cial pour offrir une excellente stabilit\u00e9 structurelle et un point de goutte \u00e9lev\u00e9. Les graisses Mobiltemp s\u00e9rie SHC offrent les avantages suivants\u00a0:<\/p>\n<table class=\"table table-ray\u00e9e\">\n <t\u00eate><\/p>\n<tr>\n<th>Fonctionnalit\u00e9s<\/th>\n<th>Avantages et b\u00e9n\u00e9fices potentiels<\/th>\n<\/tr>\n<p> <\/t\u00eate><br \/>\n <corps><\/p>\n<tr>\n<td>Performances exceptionnelles \u00e0 haute et basse temp\u00e9rature<\/td>\n<td>Temps d&rsquo;arr\u00eat r\u00e9duits et co\u00fbts de maintenance r\u00e9duits<\/td>\n<\/tr>\n<tr>\n<td>Excellente r\u00e9sistance \u00e0 l&rsquo;oxydation et maintien de la structure de la graisse \u00e0 haute temp\u00e9rature<\/td>\n<td>Dur\u00e9e de vie prolong\u00e9e avec des intervalles plus longs entre les relubrifications<\/td>\n<\/tr>\n<tr>\n<td>Faible coefficient de traction<\/td>\n<td>Potentiel de consommation d&rsquo;\u00e9nergie r\u00e9duit<\/td>\n<\/tr>\n<tr>\n<td>Pompabilit\u00e9 exceptionnelle \u00e0 basse temp\u00e9rature<\/td>\n<td>D\u00e9marrage plus facile \u00e0 basse temp\u00e9rature et couple de fonctionnement r\u00e9duit<\/td>\n<\/tr>\n<tr>\n<td>Tr\u00e8s bonne protection antiusure<\/td>\n<td>Dur\u00e9e de vie prolong\u00e9e des roulements, r\u00e9duction des temps d&rsquo;arr\u00eat impr\u00e9vus<\/td>\n<\/tr>\n<\/tbody>\n<\/table>\n<h2>Applications<\/h2>\n<p> Les graisses Mobiltemp SHC offrent une excellente dur\u00e9e de vie de la graisse \u00e0 haute temp\u00e9rature, une protection des roulements et une int\u00e9grit\u00e9 de la graisse ainsi qu&rsquo;une excellente capacit\u00e9 \u00e0 basse temp\u00e9rature et une bonne protection contre l&rsquo;usure. Les applications sp\u00e9cifiques incluent\u00a0:<\/p>\n<ul>\n<li>Pour Mobiltemp SHC 32<\/li>\n<li>Roulements \u00e0 billes et \u00e0 rouleaux scell\u00e9s ou remballables<\/li>\n<li>Cannelures, vis et certains engrenages ferm\u00e9s<\/li>\n<li>Applications \u00e0 temp\u00e9ratures extr\u00eames avec une plage de temp\u00e9ratures de fonctionnement recommand\u00e9e de -50\u00a0\u00b0\u00a0C \u00e0 180\u00a0\u00b0\u00a0C (avec des intervalles de relubrification appropri\u00e9s).<\/li>\n<li>Pour Mobiltemp SHC 100<\/li>\n<li>Roulements et but\u00e9es \u00e0 grande vitesse pour lesquels une large plage de temp\u00e9ratures est souhait\u00e9e<\/li>\n<li>Il est particuli\u00e8rement adapt\u00e9 \u00e0 une utilisation dans les roulements de moteurs \u00e9lectriques o\u00f9 les conditions de fonctionnement exigent une friction r\u00e9duite, une faible usure et une longue dur\u00e9e de vie<\/li>\n<li>Applications \u00e0 temp\u00e9ratures extr\u00eames avec une plage de temp\u00e9ratures de fonctionnement recommand\u00e9e de -50\u00a0\u00b0\u00a0C \u00e0 200\u00a0\u00b0\u00a0C (avec des intervalles de relubrification appropri\u00e9s).<\/li>\n<li>Pour Mobiltemp SHC 460 sp\u00e9cial<\/li>\n<li>La pr\u00e9sence de bisulfure de molybd\u00e8ne le rend particuli\u00e8rement adapt\u00e9 \u00e0 la lubrification des \u00e9l\u00e9ments de machines coulissantes tels que les cames et les chemins, qui sont soumis \u00e0 de longs intervalles de relubrification, \u00e0 des mouvements limit\u00e9s ou \u00e0 des charges de choc.<\/li>\n<li>Convoyeur de four ou roulements de four soumis \u00e0 des temp\u00e9ratures \u00e9lev\u00e9es ou alternant entre des temp\u00e9ratures \u00e9lev\u00e9es et normales<\/li>\n<li>Applications \u00e0 temp\u00e9ratures extr\u00eames avec une plage de temp\u00e9ratures de fonctionnement recommand\u00e9e de -40\u00a0\u00b0\u00a0C \u00e0 180\u00a0\u00b0\u00a0C (avec des intervalles de relubrification appropri\u00e9s).<\/li>\n<\/ul>\n","protected":false},"excerpt":{"rendered":"<p>Les graisses de la s\u00e9rie Mobiltemp SHC\u2122 sont des graisses anti-usure de haute qualit\u00e9, particuli\u00e8rement adapt\u00e9es aux applications \u00e0 haute temp\u00e9rature. La combinaison des propri\u00e9t\u00e9s uniques d&rsquo;une huile de base synth\u00e9tique PAO avec celles d&rsquo;un \u00e9paississant d&rsquo;argile organique (bentonite) offre une excellente r\u00e9sistance \u00e0 la d\u00e9gradation thermique (oxydation), une stabilit\u00e9 \u00e0 haute temp\u00e9rature de la structure de la graisse et un point de goutte \u00e9lev\u00e9.<\/p>\n","protected":false},"featured_media":0,"template":"","meta":{"_acf_changed":false,"inline_featured_image":false},"product_brand":[],"product_cat":[217],"product_tag":[],"class_list":{"0":"post-8786","1":"product","2":"type-product","3":"status-publish","5":"product_cat-graisses","7":"first","8":"instock","9":"taxable","10":"shipping-taxable","11":"purchasable","12":"product-type-simple"},"acf":[],"_links":{"self":[{"href":"https:\/\/webshop.ingelbeen.be\/fr\/wp-json\/wp\/v2\/product\/8786","targetHints":{"allow":["GET"]}}],"collection":[{"href":"https:\/\/webshop.ingelbeen.be\/fr\/wp-json\/wp\/v2\/product"}],"about":[{"href":"https:\/\/webshop.ingelbeen.be\/fr\/wp-json\/wp\/v2\/types\/product"}],"wp:attachment":[{"href":"https:\/\/webshop.ingelbeen.be\/fr\/wp-json\/wp\/v2\/media?parent=8786"}],"wp:term":[{"taxonomy":"product_brand","embeddable":true,"href":"https:\/\/webshop.ingelbeen.be\/fr\/wp-json\/wp\/v2\/product_brand?post=8786"},{"taxonomy":"product_cat","embeddable":true,"href":"https:\/\/webshop.ingelbeen.be\/fr\/wp-json\/wp\/v2\/product_cat?post=8786"},{"taxonomy":"product_tag","embeddable":true,"href":"https:\/\/webshop.ingelbeen.be\/fr\/wp-json\/wp\/v2\/product_tag?post=8786"}],"curies":[{"name":"wp","href":"https:\/\/api.w.org\/{rel}","templated":true}]}}