{"id":8794,"date":"2024-04-30T13:10:51","date_gmt":"2024-04-30T12:10:51","guid":{"rendered":"https:\/\/ingelbeen.kneet.be\/product\/mobilgrease-xtc\/"},"modified":"2024-06-26T16:14:41","modified_gmt":"2024-06-26T15:14:41","slug":"mobilgrease-xtc","status":"publish","type":"product","link":"https:\/\/webshop.ingelbeen.be\/fr\/produit\/mobilgrease-xtc\/","title":{"rendered":"Mobilgrease XTC"},"content":{"rendered":"<div class=\"compensation des d\u00e9tails du produit\">\n<div class=\"description de l'attribut du produit\">\n<div class=\"description de la valeur\">\n<p> Mobilgrease XTC est un produit tr\u00e8s haute performance con\u00e7u pour \u00eatre utilis\u00e9 dans les applications de couplage \u00e0 grande vitesse. Il est fabriqu\u00e9 avec une huile de base min\u00e9rale s\u00e9lectionn\u00e9e \u00e0 haute viscosit\u00e9 et un ensemble d&rsquo;additifs extr\u00eamement efficaces et robustes. Mobilgrease XTC est formul\u00e9 pour offrir un faible ressuage ainsi qu&rsquo;une stabilit\u00e9 \u00e0 haute temp\u00e9rature, propri\u00e9t\u00e9s essentielles \u00e0 la lubrification et \u00e0 la protection des accouplements modernes. L&rsquo;huile de base et l&rsquo;ensemble d&rsquo;additifs extr\u00eame pression (EP)\/anti-usure (AW) r\u00e9duisent l&rsquo;usure par friction due au contact des dents coulissantes, offrant ainsi une protection contre la rouille et la corrosion, ainsi qu&rsquo;une stabilit\u00e9 \u00e0 haute temp\u00e9rature pour ce produit de pointe.<\/p>\n<p> Les chercheurs d&rsquo;ExxonMobil ont formul\u00e9 Mobilgrease XTC pour r\u00e9pondre ou d\u00e9passer les exigences des accouplements modernes \u00e0 engrenages et grilles \u00e0 grande vitesse, y compris les sp\u00e9cifications AGMA CG-2 et CG-1. Cette graisse a d\u00e9montr\u00e9 d&rsquo;excellentes performances et protection dans une grande vari\u00e9t\u00e9 d&rsquo;applications d&rsquo;accouplement couvrant un large \u00e9ventail d&rsquo;industries.<\/p>\n<p> Gr\u00e2ce \u00e0 ses performances exceptionnelles, cette graisse est devenue le produit de choix pour de nombreux utilisateurs d&rsquo;accouplements. Mobilgrease XTC r\u00e9pond pleinement aux exigences de performances des principaux fabricants d\u2019accouplements.<\/p><\/div><\/div><\/div>\n<h2>Fonctionnalit\u00e9 et avantages potentiels<\/h2>\n<p> La marque de produits Mobilgrease est bien connue et hautement appr\u00e9ci\u00e9e dans le monde entier en raison de ses performances exceptionnelles ainsi que du support technique mondial qui soutient Mobil Industrial Lubricants. Les qualit\u00e9s exceptionnelles de Mobilgrease XTC en ont fait le choix de nombreux utilisateurs, en particulier lorsque la performance est une pr\u00e9occupation majeure.<\/p>\n<p> Mobilgrease XTC jouit d&rsquo;une excellente r\u00e9putation dans la lubrification des applications d&rsquo;engrenages et d&rsquo;accouplements de grille \u00e0 haute vitesse et haute temp\u00e9rature. Des contacts \u00e9troits avec les fabricants d&rsquo;\u00e9quipement d&rsquo;origine (OEM) et les utilisateurs finaux garantissent que des produits tels que Mobilgrease XTC seront disponibles pour r\u00e9pondre aux besoins des applications critiques, aujourd&rsquo;hui et \u00e0 l&rsquo;avenir.<\/p>\n<p> Mobilgrease XTC a \u00e9t\u00e9 sp\u00e9cialement con\u00e7u pour les applications de couplage \u00e0 haute vitesse et haute temp\u00e9rature et offre les avantages et b\u00e9n\u00e9fices potentiels suivants :<\/p>\n<table class=\"table table-striped\">\n <t\u00eate><\/p>\n<tr>\n<th>Fonctionnalit\u00e9s<\/th>\n<th>Avantages et b\u00e9n\u00e9fices potentiels<\/th>\n<\/tr>\n<p> <\/t\u00eate><br \/>\n <corps><\/p>\n<tr>\n<td>Excellente r\u00e9sistance \u00e0 la s\u00e9paration des huiles<\/td>\n<td>Contribue \u00e0 r\u00e9duire les fuites, contribuant ainsi \u00e0 am\u00e9liorer la fiabilit\u00e9 et la protection des accouplements<\/td>\n<\/tr>\n<tr>\n<td>Excellente protection EP \/ Antiusure<\/td>\n<td>Contribue \u00e0 r\u00e9duire l&rsquo;usure de l&rsquo;accouplement, m\u00eame lorsqu&rsquo;il est mal align\u00e9, contribuant ainsi \u00e0 r\u00e9duire les co\u00fbts de maintenance<\/td>\n<\/tr>\n<tr>\n<td>Excellente stabilit\u00e9 \u00e0 haute temp\u00e9rature<\/td>\n<td>Longue dur\u00e9e de vie de la graisse et aidant \u00e0 prolonger les intervalles entre les relubrifications<\/td>\n<\/tr>\n<tr>\n<td>Bonne r\u00e9sistance \u00e0 la rouille et \u00e0 la corrosion<\/td>\n<td>Maintient d&rsquo;excellentes performances de graisse m\u00eame dans des environnements aqueux difficiles<\/td>\n<\/tr>\n<\/tbody>\n<\/table>\n<h2>Applications<\/h2>\n<p> Consid\u00e9rations d&rsquo;application : \u00c9tant donn\u00e9 que Mobilgrease XTC est tr\u00e8s visqueux et contient des agents adh\u00e9sifs pour r\u00e9pondre aux exigences de couplage, l&rsquo;utilisation de pistolets graisseurs manuels \u00e0 basse temp\u00e9rature ambiante sans chauffage auxiliaire est d\u00e9conseill\u00e9e.<\/p>\n<p> Mobilgrease XTC r\u00e9pond enti\u00e8rement aux exigences existantes de l&rsquo;AGMA Type CG-2 pour les engrenages flexibles \u00e0 grande vitesse et les accouplements \u00e0 grille. Mobilgrease XTC r\u00e9pond \u00e9galement aux exigences moins exigeantes de l&rsquo;AGMA Type CG-1. Mobilgrease XTC conserve ses excellentes caract\u00e9ristiques de performance \u00e0 des temp\u00e9ratures ambiantes allant jusqu&rsquo;\u00e0 120 \u00baC. Il n&rsquo;est pas recommand\u00e9 pour des temp\u00e9ratures inf\u00e9rieures \u00e0 -30 \u00baC. Mobilgrease XTC est largement utilis\u00e9 dans les applications industrielles n\u00e9cessitant l&rsquo;utilisation de\u00a0:<\/p>\n<ul>\n<li>Raccords flexibles de type grille<\/li>\n<li>Accouplements flexibles \u00e0 engrenages<\/li>\n<\/ul>\n<h2>Sp\u00e9cifications et homologations<\/h2>\n<h3>Satisfait ou d\u00e9passe les exigences de<\/h3>\n<ul>\n<li>AGMA\u00a0CG-1<\/li>\n<li>AGMA\u00a0CG-2<\/li>\n<\/ul>\n","protected":false},"excerpt":{"rendered":"<p>Mobilgrease XTC est un produit de tr\u00e8s haute performance, con\u00e7u pour une utilisation dans les applications de couplage \u00e0 haute vitesse. Il est fabriqu\u00e9 avec une huile de base min\u00e9rale de haute viscosit\u00e9 s\u00e9lectionn\u00e9e et un ensemble d&rsquo;additifs tr\u00e8s efficace et \u00e0 service intensif.<\/p>\n","protected":false},"featured_media":0,"template":"","meta":{"_acf_changed":false,"inline_featured_image":false},"product_brand":[],"product_cat":[217],"product_tag":[],"class_list":{"0":"post-8794","1":"product","2":"type-product","3":"status-publish","5":"product_cat-graisses","7":"first","8":"instock","9":"taxable","10":"shipping-taxable","11":"purchasable","12":"product-type-simple"},"acf":[],"_links":{"self":[{"href":"https:\/\/webshop.ingelbeen.be\/fr\/wp-json\/wp\/v2\/product\/8794","targetHints":{"allow":["GET"]}}],"collection":[{"href":"https:\/\/webshop.ingelbeen.be\/fr\/wp-json\/wp\/v2\/product"}],"about":[{"href":"https:\/\/webshop.ingelbeen.be\/fr\/wp-json\/wp\/v2\/types\/product"}],"wp:attachment":[{"href":"https:\/\/webshop.ingelbeen.be\/fr\/wp-json\/wp\/v2\/media?parent=8794"}],"wp:term":[{"taxonomy":"product_brand","embeddable":true,"href":"https:\/\/webshop.ingelbeen.be\/fr\/wp-json\/wp\/v2\/product_brand?post=8794"},{"taxonomy":"product_cat","embeddable":true,"href":"https:\/\/webshop.ingelbeen.be\/fr\/wp-json\/wp\/v2\/product_cat?post=8794"},{"taxonomy":"product_tag","embeddable":true,"href":"https:\/\/webshop.ingelbeen.be\/fr\/wp-json\/wp\/v2\/product_tag?post=8794"}],"curies":[{"name":"wp","href":"https:\/\/api.w.org\/{rel}","templated":true}]}}