{"id":8802,"date":"2024-04-30T13:10:51","date_gmt":"2024-04-30T12:10:51","guid":{"rendered":"https:\/\/ingelbeen.kneet.be\/product\/mobilith-shc-1500\/"},"modified":"2024-06-26T16:14:42","modified_gmt":"2024-06-26T15:14:42","slug":"mobilith-shc-1500","status":"publish","type":"product","link":"https:\/\/webshop.ingelbeen.be\/fr\/produit\/mobilith-shc-1500\/","title":{"rendered":"Mobilith SHC 1500"},"content":{"rendered":"<div class=\"compensation des d\u00e9tails du produit\">\n<div class=\"description de l'attribut du produit\">\n<div class=\"description de la valeur\">\n<p>Les graisses Mobilith de la s\u00e9rie SHC\u2122 sont des produits aux performances sup\u00e9rieures con\u00e7us pour une grande vari\u00e9t\u00e9 d&rsquo;applications \u00e0 des temp\u00e9ratures extr\u00eames. Ils combinent les caract\u00e9ristiques uniques des fluides de base synth\u00e9tiques avec celles d\u2019un \u00e9paississant complexe au lithium de haute qualit\u00e9. La nature sans cire des fluides synth\u00e9tiques et le faible coefficient de traction (par rapport aux huiles min\u00e9rales) offrent une excellente pompabilit\u00e9 \u00e0 basse temp\u00e9rature et un couple de d\u00e9marrage et de fonctionnement tr\u00e8s faible. Ces produits offrent un potentiel d&rsquo;\u00e9conomie d&rsquo;\u00e9nergie et peuvent r\u00e9duire les temp\u00e9ratures de fonctionnement dans la zone de charge des roulements \u00e0 rotule sur rouleaux et \u00e0 billes. L&rsquo;\u00e9paississant complexe de lithium contribue \u00e0 une excellente adh\u00e9rence, stabilit\u00e9 structurelle et r\u00e9sistance \u00e0 l&rsquo;eau. Les graisses ont un haut niveau de stabilit\u00e9 chimique et sont formul\u00e9es avec des combinaisons d&rsquo;additifs sp\u00e9ciales pour offrir une excellente protection contre l&rsquo;usure, la rouille et la corrosion, ainsi qu&rsquo;une viscosit\u00e9 de fonctionnement \u00e0 hautes et basses temp\u00e9ratures. Les graisses Mobilith de la s\u00e9rie SHC sont disponibles en sept qualit\u00e9s, dont la viscosit\u00e9 de l&rsquo;huile de base varie de 100 \u00e0 1\u00a0500 ISO VG et de 2 \u00e0 00 en qualit\u00e9 NLGI.<\/p>\n<p>Les graisses Mobilith s\u00e9rie SHC sont devenues les produits de choix pour de nombreux utilisateurs, dans de nombreux secteurs \u00e0 travers le monde. Leur r\u00e9putation repose sur leur qualit\u00e9 exceptionnelle, leur fiabilit\u00e9, leur polyvalence et les avantages en termes de performances qu&rsquo;ils offrent.<\/p>\n<\/div>\n<\/div>\n<\/div>\n<h2>Fonctionnalit\u00e9 et avantages potentiels<\/h2>\n<p>La marque d&rsquo;huiles et de graisses Mobil SHC est reconnue et appr\u00e9ci\u00e9e dans le monde entier pour son innovation et ses performances exceptionnelles. La s\u00e9rie Mobilith SHC symbolise l&rsquo;engagement continu d&rsquo;ExxonMobil \u00e0 utiliser une technologie de pointe pour fournir des produits exceptionnels. Les contacts \u00e9troits entre nos scientifiques et sp\u00e9cialistes des applications avec les principaux fabricants d&rsquo;\u00e9quipement d&rsquo;origine (OEM) ont \u00e9t\u00e9 un facteur cl\u00e9 dans le d\u00e9veloppement de la s\u00e9rie Mobilith SHC pour garantir que nos offres de produits offriraient des performances exceptionnelles dans les conceptions d&rsquo;\u00e9quipements industriels en constante \u00e9volution.<\/p>\n<p>Notre travail avec les constructeurs d&rsquo;\u00e9quipements a permis de confirmer les r\u00e9sultats de nos propres tests en laboratoire d\u00e9montrant les performances exceptionnelles des lubrifiants Mobilith s\u00e9rie SHC. Ces avantages incluent une dur\u00e9e de vie plus longue de la graisse, une protection et une dur\u00e9e de vie am\u00e9lior\u00e9es des roulements, une large plage de temp\u00e9ratures d&rsquo;application et le potentiel d&rsquo;am\u00e9lioration de l&rsquo;efficacit\u00e9 m\u00e9canique et des \u00e9conomies d&rsquo;\u00e9nergie.<\/p>\n<p>Pour lutter contre l&rsquo;exposition thermique \u00e9lev\u00e9e de l&rsquo;huile, nos scientifiques en formulation de produits ont choisi des huiles de base synth\u00e9tiques exclusives pour les huiles Mobilith SHC Series en raison de leur potentiel exceptionnel de r\u00e9sistance thermique\/oxydative. Nos scientifiques ont d\u00e9velopp\u00e9 une technologie d&rsquo;\u00e9paississement complexe de lithium de pointe et ont utilis\u00e9 des additifs sp\u00e9cifiques pour am\u00e9liorer les performances de chaque qualit\u00e9 de la famille de produits Mobilith SHC Series. Les graisses Mobilith s\u00e9rie SHC offrent les caract\u00e9ristiques et avantages suivants\u00a0:<\/p>\n<table class=\"table table-striped\">\n<t\u00eate><\/p>\n<tr>\n<th>Fonctionnalit\u00e9s<\/th>\n<th>Avantages et b\u00e9n\u00e9fices potentiels<\/th>\n<\/tr>\n<p><\/t\u00eate><br \/>\n<corps><\/p>\n<tr>\n<td>Performances exceptionnelles \u00e0 haute et basse temp\u00e9rature<\/td>\n<td>Larges plages de temp\u00e9ratures d&rsquo;application, avec une excellente protection \u00e0 haute temp\u00e9rature et un faible couple, d\u00e9marrage facile \u00e0 basse temp\u00e9rature<\/td>\n<\/tr>\n<tr>\n<td>Excellente protection contre l&rsquo;usure, la rouille et la corrosion<\/td>\n<td>R\u00e9duction des temps d&rsquo;arr\u00eat et des co\u00fbts de maintenance gr\u00e2ce \u00e0 une r\u00e9duction de l&rsquo;usure, de la rouille et de la corrosion<\/td>\n<\/tr>\n<tr>\n<td>Excellente stabilit\u00e9 thermique et r\u00e9sistance \u00e0 l&rsquo;oxydation<\/td>\n<td>Dur\u00e9e de vie prolong\u00e9e avec des intervalles plus longs entre la relubrification et une dur\u00e9e de vie am\u00e9lior\u00e9e des roulements<\/td>\n<\/tr>\n<tr>\n<td>Faible coefficient de traction<\/td>\n<td>Potentiel d&rsquo;am\u00e9lioration de la dur\u00e9e de vie m\u00e9canique et de r\u00e9duction de la consommation d&rsquo;\u00e9nergie<\/td>\n<\/tr>\n<tr>\n<td>Comprend des qualit\u00e9s de viscosit\u00e9 \u00e9lev\u00e9e et faible<\/td>\n<td>Options pour une protection exceptionnelle des roulements \u00e0 vitesse lente et fortement charg\u00e9s, et options pour de bonnes performances \u00e0 basse temp\u00e9rature<\/td>\n<\/tr>\n<tr>\n<td>Stabilit\u00e9 structurelle exceptionnelle en pr\u00e9sence d&rsquo;eau<\/td>\n<td>Conserve d&rsquo;excellentes performances de graisse dans les environnements aqueux hostiles<\/td>\n<\/tr>\n<tr>\n<td>Faible volatilit\u00e9<\/td>\n<td>Aide \u00e0 r\u00e9sister \u00e0 l&rsquo;augmentation de la viscosit\u00e9 \u00e0 des temp\u00e9ratures \u00e9lev\u00e9es afin de maximiser les intervalles de relubrification et la dur\u00e9e de vie des roulements<\/td>\n<\/tr>\n<\/tbody>\n<\/table>\n<h2>Applications<\/h2>\n<p>Consid\u00e9rations d&rsquo;application\u00a0: Bien que les graisses Mobilith s\u00e9rie SHC soient compatibles avec la plupart des produits \u00e0 base d&rsquo;huile min\u00e9rale, les m\u00e9langes peuvent nuire \u00e0 leurs performances.\u00a0Par cons\u00e9quent, il est recommand\u00e9 qu&rsquo;avant de remplacer un syst\u00e8me par un syst\u00e8me de la s\u00e9rie Mobilith SHC, il soit soigneusement nettoy\u00e9 pour obtenir des performances maximales. Bien que les graisses Mobilith s\u00e9rie SHC partagent de nombreux avantages en termes de performances, leurs applications sont mieux d\u00e9crites en termes de chaque qualit\u00e9 de produit\u00a0:<\/p>\n<ul>\n<li>Mobilith SHC 1500 est une graisse NLGI 1,5 Grade\/ISO VG 1500 avec un fluide de base synth\u00e9tique. Il est destin\u00e9 \u00e0 \u00eatre utilis\u00e9 dans les roulements et paliers lisses fonctionnant \u00e0 des vitesses extr\u00eamement lentes, sous de lourdes charges et \u00e0 des temp\u00e9ratures \u00e9lev\u00e9es. Mobilith SHC 1500 a une plage de temp\u00e9ratures de fonctionnement recommand\u00e9e de -30 \u00baC* \u00e0 150 \u00baC avec des intervalles de relubrification appropri\u00e9s. La lubrification continue avec Mobilith SHC 1500 s&rsquo;est av\u00e9r\u00e9e tr\u00e8s efficace pour prolonger la dur\u00e9e de vie des roulements dans une application s\u00e9v\u00e8re de presse \u00e0 rouleaux. Mobilith SHC 1500 a \u00e9galement fourni d&rsquo;excellentes performances dans les roulements \u00e0 rouleaux des fours rotatifs et dans les roulements des wagons de transfert de laitier.<\/li>\n<\/ul>\n<p>*All\u00e9gations de basse temp\u00e9rature bas\u00e9es sur les r\u00e9sultats ASTM D 1478 par rapport aux limites maximales de 10 000\/1 000 gcm au d\u00e9marrage et 1 heure respectivement.<\/p>\n<h2>Sp\u00e9cifications et homologations<\/h2>\n<h3>Satisfait ou d\u00e9passe les exigences de<\/h3>\n<ul>\n<li>DIN 51825\u00a0: (2004-06) KPHC 1-2N-30<\/li>\n<\/ul>\n","protected":false},"excerpt":{"rendered":"<p>Les graisses de la s\u00e9rie Mobilith SHC\u2122 sont des produits de performance exceptionnelle d\u00e9velopp\u00e9s pour une large gamme d&rsquo;applications dans des temp\u00e9ratures extr\u00eames.<\/p>\n","protected":false},"featured_media":0,"template":"","meta":{"_acf_changed":false,"inline_featured_image":false},"product_brand":[],"product_cat":[217],"product_tag":[],"class_list":{"0":"post-8802","1":"product","2":"type-product","3":"status-publish","5":"product_cat-graisses","7":"first","8":"instock","9":"taxable","10":"shipping-taxable","11":"purchasable","12":"product-type-simple"},"acf":[],"_links":{"self":[{"href":"https:\/\/webshop.ingelbeen.be\/fr\/wp-json\/wp\/v2\/product\/8802","targetHints":{"allow":["GET"]}}],"collection":[{"href":"https:\/\/webshop.ingelbeen.be\/fr\/wp-json\/wp\/v2\/product"}],"about":[{"href":"https:\/\/webshop.ingelbeen.be\/fr\/wp-json\/wp\/v2\/types\/product"}],"wp:attachment":[{"href":"https:\/\/webshop.ingelbeen.be\/fr\/wp-json\/wp\/v2\/media?parent=8802"}],"wp:term":[{"taxonomy":"product_brand","embeddable":true,"href":"https:\/\/webshop.ingelbeen.be\/fr\/wp-json\/wp\/v2\/product_brand?post=8802"},{"taxonomy":"product_cat","embeddable":true,"href":"https:\/\/webshop.ingelbeen.be\/fr\/wp-json\/wp\/v2\/product_cat?post=8802"},{"taxonomy":"product_tag","embeddable":true,"href":"https:\/\/webshop.ingelbeen.be\/fr\/wp-json\/wp\/v2\/product_tag?post=8802"}],"curies":[{"name":"wp","href":"https:\/\/api.w.org\/{rel}","templated":true}]}}