{"id":8820,"date":"2024-04-30T13:10:51","date_gmt":"2024-04-30T12:10:51","guid":{"rendered":"https:\/\/ingelbeen.kneet.be\/product\/mobilith-shc-pm-220\/"},"modified":"2024-06-26T16:14:43","modified_gmt":"2024-06-26T15:14:43","slug":"mobilith-shc-pm-220","status":"publish","type":"product","link":"https:\/\/webshop.ingelbeen.be\/fr\/produit\/mobilith-shc-pm-220\/","title":{"rendered":"Mobilith SHC PM 220"},"content":{"rendered":"<div class=\"compensation des d\u00e9tails du produit\">\n<div class=\"description de l'attribut du produit\">\n<div class=\"description de la valeur\">\n<p> Les graisses Mobilith SHC\u2122 PM sont des produits aux performances sup\u00e9rieures, con\u00e7us sp\u00e9cifiquement pour les applications s\u00e9v\u00e8res des machines \u00e0 papier, y compris les environnements \u00e0 temp\u00e9ratures extr\u00eames et l&rsquo;exposition \u00e0 diff\u00e9rentes qualit\u00e9s d&rsquo;eau. Les graisses Mobilith SHC PM combinent les caract\u00e9ristiques uniques d&rsquo;un fluide de base synth\u00e9tique avec celles d&rsquo;un \u00e9paississant complexe au lithium de haute qualit\u00e9. La nature sans cire du fluide de base synth\u00e9tique offre une excellente pompabilit\u00e9 \u00e0 basse temp\u00e9rature et un faible couple de d\u00e9marrage et de fonctionnement par rapport \u00e0 d&rsquo;autres produits p\u00e9troliers non synth\u00e9tiques de m\u00eame viscosit\u00e9. L&rsquo;indice de viscosit\u00e9 \u00e9lev\u00e9 du fluide de base synth\u00e9tique assure une excellente protection du film \u00e0 haute temp\u00e9rature. L&rsquo;\u00e9paississant complexe de lithium contribue \u00e0 une excellente adh\u00e9rence, stabilit\u00e9 structurelle et r\u00e9sistance \u00e0 l&rsquo;eau. Ces propri\u00e9t\u00e9s sont compl\u00e9t\u00e9es par un syst\u00e8me d&rsquo;additifs sp\u00e9cial pour fournir une r\u00e9sistance \u00e0 la rouille et \u00e0 la corrosion, une protection contre l&rsquo;usure, une r\u00e9sistance thermique\/oxydante et pour am\u00e9liorer les propri\u00e9t\u00e9s de r\u00e9sistance \u00e0 l&rsquo;eau. Mobilith SHC PM 220 et Mobilith SHC PM 460 sont tous deux de qualit\u00e9 NLGI 1,5 avec des fluides de base ISO VG 220 et 460, respectivement.<\/p>\n<p> Les graisses Mobilith SHC PM sont con\u00e7ues pour \u00eatre utilis\u00e9es dans les applications de roulements les plus critiques des machines \u00e0 papier. Ils offrent une protection exceptionnelle contre la rouille et la corrosion typique due \u00e0 l&rsquo;eau acide et alcaline, ce qui les rend id\u00e9aux pour la partie humide de la machine \u00e0 papier. La faible volatilit\u00e9 et l&rsquo;excellente stabilit\u00e9 \u00e0 l&rsquo;oxydation de l&rsquo;huile de base PAO garantissent un excellent service \u00e0 des temp\u00e9ratures \u00e9lev\u00e9es typiques des conditions s\u00e8ches.<\/p>\n<p> La s\u00e9rie Mobilith SHC PM est devenue la technologie de choix pour de nombreux exploitants d&rsquo;usines de papier dans le monde entier.\u00a0Sa r\u00e9putation repose sur une qualit\u00e9 exceptionnelle, une fiabilit\u00e9 et des performances \u00e9prouv\u00e9es qu&rsquo;ils offrent.<\/p><\/div><\/div><\/div>\n<h2>Fonctionnalit\u00e9 et avantages potentiels<\/h2>\n<p> La marque d&rsquo;huiles et de graisses Mobil SHC\u00a0est reconnue et appr\u00e9ci\u00e9e pour son innovation et ses performances exceptionnelles.\u00a0La s\u00e9rie Mobilith SHC symbolise notre engagement continu \u00e0 utiliser une technologie de pointe pour fournir des produits exceptionnels. Un facteur cl\u00e9 dans le d\u00e9veloppement des graisses Mobilith SHC PM a \u00e9t\u00e9 les contacts \u00e9troits entre nos scientifiques et nos sp\u00e9cialistes des applications avec les principaux concepteurs de machines \u00e0 papier afin de garantir que nos offres de produits offriraient des performances exceptionnelles dans ce domaine d&rsquo;\u00e9quipement en constante \u00e9volution et de plus en plus s\u00e9v\u00e8re.<\/p>\n<p> Notre travail avec les constructeurs d&rsquo;\u00e9quipements a permis de confirmer les r\u00e9sultats de nos propres tests en laboratoire d\u00e9montrant les performances exceptionnelles des graisses Mobilith SHC PM. Ces avantages incluent une excellente r\u00e9sistance \u00e0 l\u2019eau acide et alcaline, une protection et une dur\u00e9e de vie am\u00e9lior\u00e9es des roulements, une large plage de temp\u00e9ratures d\u2019application et une dur\u00e9e de vie plus longue de la graisse.<\/p>\n<p> Pour lutter contre l&rsquo;exposition thermique \u00e9lev\u00e9e, nos scientifiques en formulation de produits ont choisi des huiles de base synth\u00e9tiques exclusives pour la graisse Mobilith SHC PM en raison de leur r\u00e9sistance thermique et oxydative exceptionnelle. Nos scientifiques ont d\u00e9velopp\u00e9 une technologie d&rsquo;\u00e9paississant complexe au lithium haute performance et ont utilis\u00e9 des additifs sp\u00e9cifiques pour am\u00e9liorer les graisses Mobilith SHC PM afin de r\u00e9pondre aux besoins des machines \u00e0 papier modernes et futures. Les graisses Mobilith SHC PM offrent les caract\u00e9ristiques et avantages suivants :<\/p>\n<table class=\"table table-ray\u00e9e\">\n <t\u00eate><\/p>\n<tr>\n<th>Fonctionnalit\u00e9s<\/th>\n<th>Avantages et b\u00e9n\u00e9fices potentiels<\/th>\n<\/tr>\n<p> <\/t\u00eate><br \/>\n <corps><\/p>\n<tr>\n<td>Performances exceptionnelles \u00e0 haute et basse temp\u00e9rature<\/td>\n<td>Large plage de temp\u00e9ratures d&rsquo;application, de -40\u00b0C \u00e0 150\u00b0C avec une excellente protection \u00e0 haute temp\u00e9rature et un faible couple, d\u00e9marrage facile \u00e0 basse temp\u00e9rature<\/td>\n<\/tr>\n<tr>\n<td>Excellente protection contre l&rsquo;usure, la rouille et la corrosion, y compris l&rsquo;eau acide<\/td>\n<td>R\u00e9duction des temps d&rsquo;arr\u00eat et des co\u00fbts de maintenance gr\u00e2ce \u00e0 une usure, une rouille et une corrosion r\u00e9duites, m\u00eame dans des environnements d&rsquo;eau acide et alcaline<\/td>\n<\/tr>\n<tr>\n<td>Excellente stabilit\u00e9 structurelle et r\u00e9sistance \u00e0 l&rsquo;oxydation<\/td>\n<td>Dur\u00e9e de vie prolong\u00e9e avec des intervalles plus longs entre la relubrification et une dur\u00e9e de vie am\u00e9lior\u00e9e des roulements<\/td>\n<\/tr>\n<tr>\n<td>Excellente protection contre l&rsquo;usure sous des charges lourdes, des vitesses lentes et des temp\u00e9ratures \u00e9lev\u00e9es<\/td>\n<td>Protection exceptionnelle des roulements \u00e0 vitesse lente et fortement charg\u00e9s, avec une dur\u00e9e de vie prolong\u00e9e<\/td>\n<\/tr>\n<tr>\n<td>Stabilit\u00e9 structurelle exceptionnelle en pr\u00e9sence d&rsquo;eau<\/td>\n<td>Conserve d&rsquo;excellentes performances de graisse dans les environnements aqueux hostiles<\/td>\n<\/tr>\n<tr>\n<td>Faible volatilit\u00e9<\/td>\n<td>Aide \u00e0 r\u00e9sister \u00e0 l&rsquo;augmentation de la viscosit\u00e9 \u00e0 des temp\u00e9ratures \u00e9lev\u00e9es afin de maximiser les intervalles de relubrification et la dur\u00e9e de vie des roulements<\/td>\n<\/tr>\n<\/tbody>\n<\/table>\n<h2>Applications<\/h2>\n<p> Consid\u00e9rations d&rsquo;application\u00a0: Bien que les graisses Mobilith SHC PM soient compatibles avec la plupart des produits \u00e0 base d&rsquo;huile min\u00e9rale, les m\u00e9langes peuvent nuire \u00e0 leurs performances. Par cons\u00e9quent, il est recommand\u00e9 qu&rsquo;avant de remplacer un syst\u00e8me par l&rsquo;une des graisses Mobilith SHC PM, celui-ci soit soigneusement nettoy\u00e9 pour obtenir des performances maximales. S&rsquo;il n&rsquo;est pas possible de d\u00e9monter le syst\u00e8me pour le nettoyer avant le changement, une purge compl\u00e8te et des intervalles de relubrification plus longs sont fortement recommand\u00e9s. Contactez votre ing\u00e9nieur lubrifiant ExxonMobil local pour obtenir des conseils sur cette approche.<\/p>\n<p> Les graisses Mobilith SHC PM sont recommand\u00e9es pour les applications critiques de roulements dans les machines \u00e0 papier. Parmi ceux-ci figurent\u00a0:<\/p>\n<ul>\n<li>Roulements de machine \u00e0 papier \u00e0 extr\u00e9mit\u00e9 humide.<\/li>\n<li>Roulements de section de presse tr\u00e8s charg\u00e9s.<\/li>\n<li>Roulements de rouleaux de feutre et de pile de calendrier haute temp\u00e9rature.<\/li>\n<\/ul>\n<h2>Sp\u00e9cifications et homologations<\/h2>\n<h3>Satisfait ou d\u00e9passe les exigences de<\/h3>\n<ul>\n<li>DIN 51825\u00a0: (2004-06) KPHC1-2N-40<\/li>\n<\/ul>\n","protected":false},"excerpt":{"rendered":"<p>Mobilith SHC\u2122 PM est une graisse de performance sup\u00e9rieure sp\u00e9cialement d\u00e9velopp\u00e9e pour une application dans l&rsquo;industrie du papier et du carton, y compris des temp\u00e9ratures extr\u00eames et o\u00f9 l&rsquo;exposition \u00e0 de grandes quantit\u00e9s d&rsquo;eau de toutes qualit\u00e9s ne peut \u00eatre \u00e9vit\u00e9e.<\/p>\n","protected":false},"featured_media":0,"template":"","meta":{"_acf_changed":false,"inline_featured_image":false},"product_brand":[],"product_cat":[217],"product_tag":[],"class_list":{"0":"post-8820","1":"product","2":"type-product","3":"status-publish","5":"product_cat-graisses","7":"first","8":"instock","9":"taxable","10":"shipping-taxable","11":"purchasable","12":"product-type-simple"},"acf":[],"_links":{"self":[{"href":"https:\/\/webshop.ingelbeen.be\/fr\/wp-json\/wp\/v2\/product\/8820","targetHints":{"allow":["GET"]}}],"collection":[{"href":"https:\/\/webshop.ingelbeen.be\/fr\/wp-json\/wp\/v2\/product"}],"about":[{"href":"https:\/\/webshop.ingelbeen.be\/fr\/wp-json\/wp\/v2\/types\/product"}],"wp:attachment":[{"href":"https:\/\/webshop.ingelbeen.be\/fr\/wp-json\/wp\/v2\/media?parent=8820"}],"wp:term":[{"taxonomy":"product_brand","embeddable":true,"href":"https:\/\/webshop.ingelbeen.be\/fr\/wp-json\/wp\/v2\/product_brand?post=8820"},{"taxonomy":"product_cat","embeddable":true,"href":"https:\/\/webshop.ingelbeen.be\/fr\/wp-json\/wp\/v2\/product_cat?post=8820"},{"taxonomy":"product_tag","embeddable":true,"href":"https:\/\/webshop.ingelbeen.be\/fr\/wp-json\/wp\/v2\/product_tag?post=8820"}],"curies":[{"name":"wp","href":"https:\/\/api.w.org\/{rel}","templated":true}]}}