{"id":8832,"date":"2024-04-30T13:10:51","date_gmt":"2024-04-30T12:10:51","guid":{"rendered":"https:\/\/ingelbeen.kneet.be\/product\/mobilmet-424\/"},"modified":"2024-06-26T16:14:43","modified_gmt":"2024-06-26T15:14:43","slug":"mobilmet-424","status":"publish","type":"product","link":"https:\/\/webshop.ingelbeen.be\/fr\/produit\/mobilmet-424\/","title":{"rendered":"Mobilmet 424"},"content":{"rendered":"<div class=\"compensation des d\u00e9tails du produit\">\n<div class=\"description de l'attribut du produit\">\n<div class=\"description de la valeur\">\n<p> Les produits Mobilmet de la s\u00e9rie 420 sont des huiles de coupe polyvalentes hautes performances. Ils sont sans chlore, ne tachent pas et ne sont pas corrosifs. Ils sont con\u00e7us pour les op\u00e9rations de coupe l\u00e9g\u00e8res \u00e0 mod\u00e9r\u00e9es et conviennent \u00e9galement comme lubrifiants pour machines-outils et pour une utilisation dans les syst\u00e8mes hydrauliques l\u00e9gers. Ils sont formul\u00e9s \u00e0 partir d&rsquo;huiles de base de haute qualit\u00e9 et d&rsquo;additifs s\u00e9lectionn\u00e9s pour fournir des performances d&rsquo;usinage efficaces dans une grande vari\u00e9t\u00e9 d&rsquo;op\u00e9rations sur les m\u00e9taux ferreux et non ferreux. Les huiles sont de couleur claire et transparentes afin que la zone de travail soit clairement visible \u00e0 tout moment. Les Mobilmet 420 sont formul\u00e9s pour emp\u00eacher la formation de brouillard d&rsquo;huile \u00e0 proximit\u00e9 de la machine-outil.<\/p>\n<p> Les fluides Mobilmet de la s\u00e9rie 420 r\u00e9sistent \u00e0 la formation de mousse, m\u00eame en cas d&rsquo;\u00e9claboussures excessives, de sorte que des performances sup\u00e9rieures sont fournies au syst\u00e8me de lubrification de la machine-outil. Avec des points d&rsquo;\u00e9coulement relativement bas et des indices de viscosit\u00e9 \u00e9lev\u00e9s, ils ne sont pas difficiles \u00e0 distribuer par temps froid et offrent une r\u00e9sistance de film ad\u00e9quate dans les roulements de machines-outils fonctionnant \u00e0 chaud sous charge.<\/p><\/div><\/div><\/div>\n<h2>Fonctionnalit\u00e9 et avantages potentiels<\/h2>\n<p> En plus de leurs caract\u00e9ristiques de performance d&rsquo;usinage, les fluides Mobilmet s\u00e9rie 420 sont de nature polyvalente, ce qui contribue \u00e0 r\u00e9duire les probl\u00e8mes associ\u00e9s \u00e0 la contamination crois\u00e9e, am\u00e9liorant ainsi la production et r\u00e9duisant les rejets. Ils sont formul\u00e9s \u00e0 partir d&rsquo;additifs sans chlore r\u00e9duisant l&rsquo;impact environnemental de l&rsquo;\u00e9limination et des d\u00e9versements. Les fluides Mobilmet s\u00e9rie 420 contr\u00f4lent les ar\u00eates rapport\u00e9es et prot\u00e8gent la pointe de l&rsquo;outil de l&rsquo;usure. Ils offrent une finition de surface am\u00e9lior\u00e9e qui peut \u00e9liminer le besoin de tournage ou de formage de finition avant le meulage.<\/p>\n<p> Les caract\u00e9ristiques et avantages potentiels des produits Mobilmet 420 incluent\u00a0:<\/p>\n<table class=\"table table-ray\u00e9e\">\n <t\u00eate><\/p>\n<tr>\n<th>Fonctionnalit\u00e9s<\/th>\n<th>Avantages et b\u00e9n\u00e9fices potentiels<\/th>\n<\/tr>\n<p> <\/t\u00eate><br \/>\n <corps><\/p>\n<tr>\n<td>Excellentes performances d&rsquo;usinage<\/td>\n<td>Augmentation de la production gr\u00e2ce \u00e0 une dur\u00e9e de vie plus longue de l&rsquo;outil et \u00e0 une r\u00e9duction des temps d&rsquo;arr\u00eat pour les changements d&rsquo;outils et le dressage des meules. Finition de surface et pr\u00e9cision dimensionnelle am\u00e9lior\u00e9es, ce qui entra\u00eene moins de rebuts et des produits finis de meilleure qualit\u00e9. Aide \u00e0 augmenter les vitesses d&rsquo;avance et la vitesse de la machine.<\/td>\n<\/tr>\n<tr>\n<td>Convient \u00e0 une large gamme de m\u00e9taux ferreux et non ferreux et d&rsquo;op\u00e9rations d&rsquo;usinage<\/td>\n<td>Moins d&rsquo;huiles de coupe n\u00e9cessaires, potentiel de r\u00e9duction des co\u00fbts d&rsquo;inventaire<\/td>\n<\/tr>\n<tr>\n<td>Capacit\u00e9 multiservice<\/td>\n<td>\u00c9limine les probl\u00e8mes de contamination crois\u00e9e et offre des avantages suppl\u00e9mentaires en mati\u00e8re d&rsquo;inventaire<\/td>\n<\/tr>\n<tr>\n<td>Couleur claire et transparente<\/td>\n<td>Offre une vue claire de la zone de travail \u00e0 tout moment<\/td>\n<\/tr>\n<\/tbody>\n<\/table>\n<h2>Applications<\/h2>\n<p> Les fluides Mobilmet s\u00e9rie 420 sont recommand\u00e9s pour une large gamme d&rsquo;op\u00e9rations d&rsquo;usinage sur tous les types de m\u00e9taux. Elles peuvent \u00eatre utilis\u00e9es comme huiles polyvalentes lorsqu&rsquo;un fluide commun est requis pour la lubrification des machines-outils et comme fluide hydraulique sous r\u00e9serve d&rsquo;une s\u00e9lection de viscosit\u00e9 appropri\u00e9e.<\/p>\n<ul>\n<li>Mobilmet 423 et Mobilmet 424\u00a0sont recommand\u00e9s pour l&rsquo;usinage de l&rsquo;aluminium, du magn\u00e9sium et du cuivre, des laitons et des bronzes et, en outre,\u00a0sont recommand\u00e9s pour les aciers et les fontes ayant une duret\u00e9 Brinell jusqu&rsquo;\u00e0 200.\u00a0Ils peuvent \u00eatre utilis\u00e9s pour des op\u00e9rations de coupe s\u00e9v\u00e8res de alliages non ferreux difficiles \u00e0 usiner tels que le silicium-cuivre, le silicium-bronze et le cuivre-nickel. Ce sont des lubrifiants tr\u00e8s efficaces pour le syst\u00e8me de lubrification des machines-outils dans une large plage de conditions de temp\u00e9rature<\/li>\n<li>Mobilmet 426 et Mobilmet 427 sont recommand\u00e9s pour l&rsquo;usinage critique des m\u00e9taux non ferreux et les op\u00e9rations automatiques sur des mat\u00e9riaux ayant une duret\u00e9 Brinell allant jusqu&rsquo;\u00e0 environ 300<\/li>\n<\/ul>\n","protected":false},"excerpt":{"rendered":"<p>Les produits de la s\u00e9rie Mobilmet 420 sont des huiles de coupe multifonctionnelles et de tr\u00e8s haute performance. Les huiles sont sans chlore, non tachantes et non corrosives.<\/p>\n","protected":false},"featured_media":10102,"template":"","meta":{"_acf_changed":false,"inline_featured_image":false},"product_brand":[],"product_cat":[225],"product_tag":[],"class_list":{"0":"post-8832","1":"product","2":"type-product","3":"status-publish","4":"has-post-thumbnail","6":"product_cat-huiles-de-coupe","8":"first","9":"instock","10":"taxable","11":"shipping-taxable","12":"purchasable","13":"product-type-simple"},"acf":[],"_links":{"self":[{"href":"https:\/\/webshop.ingelbeen.be\/fr\/wp-json\/wp\/v2\/product\/8832","targetHints":{"allow":["GET"]}}],"collection":[{"href":"https:\/\/webshop.ingelbeen.be\/fr\/wp-json\/wp\/v2\/product"}],"about":[{"href":"https:\/\/webshop.ingelbeen.be\/fr\/wp-json\/wp\/v2\/types\/product"}],"wp:featuredmedia":[{"embeddable":true,"href":"https:\/\/webshop.ingelbeen.be\/fr\/wp-json\/wp\/v2\/media\/10102"}],"wp:attachment":[{"href":"https:\/\/webshop.ingelbeen.be\/fr\/wp-json\/wp\/v2\/media?parent=8832"}],"wp:term":[{"taxonomy":"product_brand","embeddable":true,"href":"https:\/\/webshop.ingelbeen.be\/fr\/wp-json\/wp\/v2\/product_brand?post=8832"},{"taxonomy":"product_cat","embeddable":true,"href":"https:\/\/webshop.ingelbeen.be\/fr\/wp-json\/wp\/v2\/product_cat?post=8832"},{"taxonomy":"product_tag","embeddable":true,"href":"https:\/\/webshop.ingelbeen.be\/fr\/wp-json\/wp\/v2\/product_tag?post=8832"}],"curies":[{"name":"wp","href":"https:\/\/api.w.org\/{rel}","templated":true}]}}