{"id":8852,"date":"2024-04-30T13:10:50","date_gmt":"2024-04-30T12:10:50","guid":{"rendered":"https:\/\/ingelbeen.kneet.be\/product\/mobilgrease-xhp-222-4\/"},"modified":"2024-06-26T16:14:40","modified_gmt":"2024-06-26T15:14:40","slug":"mobilgrease-xhp-222-4","status":"publish","type":"product","link":"https:\/\/webshop.ingelbeen.be\/fr\/produit\/mobilgrease-xhp-222-4\/","title":{"rendered":"Mobilgrease XHP 222"},"content":{"rendered":"<div class=\"compensation des d\u00e9tails du produit\">\n<div class=\"description de l'attribut du produit\">\n<div class=\"description de la valeur\">\n<p> Les graisses Mobilgrease XHP\u2122 220 sont des graisses complexes au lithium \u00e0 service prolong\u00e9 destin\u00e9es \u00e0 une grande vari\u00e9t\u00e9 d&rsquo;applications et de conditions de fonctionnement s\u00e9v\u00e8res. Ces graisses ont \u00e9t\u00e9 con\u00e7ues pour surpasser les produits conventionnels en appliquant une technologie de fabrication complexe et de pointe au lithium. Ils sont formul\u00e9s pour offrir d\u2019excellentes performances \u00e0 haute temp\u00e9rature avec une superbe adh\u00e9rence, une stabilit\u00e9 structurelle et une r\u00e9sistance \u00e0 la contamination par l\u2019eau. Ces graisses ont une grande stabilit\u00e9 chimique et offrent une excellente protection contre la rouille et la corrosion. Ces graisses pr\u00e9sentent des points de goutte \u00e9lev\u00e9s et une temp\u00e9rature de fonctionnement maximale recommand\u00e9e de 140 \u00b0C (284 \u00b0F). Les graisses Mobilgrease XHP 220 sont disponibles dans les grades NLGI 00, 0, 1, 2 et 3 avec une viscosit\u00e9 d&rsquo;huile de base ISO VG 220.<\/p>\n<p> Les graisses Mobilgrease XHP 220 sont con\u00e7ues pour une large gamme d&rsquo;applications, notamment les secteurs industriel, automobile, de la construction et maritime. Leurs caract\u00e9ristiques de performance en font des choix id\u00e9aux pour les conditions de fonctionnement telles que les temp\u00e9ratures \u00e9lev\u00e9es, la contamination par l&rsquo;eau, les charges de choc et les op\u00e9rations de relubrification prolong\u00e9es. Mobilgrease XHP 222 Special est une graisse extr\u00eame pression enrichie de bisulfure de molybd\u00e8ne \u00e0 0,75\u00a0% qui offre une protection contre l&rsquo;usure dans des conditions de pivotement et d&rsquo;autres conditions entra\u00eenant une perte de film d&rsquo;huile.<\/p><\/div><\/div><\/div>\n<h2>Fonctionnalit\u00e9 et avantages potentiels<\/h2>\n<p> Les graisses Mobilgrease XHP 220 sont les principaux membres de la marque de produits Mobilgrease, qui ont acquis une r\u00e9putation d&rsquo;innovation et d&rsquo;excellence en performances. Les graisses Mobilgrease XHP 220 sont des produits hautes performances con\u00e7us par nos technologues en formulation et soutenus par notre personnel d&rsquo;assistance technique mondial.<\/p>\n<p> Un facteur cl\u00e9 des excellentes propri\u00e9t\u00e9s d&rsquo;adh\u00e9sion et de coh\u00e9sion et du point de goutte \u00e9lev\u00e9 des graisses Mobilgrease XHP 220 est la technologie de fabrication exclusive d\u00e9velopp\u00e9e dans nos installations de recherche et adopt\u00e9e par nos installations de fabrication modernes. Ces produits utilisent des additifs sp\u00e9cialement s\u00e9lectionn\u00e9s pour offrir une excellente stabilit\u00e9 \u00e0 l&rsquo;oxydation, un contr\u00f4le de la rouille et de la corrosion, une r\u00e9sistance \u00e0 la contamination par l&rsquo;eau ainsi qu&rsquo;une protection anti-usure et EP. Les produits Mobilgrease XHP 220 Series offrent les fonctionnalit\u00e9s et avantages potentiels suivants :<\/p>\n<table class=\"table table-striped\">\n <t\u00eate><\/p>\n<tr>\n<th>Fonctionnalit\u00e9s<\/th>\n<th>Avantages et b\u00e9n\u00e9fices potentiels<\/th>\n<\/tr>\n<p> <\/t\u00eate><br \/>\n <corps><\/p>\n<tr>\n<td>Superbe r\u00e9sistance au lessivage et \u00e0 la pulv\u00e9risation d&rsquo;eau<\/td>\n<td>Aide \u00e0 assurer une lubrification et une protection ad\u00e9quates, m\u00eame dans les conditions d&rsquo;exposition \u00e0 l&rsquo;eau les plus s\u00e9v\u00e8res<\/td>\n<\/tr>\n<tr>\n<td>Structure hautement adh\u00e9sive et coh\u00e9sive<\/td>\n<td>Excellente t\u00e9nacit\u00e9 de la graisse, aide \u00e0 r\u00e9duire les fuites et \u00e0 prolonger les intervalles de relubrification pour r\u00e9duire les besoins d&rsquo;entretien<\/td>\n<\/tr>\n<tr>\n<td>Excellente r\u00e9sistance \u00e0 la rouille et \u00e0 la corrosion<\/td>\n<td>Protection des pi\u00e8ces lubrifi\u00e9es m\u00eame en milieu aqueux hostile<\/td>\n<\/tr>\n<tr>\n<td>Tr\u00e8s bonne r\u00e9sistance \u00e0 la d\u00e9gradation thermique, oxydative et structurelle \u00e0 haute temp\u00e9rature<\/td>\n<td>Contribue \u00e0 prolonger la dur\u00e9e de vie de la graisse et \u00e0 am\u00e9liorer la protection des roulements dans les applications \u00e0 haute temp\u00e9rature, contribuant ainsi \u00e0 r\u00e9duire les co\u00fbts de maintenance et de remplacement<\/td>\n<\/tr>\n<tr>\n<td>Tr\u00e8s bonnes performances anti-usure et EP<\/td>\n<td>Protection fiable des \u00e9quipements lubrifi\u00e9s, m\u00eame dans des conditions de glissement \u00e9lev\u00e9, avec un potentiel de dur\u00e9e de vie prolong\u00e9e de l&rsquo;\u00e9quipement et de r\u00e9duction des temps d&rsquo;arr\u00eat impr\u00e9vus<\/td>\n<\/tr>\n<tr>\n<td>Large application polyvalente<\/td>\n<td>Offre un potentiel de rationalisation des stocks et de r\u00e9duction des co\u00fbts d&rsquo;inventaire<\/td>\n<\/tr>\n<\/tbody>\n<\/table>\n<h2>Applications<\/h2>\n<p> Les graisses Mobilgrease XHP 220 sont utilis\u00e9es dans une large gamme d&rsquo;\u00e9quipements, notamment dans les applications industrielles, automobiles, de construction et marines.\u00a0Leur couleur bleue permet une v\u00e9rification ais\u00e9e de l&rsquo;application :<\/p>\n<p> Mobilgrease XHP 005 et 220\u00a0sont des graisses plus douces pour haute temp\u00e9rature recommand\u00e9es\u00a0par ExxonMobil\u00a0pour les syst\u00e8mes d&rsquo;application centralis\u00e9s de graisse, la lubrification des engrenages et lorsque la pompabilit\u00e9 \u00e0 des temp\u00e9ratures extr\u00eamement froides est importante.<\/p>\n<p> Mobilgrease XHP 221 est recommand\u00e9\u00a0par ExxonMobil\u00a0pour une utilisation dans les applications industrielles et marines, les composants de ch\u00e2ssis et les \u00e9quipements agricoles.\u00a0Il offre d\u2019excellentes performances \u00e0 basse temp\u00e9rature.<\/p>\n<p> Mobilgrease XHP 222 est recommand\u00e9\u00a0par ExxonMobil\u00a0pour les applications industrielles et marines, les composants de ch\u00e2ssis et le mat\u00e9riel agricole.\u00a0Sa formulation collante reste plus longtemps en application.<\/p>\n<p> Mobilgrease XHP 223 est recommand\u00e9\u00a0par ExxonMobil\u00a0pour les applications o\u00f9 de bonnes propri\u00e9t\u00e9s \u00e0 haute temp\u00e9rature et anti-fuite sont requises. Elle est particuli\u00e8rement recommand\u00e9e pour les applications s\u00e9v\u00e8res de roulements de roues de camions ou pour les roulements soumis \u00e0 des vibrations, ou lorsque des vitesses plus \u00e9lev\u00e9es n\u00e9cessitent une graisse de consistance plus \u00e9lev\u00e9e pour fournir des caract\u00e9ristiques de canalisation.<\/p>\n<p> Mobilgrease XHP 222 Special contient\u00a00,75\u00a0% de bisulfure de molybd\u00e8ne, est de couleur grise et est recommand\u00e9\u00a0par ExxonMobil\u00a0pour un service mod\u00e9r\u00e9 dans les applications industrielles, les composants de ch\u00e2ssis et le mat\u00e9riel agricole. Il trouve \u00e9galement des applications dans les pivots d&rsquo;attelage, les joints universels, les sellettes d&rsquo;attelage et les axes de godet.<\/p>\n<h2>Sp\u00e9cifications et homologations<\/h2>\n<h3>Satisfait ou d\u00e9passe les exigences de<\/h3>\n<ul>\n<li>DIN 51825\u00a0: (2004-06)\u00a0: KP1N-20<\/li>\n<\/ul>\n<h3>Ce produit poss\u00e8de les approbations de constructeur suivantes<\/h3>\n<ul>\n<li>Fives Cincinnati\u00a0: P-72<\/li>\n<\/ul>\n","protected":false},"excerpt":{"rendered":"<p>Les graisses de la s\u00e9rie Mobilgrease XHP\u2122 220 sont des graisses complexes au lithium con\u00e7ues pour une utilisation prolong\u00e9e avec une large gamme d&rsquo;applications et dans diverses conditions de fonctionnement.<\/p>\n","protected":false},"featured_media":0,"template":"","meta":{"_acf_changed":false,"inline_featured_image":false},"product_brand":[],"product_cat":[217],"product_tag":[],"class_list":{"0":"post-8852","1":"product","2":"type-product","3":"status-publish","5":"product_cat-graisses","7":"first","8":"instock","9":"taxable","10":"shipping-taxable","11":"purchasable","12":"product-type-simple"},"acf":[],"_links":{"self":[{"href":"https:\/\/webshop.ingelbeen.be\/fr\/wp-json\/wp\/v2\/product\/8852","targetHints":{"allow":["GET"]}}],"collection":[{"href":"https:\/\/webshop.ingelbeen.be\/fr\/wp-json\/wp\/v2\/product"}],"about":[{"href":"https:\/\/webshop.ingelbeen.be\/fr\/wp-json\/wp\/v2\/types\/product"}],"wp:attachment":[{"href":"https:\/\/webshop.ingelbeen.be\/fr\/wp-json\/wp\/v2\/media?parent=8852"}],"wp:term":[{"taxonomy":"product_brand","embeddable":true,"href":"https:\/\/webshop.ingelbeen.be\/fr\/wp-json\/wp\/v2\/product_brand?post=8852"},{"taxonomy":"product_cat","embeddable":true,"href":"https:\/\/webshop.ingelbeen.be\/fr\/wp-json\/wp\/v2\/product_cat?post=8852"},{"taxonomy":"product_tag","embeddable":true,"href":"https:\/\/webshop.ingelbeen.be\/fr\/wp-json\/wp\/v2\/product_tag?post=8852"}],"curies":[{"name":"wp","href":"https:\/\/api.w.org\/{rel}","templated":true}]}}