{"id":8862,"date":"2024-04-30T13:10:50","date_gmt":"2024-04-30T12:10:50","guid":{"rendered":"https:\/\/ingelbeen.kneet.be\/product\/mobilgrease-xhp-322-mine-2\/"},"modified":"2024-06-26T16:14:41","modified_gmt":"2024-06-26T15:14:41","slug":"mobilgrease-xhp-322-mine-2","status":"publish","type":"product","link":"https:\/\/webshop.ingelbeen.be\/fr\/produit\/mobilgrease-xhp-322-mine-2\/","title":{"rendered":"Mobilgrease XHP 322 Mine"},"content":{"rendered":"<div class=\"compensation des d\u00e9tails du produit\">\n<div class=\"description de l'attribut du produit\">\n<div class=\"description de la valeur\">\n<p> Les produits Mobilgrease XHP\u2122 Mine\u00a0sont sp\u00e9cialement con\u00e7us pour la lubrification des \u00e9quipements tout-terrain et miniers tr\u00e8s r\u00e9sistants. Avec une gamme compl\u00e8te de qualit\u00e9s NLGI, cette s\u00e9rie de graisses complexes au lithium, qui contiennent 5 % de bisulfure de molybd\u00e8ne, peut \u00eatre utilis\u00e9e dans une large plage de conditions de fonctionnement et de temp\u00e9ratures pour am\u00e9liorer la productivit\u00e9. La s\u00e9rie Mobilgrease XHP Mine poss\u00e8de d&rsquo;excellentes propri\u00e9t\u00e9s extr\u00eame pression et anti-usure en plus d&rsquo;une tenue exceptionnelle, d&rsquo;un tr\u00e8s bon lavage \u00e0 l&rsquo;eau, d&rsquo;une pulv\u00e9risation d&rsquo;eau et de capacit\u00e9s de service prolong\u00e9es dans des conditions d&rsquo;exploitation difficiles. Ces graisses de service tr\u00e8s r\u00e9sistantes pr\u00e9sentent une excellente stabilit\u00e9 structurelle. Ils ne corroderont pas l&rsquo;acier ou les alliages de cuivre et sont compatibles avec les mat\u00e9riaux d&rsquo;\u00e9tanch\u00e9it\u00e9 conventionnels.<\/p>\n<p> Mobilgrease XHP 320 Mine, 321 Mine et 322 Mine ont \u00e9t\u00e9 d\u00e9velopp\u00e9s sp\u00e9cialement pour leurs performances sup\u00e9rieures dans les axes de godet, les axes de pivotement et les composants de ch\u00e2ssis fortement charg\u00e9s. Mobilgrease XHP 100 Mine et 320 Mine sont particuli\u00e8rement adapt\u00e9s aux syst\u00e8mes de lubrification centrale d&rsquo;\u00e9quipement lourd n\u00e9cessitant une graisse NLGI 0 Grade. Mobilgrease XHP 100 Mine et 320 Mine sont recommand\u00e9s par ExxonMobil pour une utilisation dans les syst\u00e8mes de lubrification centrale pr\u00e9sents sur les \u00e9quipements hors route et miniers. Mobilgrease XHP 100 Mine pr\u00e9sente une bonne distribution jusqu&rsquo;\u00e0 -50\u00b0C (-58\u00b0F). Mobilgrease XHP 321 Mine est un grade NLGI 1 avec une tr\u00e8s bonne pompabilit\u00e9 \u00e0 basse temp\u00e9rature, d\u00e9velopp\u00e9 pour une utilisation \u00e0 des temp\u00e9ratures plus froides. Mobilgrease XHP 322 Mine est un grade NLGI 2 destin\u00e9 \u00e0 \u00eatre utilis\u00e9 comme lubrifiant pour ch\u00e2ssis \u00e0 usage g\u00e9n\u00e9ral.<\/p><\/div><\/div><\/div>\n<h2>Fonctionnalit\u00e9 et avantages potentiels<\/h2>\n<p> Mobilgrease XHP 100 Mine, 320 Mine, 321 Mine et 322 Mine sont des membres leaders de la marque de produits Mobilgrease, qui a acquis une r\u00e9putation d&rsquo;innovation et d&rsquo;excellence en performance. La s\u00e9rie Mobilgrease XHP Mine est con\u00e7ue par les technologues en formulation d&rsquo;ExxonMobil et soutenue par notre \u00e9quipe d&rsquo;assistance technique mondiale.<\/p>\n<p> Mobilgrease XHP 100 Mine, 320 Mine, 321 Mine et 322 Mine ont \u00e9t\u00e9 sp\u00e9cialement con\u00e7us pour r\u00e9pondre aux besoins des \u00e9quipements hors route et miniers qui n\u00e9cessitaient des performances EP\/anti-usure exceptionnelles et qui resteraient en place m\u00eame dans des conditions difficiles de pulv\u00e9risation d&rsquo;eau. , glissement \u00e9lev\u00e9 et temp\u00e9ratures \u00e9lev\u00e9es. Ces graisses offrent les caract\u00e9ristiques, avantages et avantages potentiels suivants\u00a0:<\/p>\n<table class=\"table table-striped\">\n <t\u00eate><\/p>\n<tr>\n<th>Fonctionnalit\u00e9s<\/th>\n<th>Avantages et b\u00e9n\u00e9fices potentiels<\/th>\n<\/tr>\n<p> <\/t\u00eate><br \/>\n <corps><\/p>\n<tr>\n<td>Excellentes propri\u00e9t\u00e9s EP et anti-usure<\/td>\n<td>Excellente protection des \u00e9quipements et prolongation potentielle de leur dur\u00e9e de vie, m\u00eame dans des conditions de fonctionnement difficiles<\/td>\n<\/tr>\n<tr>\n<td>Niveau \u00e9lev\u00e9 de bisulfure de molybd\u00e8ne<\/td>\n<td>Protection optimale des \u00e9quipements dans les m\u00e9canismes \u00e0 glissement \u00e9lev\u00e9 et avec des intervalles de relubrification prolong\u00e9s<\/td>\n<\/tr>\n<tr>\n<td>R\u00e9sistance exceptionnelle au lessivage et \u00e0 la pulv\u00e9risation d&rsquo;eau<\/td>\n<td>Assure une lubrification et une protection ad\u00e9quates, m\u00eame dans des environnements de travail hostiles<\/td>\n<\/tr>\n<tr>\n<td>Tr\u00e8s bonne pompabilit\u00e9 \u00e0 basse temp\u00e9rature et capacit\u00e9 du syst\u00e8me centralis\u00e9 (Mobilgrease XHP 100 Mine et 320 Mine)<\/td>\n<td>Offre une excellente pompabilit\u00e9 \u00e0 basse temp\u00e9rature et des performances de d\u00e9marrage excellentes, une caract\u00e9ristique cl\u00e9 pour les applications \u00e0 distance<\/td>\n<\/tr>\n<\/tbody>\n<\/table>\n<h2>Applications<\/h2>\n<p> Mobilgrease XHP 100 Mine, 320 Mine, 321 Mine et 322 Mine sont recommand\u00e9s pour les applications hors route et mini\u00e8res s\u00e9v\u00e8res en termes de s\u00e9v\u00e9rit\u00e9 op\u00e9rationnelle et de pulv\u00e9risation d&rsquo;eau. Les applications sp\u00e9cifiques incluent\u00a0:<\/p>\n<ul>\n<li>Axes de godet, axes de pivotement et composants de ch\u00e2ssis fortement charg\u00e9s<\/li>\n<li>Syst\u00e8mes de lubrification centralis\u00e9e pour \u00e9quipements lourds<\/li>\n<li>Lubrification g\u00e9n\u00e9rale du ch\u00e2ssis<\/li>\n<\/ul>\n","protected":false},"excerpt":{"rendered":"<p>Les produits Mobilgrease XHP\u2122 Mine sont sp\u00e9cialement con\u00e7us pour la lubrification des \u00e9quipements de service extra-lourd hors route et d&rsquo;exploitation mini\u00e8re.<\/p>\n","protected":false},"featured_media":0,"template":"","meta":{"_acf_changed":false,"inline_featured_image":false},"product_brand":[],"product_cat":[217],"product_tag":[],"class_list":{"0":"post-8862","1":"product","2":"type-product","3":"status-publish","5":"product_cat-graisses","7":"first","8":"instock","9":"taxable","10":"shipping-taxable","11":"purchasable","12":"product-type-simple"},"acf":[],"_links":{"self":[{"href":"https:\/\/webshop.ingelbeen.be\/fr\/wp-json\/wp\/v2\/product\/8862","targetHints":{"allow":["GET"]}}],"collection":[{"href":"https:\/\/webshop.ingelbeen.be\/fr\/wp-json\/wp\/v2\/product"}],"about":[{"href":"https:\/\/webshop.ingelbeen.be\/fr\/wp-json\/wp\/v2\/types\/product"}],"wp:attachment":[{"href":"https:\/\/webshop.ingelbeen.be\/fr\/wp-json\/wp\/v2\/media?parent=8862"}],"wp:term":[{"taxonomy":"product_brand","embeddable":true,"href":"https:\/\/webshop.ingelbeen.be\/fr\/wp-json\/wp\/v2\/product_brand?post=8862"},{"taxonomy":"product_cat","embeddable":true,"href":"https:\/\/webshop.ingelbeen.be\/fr\/wp-json\/wp\/v2\/product_cat?post=8862"},{"taxonomy":"product_tag","embeddable":true,"href":"https:\/\/webshop.ingelbeen.be\/fr\/wp-json\/wp\/v2\/product_tag?post=8862"}],"curies":[{"name":"wp","href":"https:\/\/api.w.org\/{rel}","templated":true}]}}