{"id":8868,"date":"2024-04-30T13:10:50","date_gmt":"2024-04-30T12:10:50","guid":{"rendered":"https:\/\/ingelbeen.kneet.be\/product\/mobilgrease-xhp-462\/"},"modified":"2024-06-26T16:14:41","modified_gmt":"2024-06-26T15:14:41","slug":"mobilgrease-xhp-462","status":"publish","type":"product","link":"https:\/\/webshop.ingelbeen.be\/fr\/produit\/mobilgrease-xhp-462\/","title":{"rendered":"Mobilgrease XHP 462"},"content":{"rendered":"<div class=\"compensation des d\u00e9tails du produit\">\n<div class=\"description de l'attribut du produit\">\n<div class=\"description de la valeur\">\n<p>Les graisses Mobilgrease XHP\u2122 460 sont des graisses complexes au lithium \u00e0 service prolong\u00e9 destin\u00e9es \u00e0 une grande vari\u00e9t\u00e9 d&rsquo;applications et de conditions de fonctionnement intensives. Ces graisses ont \u00e9t\u00e9 con\u00e7ues pour surpasser les produits conventionnels en appliquant une technologie de fabrication exclusive de complexes de lithium haute performance. Ils sont formul\u00e9s pour offrir d\u2019excellentes performances \u00e0 haute temp\u00e9rature avec une excellente adh\u00e9rence, stabilit\u00e9 structurelle et r\u00e9sistance \u00e0 la contamination par l\u2019eau. Ces graisses ont une grande stabilit\u00e9 chimique et offrent une excellente protection contre la rouille et la corrosion. Ces graisses pr\u00e9sentent des points de goutte \u00e9lev\u00e9s et une temp\u00e9rature de fonctionnement maximale recommand\u00e9e de 140 \u00b0C (284 \u00b0F). Les graisses Mobilgrease XHP 460 sont formul\u00e9es avec une viscosit\u00e9 d&rsquo;huile de base ISO VG 460 et sont disponibles dans les grades NLGI 1 et 2. Mobilgrease XHP 462 Moly est enrichie de 3 % de bisulfure de molybd\u00e8ne pour offrir une protection EP et AW am\u00e9lior\u00e9e dans les applications fortement charg\u00e9es et \u00e0 glissement \u00e9lev\u00e9.<\/p>\n<p>Les graisses Mobilgrease XHP 460 sont con\u00e7ues pour une large gamme d&rsquo;applications, notamment les secteurs industriel, automobile, de la construction et maritime. Leurs caract\u00e9ristiques de performance en font des choix id\u00e9aux pour les conditions de fonctionnement telles que les temp\u00e9ratures \u00e9lev\u00e9es, la contamination par l&rsquo;eau, les charges de choc et les op\u00e9rations de relubrification prolong\u00e9es. Mobilgrease XHP 462 Moly est une graisse extr\u00eame pression contenant 3 % de bisulfure de molybd\u00e8ne qui offre une protection contre l&rsquo;usure en cas de pivotement et d&rsquo;autres conditions de glissement fortement charg\u00e9es qui entra\u00eenent la perte du film d&rsquo;huile.<\/p>\n<\/div>\n<\/div>\n<\/div>\n<h2>Fonctionnalit\u00e9 et avantages potentiels<\/h2>\n<p>Les graisses Mobilgrease XHP 460 sont les principaux membres de la marque de produits Mobilgrease. Les graisses Mobilgrease XHP 460 sont con\u00e7ues par nos technologues en formulation et soutenues par notre personnel d&rsquo;assistance technique mondial.<\/p>\n<p>Un facteur cl\u00e9 des excellentes propri\u00e9t\u00e9s d&rsquo;adh\u00e9sion et de coh\u00e9sion et de la stabilit\u00e9 m\u00e9canique de l&rsquo;\u00e9paississant des graisses Mobilgrease XHP 460 est la technologie de fabrication exclusive d\u00e9velopp\u00e9e dans nos installations de recherche et adopt\u00e9e par nos installations de fabrication modernes. Ces produits utilisent des additifs sp\u00e9cialement s\u00e9lectionn\u00e9s pour offrir une excellente stabilit\u00e9 \u00e0 l&rsquo;oxydation, un contr\u00f4le de la rouille et de la corrosion, une r\u00e9sistance \u00e0 la contamination par l&rsquo;eau ainsi qu&rsquo;une protection anti-usure et EP. Les produits Mobilgrease XHP 460 Series offrent les fonctionnalit\u00e9s et avantages potentiels suivants :<\/p>\n<table class=\"table table-striped\">\n<t\u00eate><\/p>\n<tr>\n<th>Fonctionnalit\u00e9s<\/th>\n<th>Avantages et b\u00e9n\u00e9fices potentiels<\/th>\n<\/tr>\n<p><\/t\u00eate><br \/>\n<corps><\/p>\n<tr>\n<td>Superbe r\u00e9sistance au lessivage et \u00e0 la pulv\u00e9risation d&rsquo;eau<\/td>\n<td>Aide \u00e0 assurer une lubrification et une protection ad\u00e9quates, m\u00eame dans les conditions d&rsquo;exposition \u00e0 l&rsquo;eau les plus s\u00e9v\u00e8res<\/td>\n<\/tr>\n<tr>\n<td>Structure hautement adh\u00e9sive et coh\u00e9sive<\/td>\n<td>L&rsquo;excellente t\u00e9nacit\u00e9 de la graisse aide \u00e0 r\u00e9duire les fuites et \u00e0 prolonger les intervalles de relubrification pour contribuer \u00e0 r\u00e9duire les besoins de maintenance.<\/td>\n<\/tr>\n<tr>\n<td>Excellente r\u00e9sistance \u00e0 la rouille et \u00e0 la corrosion<\/td>\n<td>Protection des pi\u00e8ces lubrifi\u00e9es m\u00eame dans des environnements aqueux hostiles.<\/td>\n<\/tr>\n<tr>\n<td>Tr\u00e8s bonne r\u00e9sistance \u00e0 la d\u00e9gradation thermique, oxydative et structurelle \u00e0 haute temp\u00e9rature<\/td>\n<td>Contribue \u00e0 prolonger la dur\u00e9e de vie de la graisse et \u00e0 am\u00e9liorer la protection des roulements dans les applications \u00e0 haute temp\u00e9rature et offre des avantages r\u00e9duits en termes de co\u00fbts de maintenance et de remplacement.<\/td>\n<\/tr>\n<tr>\n<td>Tr\u00e8s bonnes performances anti-usure et EP<\/td>\n<td>Protection fiable des \u00e9quipements lubrifi\u00e9s, m\u00eame dans des conditions de glissement \u00e9lev\u00e9, avec un potentiel de dur\u00e9e de vie prolong\u00e9e de l&rsquo;\u00e9quipement et de r\u00e9duction des temps d&rsquo;arr\u00eat impr\u00e9vus<\/td>\n<\/tr>\n<tr>\n<td>Large application polyvalente<\/td>\n<td>Offre un potentiel de rationalisation des stocks et de r\u00e9duction des co\u00fbts d&rsquo;inventaire<\/td>\n<\/tr>\n<\/tbody>\n<\/table>\n<h2>Applications<\/h2>\n<p>Les graisses Mobilgrease XHP 460 sont utilis\u00e9es dans une large gamme d&rsquo;\u00e9quipements, notamment les applications industrielles, automobiles, de construction et marines.\u00a0 La couleur bleue des Mobilgrease XHP 461 et 462 permet une v\u00e9rification facile de l&rsquo;application.\u00a0 Avec leur viscosit\u00e9 d&rsquo;huile de base \u00e9lev\u00e9e ISO VG 460, ces graisses sont recommand\u00e9es pour les applications \u00e0 charge \u00e9lev\u00e9e \u00e0 des vitesses lentes \u00e0 mod\u00e9r\u00e9es, y compris la plupart des applications de roulements dans les industries du papier, de la construction et des mines, ainsi que pour les v\u00e9hicules tout-terrain.<\/p>\n<p><strong>Applications sp\u00e9cifiques\u00a0:<\/strong><\/p>\n<ul>\n<li>Mobilgrease XHP 461 est recommand\u00e9 par ExxonMobil pour une utilisation dans les applications industrielles et marines, les composants de ch\u00e2ssis et le mat\u00e9riel agricole. Il offre d\u2019excellentes performances \u00e0 basse temp\u00e9rature. Il est satisfaisant\u00a0pour les accouplements flexibles \u00e0 engrenages \u00e0 faible vitesse.<\/li>\n<li>Mobilgrease XHP 462 Series est recommand\u00e9 pour une utilisation dans les roulements \u00e0 rouleaux en feutre, les roulements \u00e0 extr\u00e9mit\u00e9 humide et les roulements \u00e0 section de presse. C&rsquo;est \u00e9galement une bonne graisse polyvalente pour les applications g\u00e9n\u00e9rales d&rsquo;usines et les applications industrielles et marines, les composants de ch\u00e2ssis et l&rsquo;\u00e9quipement agricole.<\/li>\n<li>Mobilgrease XHP 462 Moly est enrichi de 3\u00a0% de bisulfure de molybd\u00e8ne et est particuli\u00e8rement recommand\u00e9 par ExxonMobil pour les applications telles que les axes de godet et les sellettes d&rsquo;attelage, o\u00f9 le bisulfure de molybd\u00e8ne offre un niveau de protection suppl\u00e9mentaire l\u00e0 o\u00f9 le frottement de glissement et le mouvement d&rsquo;oscillation peuvent entra\u00eener la rupture du le film d&rsquo;huile, entra\u00eenant un contact m\u00e9tal sur m\u00e9tal.<\/li>\n<\/ul>\n<h2>Sp\u00e9cifications et homologations<\/h2>\n<h3>Satisfait ou d\u00e9passe les exigences de<\/h3>\n<ul>\n<li>DIN 51825\u00a0: (2004-06)\u00a0: KP1N-20L<\/li>\n<\/ul>\n","protected":false},"excerpt":{"rendered":"<p>Les graisses de la s\u00e9rie Mobilgrease XHP\u2122 460 sont des graisses complexes au lithium con\u00e7ues pour une utilisation prolong\u00e9e dans une large gamme d&rsquo;applications et de conditions de travail lourdes.<\/p>\n","protected":false},"featured_media":0,"template":"","meta":{"_acf_changed":false,"inline_featured_image":false},"product_brand":[],"product_cat":[217],"product_tag":[],"class_list":{"0":"post-8868","1":"product","2":"type-product","3":"status-publish","5":"product_cat-graisses","7":"first","8":"instock","9":"taxable","10":"shipping-taxable","11":"purchasable","12":"product-type-simple"},"acf":[],"_links":{"self":[{"href":"https:\/\/webshop.ingelbeen.be\/fr\/wp-json\/wp\/v2\/product\/8868","targetHints":{"allow":["GET"]}}],"collection":[{"href":"https:\/\/webshop.ingelbeen.be\/fr\/wp-json\/wp\/v2\/product"}],"about":[{"href":"https:\/\/webshop.ingelbeen.be\/fr\/wp-json\/wp\/v2\/types\/product"}],"wp:attachment":[{"href":"https:\/\/webshop.ingelbeen.be\/fr\/wp-json\/wp\/v2\/media?parent=8868"}],"wp:term":[{"taxonomy":"product_brand","embeddable":true,"href":"https:\/\/webshop.ingelbeen.be\/fr\/wp-json\/wp\/v2\/product_brand?post=8868"},{"taxonomy":"product_cat","embeddable":true,"href":"https:\/\/webshop.ingelbeen.be\/fr\/wp-json\/wp\/v2\/product_cat?post=8868"},{"taxonomy":"product_tag","embeddable":true,"href":"https:\/\/webshop.ingelbeen.be\/fr\/wp-json\/wp\/v2\/product_tag?post=8868"}],"curies":[{"name":"wp","href":"https:\/\/api.w.org\/{rel}","templated":true}]}}