{"id":8878,"date":"2024-04-30T13:10:49","date_gmt":"2024-04-30T12:10:49","guid":{"rendered":"https:\/\/ingelbeen.kneet.be\/product\/mobilgear-xmp-320-2\/"},"modified":"2024-06-26T16:14:38","modified_gmt":"2024-06-26T15:14:38","slug":"mobilgear-xmp-320-2","status":"publish","type":"product","link":"https:\/\/webshop.ingelbeen.be\/fr\/produit\/mobilgear-xmp-320-2\/","title":{"rendered":"Mobilgear XMP 320"},"content":{"rendered":"<div class=\"compensation des d\u00e9tails du produit\">\n<div class=\"description de l'attribut du produit\">\n<div class=\"description de la valeur\">\n<p> Les huiles pour engrenages industriels tr\u00e8s hautes performances Mobilgear\u2122 XMP Series sont con\u00e7ues pour offrir une protection optimale des \u00e9quipements et une dur\u00e9e de vie de l&rsquo;huile, m\u00eame dans des conditions extr\u00eames. La s\u00e9rie Mobilgear XMP est bas\u00e9e sur des huiles de base min\u00e9rales de haute qualit\u00e9 et un syst\u00e8me d&rsquo;additifs exclusif avanc\u00e9 con\u00e7u pour fournir une excellente protection contre les modes d&rsquo;usure conventionnels tels que les \u00e9raflures, mais offre \u00e9galement un haut niveau de r\u00e9sistance contre la fatigue par micropiq\u00fbres. Il offre \u00e9galement la possibilit\u00e9 d\u2019am\u00e9liorer la lubrification des roulements des bo\u00eetes de vitesses. Les produits Mobilgear XMP Series offrent une protection exceptionnelle contre la rouille et la corrosion par rapport aux huiles pour engrenages conventionnelles, y compris la protection contre l&rsquo;eau de mer et l&rsquo;eau acide. Ils ne pr\u00e9sentent aucune tendance \u00e0 boucher les filtres fins, m\u00eame lorsqu&rsquo;ils sont mouill\u00e9s, et offrent une excellente compatibilit\u00e9 avec les m\u00e9taux ferreux et non ferreux, m\u00eame \u00e0 des temp\u00e9ratures \u00e9lev\u00e9es.<\/p>\n<p> Les lubrifiants Mobilgear XMP sont recommand\u00e9s pour les entra\u00eenements \u00e0 engrenages industriels ferm\u00e9s, notamment les engrenages droits, h\u00e9lico\u00efdaux et coniques acier sur acier. Il est particuli\u00e8rement recommand\u00e9 pour les applications susceptibles d&rsquo;\u00eatre soumises \u00e0 des micropittings\u00a0: particuli\u00e8rement les r\u00e9ducteurs fortement charg\u00e9s avec des m\u00e9tallurgies de dents tremp\u00e9es en surface. Il peut \u00e9galement \u00eatre utilis\u00e9 dans les applications d&rsquo;engrenages et l\u00e0 o\u00f9 la corrosion peut \u00eatre grave.<\/p>\n<p> En raison de leur m\u00e9lange unique de propri\u00e9t\u00e9s, y compris la r\u00e9sistance \u00e0 l&rsquo;usure par micropiq\u00fbres, et de leurs performances dans des applications difficiles, les produits de la s\u00e9rie Mobilgear XMP jouissent d&rsquo;une r\u00e9putation croissante aupr\u00e8s des clients et des \u00e9quipementiers du monde entier.<\/p><\/div><\/div><\/div>\n<h2>Fonctionnalit\u00e9 et avantages potentiels<\/h2>\n<p> La marque de lubrifiants Mobilgear est reconnue et appr\u00e9ci\u00e9e dans le monde entier pour son innovation et ses performances exceptionnelles. Un facteur cl\u00e9 dans le d\u00e9veloppement de la s\u00e9rie Mobilgear XMP a \u00e9t\u00e9 les contacts \u00e9troits entre nos scientifiques et sp\u00e9cialistes des applications avec les principaux \u00e9quipementiers afin de garantir que nos offres de produits offriront des performances exceptionnelles avec l&rsquo;\u00e9volution rapide de la conception et du fonctionnement des engrenages industriels.<\/p>\n<p> Notre travail avec les constructeurs d&rsquo;\u00e9quipements a permis de confirmer les r\u00e9sultats de nos propres tests en laboratoire d\u00e9montrant les performances exceptionnelles des lubrifiants Mobilgear XMP Series. Parmi les avantages d\u00e9montr\u00e9s lors du travail avec les \u00e9quipementiers, la capacit\u00e9 \u00e0 r\u00e9sister \u00e0 l&rsquo;usure par micropiq\u00fbres qui peut se produire avec certaines applications d&rsquo;engrenages c\u00e9ment\u00e9s tr\u00e8s charg\u00e9s figure parmi les avantages les plus importants. Ce travail de coop\u00e9ration a \u00e9galement d\u00e9montr\u00e9 les avantages de performances globales et \u00e9quilibr\u00e9es de la nouvelle technologie Mobilgear SHC XMP.<\/p>\n<p> Pour r\u00e9soudre le probl\u00e8me de l&rsquo;usure des engrenages par micropiq\u00fbres, nos scientifiques en formulation de produits ont con\u00e7u une combinaison exclusive d&rsquo;additifs qui r\u00e9sisteraient aux m\u00e9canismes traditionnels d&rsquo;usure des engrenages, tout en prot\u00e9geant contre les micropiq\u00fbres et en fournissant d&rsquo;autres caract\u00e9ristiques de performance cl\u00e9s. Les lubrifiants Mobilgear\u00a0XMP Series offrent les avantages suivants\u00a0:<\/p>\n<table class=\"table table-striped\">\n <t\u00eate><\/p>\n<tr>\n<th>Fonctionnalit\u00e9s<\/th>\n<th>Avantages et b\u00e9n\u00e9fices potentiels<\/th>\n<\/tr>\n<p> <\/t\u00eate><br \/>\n <corps><\/p>\n<tr>\n<td>Superbe protection contre l&rsquo;usure par fatigue par micropiq\u00fbres ainsi qu&rsquo;une haute r\u00e9sistance \u00e0 l&rsquo;usure par \u00e9raflure traditionnelle<\/td>\n<td>Dur\u00e9e de vie prolong\u00e9e des engrenages et des roulements dans les entra\u00eenements \u00e0 engrenages sous bo\u00eetier fonctionnant dans des conditions extr\u00eames de charge, de vitesse et de temp\u00e9rature<\/td>\n<\/tr>\n<tr>\n<td><\/td>\n<td>R\u00e9duction des temps d&rsquo;arr\u00eat impr\u00e9vus et moins de maintenance &#8211; particuli\u00e8rement critique pour les bo\u00eetes de vitesses difficiles d&rsquo;acc\u00e8s<\/td>\n<\/tr>\n<tr>\n<td>Tr\u00e8s bonne r\u00e9sistance \u00e0 la d\u00e9gradation \u00e0 haute temp\u00e9rature<\/td>\n<td>La dur\u00e9e de vie prolong\u00e9e de l&rsquo;huile et les intervalles de vidange r\u00e9duisent la consommation d&rsquo;huile et les co\u00fbts de main d&rsquo;\u0153uvre<\/td>\n<\/tr>\n<tr>\n<td>Excellente r\u00e9sistance \u00e0 la rouille et \u00e0 la corrosion et tr\u00e8s bonne d\u00e9s\u00e9mulsibilit\u00e9<\/td>\n<td>Fonctionnement fluide et sans probl\u00e8me \u00e0 des temp\u00e9ratures \u00e9lev\u00e9es ou dans des applications contamin\u00e9es par de l&rsquo;eau<\/td>\n<\/tr>\n<tr>\n<td><\/td>\n<td>Excellente compatibilit\u00e9 avec les m\u00e9taux mous<\/td>\n<\/tr>\n<tr>\n<td>Pas de colmatage du filtre, m\u00eame en pr\u00e9sence d&rsquo;eau<\/td>\n<td>Moins de changements de filtre et co\u00fbts de maintenance r\u00e9duits<\/td>\n<\/tr>\n<\/tbody>\n<\/table>\n<h2>Applications<\/h2>\n<p> Les huiles pour engrenages industriels Mobilgear XMP Series \u00e0 tr\u00e8s hautes performances sont con\u00e7ues pour fournir une dur\u00e9e de vie optimale de l&rsquo;\u00e9quipement et de l&rsquo;huile, m\u00eame dans des conditions extr\u00eames. Ils sont sp\u00e9cialement formul\u00e9s pour r\u00e9sister aux micropiq\u00fbres des engrenages modernes c\u00e9ment\u00e9s et aux applications o\u00f9 une dur\u00e9e de vie prolong\u00e9e de l&rsquo;huile est souhait\u00e9e. Les applications typiques incluent\u00a0:<\/p>\n<ul>\n<li>\u00c9oliennes<\/li>\n<li>Bo\u00eetes de vitesses d&rsquo;extrudeuse de plastique<\/li>\n<li>Bo\u00eetes de vitesses trouv\u00e9es dans les industries du papier, de l&rsquo;acier, du p\u00e9trole, du textile, du bois et du ciment<\/li>\n<\/ul>\n<h2>Sp\u00e9cifications et homologations<\/h2>\n<h3>Satisfait ou d\u00e9passe les exigences de<\/h3>\n<ul>\n<li>ISO\u00a0L-CKC (ISO\u00a012925-1, 1996)<\/li>\n<\/ul>\n<h3>Ce produit poss\u00e8de les approbations de constructeur suivantes<\/h3>\n<ul>\n<li>Jahnel-Kestermann<\/li>\n<li>Hansen<\/li>\n<\/ul>\n","protected":false},"excerpt":{"rendered":"<p>La s\u00e9rie Mobilgear\u2122 XMP de lubrifiants pour engrenages industriels haute performance est d\u00e9velopp\u00e9e pour offrir une protection optimale des \u00e9quipements et garantir une dur\u00e9e de vie maximale de l&rsquo;huile, m\u00eame dans des conditions extr\u00eames.<\/p>\n","protected":false},"featured_media":10102,"template":"","meta":{"_acf_changed":false,"inline_featured_image":false},"product_brand":[],"product_cat":[216],"product_tag":[],"class_list":{"0":"post-8878","1":"product","2":"type-product","3":"status-publish","4":"has-post-thumbnail","6":"product_cat-huiles-pour-engrenages","8":"first","9":"instock","10":"taxable","11":"shipping-taxable","12":"purchasable","13":"product-type-simple"},"acf":[],"_links":{"self":[{"href":"https:\/\/webshop.ingelbeen.be\/fr\/wp-json\/wp\/v2\/product\/8878","targetHints":{"allow":["GET"]}}],"collection":[{"href":"https:\/\/webshop.ingelbeen.be\/fr\/wp-json\/wp\/v2\/product"}],"about":[{"href":"https:\/\/webshop.ingelbeen.be\/fr\/wp-json\/wp\/v2\/types\/product"}],"wp:featuredmedia":[{"embeddable":true,"href":"https:\/\/webshop.ingelbeen.be\/fr\/wp-json\/wp\/v2\/media\/10102"}],"wp:attachment":[{"href":"https:\/\/webshop.ingelbeen.be\/fr\/wp-json\/wp\/v2\/media?parent=8878"}],"wp:term":[{"taxonomy":"product_brand","embeddable":true,"href":"https:\/\/webshop.ingelbeen.be\/fr\/wp-json\/wp\/v2\/product_brand?post=8878"},{"taxonomy":"product_cat","embeddable":true,"href":"https:\/\/webshop.ingelbeen.be\/fr\/wp-json\/wp\/v2\/product_cat?post=8878"},{"taxonomy":"product_tag","embeddable":true,"href":"https:\/\/webshop.ingelbeen.be\/fr\/wp-json\/wp\/v2\/product_tag?post=8878"}],"curies":[{"name":"wp","href":"https:\/\/api.w.org\/{rel}","templated":true}]}}