{"id":8880,"date":"2024-04-30T13:10:49","date_gmt":"2024-04-30T12:10:49","guid":{"rendered":"https:\/\/ingelbeen.kneet.be\/product\/mobilgrease-fm-101\/"},"modified":"2024-06-26T16:14:38","modified_gmt":"2024-06-26T15:14:38","slug":"mobilgrease-fm-101","status":"publish","type":"product","link":"https:\/\/webshop.ingelbeen.be\/fr\/produit\/mobilgrease-fm-101\/","title":{"rendered":"Mobilgrease FM 101"},"content":{"rendered":"<div class=\"compensation des d\u00e9tails du produit\">\n<div class=\"description de l'attribut du produit\">\n<div class=\"description de la valeur\">\n<p> Mobilgrease\u2122 FM 101 et FM 222 sont des produits polyvalents hautes performances con\u00e7us sp\u00e9cifiquement pour la lubrification des machines de transformation des aliments. Mobilgrease FM 101 et FM 222 sont formul\u00e9s avec des composants r\u00e9pondant aux exigences du CFR 178.3570, chapitre 21, et sont enregistr\u00e9s NSF comme lubrifiants class\u00e9s H1. Les Mobilgrease FM 101 et FM222 sont fabriqu\u00e9s dans des installations certifi\u00e9es ISO 22000 qui r\u00e9pondent \u00e9galement aux exigences de la norme ISO 21469, ce qui contribue \u00e0 garantir le maintien des plus hauts niveaux d&rsquo;int\u00e9grit\u00e9 du produit.<\/p>\n<p> Les \u00e9quipements de transformation des aliments fonctionnent souvent dans divers environnements, couvrant des temp\u00e9ratures extr\u00eames, du four au cong\u00e9lateur, ainsi qu&rsquo;un niveau \u00e9lev\u00e9 de contamination par l&rsquo;eau, la vapeur et les agents de nettoyage.\u00a0Mobilgrease FM 101 et FM 222 ont \u00e9t\u00e9 d\u00e9velopp\u00e9es comme graisses lubrifiantes polyvalentes capables de fournir une excellente lubrification dans tous ces environnements. Mobilgrease FM 101 et FM 222 sont con\u00e7us avec une excellente r\u00e9sistance \u00e0 l&rsquo;eau pour r\u00e9sister aux op\u00e9rations de lavage et de nettoyage p\u00e9riodiques fr\u00e9quentes dans l&rsquo;industrie agroalimentaire. L\u2019inhibition de la rouille est une propri\u00e9t\u00e9 essentielle pour l\u2019industrie. Mobilgrease FM 101 et FM 222 sont formul\u00e9s avec un excellent ensemble d&rsquo;inhibiteurs de rouille qui, agissant de concert avec les propri\u00e9t\u00e9s de r\u00e9sistance \u00e0 l&rsquo;eau, offriront une protection contre la rouille. Les huiles de base s\u00e9lectionn\u00e9es, associ\u00e9es \u00e0 une excellente stabilit\u00e9 au cisaillement des \u00e9paississants, se traduisent par une capacit\u00e9 \u00e0 fournir une lubrification sur une large plage de vitesses, de charges et de temp\u00e9ratures. Mobilgrease FM 101 et FM 222 sont \u00e9galement formul\u00e9s pour supporter une vari\u00e9t\u00e9 de charges, pr\u00e9sentant une bonne protection contre l&rsquo;usure et les conditions de charge de choc.<\/p>\n<p> Mobilgrease FM 101 et FM 222 ont \u00e9t\u00e9 con\u00e7us pour r\u00e9pondre \u00e0 de nombreuses exigences mondiales en mati\u00e8re de performances et de culture, notamment\u00a0:<\/p>\n<p> &#8211;\u00a0Enregistr\u00e9 NSF H1<br \/>\n &#8211; DIN 51825 KPF1K -20 (pour Mobilgrease FM 101)<br \/>\n &#8211; DIN 51825 KPF2K-20 (pour Mobilgrease FM 222)<br \/>\n &#8211; Casher\/Parv\u00e9<br \/>\n -Halal<\/p><\/div><\/div><\/div>\n<h2>Fonctionnalit\u00e9 et avantages potentiels<\/h2>\n<p> Mobilgrease FM 101 et FM 222 appartiennent \u00e0 la marque de produits Mobilgrease, qui a acquis une r\u00e9putation mondiale d&rsquo;innovation et d&rsquo;excellence en performance. Mobilgrease FM 101 et FM 222 sont con\u00e7us par les technologues en formulation d&rsquo;ExxonMobil et soutenus par son \u00e9quipe d&rsquo;assistance technique mondiale.<\/p>\n<p> Les graisses Mobilgrease FM 101 et FM 222 ont \u00e9t\u00e9 con\u00e7ues sp\u00e9cifiquement pour r\u00e9pondre aux besoins de l&rsquo;industrie agroalimentaire qui n\u00e9cessite une excellente r\u00e9sistance \u00e0 l&rsquo;eau, une protection contre la rouille et un lubrifiant capable de fournir de l&rsquo;huile de mani\u00e8re fiable aux zones de charge dans des conditions de cisaillement \u00e9lev\u00e9es. Ces graisses offrent les caract\u00e9ristiques et avantages potentiels suivants\u00a0:<\/p>\n<table class=\"table table-striped\">\n <t\u00eate><\/p>\n<tr>\n<th>Fonctionnalit\u00e9s<\/th>\n<th>Avantages et b\u00e9n\u00e9fices potentiels<\/th>\n<\/tr>\n<p> <\/t\u00eate><br \/>\n <corps><\/p>\n<tr>\n<td>Excellente r\u00e9sistance \u00e0 l&rsquo;eau et protection contre la rouille<\/td>\n<td>Contribue \u00e0 fournir une excellente protection de l&rsquo;\u00e9quipement lors des op\u00e9rations fr\u00e9quentes de nettoyage de l&rsquo;\u00e9quipement<\/td>\n<\/tr>\n<tr>\n<td>Excellente stabilit\u00e9 au cisaillement de l&rsquo;\u00e9paississant<\/td>\n<td>Le produit pr\u00e9sente une excellente stabilit\u00e9 sur de longues p\u00e9riodes, contribuant ainsi \u00e0 fournir une huile plus coh\u00e9rente entre les cycles de relubrification<\/td>\n<\/tr>\n<tr>\n<td>Enregistr\u00e9 NSF H1, certifi\u00e9 DIN51825, casher\/Parve, Halal<\/td>\n<td>Con\u00e7u pour r\u00e9pondre aux exigences mondiales, pr\u00e9sentant une solution polyvalente pour l&rsquo;industrie agroalimentaire du monde entier<\/td>\n<\/tr>\n<tr>\n<td>Fabriqu\u00e9 dans des installations enregistr\u00e9es selon la norme ISO 21469<\/td>\n<td>Assurance de l&rsquo;int\u00e9grit\u00e9 des produits gr\u00e2ce \u00e0 une v\u00e9rification ind\u00e9pendante<\/td>\n<\/tr>\n<\/tbody>\n<\/table>\n<h2>Applications<\/h2>\n<p> Les graisses Mobilgrease FM 101 et FM 222 sont recommand\u00e9es pour la lubrification polyvalente des \u00e9quipements de transformation des aliments o\u00f9 l&rsquo;enregistrement NSF H1 est requis. L\u2019industrie alimentaire comprend les industries de transformation des aliments, des boissons et de l\u2019emballage pour un large \u00e9ventail de cultures.<\/p>\n<p> Les applications incluent\u00a0:<\/p>\n<ul>\n<li>\n<div>Lubrification g\u00e9n\u00e9rale des \u00e9quipements rotatifs<\/div>\n<\/li>\n<li>\n<div>Roulements de convoyeur<\/div>\n<\/li>\n<li>\n<div>Syst\u00e8mes de lubrification centrale des \u00e9quipements (Mobilgrease FM 101)<\/div>\n<\/li>\n<li>\n<div>Roulements \u00e0 rouleaux antifriction soumis \u00e0 des charges lourdes ou \u00e0 des chocs<\/div>\n<\/li>\n<li>\n<div>Liens et diapositives<\/div>\n<\/li>\n<li>\n<div>Articulations<\/div>\n<\/li>\n<\/ul>\n<h2>Sp\u00e9cifications et homologations<\/h2>\n<h3>Satisfait ou d\u00e9passe les exigences de<\/h3>\n<ul>\n<li>FDA 21 CFR 178.3570<\/li>\n<li>DIN 51825 (2006:06) KPF1K -20<\/li>\n<\/ul>\n<h3>Ce produit poss\u00e8de les approbations de constructeur suivantes<\/h3>\n<ul>\n<li>Fives Cincinnati P-72<\/li>\n<li>Casher\/Parv\u00e9<\/li>\n<li>Halal<\/li>\n<\/ul>\n","protected":false},"excerpt":{"rendered":"<p>Mobilgrease\u2122 FM 101 et FM 222 sont des produits multifonctionnels de haute qualit\u00e9 sp\u00e9cialement d\u00e9velopp\u00e9s pour la lubrification des machines de transformation des aliments.<\/p>\n","protected":false},"featured_media":0,"template":"","meta":{"_acf_changed":false,"inline_featured_image":false},"product_brand":[],"product_cat":[217,224],"product_tag":[],"class_list":{"0":"post-8880","1":"product","2":"type-product","3":"status-publish","5":"product_cat-graisses","6":"product_cat-lubrifiants-pour-lindustrie-alimentaire","8":"first","9":"instock","10":"taxable","11":"shipping-taxable","12":"purchasable","13":"product-type-simple"},"acf":[],"_links":{"self":[{"href":"https:\/\/webshop.ingelbeen.be\/fr\/wp-json\/wp\/v2\/product\/8880","targetHints":{"allow":["GET"]}}],"collection":[{"href":"https:\/\/webshop.ingelbeen.be\/fr\/wp-json\/wp\/v2\/product"}],"about":[{"href":"https:\/\/webshop.ingelbeen.be\/fr\/wp-json\/wp\/v2\/types\/product"}],"wp:attachment":[{"href":"https:\/\/webshop.ingelbeen.be\/fr\/wp-json\/wp\/v2\/media?parent=8880"}],"wp:term":[{"taxonomy":"product_brand","embeddable":true,"href":"https:\/\/webshop.ingelbeen.be\/fr\/wp-json\/wp\/v2\/product_brand?post=8880"},{"taxonomy":"product_cat","embeddable":true,"href":"https:\/\/webshop.ingelbeen.be\/fr\/wp-json\/wp\/v2\/product_cat?post=8880"},{"taxonomy":"product_tag","embeddable":true,"href":"https:\/\/webshop.ingelbeen.be\/fr\/wp-json\/wp\/v2\/product_tag?post=8880"}],"curies":[{"name":"wp","href":"https:\/\/api.w.org\/{rel}","templated":true}]}}