{"id":8888,"date":"2024-04-30T13:10:49","date_gmt":"2024-04-30T12:10:49","guid":{"rendered":"https:\/\/ingelbeen.kneet.be\/product\/mobilgrease-mb-2\/"},"modified":"2024-06-26T16:14:39","modified_gmt":"2024-06-26T15:14:39","slug":"mobilgrease-mb-2","status":"publish","type":"product","link":"https:\/\/webshop.ingelbeen.be\/fr\/produit\/mobilgrease-mb-2\/","title":{"rendered":"Mobilgrease MB 2"},"content":{"rendered":"<div class=\"compensation des d\u00e9tails du produit\">\n<div class=\"description de l'attribut du produit\">\n<div class=\"description de la valeur\">\n<p> Mobilgrease MB 2 est une graisse \u00e9paissie au lithium destin\u00e9e aux applications polyvalentes dans les v\u00e9hicules utilitaires et de tourisme.\u00a0Il est \u00e0 base d&rsquo;huile min\u00e9rale d&rsquo;une viscosit\u00e9 proche de 180 cSt.\u00a0Le produit pr\u00e9sente une excellente stabilit\u00e9 \u00e0 l\u2019oxydation et une tr\u00e8s bonne r\u00e9sistance \u00e0 l\u2019eau.\u00a0Il offre \u00e9galement une excellente protection contre la corrosion et de bonnes propri\u00e9t\u00e9s d&rsquo;\u00e9coulement m\u00eame \u00e0 basse temp\u00e9rature.<\/p>\n<p> Mobilgrease MB 2 est conforme \u00e0 Mercedes Benz page 267.<\/p>\n<p> Mobilgrease MB 2 est compatible avec les joints en NBR, ACM et FKM, \u00e0 condition qu&rsquo;ils soient adapt\u00e9s aux temp\u00e9ratures de fonctionnement.<\/p><\/div><\/div><\/div>\n<h2>Fonctionnalit\u00e9 et avantages potentiels<\/h2>\n<table class=\"table table-striped\">\n <t\u00eate><\/p>\n<tr>\n<th>Fonctionnalit\u00e9s<\/th>\n<th>Avantages et b\u00e9n\u00e9fices potentiels<\/th>\n<\/tr>\n<p> <\/t\u00eate><br \/>\n <corps><\/p>\n<tr>\n<td>Peut \u00eatre utilis\u00e9 dans une grande vari\u00e9t\u00e9 d&rsquo;applications automobiles<\/td>\n<td>Potentiel de rationalisation des produits<\/td>\n<\/tr>\n<tr>\n<td>Longue dur\u00e9e de vie<\/td>\n<td>Co\u00fbts d&rsquo;exploitation r\u00e9duits gr\u00e2ce \u00e0 des co\u00fbts de maintenance inf\u00e9rieurs et \u00e0 une utilisation \u00e9conomique<\/td>\n<\/tr>\n<tr>\n<td>Bonne oxydation et stabilit\u00e9 thermique<\/td>\n<td>Bonne fiabilit\u00e9 et disponibilit\u00e9 des \u00e9quipements<\/td>\n<\/tr>\n<tr>\n<td>Excellente protection contre la rouille et la corrosion et r\u00e9sistance au lessivage par l&rsquo;eau<\/td>\n<td>Protection am\u00e9lior\u00e9e des \u00e9quipements et bonne lubrification m\u00eame en pr\u00e9sence d&rsquo;eau<\/td>\n<\/tr>\n<tr>\n<td>Bonne pompabilit\u00e9 dans les syst\u00e8mes centralis\u00e9s \u00e0 basses temp\u00e9ratures<\/td>\n<td>Fiabilit\u00e9 optimale<\/td>\n<\/tr>\n<tr>\n<td>Bonne stabilit\u00e9 m\u00e9canique m\u00eame \u00e0 taux de cisaillement \u00e9lev\u00e9<\/td>\n<td>Intervalles d&rsquo;entretien plus longs<\/td>\n<\/tr>\n<\/tbody>\n<\/table>\n<h2>Applications<\/h2>\n<p> Mobilgrease MB 2 peut \u00eatre utilis\u00e9 pour de nombreuses applications automobiles.\u00a0Elle peut \u00eatre utilis\u00e9e comme graisse polyvalente unique dans les flottes, les \u00e9quipements agricoles et de construction pour lesquels la sp\u00e9cification MB page 267 a \u00e9t\u00e9 recommand\u00e9e.\u00a0Mobilgrease MB 2 peut \u00e9galement \u00eatre utilis\u00e9e dans certaines applications industrielles o\u00f9 une graisse non EP convient.\u00a0Le produit a un facteur de vitesse d&rsquo;environ 200 000 DmN.<\/p>\n<h2>Sp\u00e9cifications et homologations<\/h2>\n<h3>Satisfait ou d\u00e9passe les exigences de<\/h3>\n<ul>\n<li>DIN 51825\u00a0: (2004-06) KP2K-30<\/li>\n<\/ul>\n<h3>Ce produit poss\u00e8de les approbations de constructeur suivantes<\/h3>\n<ul>\n<li>Approbation MB 267.0<\/li>\n<li>MAN 283 Li-P 2<\/li>\n<\/ul>\n","protected":false},"excerpt":{"rendered":"<p>Mobilgrease MB 2 est une graisse polyvalente con\u00e7ue pour une utilisation dans une vari\u00e9t\u00e9 d&rsquo;applications industrielles et automobiles. Cette graisse offre une excellente protection contre la chaleur, l&rsquo;eau et la corrosion, ce qui la rend id\u00e9ale pour les environnements o\u00f9 ces \u00e9l\u00e9ments posent un risque.<\/p>\n","protected":false},"featured_media":0,"template":"","meta":{"_acf_changed":false,"inline_featured_image":false},"product_brand":[],"product_cat":[217,224],"product_tag":[],"class_list":{"0":"post-8888","1":"product","2":"type-product","3":"status-publish","5":"product_cat-graisses","6":"product_cat-lubrifiants-pour-lindustrie-alimentaire","8":"first","9":"instock","10":"taxable","11":"shipping-taxable","12":"purchasable","13":"product-type-simple"},"acf":[],"_links":{"self":[{"href":"https:\/\/webshop.ingelbeen.be\/fr\/wp-json\/wp\/v2\/product\/8888","targetHints":{"allow":["GET"]}}],"collection":[{"href":"https:\/\/webshop.ingelbeen.be\/fr\/wp-json\/wp\/v2\/product"}],"about":[{"href":"https:\/\/webshop.ingelbeen.be\/fr\/wp-json\/wp\/v2\/types\/product"}],"wp:attachment":[{"href":"https:\/\/webshop.ingelbeen.be\/fr\/wp-json\/wp\/v2\/media?parent=8888"}],"wp:term":[{"taxonomy":"product_brand","embeddable":true,"href":"https:\/\/webshop.ingelbeen.be\/fr\/wp-json\/wp\/v2\/product_brand?post=8888"},{"taxonomy":"product_cat","embeddable":true,"href":"https:\/\/webshop.ingelbeen.be\/fr\/wp-json\/wp\/v2\/product_cat?post=8888"},{"taxonomy":"product_tag","embeddable":true,"href":"https:\/\/webshop.ingelbeen.be\/fr\/wp-json\/wp\/v2\/product_tag?post=8888"}],"curies":[{"name":"wp","href":"https:\/\/api.w.org\/{rel}","templated":true}]}}