{"id":8892,"date":"2024-04-30T13:10:49","date_gmt":"2024-04-30T12:10:49","guid":{"rendered":"https:\/\/ingelbeen.kneet.be\/product\/mobilgrease-special\/"},"modified":"2024-06-26T16:14:39","modified_gmt":"2024-06-26T15:14:39","slug":"mobilgrease-special","status":"publish","type":"product","link":"https:\/\/webshop.ingelbeen.be\/fr\/produit\/mobilgrease-special\/","title":{"rendered":"Mobilgrease Special"},"content":{"rendered":"<div class=\"compensation des d\u00e9tails du produit\">\n<div class=\"description de l'attribut du produit\">\n<div class=\"description de la valeur\">\n<p> Mobilgrease Special est une graisse \u00e0 base d&rsquo;hydroxyst\u00e9arate de lithium extr\u00eame pression haute performance. Il est formul\u00e9 pour offrir une protection contre l\u2019usure, la rouille et la corrosion, le lessivage \u00e0 l\u2019eau et l\u2019oxydation \u00e0 haute temp\u00e9rature. Il contient \u00e9galement du bisulfure de molybd\u00e8ne (moly) pour une protection suppl\u00e9mentaire contre l&rsquo;usure.<\/p>\n<p> Mobilgrease Special est une graisse automobile polyvalente pour usage intensif con\u00e7ue pour \u00eatre utilis\u00e9e dans les voitures particuli\u00e8res, les camions, les tracteurs agricoles, les entrepreneurs, les \u00e9quipements de construction, miniers et mobiles. La plage de temp\u00e9rature de fonctionnement recommand\u00e9e est de -20\u00ba \u00e0 130\u00ba C. Gr\u00e2ce \u00e0 la protection anti-usure suppl\u00e9mentaire fournie par l&rsquo;ajout de molybd\u00e8ne, Mobilgrease Special est particuli\u00e8rement adapt\u00e9e aux roulements fortement charg\u00e9s soumis \u00e0 des mouvements de frettage ou d&rsquo;oscillation ou de glissement.<\/p><\/div><\/div><\/div>\n<h2>Fonctionnalit\u00e9 et avantages potentiels<\/h2>\n<p> Mobilgrease Special est membre de la marque de produits Mobilgrease, qui a acquis une r\u00e9putation mondiale d&rsquo;innovation et d&rsquo;excellence en performances. Les produits de graisse Mobilgrease Special sont con\u00e7us par les technologues en formulation d&rsquo;ExxonMobil et soutenus par notre personnel d&rsquo;assistance technique mondial.<\/p>\n<p> Mobilgrease Special a \u00e9t\u00e9 con\u00e7ue comme une graisse polyvalente \u00e0 usage intensif pour les roulements de roue et les composants de ch\u00e2ssis d&rsquo;une large gamme d&rsquo;\u00e9quipements automobiles et industriels. Mobilgrease Special offre les fonctionnalit\u00e9s et avantages potentiels suivants\u00a0:<\/p>\n<ul>\n<li>Usure r\u00e9duite en cas de charges lourdes ou de chocs et vibrations pour la protection des \u00e9quipements et une dur\u00e9e de vie prolong\u00e9e dans des conditions de fonctionnement difficiles<\/li>\n<li>Protection suppl\u00e9mentaire contre la rouille et la corrosion pour r\u00e9duire la maintenance et les temps d&rsquo;arr\u00eat<\/li>\n<li>Une bonne r\u00e9sistance au lessivage par l&rsquo;eau garantit une lubrification ad\u00e9quate m\u00eame en pr\u00e9sence de contamination par l&rsquo;eau<\/li>\n<li>Bonne pompabilit\u00e9 dans les syst\u00e8mes centralis\u00e9s<\/li>\n<\/ul>\n<h2>Applications<\/h2>\n<p> Mobilgrease Special est une graisse automobile polyvalente pour usage intensif con\u00e7ue pour \u00eatre utilis\u00e9e dans les voitures particuli\u00e8res, les camions, les tracteurs agricoles, les entrepreneurs, les \u00e9quipements de construction, miniers et mobiles. Les applications sp\u00e9cifiques incluent\u00a0:<\/p>\n<ul>\n<li>Roulements de roue, en particulier lors de mouvements de frettage, d&rsquo;oscillation ou de glissement<\/li>\n<li>Composants du ch\u00e2ssis fonctionnant dans des conditions difficiles<\/li>\n<\/ul>\n","protected":false},"excerpt":{"rendered":"<p>Mobilgrease Special est une graisse de lithium-hydroxyst\u00e9arate haute performance avec des propri\u00e9t\u00e9s de pression extr\u00eame. Elle est formul\u00e9e pour offrir une protection contre l&rsquo;usure, la rouille et la corrosion, le lavage par l&rsquo;eau et l&rsquo;oxydation \u00e0 haute temp\u00e9rature.<\/p>\n","protected":false},"featured_media":0,"template":"","meta":{"_acf_changed":false,"inline_featured_image":false},"product_brand":[],"product_cat":[217],"product_tag":[],"class_list":{"0":"post-8892","1":"product","2":"type-product","3":"status-publish","5":"product_cat-graisses","7":"first","8":"instock","9":"taxable","10":"shipping-taxable","11":"purchasable","12":"product-type-simple"},"acf":[],"_links":{"self":[{"href":"https:\/\/webshop.ingelbeen.be\/fr\/wp-json\/wp\/v2\/product\/8892","targetHints":{"allow":["GET"]}}],"collection":[{"href":"https:\/\/webshop.ingelbeen.be\/fr\/wp-json\/wp\/v2\/product"}],"about":[{"href":"https:\/\/webshop.ingelbeen.be\/fr\/wp-json\/wp\/v2\/types\/product"}],"wp:attachment":[{"href":"https:\/\/webshop.ingelbeen.be\/fr\/wp-json\/wp\/v2\/media?parent=8892"}],"wp:term":[{"taxonomy":"product_brand","embeddable":true,"href":"https:\/\/webshop.ingelbeen.be\/fr\/wp-json\/wp\/v2\/product_brand?post=8892"},{"taxonomy":"product_cat","embeddable":true,"href":"https:\/\/webshop.ingelbeen.be\/fr\/wp-json\/wp\/v2\/product_cat?post=8892"},{"taxonomy":"product_tag","embeddable":true,"href":"https:\/\/webshop.ingelbeen.be\/fr\/wp-json\/wp\/v2\/product_tag?post=8892"}],"curies":[{"name":"wp","href":"https:\/\/api.w.org\/{rel}","templated":true}]}}