{"id":8900,"date":"2024-04-30T13:10:48","date_gmt":"2024-04-30T12:10:48","guid":{"rendered":"https:\/\/ingelbeen.kneet.be\/product\/mobilgard-hsd-15w-40-3\/"},"modified":"2024-06-26T16:14:35","modified_gmt":"2024-06-26T15:14:35","slug":"mobilgard-hsd-15w-40-3","status":"publish","type":"product","link":"https:\/\/webshop.ingelbeen.be\/fr\/produit\/mobilgard-hsd-15w-40-3\/","title":{"rendered":"Mobilgard HSD+ 15W-40"},"content":{"rendered":"<div class=\"compensation des d\u00e9tails du produit\">\n<div class=\"description de l'attribut du produit\">\n<div class=\"description de la valeur\">\n<p> Mobilgard\u2122 HSD+\u00a015W-40 est une huile pour moteur diesel multigrade avanc\u00e9e qui contribue \u00e0 prolonger la dur\u00e9e de vie du moteur et est formul\u00e9e pour les moteurs diesel \u00e0 haut r\u00e9gime \u00e0 service intensif dans les applications marines.<\/p>\n<p> Mobilgard\u2122 HSD+\u00a015W-40 r\u00e9pond ou d\u00e9passe de nombreuses exigences des fabricants d&rsquo;\u00e9quipement d&rsquo;origine (OEM) et offre des performances \u00e9lev\u00e9es.<\/p>\n<p> Enti\u00e8rement r\u00e9trocompatible, Mobilgard\u2122 HSD+ 15W-40 offre des performances exceptionnelles dans les conceptions de moteurs lourds, plus r\u00e9centes et plus anciennes. En cons\u00e9quence, ces huiles respectent ou d\u00e9passent les exigences des cat\u00e9gories de service API CK-4, CJ-4, CI-4 PLUS, CI-4 et CH-4, ainsi que les principales exigences des constructeurs OEM.<\/p>\n<p> Mobilgard\u2122 HSD+ 15W-40 utilise une formulation sur mesure qui offre une excellente protection contre l&rsquo;usure et le moteur, une capacit\u00e9 de vidange \u00e9tendue, des performances exceptionnelles \u00e0 haute temp\u00e9rature et une propret\u00e9 du moteur. D\u00e9velopp\u00e9 en \u00e9troite collaboration avec les principaux constructeurs OEM, Mobilgard\u2122 HSD+ 15W-40 est recommand\u00e9 pour une utilisation dans une large gamme d&rsquo;applications intensives et dans les environnements marins les plus s\u00e9v\u00e8res. Ce produit offre une protection exceptionnelle dans les moteurs diesel les plus exigeants de Caterpillar, Cummins, Detroit, Mercedes Benz, MAN, Volvo et autres.<\/p><\/div><\/div><\/div>\n<h2>Fonctionnalit\u00e9 et avantages potentiels<\/h2>\n<p> Mobilgard\u2122 HSD+\u00a015W-40 est formul\u00e9 avec une technologie d&rsquo;huile de base optimis\u00e9e, contenant des huiles de base s\u00e9v\u00e8rement hydrotrait\u00e9es et un syst\u00e8me d&rsquo;additifs sur mesure pour offrir des performances prolong\u00e9es jusqu&rsquo;\u00e0 50\u00a0% au-del\u00e0 des intervalles de vidange d&rsquo;huile (ODI) recommand\u00e9s par les constructeurs<sup>1<. \/sup>. Cette formulation exclusive offre une excellente protection contre l&rsquo;usure, une stabilit\u00e9 \u00e0 l&rsquo;oxydation exceptionnelle et une r\u00e9tention TBN exceptionnelle. Mobilgard\u2122 HSD+\u00a015W-40 offre \u00e9galement une r\u00e9sistance exceptionnelle \u00e0 la consommation d&rsquo;huile, \u00e0 l&rsquo;oxydation, \u00e0 l&rsquo;usure corrosive et abrasive et aux d\u00e9p\u00f4ts \u00e0 haute temp\u00e9rature.<\/p>\n<p> Les principaux avantages comprennent\u00a0:<\/p>\n<table class=\"table table-striped\">\n <t\u00eate><\/p>\n<tr>\n<th>Fonctionnalit\u00e9s<\/th>\n<th>Avantages et b\u00e9n\u00e9fices potentiels<\/th>\n<\/tr>\n<p> <\/t\u00eate><br \/>\n <corps><\/p>\n<tr>\n<td>R\u00e9pond aux sp\u00e9cifications exigeantes des principaux constructeurs OEM<\/td>\n<td>Une seule huile moteur pour les op\u00e9rations de flotte mixte<\/td>\n<\/tr>\n<tr>\n<td>Stabilit\u00e9 exceptionnelle \u00e0 l&rsquo;oxydation<\/td>\n<td>Capacit\u00e9 ODI \u00e9tendue. R\u00e9duction de l&rsquo;accumulation de boues \u00e0 basse temp\u00e9rature et des d\u00e9p\u00f4ts \u00e0 haute temp\u00e9rature<\/td>\n<\/tr>\n<tr>\n<td>Excellent contr\u00f4le de la suie et de la viscosit\u00e9<\/td>\n<td>Meilleure efficacit\u00e9 du moteur, longue dur\u00e9e de vie du moteur et longue dur\u00e9e de vie de l&rsquo;huile<\/td>\n<\/tr>\n<tr>\n<td>Excellent contr\u00f4le de la consommation d&rsquo;huile<\/td>\n<td>Co\u00fbts d&rsquo;huile r\u00e9duits gr\u00e2ce \u00e0 moins d&rsquo;huile d&rsquo;appoint pendant le fonctionnement<\/td>\n<\/tr>\n<tr>\n<td>R\u00e9serves TBN en cours<\/td>\n<td>Protection contre la corrosion et intervalles de vidange prolong\u00e9s pour les moteurs neufs et anciens utilisant jusqu&rsquo;\u00e0 500 ppm de carburant diesel soufr\u00e9<\/td>\n<\/tr>\n<tr>\n<td>R\u00e9sistance \u00e0 l&rsquo;usure corrosive et abrasive<\/td>\n<td>Longue dur\u00e9e de vie des surfaces \u00e0 usure critique<\/td>\n<\/tr>\n<tr>\n<td>Compatibilit\u00e9 des composants<\/td>\n<td>Longue dur\u00e9e de vie des joints et des joints<\/td>\n<\/tr>\n<tr>\n<td>Formulation \u00e0 faible teneur en cendres r\u00e9pondant aux exigences API CK-4 et CJ-4<\/td>\n<td>Longue dur\u00e9e de vie du post-traitement des \u00e9missions (DPF, DOC et SCR)<\/td>\n<\/tr>\n<\/tbody>\n<\/table>\n<h2>Applications<\/h2>\n<ul>\n<li>Recommand\u00e9 pour les derniers moteurs diesel lourds, y compris ceux \u00e9quip\u00e9s de syst\u00e8mes de post-traitement et d&rsquo;EGR.<\/li>\n<li>Offre des performances exceptionnelles dans les applications marines les plus exigeantes des moteurs diesel modernes \u00e0 grande vitesse<\/li>\n<li>Recommand\u00e9 pour les applications diesel utilisant des mod\u00e8les conventionnels plus anciens et \u00e0 aspiration naturelle.<\/li>\n<li>\u00c9quipements fonctionnant au diesel provenant de constructeurs OEM am\u00e9ricains, europ\u00e9ens et japonais<\/li>\n<\/ul>\n<h2>Sp\u00e9cifications et homologations<\/h2>\n<h3>Satisfait ou d\u00e9passe les exigences de<\/h3>\n<ul>\n<li>API CK-4, CJ-4, CI-4 PLUS, CI-4, CH-4\/SN<\/li>\n<li>ACEA\u00a0E9, E7<\/li>\n<li>Caterpillar ECF-3<\/li>\n<li>Cummins CES 20086, 20081<\/li>\n<li>JASO DH-2<\/li>\n<\/ul>\n<h3>Ce produit poss\u00e8de les approbations de constructeur suivantes<\/h3>\n<ul>\n<li>Sp\u00e9cifications Detroit Fluids 93K222, 93K218<\/li>\n<li>Approbation MB 228.31<\/li>\n<li>HOMME M 3275-1<\/li>\n<li>Volvo VDS-4.5, VDS-4<\/li>\n<\/ul>\n","protected":false},"excerpt":{"rendered":"<p>Mobilgard\u2122 HSD+ 15W-40 est une huile moteur diesel multi-grade avanc\u00e9e qui aide \u00e0 prolonger la dur\u00e9e de vie du moteur et est formul\u00e9e pour les moteurs diesel \u00e0 haute vitesse et \u00e0 charge \u00e9lev\u00e9e dans les applications maritimes.<\/p>\n","protected":false},"featured_media":10105,"template":"","meta":{"_acf_changed":false,"inline_featured_image":false},"product_brand":[],"product_cat":[214],"product_tag":[],"class_list":{"0":"post-8900","1":"product","2":"type-product","3":"status-publish","4":"has-post-thumbnail","6":"product_cat-huiles-moteurs","8":"first","9":"instock","10":"taxable","11":"shipping-taxable","12":"purchasable","13":"product-type-simple"},"acf":[],"_links":{"self":[{"href":"https:\/\/webshop.ingelbeen.be\/fr\/wp-json\/wp\/v2\/product\/8900","targetHints":{"allow":["GET"]}}],"collection":[{"href":"https:\/\/webshop.ingelbeen.be\/fr\/wp-json\/wp\/v2\/product"}],"about":[{"href":"https:\/\/webshop.ingelbeen.be\/fr\/wp-json\/wp\/v2\/types\/product"}],"wp:featuredmedia":[{"embeddable":true,"href":"https:\/\/webshop.ingelbeen.be\/fr\/wp-json\/wp\/v2\/media\/10105"}],"wp:attachment":[{"href":"https:\/\/webshop.ingelbeen.be\/fr\/wp-json\/wp\/v2\/media?parent=8900"}],"wp:term":[{"taxonomy":"product_brand","embeddable":true,"href":"https:\/\/webshop.ingelbeen.be\/fr\/wp-json\/wp\/v2\/product_brand?post=8900"},{"taxonomy":"product_cat","embeddable":true,"href":"https:\/\/webshop.ingelbeen.be\/fr\/wp-json\/wp\/v2\/product_cat?post=8900"},{"taxonomy":"product_tag","embeddable":true,"href":"https:\/\/webshop.ingelbeen.be\/fr\/wp-json\/wp\/v2\/product_tag?post=8900"}],"curies":[{"name":"wp","href":"https:\/\/api.w.org\/{rel}","templated":true}]}}