{"id":8908,"date":"2024-04-30T13:10:48","date_gmt":"2024-04-30T12:10:48","guid":{"rendered":"https:\/\/ingelbeen.kneet.be\/product\/mobilgard-m440\/"},"modified":"2024-06-26T16:14:35","modified_gmt":"2024-06-26T15:14:35","slug":"mobilgard-m440","status":"publish","type":"product","link":"https:\/\/webshop.ingelbeen.be\/fr\/produit\/mobilgard-m440\/","title":{"rendered":"Mobilgard M440"},"content":{"rendered":"<div class=\"compensation des d\u00e9tails du produit\">\n<div class=\"description de l'attribut du produit\">\n<div class=\"description de la valeur\">\n<p> <strong>D\u00e9velopp\u00e9 sp\u00e9cifiquement pour les moteurs \u00e0 r\u00e9gime moyen<\/strong><\/p>\n<p> Mobilgard\u2122 M440\u00a0est une huile moteur haute performance 40 BN recommand\u00e9e pour une utilisation sur les navires de haute mer, les navires c\u00f4tiers et fluviaux fonctionnant au fioul lourd (HFO).<\/p>\n<p> Ce produit fournit\u00a0:<\/p>\n<ul>\n<li>Excellente oxydation \u00e0 haute temp\u00e9rature<\/li>\n<li>Compatibilit\u00e9 exceptionnelle avec les carburants r\u00e9siduels<\/li>\n<li>Bonne stabilit\u00e9 thermique<\/li>\n<li>Faible volatilit\u00e9<\/li>\n<li>Propri\u00e9t\u00e9s de charge \u00e9lev\u00e9es<\/li>\n<li>Protection exceptionnelle contre la corrosion.<\/li>\n<\/ul>\n<p> <strong>Protection contre la corrosion<\/strong><\/p>\n<p> Les r\u00e9serves d&rsquo;alcalinit\u00e9 gh du Mobilgard M440 offrent une protection sup\u00e9rieure en neutralisant les acides forts r\u00e9sultant de l&rsquo;utilisation de carburants \u00e0 haute teneur en soufre, r\u00e9duisant ainsi la corrosion et, par cons\u00e9quent, les co\u00fbts d&rsquo;entretien et de r\u00e9paration.<\/p>\n<p> <fort><br \/>\n Propret\u00e9 et protection in\u00e9gal\u00e9es du moteur<\/strong><\/p>\n<p> L&rsquo;huile Mobilgard M440\u00a0offre une excellente r\u00e9tention du BN et une r\u00e9sistance \u00e0 l&rsquo;augmentation de la viscosit\u00e9, contribuant ainsi \u00e0 maximiser la dur\u00e9e de vie des composants et les intervalles de nettoyage, ainsi qu&rsquo;\u00e0 minimiser les changements de filtre et l&rsquo;entretien du purificateur. \u00c7a aussi:<\/p>\n<ul>\n<li>Aide \u00e0 prot\u00e9ger les sous-couronnes des pistons contre les d\u00e9p\u00f4ts caus\u00e9s par la dilution du carburant brut<\/li>\n<li>Optimise la dur\u00e9e de vie des surfaces \u00e0 usure critique gr\u00e2ce \u00e0 des propri\u00e9t\u00e9s anti-usure exceptionnelles<\/li>\n<li>Minimise la consommation de p\u00e9trole gr\u00e2ce \u00e0 des stocks de base \u00e0 faible volatilit\u00e9<\/li>\n<\/ul><\/div><\/div><\/div>\n<h2>Fonctionnalit\u00e9 et avantages potentiels<\/h2>\n<p> L&rsquo;huile Mobilgard M440 pr\u00e9sente une stabilit\u00e9 thermique et \u00e0 l&rsquo;oxydation exceptionnelle.\u00a0Il pr\u00e9sente une excellente r\u00e9tention du TBN et une r\u00e9sistance aux augmentations de viscosit\u00e9 sur de longues p\u00e9riodes de fonctionnement. Il favorise \u00e9galement un haut niveau de propret\u00e9 du moteur avec une protection contre l&rsquo;usure. Compar\u00e9e \u00e0 d\u2019autres huiles moteur \u00e0 r\u00e9gime moyen, elle pr\u00e9sente une excellente compatibilit\u00e9 lubrifiant\/carburant et se s\u00e9pare facilement de l\u2019eau.<\/p>\n<p> Lorsqu&rsquo;elle est utilis\u00e9e selon les recommandations, l&rsquo;huile Mobilgard M440 offre les avantages suivants\u00a0:<\/p>\n<table class=\"table table-striped\">\n <t\u00eate><\/p>\n<tr>\n<th>Fonctionnalit\u00e9s<\/th>\n<th>Avantages et b\u00e9n\u00e9fices potentiels<\/th>\n<\/tr>\n<p> <\/t\u00eate><br \/>\n <corps><\/p>\n<tr>\n<td>Excellente stabilit\u00e9 thermique et \u00e0 l&rsquo;oxydation<\/td>\n<td>R\u00e9duction des d\u00e9p\u00f4ts dans les zones du dessous du piston et de la ceinture annulaire<\/td>\n<\/tr>\n<tr>\n<td>Propri\u00e9t\u00e9s anti-usure am\u00e9lior\u00e9es<\/td>\n<td>Prolonge la dur\u00e9e de vie des surfaces d&rsquo;usure critiques<\/td>\n<\/tr>\n<tr>\n<td>D\u00e9tergence\/dispersance avanc\u00e9e<\/td>\n<td>Nettoyer les espaces d&rsquo;arbre \u00e0 cames et de carter<\/td>\n<\/tr>\n<tr>\n<td>Propri\u00e9t\u00e9s exceptionnelles contre la rouille et la corrosion<\/td>\n<td>Prot\u00e8ge les surfaces d&rsquo;usure de l&rsquo;eau et de la corrosion acide<\/td>\n<\/tr>\n<tr>\n<td>Compatibilit\u00e9 \u00e9lev\u00e9e avec les carburants r\u00e9siduels<\/td>\n<td>Formation de boue r\u00e9duite, dur\u00e9e de vie de l&rsquo;huile plus longue, moteurs plus propres<\/td>\n<\/tr>\n<tr>\n<td>Actions de base \u00e0 faible volatilit\u00e9<\/td>\n<td>Consommation de lubrifiant r\u00e9duite<\/td>\n<\/tr>\n<tr>\n<td>Excellente r\u00e9serve et r\u00e9tention de TBN<\/td>\n<td>Combat la corrosion et les d\u00e9p\u00f4ts li\u00e9s au carburant\/\u00e0 la combustion<\/td>\n<\/tr>\n<\/tbody>\n<\/table>\n<h2>Applications<\/h2>\n<p> L&rsquo;huile Mobilgard M440 peut \u00eatre utilis\u00e9e dans la plupart des applications de moteurs \u00e0 pistons principaux \u00e0 vitesse moyenne. Son utilisation est recommand\u00e9e dans la propulsion principale et les moteurs auxiliaires des navires hauturiers\u00a0; dans les moteurs de propulsion principaux des navires c\u00f4tiers et fluviaux\u00a0; et dans les centrales \u00e9lectriques stationnaires. Cette huile est le r\u00e9sultat d&rsquo;un vaste programme de recherche et de d\u00e9veloppement, int\u00e9grant le test brevet\u00e9 DAC (Detecting Asphaltene Contamination) d&rsquo;ExxonMobil.<\/p>\n<p> L&rsquo;huile Mobilgard M440 est con\u00e7ue pour r\u00e9pondre aux besoins des moteurs fonctionnant au fioul lourd. Il est recommand\u00e9 pour une utilisation dans les derniers mod\u00e8les de moteurs diesel \u00e0 vitesse moyenne et est particuli\u00e8rement b\u00e9n\u00e9fique dans les moteurs ayant une faible consommation d&rsquo;huile de carter ou fonctionnant avec de basses temp\u00e9ratures de chemise de cylindre. Les r\u00e9serves d&rsquo;alcalinit\u00e9 relativement \u00e9lev\u00e9es de cette huile offrent une protection sup\u00e9rieure en neutralisant les acides forts r\u00e9sultant de l&rsquo;utilisation de carburants \u00e0 haute teneur en soufre qui ont acc\u00e8s au carter pour favoriser la d\u00e9gradation de l&rsquo;huile et la corrosion des anneaux, des cylindres et des roulements.<\/p>\n","protected":false},"excerpt":{"rendered":"<p>Mobilgard\u2122 M440 est une huile moteur de haute performance 40 BN recommand\u00e9e pour une utilisation dans les navires en haute mer, les navires c\u00f4tiers et fluviaux fonctionnant au fioul lourd (HFO).<\/p>\n","protected":false},"featured_media":10102,"template":"","meta":{"_acf_changed":false,"inline_featured_image":false},"product_brand":[],"product_cat":[214],"product_tag":[],"class_list":{"0":"post-8908","1":"product","2":"type-product","3":"status-publish","4":"has-post-thumbnail","6":"product_cat-huiles-moteurs","8":"first","9":"instock","10":"taxable","11":"shipping-taxable","12":"purchasable","13":"product-type-simple"},"acf":[],"_links":{"self":[{"href":"https:\/\/webshop.ingelbeen.be\/fr\/wp-json\/wp\/v2\/product\/8908","targetHints":{"allow":["GET"]}}],"collection":[{"href":"https:\/\/webshop.ingelbeen.be\/fr\/wp-json\/wp\/v2\/product"}],"about":[{"href":"https:\/\/webshop.ingelbeen.be\/fr\/wp-json\/wp\/v2\/types\/product"}],"wp:featuredmedia":[{"embeddable":true,"href":"https:\/\/webshop.ingelbeen.be\/fr\/wp-json\/wp\/v2\/media\/10102"}],"wp:attachment":[{"href":"https:\/\/webshop.ingelbeen.be\/fr\/wp-json\/wp\/v2\/media?parent=8908"}],"wp:term":[{"taxonomy":"product_brand","embeddable":true,"href":"https:\/\/webshop.ingelbeen.be\/fr\/wp-json\/wp\/v2\/product_brand?post=8908"},{"taxonomy":"product_cat","embeddable":true,"href":"https:\/\/webshop.ingelbeen.be\/fr\/wp-json\/wp\/v2\/product_cat?post=8908"},{"taxonomy":"product_tag","embeddable":true,"href":"https:\/\/webshop.ingelbeen.be\/fr\/wp-json\/wp\/v2\/product_tag?post=8908"}],"curies":[{"name":"wp","href":"https:\/\/api.w.org\/{rel}","templated":true}]}}