{"id":8910,"date":"2024-04-30T13:10:48","date_gmt":"2024-04-30T12:10:48","guid":{"rendered":"https:\/\/ingelbeen.kneet.be\/product\/mobilgard-m50\/"},"modified":"2024-06-26T16:14:36","modified_gmt":"2024-06-26T15:14:36","slug":"mobilgard-m50","status":"publish","type":"product","link":"https:\/\/webshop.ingelbeen.be\/fr\/produit\/mobilgard-m50\/","title":{"rendered":"Mobilgard M50"},"content":{"rendered":"<div class=\"compensation des d\u00e9tails du produit\">\n<div class=\"description de l'attribut du produit\">\n<div class=\"description de la valeur\">\n<p> Mobilgard M50 d&rsquo;ExxonMobil sont des huiles moteur 50 TBN de qualit\u00e9 sup\u00e9rieure et tr\u00e8s hautes performances, con\u00e7ues pour \u00eatre utilis\u00e9es dans les applications diesel \u00e0 vitesse moyenne aliment\u00e9es par carburant r\u00e9siduel les plus s\u00e9v\u00e8res que l&rsquo;on trouve dans les industries marines et stationnaires. Ces huiles pour moteurs \u00e0 pistons de coffre, leaders du march\u00e9, sont formul\u00e9es en utilisant la derni\u00e8re technologie de d\u00e9tergents additifs et offrent des caract\u00e9ristiques exceptionnelles de compatibilit\u00e9 avec les carburants r\u00e9siduels pour une excellente propret\u00e9 du moteur, en particulier dans les zones du carter, de l&rsquo;arbre \u00e0 cames, de la courroie annulaire et du dessous des pistons. Ils d\u00e9montrent \u00e9galement une excellente stabilit\u00e9 d\u2019oxydation et thermique \u00e0 haute temp\u00e9rature, une faible volatilit\u00e9, ainsi que des propri\u00e9t\u00e9s de charge et une protection contre la corrosion \u00e9lev\u00e9es.<\/p><\/div><\/div><\/div>\n<h2>Fonctionnalit\u00e9 et avantages potentiels<\/h2>\n<p> Mobilgard M50 poss\u00e8de une stabilit\u00e9 thermique et \u00e0 l\u2019oxydation de pointe. Il pr\u00e9sente une excellente r\u00e9tention du TBN et une r\u00e9sistance aux augmentations de viscosit\u00e9 sur de longues p\u00e9riodes de fonctionnement. Il favorise \u00e9galement un haut niveau de propret\u00e9 du moteur avec une protection contre l&rsquo;usure. Compar\u00e9e aux autres huiles moteur \u00e0 r\u00e9gime moyen, elle pr\u00e9sente une compatibilit\u00e9 lubrifiant\/carburant sup\u00e9rieure et se s\u00e9pare facilement de l\u2019eau.<\/p>\n<p> Lorsqu&rsquo;elle est utilis\u00e9e selon les recommandations, l&rsquo;huile pour moteur diesel Mobilgard M50 offre les avantages suivants\u00a0:<\/p>\n<table class=\"table table-striped\">\n <t\u00eate><\/p>\n<tr>\n<th>Fonctionnalit\u00e9s<\/th>\n<th>Avantages et b\u00e9n\u00e9fices potentiels<\/th>\n<\/tr>\n<p> <\/t\u00eate><br \/>\n <corps><\/p>\n<tr>\n<td>Excellente stabilit\u00e9 thermique et \u00e0 l&rsquo;oxydation<\/td>\n<td>R\u00e9duction des d\u00e9p\u00f4ts dans les zones du dessous du piston et de la ceinture annulaire<\/td>\n<\/tr>\n<tr>\n<td>Propri\u00e9t\u00e9s anti-usure am\u00e9lior\u00e9es<\/td>\n<td>Prolonge la dur\u00e9e de vie des surfaces d&rsquo;usure critiques<\/td>\n<\/tr>\n<tr>\n<td>D\u00e9tergence\/dispersance avanc\u00e9e<\/td>\n<td>Nettoyer les espaces d&rsquo;arbre \u00e0 cames et de carter<\/td>\n<\/tr>\n<tr>\n<td>Propri\u00e9t\u00e9s exceptionnelles contre la rouille et la corrosion<\/td>\n<td>Prot\u00e8ge les surfaces d&rsquo;usure de l&rsquo;eau et de la corrosion acide<\/td>\n<\/tr>\n<tr>\n<td>Compatibilit\u00e9 \u00e9lev\u00e9e avec les combustibles r\u00e9siduels<\/td>\n<td>Formation de boue r\u00e9duite, dur\u00e9e de vie de l&rsquo;huile plus longue, moteurs plus propres<\/td>\n<\/tr>\n<tr>\n<td>Actions de base \u00e0 faible volatilit\u00e9<\/td>\n<td>Consommation de lubrifiant r\u00e9duite<\/td>\n<\/tr>\n<tr>\n<td>Excellentes r\u00e9serves et r\u00e9tention de TBN<\/td>\n<td>Combat la corrosion et les d\u00e9p\u00f4ts li\u00e9s au carburant\/\u00e0 la combustion<\/td>\n<\/tr>\n<\/tbody>\n<\/table>\n<h2>Applications<\/h2>\n<p> L&rsquo;huile Mobilgard M50 peut \u00eatre utilis\u00e9e dans la plupart des applications de moteurs \u00e0 pistons troncaux \u00e0 vitesse moyenne. Son utilisation est recommand\u00e9e dans la propulsion principale et les moteurs auxiliaires des navires hauturiers\u00a0; dans les moteurs de propulsion principaux des navires c\u00f4tiers et fluviaux\u00a0; et dans les centrales \u00e9lectriques stationnaires. Cette nouvelle huile est le r\u00e9sultat d&rsquo;un vaste programme de recherche et de d\u00e9veloppement, int\u00e9grant le test brevet\u00e9 DAC (Detecting Aspahltene Contamination) d&rsquo;ExxonMobil.<\/p>\n<p> L&rsquo;huile Mobilgard M50 est con\u00e7ue pour r\u00e9pondre aux besoins des moteurs fonctionnant au fioul lourd. Il est recommand\u00e9 pour une utilisation dans les derniers mod\u00e8les de moteurs diesel \u00e0 r\u00e9gime moyen et est particuli\u00e8rement b\u00e9n\u00e9fique dans les moteurs ayant une faible consommation d&rsquo;huile de carter ou fonctionnant avec de basses temp\u00e9ratures de chemise de cylindre. Dans ces moteurs, la dur\u00e9e de vie de l&rsquo;huile et les intervalles de vidange ont \u00e9t\u00e9 consid\u00e9rablement r\u00e9duits lors de l&rsquo;utilisation d&rsquo;huiles de lubrification conventionnelles en raison de l&rsquo;\u00e9puisement important du TBN r\u00e9sultant d&rsquo;une tr\u00e8s faible consommation d&rsquo;huile de lubrification. Les r\u00e9serves d&rsquo;alcalinit\u00e9 relativement \u00e9lev\u00e9es de cette huile offrent une protection sup\u00e9rieure en neutralisant les acides forts r\u00e9sultant de l&rsquo;utilisation de carburants \u00e0 haute teneur en soufre qui ont acc\u00e8s au carter pour favoriser la d\u00e9gradation de l&rsquo;huile et la corrosion des anneaux, des cylindres et des roulements.<\/p>\n<p> Mobilgard M50 est \u00e9galement recommand\u00e9 pour compl\u00e9ter les charges p\u00e9troli\u00e8res existantes avec une faible valeur TBN afin de les augmenter \u00e0 une valeur acceptable.<\/p>\n","protected":false},"excerpt":{"rendered":"<p>Mobilgard M50 d&rsquo;ExxonMobil est une huile moteur premium 50 TBN de tr\u00e8s haute performance, d\u00e9velopp\u00e9e pour une utilisation dans les applications diesel \u00e0 moyenne vitesse les plus s\u00e9v\u00e8res dans les secteurs maritimes et \u00e9nerg\u00e9tiques stationnaires.<\/p>\n","protected":false},"featured_media":10102,"template":"","meta":{"_acf_changed":false,"inline_featured_image":false},"product_brand":[],"product_cat":[214],"product_tag":[],"class_list":{"0":"post-8910","1":"product","2":"type-product","3":"status-publish","4":"has-post-thumbnail","6":"product_cat-huiles-moteurs","8":"first","9":"instock","10":"taxable","11":"shipping-taxable","12":"purchasable","13":"product-type-simple"},"acf":[],"_links":{"self":[{"href":"https:\/\/webshop.ingelbeen.be\/fr\/wp-json\/wp\/v2\/product\/8910","targetHints":{"allow":["GET"]}}],"collection":[{"href":"https:\/\/webshop.ingelbeen.be\/fr\/wp-json\/wp\/v2\/product"}],"about":[{"href":"https:\/\/webshop.ingelbeen.be\/fr\/wp-json\/wp\/v2\/types\/product"}],"wp:featuredmedia":[{"embeddable":true,"href":"https:\/\/webshop.ingelbeen.be\/fr\/wp-json\/wp\/v2\/media\/10102"}],"wp:attachment":[{"href":"https:\/\/webshop.ingelbeen.be\/fr\/wp-json\/wp\/v2\/media?parent=8910"}],"wp:term":[{"taxonomy":"product_brand","embeddable":true,"href":"https:\/\/webshop.ingelbeen.be\/fr\/wp-json\/wp\/v2\/product_brand?post=8910"},{"taxonomy":"product_cat","embeddable":true,"href":"https:\/\/webshop.ingelbeen.be\/fr\/wp-json\/wp\/v2\/product_cat?post=8910"},{"taxonomy":"product_tag","embeddable":true,"href":"https:\/\/webshop.ingelbeen.be\/fr\/wp-json\/wp\/v2\/product_tag?post=8910"}],"curies":[{"name":"wp","href":"https:\/\/api.w.org\/{rel}","templated":true}]}}