{"id":8930,"date":"2024-04-30T13:10:48","date_gmt":"2024-04-30T12:10:48","guid":{"rendered":"https:\/\/ingelbeen.kneet.be\/product\/mobilgear-600-xp-460-2\/"},"modified":"2024-06-26T16:14:36","modified_gmt":"2024-06-26T15:14:36","slug":"mobilgear-600-xp-460-2","status":"publish","type":"product","link":"https:\/\/webshop.ingelbeen.be\/fr\/produit\/mobilgear-600-xp-460-2\/","title":{"rendered":"Mobilgear 600 XP 460"},"content":{"rendered":"<div class=\"compensation des d\u00e9tails du produit\">\n<div class=\"description de l'attribut du produit\">\n<div class=\"description de la valeur\">\n<p> La s\u00e9rie Mobilgear 600 XP est constitu\u00e9e d&rsquo;huiles pour engrenages tr\u00e8s hautes performances pr\u00e9sentant des caract\u00e9ristiques extr\u00eame pression et des propri\u00e9t\u00e9s de charge exceptionnelles, destin\u00e9es \u00e0 \u00eatre utilis\u00e9es dans tous les types d&rsquo;entra\u00eenements \u00e0 engrenages sous bo\u00eetier avec syst\u00e8mes de lubrification par circulation ou par barbotage. La s\u00e9rie Mobilgear 600 XP est con\u00e7ue pour garder une longueur d&rsquo;avance sur les besoins changeants de la technologie des bo\u00eetes de vitesses. Les tendances en mati\u00e8re de conception de la technologie des bo\u00eetes de vitesses s&rsquo;orientent vers des unit\u00e9s plus petites avec un d\u00e9bit de puissance similaire.\u00a0Cette augmentation de la densit\u00e9 de puissance impose des exigences accrues aux huiles pour engrenages. Les huiles Mobilgear s\u00e9rie 600 XP sont formul\u00e9es pour r\u00e9pondre aux contraintes en offrant une protection suppl\u00e9mentaire aux engrenages, aux roulements et aux joints.<\/p>\n<p> La s\u00e9rie Mobilgear 600 XP est formul\u00e9e pour prot\u00e9ger les dents d&rsquo;engrenage de l&rsquo;usure d\u00e8s les premiers stades.\u00a0L&rsquo;usure microscopique, appel\u00e9e micropitting, peut entra\u00eener des dommages importants aux dents d&rsquo;engrenage.\u00a0La s\u00e9rie Mobilgear 600 XP d\u00e9passe les exigences de l&rsquo;industrie en mati\u00e8re de protection contre l&rsquo;usure des roulements.\u00a0En fait, la s\u00e9rie Mobilgear 600 XP offre une protection contre l&rsquo;usure jusqu&rsquo;\u00e0 15 fois sup\u00e9rieure, telle que mesur\u00e9e par le test standard FAG FE 8 de l&rsquo;industrie. La formulation \u00e9quilibr\u00e9e de la s\u00e9rie Mobilgear 600 XP est capable de fournir une protection maximale contre l&rsquo;usure et la corrosion tout en maintenant la compatibilit\u00e9 avec les mat\u00e9riaux courants de joint de bo\u00eete de vitesses.\u00a0Mobilgear 600 XP aide \u00e0 maintenir l&rsquo;int\u00e9grit\u00e9 du joint de la bo\u00eete de vitesses, emp\u00eachant ainsi les fuites d&rsquo;huile et emp\u00eachant la contamination d&rsquo;entrer. En prot\u00e9geant les engrenages, les roulements et les joints, Mobilgear 600 XP peut am\u00e9liorer la fiabilit\u00e9 des \u00e9quipements et augmenter la productivit\u00e9.<\/p>\n<p> Les huiles Mobilgear s\u00e9rie 600 XP sont recommand\u00e9es pour les engrenages industriels \u00e0 engrenages droits, h\u00e9lico\u00efdaux et coniques avec lubrification par circulation ou par barbotage, fonctionnant \u00e0 des temp\u00e9ratures d&rsquo;huile en vrac allant jusqu&rsquo;\u00e0 100 \u00baC. Ils sont particuli\u00e8rement adapt\u00e9s aux engrenages travaillant sous des charges lourdes ou des chocs. Les huiles Mobilgear 600 XP trouvent \u00e9galement de nombreuses applications dans les applications d&rsquo;engrenages marins. Ils peuvent \u00e9galement \u00eatre utilis\u00e9s dans des applications sans engrenages, notamment les roulements lisses et \u00e0 roulements \u00e0 forte charge et \u00e0 vitesse lente.<\/p><\/div><\/div><\/div>\n<h2>Fonctionnalit\u00e9 et avantages potentiels<\/h2>\n<p> Les produits Mobilgear s\u00e9rie 600 XP sont un membre leader de la marque Mobil de lubrifiants industriels qui jouissent d&rsquo;une r\u00e9putation d&rsquo;innovation et de hautes performances. Ces produits \u00e0 base min\u00e9rale sont con\u00e7us pour fournir des huiles pour engrenages industriels de haute qualit\u00e9, r\u00e9pondant aux derni\u00e8res normes industrielles et offrant une grande polyvalence pour lubrifier une large gamme d&rsquo;\u00e9quipements industriels et marins.<\/p>\n<p> Les produits Mobilgear s\u00e9rie 600 XP offrent les fonctionnalit\u00e9s et avantages potentiels suivants\u00a0:<\/p>\n<table class=\"table table-striped\">\n <t\u00eate><\/p>\n<tr>\n<th>Fonctionnalit\u00e9s<\/th>\n<th>Avantages et b\u00e9n\u00e9fices potentiels<\/th>\n<\/tr>\n<p> <\/t\u00eate><br \/>\n <corps><\/p>\n<tr>\n<td>Protection am\u00e9lior\u00e9e contre l&rsquo;usure des engrenages contre les micropiq\u00fbres<\/td>\n<td>Moins d&rsquo;usure des engrenages et des roulements, ce qui entra\u00eene moins de temps d&rsquo;arr\u00eat impr\u00e9vus<\/td>\n<\/tr>\n<tr>\n<td>R\u00e9duction des bosses de d\u00e9bris dues aux particules d&rsquo;usure g\u00e9n\u00e9r\u00e9es<\/td>\n<td>Jusqu&rsquo;\u00e0 22\u00a0% d&rsquo;am\u00e9lioration de la dur\u00e9e de vie des roulements, r\u00e9duisant les co\u00fbts de remplacement des roulements et am\u00e9liorant la productivit\u00e9<\/td>\n<\/tr>\n<tr>\n<td>Protection am\u00e9lior\u00e9e contre l&rsquo;usure des roulements<\/td>\n<td>Dur\u00e9e de vie am\u00e9lior\u00e9e des roulements, ce qui se traduit par une productivit\u00e9 plus \u00e9lev\u00e9e<\/td>\n<\/tr>\n<tr>\n<td>Compatibilit\u00e9 exceptionnelle avec une gamme de mat\u00e9riaux de joints<\/td>\n<td>R\u00e9duction des fuites, de la consommation d&rsquo;huile et de la p\u00e9n\u00e9tration de contaminants permettant de r\u00e9duire la maintenance, d&rsquo;\u00e9tendre la fiabilit\u00e9 de la bo\u00eete de vitesses et d&rsquo;augmenter la productivit\u00e9<\/td>\n<\/tr>\n<tr>\n<td>Excellente r\u00e9sistance \u00e0 l&rsquo;oxydation de l&rsquo;huile et \u00e0 la d\u00e9gradation thermique<\/td>\n<td>Contribue \u00e0 prolonger la dur\u00e9e de vie du lubrifiant en r\u00e9duisant les co\u00fbts de lubrifiant et de lubrification et en r\u00e9duisant les temps d&rsquo;arr\u00eat programm\u00e9s.<\/td>\n<\/tr>\n<tr>\n<td>Haute r\u00e9sistance \u00e0 la formation de boues et de d\u00e9p\u00f4ts<\/td>\n<td>Syst\u00e8mes plus propres et maintenance r\u00e9duite<\/td>\n<\/tr>\n<tr>\n<td>Large gamme d&rsquo;applications<\/td>\n<td>Moins de qualit\u00e9s de lubrifiant requises en raison de la large gamme d&rsquo;applications, ce qui entra\u00eene une r\u00e9duction des co\u00fbts d&rsquo;achat et de stockage et moins de risques d&rsquo;utilisation d&rsquo;un mauvais lubrifiant<\/td>\n<\/tr>\n<tr>\n<td>R\u00e9sistance optimis\u00e9e \u00e0 la rouille et \u00e0 la corrosion de l&rsquo;acier et \u00e0 la corrosion du cuivre et des alliages de m\u00e9taux mous<\/td>\n<td>Excellente protection des pi\u00e8ces de machines, avec des co\u00fbts de maintenance et de r\u00e9paration r\u00e9duits<\/td>\n<\/tr>\n<tr>\n<td>R\u00e9sistance au moussage et \u00e0 la formation d&rsquo;\u00e9mulsion<\/td>\n<td>Lubrification efficace et fonctionnement sans probl\u00e8me en pr\u00e9sence de contamination par l&rsquo;eau ou dans des \u00e9quipements sujets \u00e0 la formation de mousse d&rsquo;huile<\/td>\n<\/tr>\n<\/tbody>\n<\/table>\n<h2>Applications<\/h2>\n<p> Les lubrifiants Mobilgear 600 XP sont utilis\u00e9s dans une large gamme d&rsquo;applications industrielles et marines, en particulier les engrenages droits, h\u00e9lico\u00efdaux, coniques et \u00e0 vis sans fin. Les applications sp\u00e9cifiques incluent\u00a0:<\/p>\n<ul>\n<li>\n<div>Engrenages industriels pour convoyeurs, agitateurs, s\u00e9choirs, extrudeuses, ventilateurs, m\u00e9langeurs, presses, pulpeurs, pompes (y compris les pompes pour puits de p\u00e9trole), tamis, extrudeuses et autres applications lourdes<\/div>\n<\/li>\n<li>\n<div>Engrenages marins comprenant la propulsion principale, les centrifugeuses, les machines de pont telles que les treuils, les guindeaux, les grues, les vireurs, les pompes, les ascenseurs et les supports de gouvernail<\/div>\n<\/li>\n<li>\n<div>Les applications sans engrenage incluent les accouplements d&rsquo;arbres, les vis et les roulements lisses et \u00e0 roulements fortement charg\u00e9s fonctionnant \u00e0 des vitesses lentes.<\/div>\n<\/li>\n<li>\n<div>Mobilgear 600 XP 100, 150, 220, 320, 460 et 680 sont approuv\u00e9s par Siemens AG pour une utilisation dans les bo\u00eetes de vitesses Flender<\/div>\n<\/li>\n<\/ul>\n<h2>Sp\u00e9cifications et homologations<\/h2>\n<h3>Satisfait ou d\u00e9passe les exigences de<\/h3>\n<ul>\n<li>AGMA 9005-E02-EP<\/li>\n<li>DIN 51517-3:2009-06<\/li>\n<\/ul>\n<h3>Ce produit r\u00e9pond aux exigences selon Exxonmobil<\/h3>\n<ul>\n<li>R\u00e9ducteurs SIEMENS AG Flender, T 7300, tableau A-a,<\/li>\n<li>Mueller Weingarten DT 55 005<\/li>\n<\/ul>\n<div class=\"li\u00e9 au bloc\" data-limit=\"0\" data-shuffle=\"0\"><\/div>\n","protected":false},"excerpt":{"rendered":"<p>La s\u00e9rie Mobilgear 600 XP se compose d&rsquo;huiles de bo\u00eete de vitesses de tr\u00e8s haute qualit\u00e9 avec une excellente r\u00e9sistance \u00e0 une pression et une charge extr\u00eamement \u00e9lev\u00e9es et est destin\u00e9e \u00e0 tous les engrenages ferm\u00e9s avec des syst\u00e8mes de lubrification \u00e0 circulation ou \u00e0 \u00e9claboussures.<\/p>\n","protected":false},"featured_media":10105,"template":"","meta":{"_acf_changed":false,"inline_featured_image":false},"product_brand":[],"product_cat":[216],"product_tag":[],"class_list":{"0":"post-8930","1":"product","2":"type-product","3":"status-publish","4":"has-post-thumbnail","6":"product_cat-huiles-pour-engrenages","8":"first","9":"instock","10":"taxable","11":"shipping-taxable","12":"purchasable","13":"product-type-simple"},"acf":[],"_links":{"self":[{"href":"https:\/\/webshop.ingelbeen.be\/fr\/wp-json\/wp\/v2\/product\/8930","targetHints":{"allow":["GET"]}}],"collection":[{"href":"https:\/\/webshop.ingelbeen.be\/fr\/wp-json\/wp\/v2\/product"}],"about":[{"href":"https:\/\/webshop.ingelbeen.be\/fr\/wp-json\/wp\/v2\/types\/product"}],"wp:featuredmedia":[{"embeddable":true,"href":"https:\/\/webshop.ingelbeen.be\/fr\/wp-json\/wp\/v2\/media\/10105"}],"wp:attachment":[{"href":"https:\/\/webshop.ingelbeen.be\/fr\/wp-json\/wp\/v2\/media?parent=8930"}],"wp:term":[{"taxonomy":"product_brand","embeddable":true,"href":"https:\/\/webshop.ingelbeen.be\/fr\/wp-json\/wp\/v2\/product_brand?post=8930"},{"taxonomy":"product_cat","embeddable":true,"href":"https:\/\/webshop.ingelbeen.be\/fr\/wp-json\/wp\/v2\/product_cat?post=8930"},{"taxonomy":"product_tag","embeddable":true,"href":"https:\/\/webshop.ingelbeen.be\/fr\/wp-json\/wp\/v2\/product_tag?post=8930"}],"curies":[{"name":"wp","href":"https:\/\/api.w.org\/{rel}","templated":true}]}}