{"id":8942,"date":"2024-04-30T13:10:48","date_gmt":"2024-04-30T12:10:48","guid":{"rendered":"https:\/\/ingelbeen.kneet.be\/product\/mobilgear-ogl-007-2\/"},"modified":"2024-06-26T16:14:37","modified_gmt":"2024-06-26T15:14:37","slug":"mobilgear-ogl-007-2","status":"publish","type":"product","link":"https:\/\/webshop.ingelbeen.be\/fr\/produit\/mobilgear-ogl-007-2\/","title":{"rendered":"Mobilgear OGL 007"},"content":{"rendered":"<p>Mobilgear OGL 007, 009, 2800 et 461 sont des lubrifiants de technologie avanc\u00e9e haute performance qui incorporent \u00e0 la fois des additifs extr\u00eame pression et du graphite finement dispers\u00e9 pour la portance de charges. Ils sont principalement destin\u00e9s \u00e0 la lubrification des engrenages de grande taille, \u00e0 vitesse lente \u00e0 moyenne et fortement charg\u00e9s. En plus de fournir une capacit\u00e9 de charge exceptionnelle, ils sont formul\u00e9s pour avoir une excellente adh\u00e9rence et une excellente r\u00e9sistance au \u00ab\u00a0jet\u00a0\u00bb dans des conditions extr\u00eames. Les Mobilgear OGL 007, 009, 2800 et 461 sont facilement pomp\u00e9s des f\u00fbts vers les buses de pulv\u00e9risation d&rsquo;application avec des pompes de transfert conventionnelles. La consistance molle et les propri\u00e9t\u00e9s \u00e0 basse temp\u00e9rature des Mobilgear OGL 007, 009, 2800 et 461 sont adapt\u00e9es aux applications de pulv\u00e9risation fonctionnant sous une large vari\u00e9t\u00e9 de conditions. Mobilgear OGL 007, 009, 2800 et 461 sont formul\u00e9s avec une qualit\u00e9 soigneusement sp\u00e9cifi\u00e9e de graphite finement dispers\u00e9 qui contribue de mani\u00e8re significative \u00e0 la pr\u00e9vention de l&rsquo;usure dans les conditions limites de lubrification rencontr\u00e9es dans les op\u00e9rations \u00e0 charge \u00e9lev\u00e9e et \u00e0 vitesse lente typiques des grands engrenages ouverts. De plus, Mobilgear OGL 2800 offre une protection de surface am\u00e9lior\u00e9e pour les applications \u00e0 engrenages ouverts avec une teneur de 12 % en additifs EP solides.<\/p>\n<h2>Caract\u00e9ristiques et avantages<\/h2>\n<p> Mobilgear OGL 007, 009, 2800 et 461 sont les principaux membres de la marque de produits Mobilgear qui jouissent d&rsquo;une r\u00e9putation mondiale pour leurs performances et leur innovation. D\u00e9velopp\u00e9s par les chercheurs scientifiques d&rsquo;ExxonMobil et soutenus par une \u00e9quipe d&rsquo;assistance technique mondiale, les Mobilgear OGL 007, 009, 2800 et 461 offrent une protection et des performances excellentes dans les grands engrenages ouverts dans une grande vari\u00e9t\u00e9 d&rsquo;applications industrielles. Mobilgear OGL 007, 009, 2800 et 461 ont \u00e9t\u00e9 d\u00e9velopp\u00e9s pour r\u00e9pondre aux exigences des fabricants d&rsquo;\u00e9quipement d&rsquo;origine (OEM) et aux besoins des clients qui pr\u00e9f\u00e8rent utiliser une graisse douce \u00e0 semi-fluide pour les engrenages ouverts fortement charg\u00e9s, \u00e0 vitesse lente \u00e0 moyenne. Un besoin crucial pour les produits de ce type est de s\u00e9parer les dents d&rsquo;engrenages fortement charg\u00e9es et d&rsquo;\u00e9viter l&rsquo;usure et les dommages de la surface. Mobilgear OGL 007, 009, 2800 et 461 sont formul\u00e9s avec une qualit\u00e9 sp\u00e9cifique de graphite finement dispers\u00e9 qui, comme l&rsquo;ont d\u00e9montr\u00e9 nos chercheurs, contribue de mani\u00e8re significative \u00e0 l&rsquo;\u00e9paisseur du film \u00e9lastohydrodynamique (EHL) dans les conditions de charge \u00e9lev\u00e9e\/vitesse lente typiques des grands engrenages ouverts. .<\/p>\n<div class=\"table-responsive\">\n<table class=\"table table-striped\">\n <corps><\/p>\n<tr>\n<td><strong>Fonctionnalit\u00e9s<\/strong><\/td>\n<td><strong>Avantages et b\u00e9n\u00e9fices potentiels<\/strong><\/td>\n<\/tr>\n<tr>\n<td>Formulation sp\u00e9ciale offrant des propri\u00e9t\u00e9s de charge et anti-usure exceptionnelles<\/td>\n<td>Protection sup\u00e9rieure contre l&rsquo;usure et co\u00fbts de remplacement des engrenages r\u00e9duits<\/td>\n<\/tr>\n<tr>\n<td>Excellente pompabilit\u00e9 et pulv\u00e9risabilit\u00e9 pour les qualit\u00e9s semi-fluides NLGI 00<\/td>\n<td>Fonctionnement efficace, bon d\u00e9marrage \u00e0 basse temp\u00e9rature et consommation d&rsquo;\u00e9nergie r\u00e9duite<\/td>\n<\/tr>\n<tr>\n<td>Tr\u00e8s bonne protection contre la rouille et la corrosion<\/td>\n<td>Dur\u00e9e de vie de l&rsquo;\u00e9quipement plus longue, temps d&rsquo;arr\u00eat r\u00e9duits et co\u00fbts de maintenance r\u00e9duits<\/td>\n<\/tr>\n<tr>\n<td>Tr\u00e8s bon caract\u00e8re adh\u00e9sif du produit<\/td>\n<td>R\u00e9duction des rejets, de la consommation et des co\u00fbts de lubrifiant r\u00e9duits<\/td>\n<\/tr>\n<tr>\n<td>Absence de plomb, nitrite et solvant<\/td>\n<td>Impact r\u00e9duit sur l&rsquo;environnement<\/td>\n<\/tr>\n<\/tbody>\n<\/table><\/div>\n<h2>Applications<\/h2>\n<p> Mobilgear OGL 007, 009, 2800 et 461 sont con\u00e7us pour la lubrification des engrenages de grande taille, \u00e0 vitesse lente \u00e0 moyenne et fortement charg\u00e9s dans les applications lourdes. Mobilgear OGL 007, 009 et 2800 sont facilement appliqu\u00e9s par pulv\u00e9risation sur les dents d&rsquo;engrenage. Mobilgear OGL 461 convient \u00e9galement pour appr\u00eater les surfaces des engrenages ouverts nouvellement assembl\u00e9s afin de fournir une lubrification lors du tournage initial. La s\u00e9rie Mobilgear OGL est utilis\u00e9e dans une grande vari\u00e9t\u00e9 de secteurs industriels, notamment les industries mini\u00e8res, y compris celles qui fonctionnent \u00e0 des temp\u00e9ratures \u00e9lev\u00e9es, pour Par exemple, les couronnes dent\u00e9es des fours \u00e0 ciment et des broyeurs \u00e0 boulets. Applications dans l&rsquo;acier, le ciment, le papier et les produits chimiques.<\/p>\n","protected":false},"excerpt":{"rendered":"<p>Mobilgear OGL 009 et 461 sont des graisses de tr\u00e8s haute qualit\u00e9, dot\u00e9es d&rsquo;additifs EP combin\u00e9s avec du graphite finement divis\u00e9 pour des charges lourdes.<\/p>\n","protected":false},"featured_media":0,"template":"","meta":{"_acf_changed":false,"inline_featured_image":false},"product_brand":[],"product_cat":[216],"product_tag":[],"class_list":{"0":"post-8942","1":"product","2":"type-product","3":"status-publish","5":"product_cat-huiles-pour-engrenages","7":"first","8":"instock","9":"taxable","10":"shipping-taxable","11":"purchasable","12":"product-type-simple"},"acf":[],"_links":{"self":[{"href":"https:\/\/webshop.ingelbeen.be\/fr\/wp-json\/wp\/v2\/product\/8942","targetHints":{"allow":["GET"]}}],"collection":[{"href":"https:\/\/webshop.ingelbeen.be\/fr\/wp-json\/wp\/v2\/product"}],"about":[{"href":"https:\/\/webshop.ingelbeen.be\/fr\/wp-json\/wp\/v2\/types\/product"}],"wp:attachment":[{"href":"https:\/\/webshop.ingelbeen.be\/fr\/wp-json\/wp\/v2\/media?parent=8942"}],"wp:term":[{"taxonomy":"product_brand","embeddable":true,"href":"https:\/\/webshop.ingelbeen.be\/fr\/wp-json\/wp\/v2\/product_brand?post=8942"},{"taxonomy":"product_cat","embeddable":true,"href":"https:\/\/webshop.ingelbeen.be\/fr\/wp-json\/wp\/v2\/product_cat?post=8942"},{"taxonomy":"product_tag","embeddable":true,"href":"https:\/\/webshop.ingelbeen.be\/fr\/wp-json\/wp\/v2\/product_tag?post=8942"}],"curies":[{"name":"wp","href":"https:\/\/api.w.org\/{rel}","templated":true}]}}