{"id":8950,"date":"2024-04-30T13:10:48","date_gmt":"2024-04-30T12:10:48","guid":{"rendered":"https:\/\/ingelbeen.kneet.be\/product\/mobilgear-shc-mt-68\/"},"modified":"2024-06-26T16:14:38","modified_gmt":"2024-06-26T15:14:38","slug":"mobilgear-shc-mt-68","status":"publish","type":"product","link":"https:\/\/webshop.ingelbeen.be\/fr\/produit\/mobilgear-shc-mt-68\/","title":{"rendered":"Mobilgear SHC MT 68"},"content":{"rendered":"<div class=\"compensation des d\u00e9tails du produit\">\n<div class=\"description de l'attribut du produit\">\n<div class=\"description de la valeur\">\n<p> Mobilgear SHC MT 68, une huile pour engrenages marins enti\u00e8rement synth\u00e9tique aux performances haut de gamme, est con\u00e7ue pour offrir une protection optimale de l&rsquo;\u00e9quipement et une dur\u00e9e de vie de l&rsquo;huile m\u00eame dans des conditions extr\u00eames. La technologie polyalphaol\u00e9fine (PAO) a \u00e9t\u00e9 s\u00e9lectionn\u00e9e pour sa r\u00e9sistance \u00e0 l&rsquo;oxydation et ses propri\u00e9t\u00e9s thermiques exceptionnelles, son indice de viscosit\u00e9 naturellement \u00e9lev\u00e9, son excellente fluidit\u00e9 \u00e0 basse temp\u00e9rature et l&rsquo;absence de compos\u00e9s ind\u00e9sirables que l&rsquo;on retrouve souvent dans les huiles min\u00e9rales. L&rsquo;indice de viscosit\u00e9 \u00e9lev\u00e9 et le faible coefficient de traction de cette huile se combinent pour permettre une r\u00e9duction potentielle de la consommation d&rsquo;\u00e9nergie dans de nombreux entra\u00eenements par engrenages. Mobilgear SHC MT 68 contient un syst\u00e8me d&rsquo;additifs exclusifs avanc\u00e9s et soigneusement m\u00e9lang\u00e9s, con\u00e7us pour fournir une excellente protection contre les modes d&rsquo;usure conventionnels tels que les \u00e9raflures, mais offrent \u00e9galement un niveau \u00e9lev\u00e9 de r\u00e9sistance contre la fatigue par micropiq\u00fbres.<\/p>\n<p> Mobilgear SHC MT 68 d\u00e9passe les exigences de l&rsquo;industrie en mati\u00e8re de protection contre l&rsquo;usure des roulements, telles que mesur\u00e9es par le test standard FAG FE 8. La formulation \u00e9quilibr\u00e9e de Mobilgear SHC MT 68 est capable de fournir une protection maximale contre l&rsquo;usure et la corrosion tout en maintenant la compatibilit\u00e9 avec les mat\u00e9riaux de joint de bo\u00eete de vitesses standard de l&rsquo;industrie. De plus, par rapport aux huiles pour engrenages conventionnelles, elle offre la possibilit\u00e9 d&rsquo;am\u00e9liorer la lubrification des roulements des \u00e9l\u00e9ments roulants des bo\u00eetes de vitesses. Mobilgear SHC MT 68 offre une protection exceptionnelle contre la rouille et la corrosion par rapport aux huiles pour engrenages conventionnelles, y compris une protection contre l&rsquo;eau de mer et l&rsquo;eau acide. Il ne pr\u00e9sente aucune tendance \u00e0 boucher les filtres fins, m\u00eame lorsqu&rsquo;il est mouill\u00e9, et pr\u00e9sente une excellente compatibilit\u00e9 avec les m\u00e9taux ferreux et non ferreux, m\u00eame \u00e0 des temp\u00e9ratures \u00e9lev\u00e9es.<\/p>\n<p> Mobilgear SHC MT 68 est recommand\u00e9 pour les entra\u00eenements \u00e0 engrenages marins ferm\u00e9s, y compris les engrenages droits, h\u00e9lico\u00efdaux et coniques acier sur acier. Le produit a \u00e9t\u00e9 con\u00e7u pour les applications d\u2019engrenages de propulseur marins robustes. Il peut \u00e9galement \u00eatre utilis\u00e9 dans les applications d&rsquo;engrenages o\u00f9 des temp\u00e9ratures extr\u00eamement basses et\/ou \u00e9lev\u00e9es sont rencontr\u00e9es et dans les applications o\u00f9 la corrosion peut \u00eatre grave. Mobilgear SHC MT 68 jouit d&rsquo;une r\u00e9putation croissante aupr\u00e8s des clients maritimes et des \u00e9quipementiers du monde entier.<\/p><\/div><\/div><\/div>\n<h2>Fonctionnalit\u00e9 et avantages potentiels<\/h2>\n<p> Les lubrifiants de marque Mobil d\u00e9sign\u00e9s SHC sont reconnus et appr\u00e9ci\u00e9s dans le monde entier pour leur innovation et leurs performances exceptionnelles. Ces produits synth\u00e9tiques PAO de conception mol\u00e9culaire, mis au point par nos chercheurs scientifiques, symbolisent l&rsquo;engagement continu \u00e0 utiliser une technologie de pointe pour fournir des produits exceptionnels.<\/p>\n<p> Un facteur cl\u00e9 dans le d\u00e9veloppement du Mobilgear SHC MT 68 a \u00e9t\u00e9 les contacts \u00e9troits entre nos scientifiques et nos sp\u00e9cialistes des applications avec les principaux \u00e9quipementiers afin de garantir que nos offres de produits offriront des performances exceptionnelles avec l&rsquo;\u00e9volution rapide de la conception et du fonctionnement des engrenages marins. Pour r\u00e9soudre le probl\u00e8me de l&rsquo;usure des engrenages par micropiq\u00fbres, nos scientifiques en formulation de produits ont con\u00e7u une combinaison exclusive d&rsquo;additifs qui r\u00e9sisteraient aux m\u00e9canismes traditionnels d&rsquo;usure des engrenages tout en prot\u00e9geant contre les micropiq\u00fbres. Nos formulateurs ont choisi des huiles de base synth\u00e9tiques PAO exclusives pour offrir une dur\u00e9e de vie exceptionnelle de l&rsquo;huile, un contr\u00f4le des d\u00e9p\u00f4ts et une r\u00e9sistance \u00e0 la d\u00e9gradation thermique\/oxydante et chimique, ainsi que l&rsquo;\u00e9quilibre des caract\u00e9ristiques de performance. La nature sans cire de l\u2019huile de base synth\u00e9tique offre \u00e9galement des caract\u00e9ristiques de fluidit\u00e9 \u00e0 basse temp\u00e9rature in\u00e9gal\u00e9es par les produits min\u00e9raux et constitue un avantage cl\u00e9 pour les applications \u00e9loign\u00e9es et \u00e0 faible temp\u00e9rature ambiante. Les lubrifiants Mobilgear SHC MT 68 offrent les avantages suivants :<\/p>\n<table class=\"table table-striped\">\n <t\u00eate><\/p>\n<tr>\n<th>Fonctionnalit\u00e9s<\/th>\n<th>Avantages et b\u00e9n\u00e9fices potentiels<\/th>\n<\/tr>\n<p> <\/t\u00eate><br \/>\n <corps><\/p>\n<tr>\n<td>Superbe protection contre l&rsquo;usure par fatigue par micropiq\u00fbres ainsi qu&rsquo;une haute r\u00e9sistance \u00e0 l&rsquo;usure par \u00e9raflure traditionnelle<\/td>\n<td>Dur\u00e9e de vie prolong\u00e9e des engrenages et des roulements dans les entra\u00eenements \u00e0 engrenages sous enveloppe marine fonctionnant dans des conditions extr\u00eames de charge, de vitesse et de temp\u00e9rature<\/td>\n<\/tr>\n<tr>\n<td>Excellente r\u00e9sistance \u00e0 la d\u00e9gradation \u00e0 haute temp\u00e9rature<\/td>\n<td>La dur\u00e9e de vie prolong\u00e9e de l&rsquo;huile et les intervalles de vidange r\u00e9duisent la consommation d&rsquo;huile et les co\u00fbts de main d&rsquo;\u0153uvre<\/td>\n<\/tr>\n<tr>\n<td>Stocks de base PAO \u00e0 faible traction pour une meilleure efficacit\u00e9 des engrenages<\/td>\n<td>Consommation d&rsquo;\u00e9nergie r\u00e9duite et temp\u00e9ratures de fonctionnement plus basses<\/td>\n<\/tr>\n<tr>\n<td>Les huiles de base \u00e0 indice de viscosit\u00e9 \u00e9lev\u00e9 r\u00e9duisent les changements de viscosit\u00e9 avec la temp\u00e9rature<\/td>\n<td>Capacit\u00e9 de fonctionner \u00e0 des temp\u00e9ratures \u00e9lev\u00e9es et basses, particuli\u00e8rement critique dans les applications marines<\/td>\n<td><\/td>\n<\/tr>\n<tr>\n<td>Excellente r\u00e9sistance \u00e0 la rouille et \u00e0 la corrosion et tr\u00e8s bonne d\u00e9s\u00e9mulsibilit\u00e9<\/td>\n<td>Fonctionnement fluide et sans probl\u00e8me \u00e0 des temp\u00e9ratures \u00e9lev\u00e9es ou dans des applications contamin\u00e9es par de l&rsquo;eau<\/td>\n<\/tr>\n<tr>\n<td>Pas de colmatage du filtre, m\u00eame en pr\u00e9sence d&rsquo;eau<\/td>\n<td>Moins de changements de filtre et co\u00fbts de maintenance r\u00e9duits<\/td>\n<\/tr>\n<tr>\n<td>Excellente compatibilit\u00e9 avec les mat\u00e9riaux de construction courants des bo\u00eetes de vitesses et avec les huiles pour engrenages \u00e0 base min\u00e9rale<\/td>\n<td>Changement facile des produits min\u00e9raux<\/td>\n<\/tr>\n<\/tbody>\n<\/table>\n<h2>Applications<\/h2>\n<p> Consid\u00e9rations d&rsquo;application\u00a0: Bien que le Mobilgear SHC MT 68 soit compatible avec les produits \u00e0 base d&rsquo;huile min\u00e9rale, un m\u00e9lange peut nuire \u00e0 leurs performances. Par cons\u00e9quent, il est recommand\u00e9 qu&rsquo;avant de remplacer un syst\u00e8me par Mobilgear SHC MT 68, celui-ci soit soigneusement nettoy\u00e9 et rinc\u00e9 pour obtenir des performances maximales.<\/p>\n<p> Mobilgear SHC MT 68 est une huile pour engrenages marins enti\u00e8rement synth\u00e9tique aux performances haut de gamme, con\u00e7ue pour offrir une protection optimale de l&rsquo;\u00e9quipement et une dur\u00e9e de vie de l&rsquo;huile m\u00eame dans des conditions extr\u00eames. Ils sont sp\u00e9cialement formul\u00e9s pour r\u00e9sister aux micropiq\u00fbres des engrenages modernes et peuvent fonctionner dans des environnements \u00e0 haute et basse temp\u00e9rature.<\/p>\n<p> Le produit a \u00e9t\u00e9 sp\u00e9cialement con\u00e7u pour les entra\u00eenements de propulseurs\/engrenages azimutaux marins n\u00e9cessitant une huile pour engrenages de viscosit\u00e9 ISO 68 avec une protection additive extr\u00eame pression (EP). Mobilgear SHC MT 68 b\u00e9n\u00e9ficie des approbations des principaux constructeurs de propulseurs marins tels que Brunvoll.<\/p>\n<h2>Sp\u00e9cifications et homologations<\/h2>\n<h3>Satisfait ou d\u00e9passe les exigences de<\/h3>\n<ul>\n<li>AGMA 9005-E02-EP<\/li>\n<li>DIN 51517 CLP (partie 3)<\/li>\n<li>ISO\u00a012925-1, type CKD<\/li>\n<\/ul>\n","protected":false},"excerpt":{"rendered":"<p>Mobilgear SHC MT 68, une huile pour engrenages marine enti\u00e8rement synth\u00e9tique de performance sup\u00e9rieure, est con\u00e7ue pour offrir une protection optimale de l&rsquo;\u00e9quipement et une longue dur\u00e9e de vie de l&rsquo;huile m\u00eame dans des conditions extr\u00eames.<\/p>\n","protected":false},"featured_media":0,"template":"","meta":{"_acf_changed":false,"inline_featured_image":false},"product_brand":[],"product_cat":[220],"product_tag":[],"class_list":{"0":"post-8950","1":"product","2":"type-product","3":"status-publish","5":"product_cat-huiles-pour-transmissions-et-atf","7":"first","8":"instock","9":"taxable","10":"shipping-taxable","11":"purchasable","12":"product-type-simple"},"acf":[],"_links":{"self":[{"href":"https:\/\/webshop.ingelbeen.be\/fr\/wp-json\/wp\/v2\/product\/8950","targetHints":{"allow":["GET"]}}],"collection":[{"href":"https:\/\/webshop.ingelbeen.be\/fr\/wp-json\/wp\/v2\/product"}],"about":[{"href":"https:\/\/webshop.ingelbeen.be\/fr\/wp-json\/wp\/v2\/types\/product"}],"wp:attachment":[{"href":"https:\/\/webshop.ingelbeen.be\/fr\/wp-json\/wp\/v2\/media?parent=8950"}],"wp:term":[{"taxonomy":"product_brand","embeddable":true,"href":"https:\/\/webshop.ingelbeen.be\/fr\/wp-json\/wp\/v2\/product_brand?post=8950"},{"taxonomy":"product_cat","embeddable":true,"href":"https:\/\/webshop.ingelbeen.be\/fr\/wp-json\/wp\/v2\/product_cat?post=8950"},{"taxonomy":"product_tag","embeddable":true,"href":"https:\/\/webshop.ingelbeen.be\/fr\/wp-json\/wp\/v2\/product_tag?post=8950"}],"curies":[{"name":"wp","href":"https:\/\/api.w.org\/{rel}","templated":true}]}}