{"id":8952,"date":"2024-04-30T13:10:48","date_gmt":"2024-04-30T12:10:48","guid":{"rendered":"https:\/\/ingelbeen.kneet.be\/product\/mobilgear-shc-xmp-320\/"},"modified":"2024-06-26T16:14:38","modified_gmt":"2024-06-26T15:14:38","slug":"mobilgear-shc-xmp-320","status":"publish","type":"product","link":"https:\/\/webshop.ingelbeen.be\/fr\/produit\/mobilgear-shc-xmp-320\/","title":{"rendered":"Mobilgear SHC XMP 320"},"content":{"rendered":"<div class=\"compensation des d\u00e9tails du produit\">\n<div class=\"description de l'attribut du produit\">\n<div class=\"description de la valeur\">\n<p> Mobilgear\u2122 SHC XMP Series Les huiles synth\u00e9tiques pour engrenages industriels hautes performances sont con\u00e7ues pour offrir une protection optimale de l&rsquo;\u00e9quipement et une dur\u00e9e de vie de l&rsquo;huile m\u00eame dans des conditions extr\u00eames. La technologie polyalphaol\u00e9fine (PAO) de Mobil a \u00e9t\u00e9 s\u00e9lectionn\u00e9e pour sa r\u00e9sistance \u00e0 l&rsquo;oxydation et ses propri\u00e9t\u00e9s thermiques exceptionnelles, son indice de viscosit\u00e9 naturellement \u00e9lev\u00e9, son excellente fluidit\u00e9 \u00e0 basse temp\u00e9rature et son absence de compos\u00e9s ind\u00e9sirables que l&rsquo;on retrouve souvent dans les huiles min\u00e9rales. L&rsquo;indice de viscosit\u00e9 \u00e9lev\u00e9 et le faible coefficient de traction de cette huile se combinent pour contribuer \u00e0 une r\u00e9duction significative de la consommation d&rsquo;\u00e9nergie dans de nombreux entra\u00eenements par engrenages. Les lubrifiants Mobilgear SHC XMP Series contiennent un syst\u00e8me d&rsquo;additifs exclusifs avanc\u00e9s et soigneusement m\u00e9lang\u00e9s, con\u00e7us pour fournir une excellente protection contre les modes d&rsquo;usure conventionnels tels que les \u00e9raflures et fournir un niveau \u00e9lev\u00e9 de r\u00e9sistance contre la fatigue par micropiq\u00fbres. De plus, par rapport aux huiles pour engrenages conventionnelles, elles offrent la possibilit\u00e9 d&rsquo;am\u00e9liorer la lubrification des roulements des \u00e9l\u00e9ments roulants des bo\u00eetes de vitesses. Les produits Mobilgear SHC XMP Series offrent une protection exceptionnelle contre la rouille et la corrosion dans les applications o\u00f9 une protection contre l&rsquo;eau sal\u00e9e et l&rsquo;eau acide est requise. Ces produits offrent une dur\u00e9e de vie exceptionnelle du filtre m\u00eame lorsqu&rsquo;ils sont mod\u00e9r\u00e9ment humides et ont une excellente compatibilit\u00e9 avec les m\u00e9taux ferreux et non ferreux, m\u00eame \u00e0 des temp\u00e9ratures \u00e9lev\u00e9es.<\/p>\n<p> Les lubrifiants Mobilgear SHC XMP sont recommand\u00e9s pour les entra\u00eenements \u00e0 engrenages industriels ferm\u00e9s, notamment les engrenages droits, h\u00e9lico\u00efdaux et coniques acier sur acier. Ils sont fortement recommand\u00e9s dans les applications susceptibles d&rsquo;\u00eatre sujettes \u00e0 des micropitting : en particulier les r\u00e9ducteurs fortement charg\u00e9s avec des m\u00e9tallurgies de dents tremp\u00e9es en surface. Ils peuvent \u00e9galement \u00eatre utilis\u00e9s dans les applications d&rsquo;engrenages o\u00f9 des temp\u00e9ratures extr\u00eamement basses et\/ou \u00e9lev\u00e9es sont rencontr\u00e9es et dans les applications o\u00f9 la corrosion peut \u00eatre grave.<\/p>\n<p> En raison de leur m\u00e9lange unique de propri\u00e9t\u00e9s, notamment de leur r\u00e9sistance \u00e0 l&rsquo;usure par micropiq\u00fbres, et de leurs performances dans des applications difficiles et sur une large plage de temp\u00e9ratures, les produits Mobilgear SHC XMP Series jouissent d&rsquo;une r\u00e9putation croissante aupr\u00e8s des clients et des \u00e9quipementiers du monde entier.<\/p><\/div><\/div><\/div>\n<h2>Fonctionnalit\u00e9 et avantages potentiels<\/h2>\n<p> Les lubrifiants de la marque Mobil d\u00e9sign\u00e9s SHC sont reconnus et appr\u00e9ci\u00e9s dans le monde entier pour leur innovation et leurs performances exceptionnelles. Ces produits synth\u00e9tiques PAO de conception mol\u00e9culaire, mis au point par nos chercheurs scientifiques, symbolisent l&rsquo;engagement continu \u00e0 utiliser une technologie de pointe pour fournir des produits exceptionnels. Un facteur cl\u00e9 dans le d\u00e9veloppement de la s\u00e9rie Mobilgear SHC XMP a \u00e9t\u00e9 les contacts \u00e9troits entre nos scientifiques et nos sp\u00e9cialistes des applications avec les principaux \u00e9quipementiers afin de garantir que nos offres de produits offriront des performances exceptionnelles avec une conception et un fonctionnement d&rsquo;engrenages industriels en \u00e9volution rapide.<\/p>\n<p> Notre travail avec les constructeurs d&rsquo;\u00e9quipements a permis de confirmer les r\u00e9sultats de nos propres tests en laboratoire montrant les performances exceptionnelles des lubrifiants Mobilgear SHC XMP Series. Parmi les avantages d\u00e9montr\u00e9s lors du travail avec les \u00e9quipementiers, la capacit\u00e9 \u00e0 r\u00e9sister \u00e0 l&rsquo;usure par micropiq\u00fbres qui peut se produire avec certaines applications d&rsquo;engrenages c\u00e9ment\u00e9s tr\u00e8s charg\u00e9s figure parmi les avantages les plus importants. Ce travail de coop\u00e9ration a \u00e9galement d\u00e9montr\u00e9 les avantages de performances globales et \u00e9quilibr\u00e9es de la nouvelle technologie Mobilgear SHC XMP, y compris une large plage d&rsquo;applications de temp\u00e9ratures.<\/p>\n<p> Pour r\u00e9soudre le probl\u00e8me de l&rsquo;usure des engrenages par micropiq\u00fbres, nos scientifiques en formulation de produits ont con\u00e7u une combinaison exclusive d&rsquo;additifs qui r\u00e9sisteraient aux m\u00e9canismes traditionnels d&rsquo;usure des engrenages tout en prot\u00e9geant contre les micropiq\u00fbres. Nos formulateurs ont choisi des huiles de base synth\u00e9tiques PAO exclusives pour offrir une dur\u00e9e de vie exceptionnelle de l&rsquo;huile, un contr\u00f4le des d\u00e9p\u00f4ts et une r\u00e9sistance \u00e0 la d\u00e9gradation thermique\/oxydante et chimique, ainsi que l&rsquo;\u00e9quilibre des caract\u00e9ristiques de performance. La nature sans cire de l\u2019huile de base synth\u00e9tique offre \u00e9galement des caract\u00e9ristiques de fluidit\u00e9 \u00e0 basse temp\u00e9rature in\u00e9gal\u00e9es par les produits min\u00e9raux et constitue un avantage cl\u00e9 pour les applications \u00e9loign\u00e9es et \u00e0 faible temp\u00e9rature ambiante. Les lubrifiants Mobilgear SHC XMP Series offrent les avantages suivants :<\/p>\n<table class=\"table table-striped\">\n <t\u00eate><\/p>\n<tr>\n<th>Fonctionnalit\u00e9s<\/th>\n<th>Avantages et b\u00e9n\u00e9fices potentiels<\/th>\n<\/tr>\n<p> <\/t\u00eate><br \/>\n <corps><\/p>\n<tr>\n<td>Superbe protection contre l&rsquo;usure par fatigue par micropiq\u00fbres ainsi qu&rsquo;une haute r\u00e9sistance \u00e0 l&rsquo;usure par \u00e9raflure traditionnelle<\/td>\n<td>Dur\u00e9e de vie prolong\u00e9e des engrenages et des roulements dans les entra\u00eenements \u00e0 engrenages ferm\u00e9s fonctionnant dans des conditions extr\u00eames de charge, de vitesse et de temp\u00e9rature. R\u00e9duction des temps d&rsquo;arr\u00eat impr\u00e9vus et de la maintenance &#8211; particuli\u00e8rement critique pour les bo\u00eetes de vitesses difficiles d&rsquo;acc\u00e8s.<\/td>\n<\/tr>\n<tr>\n<td>Excellente r\u00e9sistance \u00e0 la d\u00e9gradation \u00e0 haute temp\u00e9rature<\/td>\n<td>La dur\u00e9e de vie prolong\u00e9e de l&rsquo;huile et les intervalles de vidange r\u00e9duisent la consommation d&rsquo;huile et les co\u00fbts de main d&rsquo;\u0153uvre<\/td>\n<\/tr>\n<tr>\n<td>Stocks de base PAO \u00e0 faible traction pour une meilleure efficacit\u00e9 des engrenages<\/td>\n<td>Consommation d&rsquo;\u00e9nergie r\u00e9duite et temp\u00e9ratures de fonctionnement plus basses<\/td>\n<\/tr>\n<tr>\n<td>Les huiles de base \u00e0 indice de viscosit\u00e9 \u00e9lev\u00e9 r\u00e9duisent les changements de viscosit\u00e9 avec la temp\u00e9rature<\/td>\n<td>Capacit\u00e9 de fonctionner \u00e0 des temp\u00e9ratures \u00e9lev\u00e9es et basses, particuli\u00e8rement critique dans les applications distantes sans chauffage ni refroidissement au mazout<\/td>\n<td><\/td>\n<\/tr>\n<tr>\n<td>Excellente r\u00e9sistance \u00e0 la rouille et \u00e0 la corrosion et tr\u00e8s bonne d\u00e9s\u00e9mulsibilit\u00e9<\/td>\n<td>Fonctionnement fluide et sans probl\u00e8me \u00e0 haute temp\u00e9rature ou dans des applications contamin\u00e9es par l&rsquo;eau, Excellente compatibilit\u00e9 avec les m\u00e9taux mous<\/td>\n<\/tr>\n<tr>\n<td>Dur\u00e9e de vie exceptionnelle du filtre, m\u00eame en pr\u00e9sence d&rsquo;eau<\/td>\n<td>Moins de changements de filtre et co\u00fbts de maintenance r\u00e9duits<\/td>\n<\/tr>\n<tr>\n<td>Excellente compatibilit\u00e9 avec les mat\u00e9riaux de construction courants des bo\u00eetes de vitesses et avec les huiles pour engrenages \u00e0 base min\u00e9rale<\/td>\n<td>Conversion simple \u00e0 partir de nombreux produits min\u00e9raux<\/td>\n<\/tr>\n<\/tbody>\n<\/table>\n<h2>Applications<\/h2>\n<p> Consid\u00e9rations d&rsquo;application\u00a0: Bien que la s\u00e9rie Mobilgear SHC XMP soit compatible avec les produits \u00e0 base d&rsquo;huile min\u00e9rale, les m\u00e9langes peuvent nuire \u00e0 leurs performances. Par cons\u00e9quent, il est recommand\u00e9 qu&rsquo;avant de remplacer un syst\u00e8me par un syst\u00e8me de la s\u00e9rie Mobilgear SHC XMP, celui-ci soit soigneusement nettoy\u00e9 et rinc\u00e9 pour obtenir des performances maximales.<\/p>\n<p> Les huiles pour engrenages industriels enti\u00e8rement synth\u00e9tiques aux performances supr\u00eames Mobilgear SHC XMP Series sont con\u00e7ues pour offrir une protection optimale de l&rsquo;\u00e9quipement et une dur\u00e9e de vie de l&rsquo;huile m\u00eame dans des conditions extr\u00eames. Ils sont sp\u00e9cialement formul\u00e9s pour r\u00e9sister aux micropiq\u00fbres des engrenages modernes c\u00e9ment\u00e9s et peuvent fonctionner dans des environnements \u00e0 haute et basse temp\u00e9rature.<\/p>\n<p> <strong>Les applications typiques incluent\u00a0:<\/strong><\/p>\n<ul>\n<li>\u00c9oliennes, en particulier les unit\u00e9s fortement charg\u00e9es et soumises \u00e0 des chocs, les unit\u00e9s situ\u00e9es \u00e0 distance et les environnements \u00e0 temp\u00e9ratures extr\u00eames<\/li>\n<li>Bo\u00eetes de vitesses d&rsquo;extrudeuse de plastique<\/li>\n<li>Bo\u00eetes de vitesses modernes et tr\u00e8s charg\u00e9es utilis\u00e9es dans les industries du papier, de l&rsquo;acier, du p\u00e9trole, du textile, du bois et du ciment, o\u00f9 une protection des engrenages et une dur\u00e9e de vie optimale de l&rsquo;huile sont n\u00e9cessaires.<\/li>\n<\/ul>\n<h2>Sp\u00e9cifications et homologations<\/h2>\n<h3>Satisfait ou d\u00e9passe les exigences de<\/h3>\n<ul>\n<li>AGMA 9005-EO2 EP<\/li>\n<li>DIN 51517-3, 2009-06<\/li>\n<\/ul>\n","protected":false},"excerpt":{"rendered":"<p>La s\u00e9rie Mobilgear\u2122 SHC XMP se compose d&rsquo;huiles pour engrenages industrielles synth\u00e9tiques et haute performance, con\u00e7ues pour une protection optimale de l&rsquo;\u00e9quipement et une longue dur\u00e9e de vie de l&rsquo;huile, m\u00eame dans des conditions extr\u00eames.<\/p>\n","protected":false},"featured_media":10132,"template":"","meta":{"_acf_changed":false,"inline_featured_image":false},"product_brand":[],"product_cat":[220],"product_tag":[],"class_list":{"0":"post-8952","1":"product","2":"type-product","3":"status-publish","4":"has-post-thumbnail","6":"product_cat-huiles-pour-transmissions-et-atf","8":"first","9":"instock","10":"taxable","11":"shipping-taxable","12":"purchasable","13":"product-type-simple"},"acf":[],"_links":{"self":[{"href":"https:\/\/webshop.ingelbeen.be\/fr\/wp-json\/wp\/v2\/product\/8952","targetHints":{"allow":["GET"]}}],"collection":[{"href":"https:\/\/webshop.ingelbeen.be\/fr\/wp-json\/wp\/v2\/product"}],"about":[{"href":"https:\/\/webshop.ingelbeen.be\/fr\/wp-json\/wp\/v2\/types\/product"}],"wp:featuredmedia":[{"embeddable":true,"href":"https:\/\/webshop.ingelbeen.be\/fr\/wp-json\/wp\/v2\/media\/10132"}],"wp:attachment":[{"href":"https:\/\/webshop.ingelbeen.be\/fr\/wp-json\/wp\/v2\/media?parent=8952"}],"wp:term":[{"taxonomy":"product_brand","embeddable":true,"href":"https:\/\/webshop.ingelbeen.be\/fr\/wp-json\/wp\/v2\/product_brand?post=8952"},{"taxonomy":"product_cat","embeddable":true,"href":"https:\/\/webshop.ingelbeen.be\/fr\/wp-json\/wp\/v2\/product_cat?post=8952"},{"taxonomy":"product_tag","embeddable":true,"href":"https:\/\/webshop.ingelbeen.be\/fr\/wp-json\/wp\/v2\/product_tag?post=8952"}],"curies":[{"name":"wp","href":"https:\/\/api.w.org\/{rel}","templated":true}]}}