{"id":8954,"date":"2024-04-30T13:10:47","date_gmt":"2024-04-30T12:10:47","guid":{"rendered":"https:\/\/ingelbeen.kneet.be\/product\/mobilgard-300c\/"},"modified":"2024-06-26T16:14:33","modified_gmt":"2024-06-26T15:14:33","slug":"mobilgard-300c","status":"publish","type":"product","link":"https:\/\/webshop.ingelbeen.be\/fr\/produit\/mobilgard-300c\/","title":{"rendered":"Mobilgard 300C"},"content":{"rendered":"<div class=\"compensation des d\u00e9tails du produit\">\n<div class=\"description de l'attribut du produit\">\n<div class=\"description de la valeur\">\n<p> Mobilgard\u2122 300 C est une huile syst\u00e8me de qualit\u00e9 sup\u00e9rieure sp\u00e9cialement formul\u00e9e pour offrir une propret\u00e9 sup\u00e9rieure du moteur, une meilleure protection contre l&rsquo;usure et une dur\u00e9e de vie de l&rsquo;huile plus longue par rapport aux huiles syst\u00e8me conventionnelles. Il est con\u00e7u pour \u00eatre utilis\u00e9 dans les moteurs diesel marins \u00e0 deux temps \u00e0 traverse fonctionnant dans des conditions s\u00e9v\u00e8res. Ce produit a une alcalinit\u00e9 suffisante pour prot\u00e9ger contre les acides forts qui peuvent p\u00e9n\u00e9trer dans le carter moteur \u00e0 la suite de la combustion du soufre du carburant, et il a une capacit\u00e9 de charge am\u00e9lior\u00e9e afin de r\u00e9duire l&rsquo;usure des roulements et des engrenages fortement charg\u00e9s.<\/p><\/div><\/div><\/div>\n<h2>Fonctionnalit\u00e9 et avantages potentiels<\/h2>\n<p> Les huiles de base paraffiniques de haute qualit\u00e9 utilis\u00e9es dans Mobilgard 300 C ont une excellente stabilit\u00e9 thermique et r\u00e9sistance \u00e0 l&rsquo;oxydation. La formulation comprend des syst\u00e8mes exclusifs de d\u00e9tergents et d&rsquo;additifs anti-usure pour offrir une propret\u00e9 am\u00e9lior\u00e9e du carter, ainsi qu&rsquo;une excellente protection pour les pi\u00e8ces du moteur tr\u00e8s charg\u00e9es. Mobilgard 300 C offre \u00e9galement une bonne protection contre la rouille en cas de contamination par l&rsquo;eau et d&rsquo;excellentes caract\u00e9ristiques de s\u00e9paration de l&rsquo;eau.<br \/>\n Lorsqu&rsquo;elle est utilis\u00e9e comme recommand\u00e9 dans les moteurs diesel \u00e0 traverse, l&rsquo;huile syst\u00e8me Mobilgard 300 C offre les caract\u00e9ristiques et les avantages potentiels suivants\u00a0:<\/p>\n<table class=\"table table-striped\">\n <t\u00eate><\/p>\n<tr>\n<th>Fonctionnalit\u00e9s<\/th>\n<th>Avantages et b\u00e9n\u00e9fices potentiels<\/th>\n<\/tr>\n<p> <\/t\u00eate><br \/>\n <corps><\/p>\n<tr>\n<td>D\u00e9tergence am\u00e9lior\u00e9e et stabilit\u00e9 thermique et \u00e0 l&rsquo;oxydation am\u00e9lior\u00e9es<\/td>\n<td>R\u00e9duction des d\u00e9p\u00f4ts dans les espaces de refroidissement des pistons, meilleure efficacit\u00e9 de refroidissement des pistons et carters et r\u00e9servoirs de circulation plus propres<\/td>\n<\/tr>\n<tr>\n<td>Performances de charge et anti-usure am\u00e9lior\u00e9es<\/td>\n<td>Excellente protection pour les composants du moteur fortement charg\u00e9s tels que les roulements et les engrenages<\/td>\n<\/tr>\n<tr>\n<td>Excellentes propri\u00e9t\u00e9s contre la rouille et la corrosion<\/td>\n<td>Dur\u00e9e de vie des roulements plus longue et protection des surfaces de roulement critiques<\/td>\n<\/tr>\n<tr>\n<td>Bonne tol\u00e9rance \u00e0 l&rsquo;eau et capacit\u00e9 de s\u00e9paration<\/td>\n<td>Lubrification efficace en pr\u00e9sence d&rsquo;eau et dur\u00e9e de vie de l&rsquo;huile plus longue gr\u00e2ce \u00e0 une s\u00e9paration efficace de l&rsquo;eau<\/td>\n<\/tr>\n<\/tbody>\n<\/table>\n<h2>Applications<\/h2>\n<p> Mobilgard 300 C est principalement recommand\u00e9 pour une utilisation comme huile syst\u00e8me dans les moteurs diesel \u00e0 traverse de mod\u00e8le r\u00e9cent et \u00e0 haut rendement, en particulier les moteurs utilisant l&rsquo;huile syst\u00e8me pour le refroidissement des pistons. Il emp\u00eachera ou r\u00e9duira la formation de d\u00e9p\u00f4ts dans les espaces de refroidissement du piston, maintenant ainsi l&rsquo;efficacit\u00e9 du refroidissement du piston et r\u00e9duisant l&rsquo;incidence de br\u00fblure du dessus du piston et de fissuration de la couronne du piston. Il emp\u00eachera ou r\u00e9duira \u00e9galement les d\u00e9p\u00f4ts dans le carter et offrira une protection exceptionnelle aux roulements et aux engrenages fortement charg\u00e9s. De bonnes caract\u00e9ristiques de pr\u00e9vention de la rouille et de s\u00e9paration de l&rsquo;eau font de Mobilgard 300 C une excellente huile syst\u00e8me dans les moteurs diesel \u00e0 traverse de conception plus ancienne qui ont des pistons refroidis par eau et o\u00f9 les d\u00e9p\u00f4ts dans le carter peuvent constituer un probl\u00e8me avec des huiles syst\u00e8me de moindre qualit\u00e9.<\/p>\n","protected":false},"excerpt":{"rendered":"<p>Mobilgard\u2122 300 C est une huile de syst\u00e8me de qualit\u00e9 sup\u00e9rieure, sp\u00e9cialement formul\u00e9e pour une propret\u00e9 moteur sup\u00e9rieure, une meilleure protection contre l&rsquo;usure et une dur\u00e9e de vie de l&rsquo;huile plus longue par rapport aux huiles de syst\u00e8me conventionnelles.&nbsp;<\/p>\n","protected":false},"featured_media":10102,"template":"","meta":{"_acf_changed":false,"inline_featured_image":false},"product_brand":[],"product_cat":[214],"product_tag":[],"class_list":{"0":"post-8954","1":"product","2":"type-product","3":"status-publish","4":"has-post-thumbnail","6":"product_cat-huiles-moteurs","8":"first","9":"instock","10":"taxable","11":"shipping-taxable","12":"purchasable","13":"product-type-simple"},"acf":[],"_links":{"self":[{"href":"https:\/\/webshop.ingelbeen.be\/fr\/wp-json\/wp\/v2\/product\/8954","targetHints":{"allow":["GET"]}}],"collection":[{"href":"https:\/\/webshop.ingelbeen.be\/fr\/wp-json\/wp\/v2\/product"}],"about":[{"href":"https:\/\/webshop.ingelbeen.be\/fr\/wp-json\/wp\/v2\/types\/product"}],"wp:featuredmedia":[{"embeddable":true,"href":"https:\/\/webshop.ingelbeen.be\/fr\/wp-json\/wp\/v2\/media\/10102"}],"wp:attachment":[{"href":"https:\/\/webshop.ingelbeen.be\/fr\/wp-json\/wp\/v2\/media?parent=8954"}],"wp:term":[{"taxonomy":"product_brand","embeddable":true,"href":"https:\/\/webshop.ingelbeen.be\/fr\/wp-json\/wp\/v2\/product_brand?post=8954"},{"taxonomy":"product_cat","embeddable":true,"href":"https:\/\/webshop.ingelbeen.be\/fr\/wp-json\/wp\/v2\/product_cat?post=8954"},{"taxonomy":"product_tag","embeddable":true,"href":"https:\/\/webshop.ingelbeen.be\/fr\/wp-json\/wp\/v2\/product_tag?post=8954"}],"curies":[{"name":"wp","href":"https:\/\/api.w.org\/{rel}","templated":true}]}}